{"id":561127,"date":"2025-09-07T11:04:18","date_gmt":"2025-09-07T11:04:18","guid":{"rendered":"https:\/\/liveutifree.com\/parceiros-luf\/"},"modified":"2025-10-23T13:53:55","modified_gmt":"2025-10-23T13:53:55","slug":"parceiros-luf","status":"publish","type":"page","link":"https:\/\/liveutifree.com\/pt-pt\/parceiros-luf\/","title":{"rendered":"Parceiros"},"content":{"rendered":"<div id=\"cs-content\" class=\"cs-content\"><div class=\"x-section e561127-e1 mc0yv-0 mc0yv-1\"><div class=\"x-row x-container max width e561127-e2 mc0yv-3 mc0yv-4 mc0yv-6 mc0yv-7\"><div class=\"x-row-inner\"><div class=\"x-col e561127-e3 mc0yv-e\"><div class=\"x-text x-text-headline e561127-e4 mc0yv-g heading-01 \"><div class=\"x-text-content\"><div class=\"x-text-content-text\"><h1 class=\"x-text-content-text-primary\">Os nossos parceiros<\/h1>\n<\/div><\/div><\/div><hr class=\"x-line e561127-e5-v0 mc0yv-h mc0yv-i\"\/><div class=\"x-text x-text-headline e561127-e6 mc0yv-g heading-03\"><div class=\"x-text-content\"><div class=\"x-text-content-text\"><h3 class=\"x-text-content-text-primary\">Alian\u00e7a para a sa\u00fade da bexiga<\/h3>\n<\/div><\/div><\/div><\/div><\/div><\/div><hr class=\"x-line e561127-e7-v0 mc0yv-i mc0yv-j\"\/><div class=\"x-row x-container max width e561127-e8 mc0yv-3 mc0yv-5 mc0yv-8 mc0yv-9\"><div class=\"x-row-inner\"><div class=\"x-col e561127-e14 mc0yv-e\"><\/div><\/div><\/div><\/div><div class=\"x-section e561127-e15 mc0yv-0 mc0yv-2\"><div class=\"x-row x-container max width e561127-e16 mc0yv-3 mc0yv-4 mc0yv-6 mc0yv-a\"><div class=\"x-row-inner\"><div class=\"x-col e561127-e17 mc0yv-e\"><div class=\"x-text x-text-headline e561127-e18 mc0yv-g heading-03\"><div class=\"x-text-content\"><div class=\"x-text-content-text\"><h3 class=\"x-text-content-text-primary\">Parceiros do sector<\/h3>\n<\/div><\/div><\/div><\/div><\/div><\/div><hr class=\"x-line e561127-e19-v0 mc0yv-i mc0yv-j\"\/><div class=\"x-row x-container max width e561127-e20 mc0yv-3 mc0yv-5 mc0yv-8 mc0yv-b\"><div class=\"x-row-inner\"><div class=\"x-col e561127-e26 mc0yv-e\"><\/div><div class=\"x-col e561127-e27 mc0yv-e\"><\/div><\/div><\/div><\/div><div class=\"x-section e561127-e28 mc0yv-0 mc0yv-1\"><div class=\"x-row x-container max width e561127-e29 mc0yv-3 mc0yv-4 mc0yv-6 mc0yv-c\"><div class=\"x-row-inner\"><div class=\"x-col e561127-e30 mc0yv-e\"><div class=\"x-text x-text-headline e561127-e31 mc0yv-g heading-03\"><div class=\"x-text-content\"><div class=\"x-text-content-text\"><h3 class=\"x-text-content-text-primary\">Parceiros de investiga\u00e7\u00e3o<\/h3>\n<\/div><\/div><\/div><\/div><\/div><\/div><hr class=\"x-line e561127-e32-v0 mc0yv-i mc0yv-j\"\/><div class=\"x-row x-container max width e561127-e33 mc0yv-3 mc0yv-5 mc0yv-8 mc0yv-d\"><div class=\"x-row-inner\"><\/div><\/div><\/div><\/div>","protected":false},"excerpt":{"rendered":"<p>Os nossos parceiros Alian\u00e7a para a sa\u00fade da bexiga Parceiros do sector Parceiros de investiga\u00e7\u00e3o<\/p>\n","protected":false},"author":5,"featured_media":0,"parent":0,"menu_order":141,"comment_status":"closed","ping_status":"closed","template":"template-blank-4.php","meta":{"_acf_changed":false,"inline_featured_image":false,"footnotes":""},"class_list":["post-561127","page","type-page","status-publish","hentry","no-post-thumbnail"],"acf":[],"featured_image_src":null,"_links":{"self":[{"href":"https:\/\/liveutifree.com\/pt-pt\/wp-json\/wp\/v2\/pages\/561127","targetHints":{"allow":["GET"]}}],"collection":[{"href":"https:\/\/liveutifree.com\/pt-pt\/wp-json\/wp\/v2\/pages"}],"about":[{"href":"https:\/\/liveutifree.com\/pt-pt\/wp-json\/wp\/v2\/types\/page"}],"author":[{"embeddable":true,"href":"https:\/\/liveutifree.com\/pt-pt\/wp-json\/wp\/v2\/users\/5"}],"replies":[{"embeddable":true,"href":"https:\/\/liveutifree.com\/pt-pt\/wp-json\/wp\/v2\/comments?post=561127"}],"version-history":[{"count":2,"href":"https:\/\/liveutifree.com\/pt-pt\/wp-json\/wp\/v2\/pages\/561127\/revisions"}],"predecessor-version":[{"id":575984,"href":"https:\/\/liveutifree.com\/pt-pt\/wp-json\/wp\/v2\/pages\/561127\/revisions\/575984"}],"wp:attachment":[{"href":"https:\/\/liveutifree.com\/pt-pt\/wp-json\/wp\/v2\/media?parent=561127"}],"curies":[{"name":"wp","href":"https:\/\/api.w.org\/{rel}","templated":true}]}}