{"id":558168,"date":"2025-09-07T11:01:39","date_gmt":"2025-09-07T11:01:39","guid":{"rendered":"https:\/\/liveutifree.com\/diretrizes-da-comunidade-luf\/"},"modified":"2025-10-23T14:15:30","modified_gmt":"2025-10-23T14:15:30","slug":"diretrizes-da-comunidade-luf","status":"publish","type":"page","link":"https:\/\/liveutifree.com\/pt-pt\/diretrizes-da-comunidade-luf\/","title":{"rendered":"Diretrizes da comunidade"},"content":{"rendered":"<div id=\"cs-content\" class=\"cs-content\"><div class=\"x-section e558168-e1 mbyoo-0\"><div class=\"x-row e558168-e2 mbyoo-1 mbyoo-2\"><div class=\"x-row-inner\"><div class=\"x-col e558168-e3 mbyoo-3\"><div class=\"x-text x-text-headline e558168-e4 mbyoo-4 mbyoo-5 heading-02\"><div class=\"x-text-content\"><div class=\"x-text-content-text\"><h1 class=\"x-text-content-text-primary\">Diretrizes da comunidade Live UTI Free<\/h1>\n<\/div><\/div><\/div><hr class=\"x-line e558168-e5-v0 mbyoo-6\"\/><div class=\"x-text x-content e558168-e6 mbyoo-7 mbyoo-8 body-medium\"><span>O Live UTI Free existe para ajudar e apoiar a comunidade que estamos a construir. \u00c9 extremamente importante para n\u00f3s promovermos um local seguro para que esta comunidade aprenda mais sobre as infec\u00e7\u00f5es do trato urin\u00e1rio e interaja de forma adequada. Estas diretrizes da comunidade t\u00eam como objetivo tornar isso poss\u00edvel.  <\/span><\/div><\/div><div class=\"x-col e558168-e7 mbyoo-3\"><div class=\"x-text x-text-headline e558168-e8 mbyoo-5 heading-03\"><div class=\"x-text-content\"><div class=\"x-text-content-text\"><h2 class=\"x-text-content-text-primary\">Live UTI Free Coment\u00e1rios<\/h2>\n<\/div><\/div><\/div><hr class=\"x-line e558168-e9-v0 mbyoo-6\"\/><div class=\"x-text x-text-headline e558168-e10 mbyoo-5 heading-03\"><div class=\"x-text-content\"><div class=\"x-text-content-text\"><h3 class=\"x-text-content-text-primary\">Vis\u00e3o geral<\/h3>\n<\/div><\/div><\/div><hr class=\"x-line e558168-e11-v0 mbyoo-6\"\/><div class=\"x-text x-content e558168-e12 mbyoo-8 body-medium\"><p>Os coment\u00e1rios s\u00e3o uma excelente forma de fazer perguntas, apresentar teorias e partilhar informa\u00e7\u00f5es \u00fateis. Convidamos-te a exprimir as tuas opini\u00f5es e gostamos de ouvir as opini\u00f5es da nossa comunidade. Temos algumas diretrizes da comunidade para ajudar a tornar os coment\u00e1rios \u00fateis para todos. Tamb\u00e9m gostamos de manter a cortesia.   <\/p>\n<p>Encorajamos-te a tentar acrescentar valor \u00e0 conversa sobre a UTI cr\u00f3nica. D\u00e1 uma vista de olhos aos coment\u00e1rios anteriores antes de entrares na discuss\u00e3o e depois decide se tens algo de \u00fatil para contribuir. <\/p>\n<p>Sabemos que este \u00e9 um t\u00f3pico altamente pessoal, por isso n\u00e3o precisas de utilizar o teu nome verdadeiro, mas nunca te fa\u00e7as passar por outra pessoa. \u00c9s legalmente respons\u00e1vel pelo conte\u00fado que submetes e, uma vez online, qualquer pessoa o pode ler. <\/p>\n<p>Por isso, pensa um pouco sobre a forma como os outros podem interpretar o teu coment\u00e1rio antes de o enviares. A UTI cr\u00f3nica \u00e9 vivida de forma diferente por cada pessoa, e \u00e9 importante que o teu coment\u00e1rio n\u00e3o seja mal interpretado. <\/p>\n<p>Deixa claro qual \u00e9 a tua liga\u00e7\u00e3o \u00e0 hist\u00f3ria ou investiga\u00e7\u00e3o que est\u00e1s a partilhar. Na Live UTI Free, somos todos a favor da transpar\u00eancia. <\/p><\/div><hr class=\"x-line e558168-e13-v0 mbyoo-6\"\/><div class=\"x-text x-text-headline e558168-e14 mbyoo-5 heading-03\"><div class=\"x-text-content\"><div class=\"x-text-content-text\"><h3 class=\"x-text-content-text-primary\">Quem pode comentar?<\/h3>\n<\/div><\/div><\/div><hr class=\"x-line e558168-e15-v0 mbyoo-6\"\/><div class=\"x-text x-content e558168-e16 mbyoo-8 body-medium\"><p>Disponibilizamos uma sec\u00e7\u00e3o de coment\u00e1rios em todas as nossas publica\u00e7\u00f5es, uma vez que queremos encorajar os nossos utilizadores a colocar quest\u00f5es, a partilhar as suas hist\u00f3rias e a fornecer-nos feedback valioso. Agradecemos o debate amig\u00e1vel e a discord\u00e2ncia respeitosa das pessoas interessadas na UTI cr\u00f3nica e na sa\u00fade feminina. <\/p>\n<p>Isto significa que qualquer pessoa pode comentar, mas pedimos-te que cumpras as regras contidas nestas diretrizes da comunidade. Tamb\u00e9m pedimos que n\u00e3o dupliques os teus coment\u00e1rios em v\u00e1rios locais do site. Isso apenas dilui as conversas sobre t\u00f3picos importantes.  <\/p><\/div><hr class=\"x-line e558168-e17-v0 mbyoo-6\"\/><div class=\"x-text x-text-headline e558168-e18 mbyoo-5 heading-03\"><div class=\"x-text-content\"><div class=\"x-text-content-text\"><h3 class=\"x-text-content-text-primary\">Experi\u00eancias pessoais e recomenda\u00e7\u00f5es<\/h3>\n<\/div><\/div><\/div><hr class=\"x-line e558168-e19-v0 mbyoo-6\"\/><div class=\"x-text x-content e558168-e20 mbyoo-8 body-medium\"><p>Como site de defesa dos doentes, a experi\u00eancia pessoal \u00e9 o que nos move. Queremos ouvir as tuas hist\u00f3rias e queremos saber tudo sobre o teu progresso. O que n\u00e3o aceitamos \u00e9 que os utilizadores do nosso site fa\u00e7am recomenda\u00e7\u00f5es a outros utilizadores, com base na sua experi\u00eancia pessoal de tratamento. Isto aplica-se a produtos espec\u00edficos, bem como a profissionais, quer a avalia\u00e7\u00e3o seja positiva ou negativa.   <\/p>\n<p>N\u00e3o existe um \u00fanico rem\u00e9dio ou tratamento que funcione para todas as pessoas que sofrem de UTI cr\u00f3nica. E cada pessoa tem uma experi\u00eancia individual com qualquer profissional. Isto significa que \u00e9 inapropriado que uma pessoa recomende rem\u00e9dios e\/ou medicamentos espec\u00edficos, ou profissionais a outra. Este tipo de coment\u00e1rios ser\u00e1 removido.   <\/p>\n<p>Em vez disso, se tiveres informa\u00e7\u00f5es importantes para partilhar sobre um tratamento espec\u00edfico ou um m\u00e9dico de UTI cr\u00f3nica,<span> <\/span><a href=\"https:\/\/liveutifree.com\/pt-pt\/contacto-luf\/\" rel=\"noopener\">entra em contacto<\/a><span> <\/span>connosco! Assim, podemos fazer a pesquisa necess\u00e1ria e, se for caso disso, partilhar a informa\u00e7\u00e3o no nosso s\u00edtio Web. <\/p><\/div><hr class=\"x-line e558168-e21-v0 mbyoo-6\"\/><div class=\"x-text x-text-headline e558168-e22 mbyoo-5 heading-03\"><div class=\"x-text-content\"><div class=\"x-text-content-text\"><h3 class=\"x-text-content-text-primary\">Refer\u00eancias cient\u00edficas<\/h3>\n<\/div><\/div><\/div><hr class=\"x-line e558168-e23-v0 mbyoo-6\"\/><div class=\"x-text x-content e558168-e24 mbyoo-8 body-medium\"><p>Quando publicas um coment\u00e1rio no Live UTI Free, concordas que a informa\u00e7\u00e3o que partilhaste \u00e9 verdadeira e correta, tanto quanto \u00e9 do teu conhecimento. Se a tua contribui\u00e7\u00e3o n\u00e3o for baseada na tua experi\u00eancia pessoal, pedimos-te que incluas fontes (refer\u00eancias, links) para que outros possam fazer a sua pr\u00f3pria pesquisa. <\/p>\n<p>Se achas que um coment\u00e1rio publicado por outro utilizador \u00e9 factualmente incorreto, s\u00ea simp\u00e1tico e partilha as tuas pr\u00f3prias refer\u00eancias em contr\u00e1rio. Est\u00e3o sempre a ser publicadas novas investiga\u00e7\u00f5es e dava-nos jeito uma ajuda para nos mantermos actualizados! <\/p>\n<p>Em suma, agradecemos a tua contribui\u00e7\u00e3o e pedimos-te que expresses os teus pontos de vista, apoiando-os com provas, sempre que pertinente.<\/p><\/div><hr class=\"x-line e558168-e25-v0 mbyoo-6\"\/><div class=\"x-text x-text-headline e558168-e26 mbyoo-5 heading-03\"><div class=\"x-text-content\"><div class=\"x-text-content-text\"><h3 class=\"x-text-content-text-primary\">Cortesia geral e comportamento inadequado<\/h3>\n<\/div><\/div><\/div><hr class=\"x-line e558168-e27-v0 mbyoo-6\"\/><div class=\"x-text x-content e558168-e28 mbyoo-8 body-medium\"><p>Isto \u00e9 uma quest\u00e3o de respeito. Live UTI Free \u00e9 o centro de uma comunidade com experi\u00eancias muito variadas. N\u00e3o toleramos difama\u00e7\u00e3o ou abuso.  <\/p>\n<p>Respeita os outros e abst\u00e9m-te de coment\u00e1rios que sejam paternalistas, vergonhosos ou insultuosos; amea\u00e7adores; obscenos; ofensivos de qualquer forma ou discriminat\u00f3rios contra qualquer grupo espec\u00edfico.<\/p>\n<p>Isto inclui coment\u00e1rios que fa\u00e7am suposi\u00e7\u00f5es injustificadas ou coment\u00e1rios depreciativos sobre o empenho de uma pessoa em ficar bem, a sua sa\u00fade geral, dieta ou escolhas de estilo de vida. N\u00e3o ser\u00e3o publicadas mensagens de utilizadores que promovam ou insinuem a auto-mutila\u00e7\u00e3o. <\/p>\n<p>\u00c9 extremamente importante para n\u00f3s que as pessoas que sofrem de UTI cr\u00f3nica sintam que o Live UTI Free \u00e9 um lugar seguro para aprender mais sobre a ci\u00eancia por detr\u00e1s destas condi\u00e7\u00f5es e para fazer perguntas sem retalia\u00e7\u00e3o.<\/p>\n<p>Se parecer que entraste deliberadamente numa discuss\u00e3o com o \u00fanico objetivo de publicar coment\u00e1rios perturbadores (trolling), o teu coment\u00e1rio ser\u00e1 eliminado.<\/p>\n<p>N\u00e3o s\u00e3o aceites conte\u00fados ou nomes de utilizador que sejam considerados inadequados para visualiza\u00e7\u00e3o geral.<\/p>\n<p>Se vires um coment\u00e1rio que viole estas regras, n\u00e3o respondas.<span> <\/span><span style=\"text-decoration: underline; color: #c74f4d;\"><a href=\"https:\/\/liveutifree.com\/pt-pt\/contacto-luf\/\" rel=\"noopener\" style=\"color: #c74f4d; text-decoration: underline;\">Comunica-o<\/a><\/span><span> <\/span>envia-nos em vez disso. Eliminaremos todas as mensagens que violem estas regras, o que significa que as respostas tamb\u00e9m ser\u00e3o eliminadas. <\/p><\/div><hr class=\"x-line e558168-e29-v0 mbyoo-6\"\/><div class=\"x-text x-text-headline e558168-e30 mbyoo-5 heading-03\"><div class=\"x-text-content\"><div class=\"x-text-content-text\"><h3 class=\"x-text-content-text-primary\">Que tipo de conselho \u00e9 apropriado dar?<\/h3>\n<\/div><\/div><\/div><hr class=\"x-line e558168-e31-v0 mbyoo-6\"\/><div class=\"x-text x-content e558168-e32 mbyoo-8 body-medium\"><p>Como mencion\u00e1mos acima, o Live UTI Free \u00e9 sobre abordagens baseadas em evid\u00eancias, e acreditamos firmemente que nenhuma abordagem de tratamento \u00fanico ser\u00e1 bem sucedida para cada indiv\u00edduo com UTI cr\u00f3nica.<\/p>\n<p>Pode parecer que estamos a insistir neste ponto, mas achamos que \u00e9 crucial. Embora encorajemos os nossos utilizadores a partilhar as suas hist\u00f3rias e experi\u00eancias pessoais, n\u00e3o permitimos coment\u00e1rios que recomendem rem\u00e9dios ou tratamentos espec\u00edficos de uma forma que sugira diretamente que outros utilizadores os experimentem. <\/p>\n<p>Isto tamb\u00e9m se aplica a profissionais e investigadores. Se \u00e9s um profissional de sa\u00fade ou investigador que gostaria de partilhar informa\u00e7\u00f5es relevantes, por favor indica o teu estatuto profissional no momento da publica\u00e7\u00e3o. Acolhemos com agrado os contributos das comunidades m\u00e9dica e cient\u00edfica e solicitamos que os teus contributos respeitem a nossa regra de \"n\u00e3o fazer recomenda\u00e7\u00f5es espec\u00edficas\".  <\/p>\n<p>As informa\u00e7\u00f5es do Live UTI Free n\u00e3o pretendem substituir a rela\u00e7\u00e3o entre um paciente e o seu m\u00e9dico. \u00c9 sempre melhor procurares o conselho de um profissional de sa\u00fade qualificado relativamente a qualquer informa\u00e7\u00e3o encontrada no nosso site ou nos coment\u00e1rios. <\/p><\/div><hr class=\"x-line e558168-e33-v0 mbyoo-6\"\/><div class=\"x-text x-text-headline e558168-e34 mbyoo-5 heading-03\"><div class=\"x-text-content\"><div class=\"x-text-content-text\"><h3 class=\"x-text-content-text-primary\">Dura\u00e7\u00e3o dos coment\u00e1rios<\/h3>\n<\/div><\/div><\/div><hr class=\"x-line e558168-e35-v0 mbyoo-6\"\/><div class=\"x-text x-content e558168-e36 mbyoo-8 body-medium\"><p>Limit\u00e1mos o comprimento dos coment\u00e1rios a 800 caracteres. Utiliza-os de forma sensata. <\/p>\n<p>800 caracteres devem ser suficientes para manteres uma discuss\u00e3o. Se tiveres informa\u00e7\u00f5es mais detalhadas que queiras partilhar, <span> <\/span><span style=\"text-decoration: underline; color: #c74f4d;\"><a href=\"https:\/\/liveutifree.com\/pt-pt\/contacto-luf\/\" rel=\"noopener\" style=\"color: #c74f4d; text-decoration: underline;\">entra em contacto<\/a><\/span><span> <\/span>diretamente connosco, gostar\u00edamos de te ouvir.<\/p><\/div><hr class=\"x-line e558168-e37-v0 mbyoo-6\"\/><div class=\"x-text x-text-headline e558168-e38 mbyoo-5 heading-03\"><div class=\"x-text-content\"><div class=\"x-text-content-text\"><h3 class=\"x-text-content-text-primary\">N\u00e3o vender, promover ou enganar as associa\u00e7\u00f5es<\/h3>\n<\/div><\/div><\/div><hr class=\"x-line e558168-e39-v0 mbyoo-6\"\/><div class=\"x-text x-content e558168-e40 mbyoo-8 body-medium\"><p>Por favor, n\u00e3o vendas nem promovas produtos ou servi\u00e7os atrav\u00e9s dos coment\u00e1rios no nosso site. Se tiveres um produto ou servi\u00e7o que consideres ben\u00e9fico para os nossos leitores, <span> <\/span><span style=\"text-decoration: underline; color: #c74f4d;\"><a href=\"https:\/\/liveutifree.com\/pt-pt\/contacto-luf\/\" rel=\"noopener\" style=\"color: #c74f4d; text-decoration: underline;\">entra em contacto<\/a><\/span><span> <\/span>connosco primeiro.<\/p>\n<p>Por favor, n\u00e3o insinues uma associa\u00e7\u00e3o com ou endosso por Live UTI Free sem o consentimento pr\u00e9vio por escrito. Al\u00e9m disso, n\u00e3o podes, de forma alguma, utilizar o nosso nome para promover o teu produto. Mesmo algo como \"baseado em informa\u00e7\u00f5es de liveutifree.com\" n\u00e3o \u00e9 aceit\u00e1vel.  <\/p>\n<p>N\u00e3o apoiamos produtos individuais ou organiza\u00e7\u00f5es, exceto se previamente acordado por escrito. Isto \u00e9 crucial para manter o sentido de confian\u00e7a e transpar\u00eancia na nossa comunidade. Estabelecemos rela\u00e7\u00f5es de colabora\u00e7\u00e3o com organiza\u00e7\u00f5es sempre que isso beneficie o nosso p\u00fablico. Se quiseres discutir este assunto connosco, consulta a nossa   <span> <\/span><span style=\"text-decoration: underline; color: #c74f4d;\"><a href=\"https:\/\/liveutifree.com\/pt-pt\/politica-de-financiamento-luf\/\" rel=\"noopener\" style=\"color: #c74f4d; text-decoration: underline;\">pol\u00edtica de financiamento<\/a><\/span>.<\/p>\n<p>Todos os coment\u00e1rios de spam ou promocionais ser\u00e3o removidos ou n\u00e3o ser\u00e3o publicados. Isto inclui: <\/p>\n\n<ul>\n \t<li>Liga\u00e7\u00f5es a s\u00edtios Web de terceiros para fins de promo\u00e7\u00e3o<\/li>\n \t<li>Ligar a s\u00edtios Web de terceiros que sejam irrelevantes para os nossos leitores<\/li>\n \t<li>Qualquer coment\u00e1rio que contenha apenas uma hiperliga\u00e7\u00e3o<\/li>\n \t<li>Promover um s\u00edtio Web de terceiros, contas sociais, canal do YouTube ou empresa<\/li>\n \t<li>Promover o teu pr\u00f3prio s\u00edtio Web, contas sociais, canal do YouTube ou empresa<\/li>\n \t<li>Coment\u00e1rios gerados por bots<\/li>\n \t<li>Cola qualquer parte de outro artigo ou site que n\u00e3o seja uma cita\u00e7\u00e3o referenciada relacionada com a discuss\u00e3o<\/li>\n<\/ul><\/div><hr class=\"x-line e558168-e41-v0 mbyoo-6\"\/><div class=\"x-text x-text-headline e558168-e42 mbyoo-5 heading-03\"><div class=\"x-text-content\"><div class=\"x-text-content-text\"><h3 class=\"x-text-content-text-primary\">Viola\u00e7\u00e3o de direitos de autor<\/h3>\n<\/div><\/div><\/div><hr class=\"x-line e558168-e43-v0 mbyoo-6\"\/><div class=\"x-text x-content e558168-e44 mbyoo-8 body-medium\"><p>Esta \u00e9 simples. Se n\u00e3o o escreveste, n\u00e3o o referenciaste corretamente ou n\u00e3o tens autoriza\u00e7\u00e3o para o publicar, n\u00e3o o publiques. \u00c9 perfeitamente aceit\u00e1vel que resumas o trabalho de outra pessoa com as tuas pr\u00f3prias palavras, para efeitos de discuss\u00e3o.  <\/p>\n<p>\u00c9 ilegal reproduzir o conte\u00fado publicado pelo Live UTI Free sem a devida refer\u00eancia. Aceitamos links para o nosso site, quando utilizados num contexto apropriado. Abordamos mais pormenores sobre este assunto na nossa  <span> <\/span><span style=\"text-decoration: underline; color: #c74f4d;\"><a href=\"https:\/\/liveutifree.com\/pt-pt\/juridico-luf\/\" rel=\"noopener\" style=\"color: #c74f4d; text-decoration: underline;\">legais<\/a><\/span><span> <\/span>p\u00e1gina.<\/p><\/div><hr class=\"x-line e558168-e45-v0 mbyoo-6\"\/><div class=\"x-text x-text-headline e558168-e46 mbyoo-5 heading-03\"><div class=\"x-text-content\"><div class=\"x-text-content-text\"><h3 class=\"x-text-content-text-primary\">Privacidade de ti pr\u00f3prio e dos outros comentadores<\/h3>\n<\/div><\/div><\/div><hr class=\"x-line e558168-e47-v0 mbyoo-6\"\/><div class=\"x-text x-content e558168-e48 mbyoo-8 body-medium\"><span>N\u00e3o violes a privacidade de outra pessoa. N\u00e3o publiques informa\u00e7\u00f5es pessoais e\/ou de contacto sobre ti - lembra-te de que este \u00e9 um espa\u00e7o p\u00fablico. N\u00e3o publiques dados pessoais ou informa\u00e7\u00f5es de contacto de outras pessoas, incluindo informa\u00e7\u00f5es de contacto de profissionais. Se tiveres algo para partilhar, entra em contacto connosco.   <\/span><\/div><hr class=\"x-line e558168-e49-v0 mbyoo-6\"\/><div class=\"x-text x-text-headline e558168-e50 mbyoo-5 heading-03\"><div class=\"x-text-content\"><div class=\"x-text-content-text\"><h3 class=\"x-text-content-text-primary\">Modera\u00e7\u00e3o e sinaliza\u00e7\u00e3o de conte\u00fado inapropriado<\/h3>\n<\/div><\/div><\/div><hr class=\"x-line e558168-e51-v0 mbyoo-6\"\/><div class=\"x-text x-content e558168-e52 mbyoo-8 body-medium\"><p>Todos os coment\u00e1rios no Live UTI Free s\u00e3o moderados para garantir que cumprem as diretrizes da comunidade aqui definidas.<\/p>\n<p>Os coment\u00e1rios dos utilizadores que n\u00e3o se enquadrem no esp\u00edrito destas diretrizes da comunidade ser\u00e3o removidos.<\/p>\n<p>Se o teu coment\u00e1rio n\u00e3o aparecer imediatamente no site ap\u00f3s a submiss\u00e3o, \u00e9 prov\u00e1vel que a nossa pequena equipa ainda n\u00e3o o tenha revisto e aprovado. Geralmente, isso acontece dentro de 24 horas. <\/p>\n<p>Se o teu coment\u00e1rio n\u00e3o aparecer ap\u00f3s este per\u00edodo de tempo, \u00e9 poss\u00edvel que tenha sido assinalado como uma viola\u00e7\u00e3o destas diretrizes da comunidade. Sempre que poss\u00edvel, entraremos em contacto contigo se este for o caso. Tamb\u00e9m te encorajamos a  <span> <\/span><span style=\"text-decoration: underline; color: #c74f4d;\"><a href=\"https:\/\/liveutifree.com\/pt-pt\/contacto-luf\/\" rel=\"noopener\" style=\"color: #c74f4d; text-decoration: underline;\">entra em contacto connosco<\/a><\/span><span> <\/span>se tiveres alguma d\u00favida sobre o teu coment\u00e1rio.<\/p>\n<p>Se considerares que um coment\u00e1rio publicado \u00e9 inadequado, podes sinaliz\u00e1-lo utilizando a nossa<span> <\/span><span style=\"text-decoration: underline; color: #c74f4d;\"><a href=\"https:\/\/liveutifree.com\/pt-pt\/contacto-luf\/\" rel=\"noopener\" style=\"color: #c74f4d; text-decoration: underline;\">formul\u00e1rio de contacto<\/a><\/span>. Se concordarmos contigo, removeremos o coment\u00e1rio e, se poss\u00edvel, entraremos em contacto com o utilizador que o publicou.<\/p>\n<p>N\u00e3o editamos coment\u00e1rios. Isto significa que, mesmo que uma \u00fanica palavra no coment\u00e1rio viole estas diretrizes da comunidade, todo o coment\u00e1rio ser\u00e1 removido. Tamb\u00e9m n\u00e3o corrigimos erros ortogr\u00e1ficos ou gramaticais.  <\/p>\n<p>Se vires alguma coisa no nosso s\u00edtio que consideres incorrecta ou incompleta, por favor<span> <\/span><span style=\"text-decoration: underline; color: #c74f4d;\"><a href=\"https:\/\/liveutifree.com\/pt-pt\/contacto-luf\/\" rel=\"noopener\" style=\"color: #c74f4d; text-decoration: underline;\">entra em contacto connosco<\/a><\/span>. Se considerares que um coment\u00e1rio de outro utilizador \u00e9 inadequado, avisa-nos.<\/p><\/div><hr class=\"x-line e558168-e53-v0 mbyoo-6\"\/><div class=\"x-text x-text-headline e558168-e54 mbyoo-5 heading-03\"><div class=\"x-text-content\"><div class=\"x-text-content-text\"><h3 class=\"x-text-content-text-primary\">Se tens algo a dizer-nos<\/h3>\n<\/div><\/div><\/div><hr class=\"x-line e558168-e55-v0 mbyoo-6\"\/><div class=\"x-text x-content e558168-e56 mbyoo-8 body-medium\"><p>Quer seja bom ou mau, queremos ouvi-lo, e a melhor forma de o contactar \u00e9 atrav\u00e9s do nosso<span> <\/span><span style=\"text-decoration: underline; color: #c74f4d;\"><a href=\"https:\/\/liveutifree.com\/pt-pt\/contacto-luf\/\" rel=\"noopener\" style=\"color: #c74f4d; text-decoration: underline;\">formul\u00e1rio de contacto<\/a><\/span>.<\/p>\n<p>Especialmente se tiveres algo negativo a dizer, preferimos que nos digas diretamente, pois \u00e9 a forma mais eficaz de resolvermos o problema.<\/p>\n<p>Se tiveres uma sugest\u00e3o para o nosso s\u00edtio Web ou quiseres partilhar novas investiga\u00e7\u00f5es, \u00e9 melhor contactares-nos diretamente. Prometemos que o nosso <span> <\/span><span style=\"text-decoration: underline; color: #c74f4d;\"><a href=\"https:\/\/liveutifree.com\/pt-pt\/contacto-luf\/\" rel=\"noopener\" style=\"color: #c74f4d; text-decoration: underline;\">formul\u00e1rio de contacto<\/a><\/span><span> <\/span>\u00e9 uma linha direta de comunica\u00e7\u00e3o com a nossa caixa de correio eletr\u00f3nico, e n\u00f3s responderemos.<\/p><\/div><hr class=\"x-line e558168-e57-v0 mbyoo-6\"\/><div class=\"x-text x-text-headline e558168-e58 mbyoo-5 heading-03\"><div class=\"x-text-content\"><div class=\"x-text-content-text\"><h3 class=\"x-text-content-text-primary\">Como estas diretrizes da comunidade se aplicam \u00e0s intera\u00e7\u00f5es nas redes sociais<\/h3>\n<\/div><\/div><\/div><hr class=\"x-line e558168-e59-v0 mbyoo-6\"\/><div class=\"x-text x-content e558168-e60 mbyoo-8 body-medium\"><p>Todas as diretrizes da comunidade acima referidas aplicam-se a intera\u00e7\u00f5es e coment\u00e1rios nas nossas contas de redes sociais, com as seguintes adi\u00e7\u00f5es.<\/p>\n<p>Reservamo-nos o direito de bloquear, deixar de seguir e\/ou denunciar contas que consideremos estarem a violar estas diretrizes da comunidade.<\/p>\n<p>Criamos cuidadosamente o nosso conte\u00fado para as redes sociais tendo em conta a nossa comunidade. N\u00e3o redirecciones o nosso conte\u00fado de formas que entrem em conflito com estas diretrizes da comunidade. Se tiveres d\u00favidas, basta  <span> <\/span><span style=\"text-decoration: underline; color: #c74f4d;\"><a href=\"https:\/\/liveutifree.com\/pt-pt\/contacto-luf\/\" rel=\"noopener\" style=\"color: #c74f4d; text-decoration: underline;\">entra em contacto connosco<\/a><\/span>.<\/p>\n<p>Se te enviarmos uma mensagem privada ou direta e achares que \u00e9 algo que gostarias de partilhar publicamente, pede autoriza\u00e7\u00e3o por escrito antes de o fazeres.<\/p>\n<p>Se partilhares o nosso conte\u00fado com o teu p\u00fablico para ajudar a aumentar a consciencializa\u00e7\u00e3o, agradecemos muito, e pedimos que d\u00eas os devidos cr\u00e9ditos ao Live UTI Free.<\/p>\n<p>Por \u00faltimo, n\u00e3o fa\u00e7as associa\u00e7\u00f5es enganosas, nem d\u00eas a entender que o Live UTI Free apoia o teu produto ou servi\u00e7o. N\u00f3s fornecemos informa\u00e7\u00f5es para que os nossos utilizadores possam tomar as suas pr\u00f3prias decis\u00f5es, e as associa\u00e7\u00f5es enganosas podem ser prejudiciais para este processo de tomada de decis\u00e3o. <\/p><\/div><\/div><\/div><\/div><\/div><\/div>","protected":false},"excerpt":{"rendered":"<p>Diretrizes da comunidade Live UTI Free O Live UTI Free existe para ajudar e apoiar a comunidade que estamos a construir. \u00c9 extremamente importante para n\u00f3s promovermos um local seguro para que esta comunidade aprenda mais sobre as infec\u00e7\u00f5es do trato urin\u00e1rio e interaja de forma adequada. Estas diretrizes da comunidade t\u00eam como objetivo tornar isso poss\u00edvel. Live UTI Free &#8230; <\/p>\n<div><a href=\"https:\/\/liveutifree.com\/pt-pt\/diretrizes-da-comunidade-luf\/\" class=\"more-link\">Read More<\/a><\/div>\n","protected":false},"author":1,"featured_media":556526,"parent":0,"menu_order":68,"comment_status":"closed","ping_status":"closed","template":"template-blank-4.php","meta":{"_acf_changed":false,"inline_featured_image":false,"footnotes":""},"class_list":["post-558168","page","type-page","status-publish","has-post-thumbnail","hentry"],"acf":[],"featured_image_src":"https:\/\/liveutifree.com\/wp-content\/uploads\/2017\/01\/LUF-logo-LP-crop.png","_links":{"self":[{"href":"https:\/\/liveutifree.com\/pt-pt\/wp-json\/wp\/v2\/pages\/558168","targetHints":{"allow":["GET"]}}],"collection":[{"href":"https:\/\/liveutifree.com\/pt-pt\/wp-json\/wp\/v2\/pages"}],"about":[{"href":"https:\/\/liveutifree.com\/pt-pt\/wp-json\/wp\/v2\/types\/page"}],"author":[{"embeddable":true,"href":"https:\/\/liveutifree.com\/pt-pt\/wp-json\/wp\/v2\/users\/1"}],"replies":[{"embeddable":true,"href":"https:\/\/liveutifree.com\/pt-pt\/wp-json\/wp\/v2\/comments?post=558168"}],"version-history":[{"count":1,"href":"https:\/\/liveutifree.com\/pt-pt\/wp-json\/wp\/v2\/pages\/558168\/revisions"}],"predecessor-version":[{"id":577625,"href":"https:\/\/liveutifree.com\/pt-pt\/wp-json\/wp\/v2\/pages\/558168\/revisions\/577625"}],"wp:featuredmedia":[{"embeddable":true,"href":"https:\/\/liveutifree.com\/pt-pt\/wp-json\/wp\/v2\/media\/556526"}],"wp:attachment":[{"href":"https:\/\/liveutifree.com\/pt-pt\/wp-json\/wp\/v2\/media?parent=558168"}],"curies":[{"name":"wp","href":"https:\/\/api.w.org\/{rel}","templated":true}]}}