{"id":556462,"date":"2025-09-07T11:01:09","date_gmt":"2025-09-07T11:01:09","guid":{"rendered":"https:\/\/liveutifree.com\/politica-de-financiamento-luf\/"},"modified":"2025-10-23T14:05:10","modified_gmt":"2025-10-23T14:05:10","slug":"politica-de-financiamento-luf","status":"publish","type":"page","link":"https:\/\/liveutifree.com\/pt-pt\/politica-de-financiamento-luf\/","title":{"rendered":"Pol\u00edtica de financiamento"},"content":{"rendered":"<div id=\"cs-content\" class=\"cs-content\"><div class=\"x-section e556462-e1 mbxda-0\"><div class=\"x-row e556462-e2 mbxda-1 mbxda-2\"><div class=\"x-row-inner\"><div class=\"x-col e556462-e3 mbxda-3\"><div class=\"x-text x-text-headline e556462-e4 mbxda-4 mbxda-5 heading-02\"><div class=\"x-text-content\"><div class=\"x-text-content-text\"><h1 class=\"x-text-content-text-primary\">Pol\u00edtica de financiamento Live UTI Free<\/h1>\n<\/div><\/div><\/div><hr class=\"x-line e556462-e5-v0 mbxda-6\"\/><div class=\"x-text x-content e556462-e6 mbxda-7 mbxda-8 body-medium\"><span>\u00daltima atualiza\u00e7\u00e3o: 17 de julho de 2024<\/span><\/div><hr class=\"x-line e556462-e7-v0 mbxda-6\"\/><div class=\"x-text x-content e556462-e8 mbxda-7 mbxda-8 body-medium\"><p>Live UTI Free \u00e9 uma organiza\u00e7\u00e3o de defesa dos doentes, centrada no utilizador. As nossas actividades principais centram-se no fornecimento de informa\u00e7\u00f5es imparciais e baseadas em provas a quem sofre de UTI recorrente e cr\u00f3nica, atrav\u00e9s do website <span> <\/span><a href=\"https:\/\/liveutifree.com\/pt-pt\/\"><span style=\"text-decoration: underline; color: #c74f4d;\">https:\/\/liveutifree.com<\/span><\/a>.<\/p>\n<p>Agradecemos o apoio sob a forma de subs\u00eddios, patroc\u00ednios, donativos individuais<span> <\/span><a href=\"https:\/\/liveutifree.com\/pt-pt\/contribui-para-a-luf\/\"><span style=\"text-decoration: underline; color: #c74f4d;\">individuais<\/span><\/a>e financiamento de projectos, sempre que for considerado apropriado e suscet\u00edvel de proporcionar valor ao nosso p\u00fablico.<\/p>\n<p>A presente pol\u00edtica de financiamento descreve a nossa pol\u00edtica em mat\u00e9ria de financiamento externo e explica como tomamos as decis\u00f5es nesta mat\u00e9ria. Embora sejam apresentados alguns exemplos, a inten\u00e7\u00e3o n\u00e3o \u00e9 fornecer uma defini\u00e7\u00e3o exaustiva de todas as oportunidades de parceria poss\u00edveis. Por favor, entra em contacto diretamente se quiseres discutir uma colabora\u00e7\u00e3o.  <\/p><\/div><\/div><div class=\"x-col e556462-e9 mbxda-3\"><div class=\"x-text x-text-headline e556462-e10 mbxda-5 heading-03\"><div class=\"x-text-content\"><div class=\"x-text-content-text\"><h3 class=\"x-text-content-text-primary\">Objetivo da presente pol\u00edtica<\/h3>\n<\/div><\/div><\/div><hr class=\"x-line e556462-e11-v0 mbxda-6\"\/><div class=\"x-text x-content e556462-e12 mbxda-8 body-medium\"><p>Live UTI Free existe para ajudar e apoiar a nossa comunidade global. \u00c9 extremamente importante para n\u00f3s promover um sentido de honestidade e transpar\u00eancia na nossa comunidade, e isso come\u00e7a por sermos totalmente transparentes para as pessoas que estamos aqui para servir. <\/p>\n<p>Em tudo o que fazemos, pretendemos manter uma rela\u00e7\u00e3o com os nossos utilizadores em que estes sintam que podem confiar em n\u00f3s para fornecer informa\u00e7\u00f5es imparciais.<\/p>\n<p>Na realidade, a nossa vis\u00e3o de ajudar mais pessoas a encontrar melhores testes e tratamentos ser\u00e1 concretizada mais rapidamente se alargarmos as nossas rela\u00e7\u00f5es e implementarmos colabora\u00e7\u00f5es com organiza\u00e7\u00f5es e empresas que nos permitam melhorar o nosso s\u00edtio Web e a nossa oferta.<\/p>\n<p>O objetivo desta pol\u00edtica de financiamento \u00e9 servir de enquadramento que nos permita trabalhar com outras organiza\u00e7\u00f5es que tenham contribui\u00e7\u00f5es que possam ser valiosas para o nosso p\u00fablico e que desejem apoiar o nosso trabalho atrav\u00e9s de financiamento de um dos tipos descritos abaixo.<\/p>\n<p>O nosso objetivo \u00e9 construir projectos que, em \u00faltima an\u00e1lise, nos ajudem a ajudar o nosso p\u00fablico. O nosso \"p\u00fablico\" refere-se aos utilizadores do nosso site, aos nossos seguidores no twitter, instagram e facebook, e aos que est\u00e3o na nossa lista de e-mail. <\/p>\n<p>Ao delinear aqui a nossa pol\u00edtica de financiamento, pretendemos:<\/p>\n\n<ul>\n \t<li>Assegura que o Live UTI Free mant\u00e9m uma abordagem consistente e transparente quando trabalha com empresas e parceiros comerciais<\/li>\n \t<li>Estabelece o nosso compromisso de nos mantermos independentes de influ\u00eancias comerciais<\/li>\n \t<li>Esclarece a posi\u00e7\u00e3o do Live UTI Free em rela\u00e7\u00e3o ao nosso p\u00fablico, \u00e0 nossa rede de profissionais, \u00e0s empresas comerciais, a outras organiza\u00e7\u00f5es e \u00e0 comunidade em geral<\/li>\n<\/ul>\n<p>Todos os membros da equipa Live UTI Free s\u00e3o obrigados a aderir a esta pol\u00edtica e a manterem-se actualizados sobre quaisquer revis\u00f5es da mesma.<\/p><\/div><hr class=\"x-line e556462-e13-v0 mbxda-6\"\/><div class=\"x-text x-text-headline e556462-e14 mbxda-5 heading-03\"><div class=\"x-text-content\"><div class=\"x-text-content-text\"><h3 class=\"x-text-content-text-primary\">Categorias de financiamento<\/h3>\n<\/div><\/div><\/div><hr class=\"x-line e556462-e15-v0 mbxda-6\"\/><div class=\"x-text x-content e556462-e16 mbxda-8 body-medium\"><span>Existem quatro categorias de financiamento diferentes que ser\u00e3o consideradas caso a caso. S\u00e3o elas: financiamento de projectos, patroc\u00ednio, recrutamento ou consultoria para terceiros e subs\u00eddios\/doa\u00e7\u00f5es sem restri\u00e7\u00f5es. Descrevemos cada uma delas a seguir.  <\/span><\/div><hr class=\"x-line e556462-e17-v0 mbxda-6\"\/><div class=\"x-text x-text-headline e556462-e18 mbxda-5 heading-03\"><div class=\"x-text-content\"><div class=\"x-text-content-text\"><h3 class=\"x-text-content-text-primary\">Financiamento do projeto<\/h3>\n<\/div><\/div><\/div><hr class=\"x-line e556462-e19-v0 mbxda-6\"\/><div class=\"x-text x-content e556462-e20 mbxda-8 body-medium\"><p>O financiamento de projectos refere-se a projectos em que a Live UTI Free ir\u00e1 colaborar em parceria com outra organiza\u00e7\u00e3o ou indiv\u00edduo.<\/p>\n<p>Exemplos de financiamento de projectos podem incluir:<\/p>\n\n<ul>\n \t<li>Financiamento para desenvolver materiais que nos permitam interpretar informa\u00e7\u00e3o cient\u00edfica e\/ou t\u00e9cnica para o nosso p\u00fablico, relativamente a um servi\u00e7o ou produto cl\u00ednico fornecido por uma empresa comercial.<\/li>\n \t<li>Financiamento para colaborar em recursos sobre um t\u00f3pico espec\u00edfico, por exemplo, UTI cr\u00f3nica e sa\u00fade sexual. <\/li>\n \t<li>Financiamento para apoiar a investiga\u00e7\u00e3o sobre a perspetiva dos doentes.<\/li>\n<\/ul>\n<p>Esse projeto pode ser de interesse m\u00fatuo. Para este tipo de rela\u00e7\u00e3o, aplica-se o seguinte: <\/p>\n\n<ul>\n \t<li>Live UTI Free manter\u00e1 sempre o controlo editorial sobre todos os conte\u00fados publicados no nosso site e nas contas das redes sociais, bem como sobre quaisquer outros materiais produzidos para apoiar o projeto.<\/li>\n \t<li>Live UTI Free s\u00f3 publicar\u00e1 informa\u00e7\u00f5es sobre produtos ou servi\u00e7os individuais quando acreditarmos que ser\u00e3o \u00fateis para o nosso p\u00fablico. Quando o fizeres, ser\u00e1 adoptada uma abordagem imparcial. Sempre que poss\u00edvel, forneceremos informa\u00e7\u00f5es completas que representem v\u00e1rios lados do \"argumento\". Quando tal n\u00e3o for poss\u00edvel, reconheceremos a exist\u00eancia de informa\u00e7\u00f5es incompletas.   <\/li>\n \t<li>O Live UTI Free n\u00e3o recomenda produtos farmac\u00eauticos, abordagens de tratamento ou m\u00e9dicos espec\u00edficos, mas fornece informa\u00e7\u00f5es sobre as diferentes op\u00e7\u00f5es dispon\u00edveis, sempre que poss\u00edvel.<\/li>\n \t<li>Entende-se que a inten\u00e7\u00e3o de tal rela\u00e7\u00e3o \u00e9 que tanto o Live UTI Free como quaisquer parceiros comerciais beneficiem.<\/li>\n<\/ul><\/div><hr class=\"x-line e556462-e21-v0 mbxda-6\"\/><div class=\"x-text x-text-headline e556462-e22 mbxda-5 heading-03\"><div class=\"x-text-content\"><div class=\"x-text-content-text\"><h3 class=\"x-text-content-text-primary\">Recrutamento ou consultoria para terceiros<\/h3>\n<\/div><\/div><\/div><hr class=\"x-line e556462-e23-v0 mbxda-6\"\/><div class=\"x-text x-content e556462-e24 mbxda-8 body-medium\"><p>Os membros da equipa Live UTI Free podem ocasionalmente fornecer conhecimentos a terceiros sobre os t\u00f3picos de pesquisa de utilizadores, otimiza\u00e7\u00e3o do site, pesquisa de perspetiva do paciente, recrutamento de pacientes e comunica\u00e7\u00e3o digital.<\/p>\n<p>As rela\u00e7\u00f5es com terceiros permanecer\u00e3o confidenciais, a menos que seja necess\u00e1rio o envolvimento direto da comunidade Live UTI Free e que exista um acordo escrito que abranja a forma como essa rela\u00e7\u00e3o ser\u00e1 reconhecida. Tais actividades s\u00e3o independentes do conte\u00fado fornecido em https:\/\/liveutifree.com. <\/p><\/div><hr class=\"x-line e556462-e25-v0 mbxda-6\"\/><div class=\"x-text x-text-headline e556462-e26 mbxda-5 heading-03\"><div class=\"x-text-content\"><div class=\"x-text-content-text\"><h3 class=\"x-text-content-text-primary\">Patroc\u00ednio<\/h3>\n<\/div><\/div><\/div><hr class=\"x-line e556462-e27-v0 mbxda-6\"\/><div class=\"x-text x-content e556462-e28 mbxda-8 body-medium\"><p>O patroc\u00ednio refere-se a um cen\u00e1rio em que uma empresa ou outro parceiro financia uma \u00fanica atividade do Live UTI Free. Os exemplos podem incluir: <\/p>\n\n<ul>\n \t<li>Patrocina a produ\u00e7\u00e3o de novos conte\u00fados para o nosso p\u00fablico, tais como recursos descarreg\u00e1veis.<\/li>\n \t<li>Patrocina a cria\u00e7\u00e3o de novos conte\u00fados \u00e1udio\/audiovisuais para o nosso p\u00fablico, como uma s\u00e9rie de podcasts ou entrevistas com profissionais ou pessoas que sofrem de UTI.<\/li>\n \t<li>Financiamento da participa\u00e7\u00e3o da equipa do Live UTI Free numa confer\u00eancia de investiga\u00e7\u00e3o.<\/li>\n \t<li>Financiar a nomea\u00e7\u00e3o tempor\u00e1ria de um membro da equipa da Live UTI Free para ajudar numa atividade espec\u00edfica, por exemplo, an\u00e1lise de dados, investiga\u00e7\u00e3o. <\/li>\n<\/ul>\n<p>Em caso de patroc\u00ednio, aplica-se o seguinte:<\/p>\n\n<ul>\n \t<li>A empresa n\u00e3o ter\u00e1 qualquer influ\u00eancia sobre a atividade para a qual o patroc\u00ednio \u00e9 concedido.<\/li>\n \t<li>Live UTI Free manter\u00e1 sempre o controlo editorial de todos os conte\u00fados publicados no nosso site e nas contas das redes sociais, bem como de quaisquer outros materiais produzidos para apoiar a atividade.<\/li>\n \t<li>Live UTI Free n\u00e3o ir\u00e1 endossar ou promover os produtos ou servi\u00e7os do patrocinador.<\/li>\n \t<li>Quando apropriado, o patroc\u00ednio de qualquer atividade ser\u00e1 reconhecido visualmente de uma forma adequada \u00e0 atividade, por exemplo, logotipo, link ou \u00edcone de financiamento externo Live UTI Free com link para o patrocinador. O texto exato e\/ou a localiza\u00e7\u00e3o do reconhecimento ser\u00e3o acordados em negocia\u00e7\u00e3o com o patrocinador.  <\/li>\n<\/ul><\/div><hr class=\"x-line e556462-e29-v0 mbxda-6\"\/><div class=\"x-text x-text-headline e556462-e30 mbxda-5 heading-03\"><div class=\"x-text-content\"><div class=\"x-text-content-text\"><h3 class=\"x-text-content-text-primary\">Subven\u00e7\u00f5es sem restri\u00e7\u00f5es<\/h3>\n<\/div><\/div><\/div><hr class=\"x-line e556462-e31-v0 mbxda-6\"\/><div class=\"x-text x-content e556462-e32 mbxda-8 body-medium\"><p>As empresas, organiza\u00e7\u00f5es e indiv\u00edduos podem oferecer apoio financeiro e apoio em g\u00e9neros para a Live UTI Free. Qualquer apoio que se enquadre nos seguintes crit\u00e9rios \u00e9 definido como um subs\u00eddio sem restri\u00e7\u00f5es: <\/p>\n\n<ul>\n \t<li>O parceiro de financiamento n\u00e3o tem qualquer envolvimento no projeto para o qual os fundos s\u00e3o utilizados.<\/li>\n \t<li>O Live UTI Free pode afetar fundos de forma independente, como entender.<\/li>\n \t<li>Live UTI Free reconhecer\u00e1 a subven\u00e7\u00e3o, mas o log\u00f3tipo do parceiro de financiamento n\u00e3o ser\u00e1 utilizado e Live UTI Free controlar\u00e1 a forma como o reconhecimento \u00e9 feito.<\/li>\n<\/ul><\/div><hr class=\"x-line e556462-e33-v0 mbxda-6\"\/><div class=\"x-text x-text-headline e556462-e34 mbxda-5 heading-03\"><div class=\"x-text-content\"><div class=\"x-text-content-text\"><h3 class=\"x-text-content-text-primary\">Financiamento: Princ\u00edpios orientadores<\/h3>\n<\/div><\/div><\/div><hr class=\"x-line e556462-e35-v0 mbxda-6\"\/><div class=\"x-text x-content e556462-e36 mbxda-8 body-medium\"><p>Live UTI Free s\u00f3 est\u00e1 interessado em parcerias de colabora\u00e7\u00e3o ou financiamento que tenham um impacto positivo nos nossos utilizadores e que possam ajud\u00e1-los no seu caminho para melhores testes e tratamentos.<\/p>\n<p>Live UTI Free manter\u00e1 uma rela\u00e7\u00e3o aberta e transparente com todos os parceiros de financiamento.<\/p>\n<p>Para garantir que estes pontos se mant\u00eam verdadeiros, a Live UTI Free examinar\u00e1 todos os potenciais financiadores para se certificar de que:<\/p>\n\n<ul>\n \t<li>Existem fortes raz\u00f5es para acreditar que um acordo de financiamento resultar\u00e1 em benef\u00edcios para a Live UTI Free e para os nossos utilizadores<\/li>\n \t<li>A aceita\u00e7\u00e3o dos fundos n\u00e3o implica qualquer publicidade negativa.<\/li>\n<\/ul>\n<p>A Live UTI Free ir\u00e1 analisar os potenciais parceiros de financiamento, incluindo a sua reputa\u00e7\u00e3o no trabalho com organiza\u00e7\u00f5es de doentes e o seu historial em termos de financiamento.<\/p>\n<p>Se houver algum motivo de preocupa\u00e7\u00e3o, o Live UTI Free reconsiderar\u00e1 ou rejeitar\u00e1 os fundos.<\/p>\n<p>Live UTI Free n\u00e3o aceitar\u00e1 conscientemente qualquer tipo de financiamento de uma empresa que produza produtos ou servi\u00e7os que consideremos pouco \u00e9ticos.<\/p>\n<p>Live UTI Free n\u00e3o recomenda medicamentos, m\u00e9dicos ou tratamentos espec\u00edficos.<\/p>\n<p>A Live UTI Free assegurar\u00e1 que as responsabilidades e a contribui\u00e7\u00e3o da equipa da Live UTI Free e de qualquer parceiro de financiamento sejam acordadas por escrito.<\/p>\n<p>O parceiro de financiamento deve concordar em cumprir as diretrizes aqui descritas.<\/p>\n<p>Se uma empresa fizer qualquer tentativa de coagir Live UTI Free a conformar-se com a sua agenda comercial e\/ou de marketing, expl\u00edcita ou implicitamente, ou n\u00e3o cumprir as responsabilidades acordadas, Live UTI Free rejeitar\u00e1 os fundos ou terminar\u00e1 um projeto em curso.<\/p>\n<p>Quando apropriado, o Live UTI Free pode solicitar financiamento a cons\u00f3rcios compostos por dois ou mais parceiros do mesmo sector.<\/p><\/div><hr class=\"x-line e556462-e37-v0 mbxda-6\"\/><div class=\"x-text x-text-headline e556462-e38 mbxda-5 heading-03\"><div class=\"x-text-content\"><div class=\"x-text-content-text\"><h3 class=\"x-text-content-text-primary\">Actividades que n\u00e3o podem ser financiadas externamente<\/h3>\n<\/div><\/div><\/div><hr class=\"x-line e556462-e39-v0 mbxda-6\"\/><div class=\"x-text x-content e556462-e40 mbxda-8 body-medium\"><p>Existem actividades e conte\u00fados no centro do Live UTI Free que ser\u00e3o sempre financiados internamente. Isto \u00e9 para garantir uma abordagem imparcial e para nos permitir atualizar frequentemente a informa\u00e7\u00e3o \u00e0 medida que novas investiga\u00e7\u00f5es ficam dispon\u00edveis. Estas actividades e conte\u00fados principais incluem:  <\/p>\n\n<ul>\n \t<li>As principais p\u00e1ginas de informa\u00e7\u00e3o do site Live UTI Free - os artigos ligados diretamente \u00e0 p\u00e1gina inicial e as hist\u00f3rias pessoais contribu\u00eddas pela nossa comunidade.<\/li>\n \t<li>Conte\u00fado das redes sociais publicado diretamente atrav\u00e9s das contas do twitter, facebook ou instagram do Live UTI Free - isto n\u00e3o inclui publicidade paga que fa\u00e7a parte de uma campanha de sensibiliza\u00e7\u00e3o, investiga\u00e7\u00e3o, recrutamento ou educa\u00e7\u00e3o.<\/li>\n \t<li>A rede de profissionais Live UTI Free - os profissionais n\u00e3o podem pagar para serem inclu\u00eddos nas p\u00e1ginas de informa\u00e7\u00f5es principais do s\u00edtio Web Live UTI Free.<\/li>\n \t<li>E-mails para a nossa lista de correio da comunidade - n\u00e3o daremos acesso \u00e0 nossa lista de correio sob qualquer forma. Isto n\u00e3o inclui financiamento que fa\u00e7a parte de uma campanha de sensibiliza\u00e7\u00e3o, investiga\u00e7\u00e3o, recrutamento ou educa\u00e7\u00e3o. Os endere\u00e7os de correio eletr\u00f3nico e as informa\u00e7\u00f5es pessoais nunca ser\u00e3o partilhados com terceiros.  <\/li>\n \t<li>Os dados pessoais que recolhemos da nossa comunidade n\u00e3o ser\u00e3o publicados, vendidos, trocados ou transmitidos a terceiros. V\u00ea mais sobre isto nos nossos documentos legais. <\/li>\n<\/ul><\/div><hr class=\"x-line e556462-e41-v0 mbxda-6\"\/><div class=\"x-text x-text-headline e556462-e42 mbxda-5 heading-03\"><div class=\"x-text-content\"><div class=\"x-text-content-text\"><h3 class=\"x-text-content-text-primary\">Diretrizes para os parceiros de financiamento<\/h3>\n<\/div><\/div><\/div><hr class=\"x-line e556462-e43-v0 mbxda-6\"\/><div class=\"x-text x-content e556462-e44 mbxda-8 body-medium\"><p>Live UTI Free n\u00e3o entrar\u00e1 nem continuar\u00e1 uma rela\u00e7\u00e3o com qualquer parceiro de financiamento, se a rela\u00e7\u00e3o e a atividade relacionada puderem prejudicar a reputa\u00e7\u00e3o de Live UTI Free.<\/p>\n<p>Para o efeito, solicitamos a todos os parceiros de financiamento que<\/p>\n\n<ul>\n \t<li>Procura a aprova\u00e7\u00e3o por escrito da Live UTI Free antes de usares o nosso nome ou log\u00f3tipo, referires qualquer uma das nossas iniciativas ou citares o nosso conte\u00fado em qualquer tipo de comunica\u00e7\u00e3o p\u00fablica.<\/li>\n \t<li>Nomeia um \u00fanico ponto de contacto dentro da sua organiza\u00e7\u00e3o para fazer a liga\u00e7\u00e3o com o membro da equipa apropriado na Live UTI Free, a fim de estabelecer linhas claras de comunica\u00e7\u00e3o desde o in\u00edcio. Solicitamos que esta pessoa esteja autorizada a tomar decis\u00f5es relativamente a qualquer aspeto do financiamento proposto. <\/li>\n<\/ul>\n<p>O Live UTI Free reserva-se o direito de vetar qualquer conte\u00fado produzido em rela\u00e7\u00e3o a qualquer financiamento, e solicitamos que seja atribu\u00eddo tempo suficiente de aprova\u00e7\u00e3o para este fim, uma vez que pode exigir a aprova\u00e7\u00e3o de um ou mais membros da equipa.<\/p>\n<p>Como um site centrado no utilizador e na defesa dos pacientes, o Live UTI Free colabora com empresas comerciais, organiza\u00e7\u00f5es sem fins lucrativos e outras organiza\u00e7\u00f5es, quando tal for considerado ben\u00e9fico para os nossos utilizadores.<\/p>\n<p>Esta pol\u00edtica pode ser actualizada em qualquer altura.<\/p><\/div><hr class=\"x-line e556462-e45-v0 mbxda-6\"\/><div class=\"x-text x-text-headline e556462-e46 mbxda-5 heading-03\"><div class=\"x-text-content\"><div class=\"x-text-content-text\"><h3 class=\"x-text-content-text-primary\">Os nossos parceiros<\/h3>\n<\/div><\/div><\/div><hr class=\"x-line e556462-e47-v0 mbxda-6\"\/><div class=\"x-text x-content e556462-e48 mbxda-8 body-medium\"><span>Os parceiros com os quais temos rela\u00e7\u00f5es financiadas e n\u00e3o financiadas est\u00e3o listados na nossa <\/span><a href=\"https:\/\/liveutifree.com\/pt-pt\/parceiros-luf\/\"><span style=\"text-decoration: underline; color: #c74f4d;\">p\u00e1gina de parceiros<\/span><\/a><span>.<\/span><\/div><\/div><\/div><\/div><\/div><\/div>","protected":false},"excerpt":{"rendered":"<p>Pol\u00edtica de financiamento Live UTI Free \u00daltima atualiza\u00e7\u00e3o: 17 de julho de 2024Live UTI Free \u00e9 uma organiza\u00e7\u00e3o de defesa dos doentes, centrada no utilizador. As nossas actividades principais centram-se no fornecimento de informa\u00e7\u00f5es imparciais e baseadas em provas a quem sofre de UTI recorrente e cr\u00f3nica, atrav\u00e9s do website https:\/\/liveutifree.com. Agradecemos o apoio sob a forma de subs\u00eddios, patroc\u00ednios, &#8230; <\/p>\n<div><a href=\"https:\/\/liveutifree.com\/pt-pt\/politica-de-financiamento-luf\/\" class=\"more-link\">Read More<\/a><\/div>\n","protected":false},"author":1,"featured_media":556526,"parent":0,"menu_order":96,"comment_status":"closed","ping_status":"closed","template":"template-blank-4.php","meta":{"_acf_changed":false,"inline_featured_image":false,"footnotes":""},"class_list":["post-556462","page","type-page","status-publish","has-post-thumbnail","hentry"],"acf":[],"featured_image_src":"https:\/\/liveutifree.com\/wp-content\/uploads\/2017\/01\/LUF-logo-LP-crop.png","_links":{"self":[{"href":"https:\/\/liveutifree.com\/pt-pt\/wp-json\/wp\/v2\/pages\/556462","targetHints":{"allow":["GET"]}}],"collection":[{"href":"https:\/\/liveutifree.com\/pt-pt\/wp-json\/wp\/v2\/pages"}],"about":[{"href":"https:\/\/liveutifree.com\/pt-pt\/wp-json\/wp\/v2\/types\/page"}],"author":[{"embeddable":true,"href":"https:\/\/liveutifree.com\/pt-pt\/wp-json\/wp\/v2\/users\/1"}],"replies":[{"embeddable":true,"href":"https:\/\/liveutifree.com\/pt-pt\/wp-json\/wp\/v2\/comments?post=556462"}],"version-history":[{"count":1,"href":"https:\/\/liveutifree.com\/pt-pt\/wp-json\/wp\/v2\/pages\/556462\/revisions"}],"predecessor-version":[{"id":576958,"href":"https:\/\/liveutifree.com\/pt-pt\/wp-json\/wp\/v2\/pages\/556462\/revisions\/576958"}],"wp:featuredmedia":[{"embeddable":true,"href":"https:\/\/liveutifree.com\/pt-pt\/wp-json\/wp\/v2\/media\/556526"}],"wp:attachment":[{"href":"https:\/\/liveutifree.com\/pt-pt\/wp-json\/wp\/v2\/media?parent=556462"}],"curies":[{"name":"wp","href":"https:\/\/api.w.org\/{rel}","templated":true}]}}