{"id":555352,"date":"2025-09-07T10:57:29","date_gmt":"2025-09-07T10:57:29","guid":{"rendered":"https:\/\/liveutifree.com\/quiz-uti-luf\/"},"modified":"2025-10-23T13:47:28","modified_gmt":"2025-10-23T13:47:28","slug":"quiz-uti-luf","status":"publish","type":"page","link":"https:\/\/liveutifree.com\/pt-pt\/quiz-uti-luf\/","title":{"rendered":"Question\u00e1rio sobre a UTI"},"content":{"rendered":"<div id=\"cs-content\" class=\"cs-content\"><div class=\"x-section e555352-e1 mbwig-0 mbwig-1\"><div class=\"x-row x-container max width e555352-e2 mbwig-3 mbwig-4 mbwig-5 mbwig-8 mbwig-9\"><div class=\"x-row-inner\"><div class=\"x-col e555352-e3 mbwig-c mbwig-d\"><div class=\"x-text x-text-headline e555352-e4 mbwig-f mbwig-g heading-01 \"><div class=\"x-text-content\"><div class=\"x-text-content-text\"><h1 class=\"x-text-content-text-primary\">Question\u00e1rio sobre a UTI: o teu atalho para a informa\u00e7\u00e3o certa<\/h1>\n<\/div><\/div><\/div><hr class=\"x-line e555352-e5-v0 mbwig-i mbwig-j\"\/><div class=\"x-text x-content e555352-e6 mbwig-l mbwig-m body-medium\"><span>Partilhar a tua experi\u00eancia tamb\u00e9m contribuir\u00e1 para a nossa investiga\u00e7\u00e3o global e ajudar\u00e1 na luta por melhores dados, testes e tratamento da UTI. Ao participares no question\u00e1rio, reconheces que concordas com o nosso   <\/span><span style=\"text-decoration: underline; color: #800000;\"><span style=\"color: #c74f4d;\"><a href=\"https:\/\/liveutifree.com\/pt-pt\/juridico-luf\/\" rel=\"noopener\" style=\"color: #c74f4d; text-decoration: underline;\">Pol\u00edtica de Privacidade e Termos e Condi\u00e7\u00f5es<\/a><\/span>.<\/span><\/div><\/div><\/div><\/div><\/div><div class=\"x-section e555352-e7 mbwig-0 mbwig-2\"><div class=\"x-row x-container max width e555352-e8 mbwig-3 mbwig-5 mbwig-6 mbwig-8 mbwig-a\"><div class=\"x-row-inner\"><div class=\"x-col e555352-e9 mbwig-c mbwig-e\"><div class=\"x-div e555352-e10 mbwig-n\"><div id=\"quiz-container\" style=\"position: relative; width: 100%; height: 600px;\">\n    <!-- Loading GIF -->\n    <div id=\"loading\" style=\"position: absolute; top: 50%; left: 50%; transform: translate(-50%, -50%); z-index: 1000;\">\n        <img decoding=\"async\" src=\"https:\/\/liveutifree.com\/wp-content\/uploads\/2022\/03\/quiz-loader-en.gif\" alt=\"Loading...\">\n    <\/div>\n\n    <!-- Outgrow Quiz Embed (Initially Hidden) -->\n    <div id=\"60018628bd6a2c3a661c5c65\" class=\"op-interactive\" data-title=\"THE UTI QUIZ V4\"\n         data-url=\"https:\/\/liveutifree.outgrow.us\/60018628bd6a2c3a661c5c65?vHeight=1\" data-width=\"100%\"\n         style=\"width: 100%; height: 100%; position: absolute; display: none;\">\n    <\/div>\n<\/div>\n\n<script src='\/\/dyv6f9ner1ir9.cloudfront.net\/assets\/js\/nloader.js'><\/script>\n<script>\n    document.addEventListener(\"DOMContentLoaded\", function () {\n        var loadingDiv = document.getElementById(\"loading\");\n        var quizContainer = document.getElementById(\"60018628bd6a2c3a661c5c65\");\n\n        \/\/ Initialize the Outgrow iframe\n        initIframe('60018628bd6a2c3a661c5c65');\n\n        function checkIframeLoaded() {\n            var iframe = quizContainer.querySelector(\"iframe\");\n\n            if (iframe) {\n                \/\/ Ensure the iframe fills the container\n                iframe.style.width = \"100%\";\n                iframe.style.height = \"100%\";\n                iframe.style.position = \"absolute\";\n                iframe.style.display = \"none\"; \/\/ Keep iframe hidden initially\n\n                \/\/ Wait for the iframe to fully load\n                iframe.onload = function () {\n                    setTimeout(function () {\n                        loadingDiv.style.display = \"none\";  \/\/ Hide loading GIF\n                        quizContainer.style.display = \"block\"; \/\/ Show the quiz\n                        iframe.style.display = \"block\"; \/\/ Make sure the iframe is visible\n                    }, 2000); \/\/ Ensures the GIF is displayed for at least 2 seconds\n                };\n            } else {\n                \/\/ Keep checking every 500ms until iframe appears\n                setTimeout(checkIframeLoaded, 500);\n            }\n        }\n\n        \/\/ Start checking for iframe\n        checkIframeLoaded();\n    });\n<\/script>\n<\/div><\/div><\/div><\/div><\/div><div class=\"x-section e555352-e12 mbwig-0 mbwig-1\"><div class=\"x-row x-container max width e555352-e13 mbwig-3 mbwig-4 mbwig-7 mbwig-8 mbwig-b\"><div class=\"x-row-inner\"><div class=\"x-col e555352-e14 mbwig-c mbwig-d\"><div class=\"x-text x-text-headline e555352-e15 mbwig-f mbwig-g heading-02\"><div class=\"x-text-content\"><div class=\"x-text-content-text\"><h2 class=\"x-text-content-text-primary\">A informa\u00e7\u00e3o correta pode guiar-te para um tratamento permanente<\/h2>\n<\/div><\/div><\/div><hr class=\"x-line e555352-e16-v0 mbwig-i mbwig-j\"\/><span class=\"x-image e555352-e17 mbwig-o\"><img decoding=\"async\" src=\"https:\/\/liveutifree.com\/wp-content\/uploads\/2017\/07\/UTI-Team.png\" width=\"145\" height=\"145\" alt=\"\u00cdcone - Equipa Live UTI Free\" loading=\"lazy\"><\/span><hr class=\"x-line e555352-e18-v0 mbwig-i mbwig-j\"\/><div class=\"x-text x-text-headline e555352-e19 mbwig-g mbwig-h heading-05\"><div class=\"x-text-content\"><div class=\"x-text-content-text\"><p class=\"x-text-content-text-primary\">\"Compreendes os teus pr\u00f3prios sintomas melhor do que ningu\u00e9m. Se conseguires combinar a tua experi\u00eancia com a informa\u00e7\u00e3o certa, tens mais hip\u00f3teses de obter um diagn\u00f3stico real e um tratamento eficaz.\"<\/p>\n<\/div><\/div><\/div><hr class=\"x-line e555352-e20-v0 mbwig-j mbwig-k\"\/><div class=\"x-text x-content e555352-e21 mbwig-m body-medium\"><span>Equipa Live UTI Free<\/span><\/div><\/div><\/div><\/div><\/div><\/div>","protected":false},"excerpt":{"rendered":"<p>Question\u00e1rio sobre a UTI: o teu atalho para a informa\u00e7\u00e3o certa Partilhar a tua experi\u00eancia tamb\u00e9m contribuir\u00e1 para a nossa investiga\u00e7\u00e3o global e ajudar\u00e1 na luta por melhores dados, testes e tratamento da UTI. Ao participares no question\u00e1rio, reconheces que concordas com o nosso Pol\u00edtica de Privacidade e Termos e Condi\u00e7\u00f5es. A informa\u00e7\u00e3o correta pode guiar-te para um tratamento permanente &#8230; <\/p>\n<div><a href=\"https:\/\/liveutifree.com\/pt-pt\/quiz-uti-luf\/\" class=\"more-link\">Read More<\/a><\/div>\n","protected":false},"author":7,"featured_media":552814,"parent":0,"menu_order":188,"comment_status":"closed","ping_status":"closed","template":"template-blank-4.php","meta":{"_acf_changed":false,"inline_featured_image":false,"footnotes":""},"class_list":["post-555352","page","type-page","status-publish","has-post-thumbnail","hentry"],"acf":[],"featured_image_src":"https:\/\/liveutifree.com\/wp-content\/uploads\/2017\/05\/About-Us-Header-Desktop.jpg","_links":{"self":[{"href":"https:\/\/liveutifree.com\/pt-pt\/wp-json\/wp\/v2\/pages\/555352","targetHints":{"allow":["GET"]}}],"collection":[{"href":"https:\/\/liveutifree.com\/pt-pt\/wp-json\/wp\/v2\/pages"}],"about":[{"href":"https:\/\/liveutifree.com\/pt-pt\/wp-json\/wp\/v2\/types\/page"}],"author":[{"embeddable":true,"href":"https:\/\/liveutifree.com\/pt-pt\/wp-json\/wp\/v2\/users\/7"}],"replies":[{"embeddable":true,"href":"https:\/\/liveutifree.com\/pt-pt\/wp-json\/wp\/v2\/comments?post=555352"}],"version-history":[{"count":1,"href":"https:\/\/liveutifree.com\/pt-pt\/wp-json\/wp\/v2\/pages\/555352\/revisions"}],"predecessor-version":[{"id":575399,"href":"https:\/\/liveutifree.com\/pt-pt\/wp-json\/wp\/v2\/pages\/555352\/revisions\/575399"}],"wp:featuredmedia":[{"embeddable":true,"href":"https:\/\/liveutifree.com\/pt-pt\/wp-json\/wp\/v2\/media\/552814"}],"wp:attachment":[{"href":"https:\/\/liveutifree.com\/pt-pt\/wp-json\/wp\/v2\/media?parent=555352"}],"curies":[{"name":"wp","href":"https:\/\/api.w.org\/{rel}","templated":true}]}}