{"id":555328,"date":"2025-09-07T10:57:28","date_gmt":"2025-09-07T10:57:28","guid":{"rendered":"https:\/\/liveutifree.com\/agradece-luf\/"},"modified":"2025-09-07T10:57:33","modified_gmt":"2025-09-07T10:57:33","slug":"agradece-luf","status":"publish","type":"page","link":"https:\/\/liveutifree.com\/pt-pt\/agradece-luf\/","title":{"rendered":"Agradece! | LUF"},"content":{"rendered":"<div id=\"cs-content\" class=\"cs-content\"><div class=\"x-section x-hide-md x-hide-sm x-hide-xs e555328-e1 mbwhs-0 mbwhs-1\"><span class=\"x-separator-top-angle-in\" style=\"top: 0px; height: 50px; color: rgba(0, 0, 0, 0.75);\" aria-hidden=\"true\"><svg class=\"angle-top-in\" style=\"fill: currentColor;\" xmlns=\"http:\/\/www.w3.org\/2000\/svg\" version=\"1.1\" viewBox=\"0 0 100 100\" preserveAspectRatio=\"none\"><polygon points=\"0,100 50,100 0,0\"\/><polygon points=\"50,100 100,100 100,0\"\/><\/svg><\/span><div class=\"x-bg\" aria-hidden=\"true\"><div class=\"x-bg-layer-lower-image\"><\/div><\/div><div class=\"x-row x-container max width e555328-e2 mbwhs-3 mbwhs-4 mbwhs-5\"><div class=\"x-row-inner\"><div class=\"x-col e555328-e3 mbwhs-7 mbwhs-8 mbwhs-9\"><div class=\"x-text x-text-headline e555328-e4 mbwhs-c heading-02\"><div class=\"x-text-content\"><div class=\"x-text-content-text\"><h2 class=\"x-text-content-text-primary\">Obrigado!<\/h2>\n<\/div><\/div><\/div><hr class=\"x-line e555328-e5-v0 mbwhs-e\"\/><div class=\"x-text x-content e555328-e6 mbwhs-f mbwhs-g body-medium\"><span>Confirm\u00e1mos agora que \u00e9s uma pessoa real e enviar-te-emos um e-mail ocasional sobre como podes continuar a ajudar-nos a combater a epidemia que s\u00e3o as UTIs.<\/span><\/div><hr class=\"x-line e555328-e7-v0 mbwhs-e\"\/><span class=\"x-image e555328-e8 mbwhs-k\"><img decoding=\"async\" src=\"https:\/\/liveutifree.com\/wp-content\/uploads\/2024\/10\/54e1dc01-4e68-4b49-99f6-6355e70de7b5-scaled.jpg\" width=\"1024\" height=\"1024\" alt=\"Foto da Melissa\" loading=\"lazy\"><\/span><hr class=\"x-line e555328-e9-v0 mbwhs-e\"\/><div class=\"x-text x-content e555328-e10 mbwhs-g mbwhs-h body-medium\"><span>Como venci as infec\u00e7\u00f5es urin\u00e1rias recorrentes<\/span><\/div><hr class=\"x-line e555328-e11-v0 mbwhs-e\"\/><a class=\"x-anchor x-anchor-button has-graphic e555328-e12 mbwhs-l button-blue-icon-primary\" tabindex=\"0\" href=\"https:\/\/liveutifree.com\/recurrent-urinary-tract-infections\/\"><div class=\"x-anchor-content\"><span class=\"x-graphic\" aria-hidden=\"true\"><span class=\"x-image x-graphic-child x-graphic-image x-graphic-primary\"><img decoding=\"async\" src=\"https:\/\/liveutifree.com\/wp-content\/uploads\/2025\/03\/white.svg\" width=\"28\" height=\"27\" alt=\"The image is completely blank with a white background and no visible objects or text.\" loading=\"lazy\"><\/span><\/span><div class=\"x-anchor-text\"><span class=\"x-anchor-text-primary\">L\u00ea a sua hist\u00f3ria<\/span><\/div><\/div><\/a><\/div><div class=\"x-col e555328-e13 mbwhs-9 mbwhs-a\"><\/div><\/div><\/div><\/div><div class=\"x-section x-hide-lg x-hide-xl e555328-e14 mbwhs-0 mbwhs-2\"><div class=\"x-row x-container max width e555328-e15 mbwhs-3 mbwhs-4 mbwhs-6\"><div class=\"x-row-inner\"><div class=\"x-col e555328-e16 mbwhs-7 mbwhs-9 mbwhs-a mbwhs-b\"><div class=\"x-text x-text-headline e555328-e17 mbwhs-c mbwhs-d heading-01 \"><div class=\"x-text-content\"><div class=\"x-text-content-text\"><h1 class=\"x-text-content-text-primary\">Obrigado!!!<\/h1>\n<\/div><\/div><\/div><hr class=\"x-line e555328-e18-v0 mbwhs-e\"\/><div class=\"x-text x-content e555328-e19 mbwhs-g mbwhs-i mbwhs-j body-medium\"><span>Confirm\u00e1mos que \u00e9s uma pessoa real e enviar-te-emos actualiza\u00e7\u00f5es ocasionais sobre tudo o que diz respeito \u00e0 UTI.<\/span><\/div><hr class=\"x-line e555328-e20-v0 mbwhs-e\"\/><span class=\"x-image e555328-e21 mbwhs-k\"><img decoding=\"async\" src=\"https:\/\/liveutifree.com\/wp-content\/uploads\/2024\/10\/54e1dc01-4e68-4b49-99f6-6355e70de7b5-scaled.jpg\" width=\"1024\" height=\"1024\" alt=\"Foto da Melissa\" loading=\"lazy\"><\/span><hr class=\"x-line e555328-e22-v0 mbwhs-e\"\/><div class=\"x-text x-content e555328-e23 mbwhs-g mbwhs-h mbwhs-j body-medium\"><span>Como venci as infec\u00e7\u00f5es urin\u00e1rias recorrentes<\/span><\/div><hr class=\"x-line e555328-e24-v0 mbwhs-e\"\/><a class=\"x-anchor x-anchor-button has-graphic e555328-e25 mbwhs-l button-blue-icon-primary\" tabindex=\"0\" href=\"https:\/\/liveutifree.com\/recurrent-urinary-tract-infections\/\"><div class=\"x-anchor-content\"><span class=\"x-graphic\" aria-hidden=\"true\"><span class=\"x-image x-graphic-child x-graphic-image x-graphic-primary\"><img decoding=\"async\" src=\"https:\/\/liveutifree.com\/wp-content\/uploads\/2025\/03\/white.svg\" width=\"28\" height=\"27\" alt=\"The image is completely blank with a white background and no visible objects or text.\" loading=\"lazy\"><\/span><\/span><div class=\"x-anchor-text\"><span class=\"x-anchor-text-primary\">L\u00ea a sua hist\u00f3ria<\/span><\/div><\/div><\/a><\/div><\/div><\/div><\/div><\/div>","protected":false},"excerpt":{"rendered":"<p>Obrigado! Confirm\u00e1mos agora que \u00e9s uma pessoa real e enviar-te-emos um e-mail ocasional sobre como podes continuar a ajudar-nos a combater a epidemia que s\u00e3o as UTIs.Como venci as infec\u00e7\u00f5es urin\u00e1rias recorrentesL\u00ea a sua hist\u00f3riaObrigado!!! Confirm\u00e1mos que \u00e9s uma pessoa real e enviar-te-emos actualiza\u00e7\u00f5es ocasionais sobre tudo o que diz respeito \u00e0 UTI.Como venci as infec\u00e7\u00f5es urin\u00e1rias recorrentesL\u00ea a sua &#8230; <\/p>\n<div><a href=\"https:\/\/liveutifree.com\/pt-pt\/agradece-luf\/\" class=\"more-link\">Read More<\/a><\/div>\n","protected":false},"author":7,"featured_media":0,"parent":0,"menu_order":160,"comment_status":"closed","ping_status":"closed","template":"template-blank-4.php","meta":{"_acf_changed":false,"inline_featured_image":false,"footnotes":""},"class_list":["post-555328","page","type-page","status-publish","hentry","no-post-thumbnail"],"acf":[],"featured_image_src":null,"_links":{"self":[{"href":"https:\/\/liveutifree.com\/pt-pt\/wp-json\/wp\/v2\/pages\/555328","targetHints":{"allow":["GET"]}}],"collection":[{"href":"https:\/\/liveutifree.com\/pt-pt\/wp-json\/wp\/v2\/pages"}],"about":[{"href":"https:\/\/liveutifree.com\/pt-pt\/wp-json\/wp\/v2\/types\/page"}],"author":[{"embeddable":true,"href":"https:\/\/liveutifree.com\/pt-pt\/wp-json\/wp\/v2\/users\/7"}],"replies":[{"embeddable":true,"href":"https:\/\/liveutifree.com\/pt-pt\/wp-json\/wp\/v2\/comments?post=555328"}],"version-history":[{"count":0,"href":"https:\/\/liveutifree.com\/pt-pt\/wp-json\/wp\/v2\/pages\/555328\/revisions"}],"wp:attachment":[{"href":"https:\/\/liveutifree.com\/pt-pt\/wp-json\/wp\/v2\/media?parent=555328"}],"curies":[{"name":"wp","href":"https:\/\/api.w.org\/{rel}","templated":true}]}}