{"id":554789,"date":"2025-09-07T10:56:16","date_gmt":"2025-09-07T10:56:16","guid":{"rendered":"https:\/\/liveutifree.com\/clinicos-luf\/"},"modified":"2025-10-23T13:37:31","modified_gmt":"2025-10-23T13:37:31","slug":"clinicos-luf","status":"publish","type":"page","link":"https:\/\/liveutifree.com\/pt-pt\/clinicos-luf\/","title":{"rendered":"Cl\u00ednicos"},"content":{"rendered":"<div id=\"cs-content\" class=\"cs-content\"><div class=\"x-section e554789-e1 mbw2t-0\"><div class=\"x-row x-container max width e554789-e2 mbw2t-3 mbw2t-4 mbw2t-8 mbw2t-9\"><div class=\"x-row-inner\"><div class=\"x-col e554789-e3 mbw2t-k mbw2t-l mbw2t-m\"><div class=\"x-div e554789-e4 mbw2t-q mbw2t-r mbw2t-s mbw2t-t mbw2t-u\"><div class=\"x-text x-text-headline e554789-e5 mbw2t-z mbw2t-10 mbw2t-11 heading-01 \"><div class=\"x-text-content\"><div class=\"x-text-content-text\"><h1 class=\"x-text-content-text-primary\">Como \u00e9 que os m\u00e9dicos podem participar<\/h1>\n<\/div><\/div><\/div><hr class=\"x-line e554789-e6-v0 mbw2t-16 mbw2t-17\"\/><div class=\"x-text x-content e554789-e7 mbw2t-19 mbw2t-1a mbw2t-1b mbw2t-1c body-medium\"><p>Se \u00e9s novo aqui, bem-vindo \u00e0 nossa comunidade. Estamos ansiosos por saber mais sobre os teus conhecimentos na \u00e1rea da UTI recorrente e cr\u00f3nica e sobre a forma como podemos colaborar ou ligar-te \u00e0 nossa comunidade. Talvez j\u00e1 estejas familiarizado com o nosso <span style=\"color: #c74f4d;\"><a href=\"https:\/\/liveutifree.com\/wp-content\/uploads\/2024\/03\/2024-Improving-Treatment-Pathways-for-Patients-with-Lower-Urinary-Tract-Symptoms.pdf\" style=\"color: #c74f4d;\"><span style=\"text-decoration: underline;\">recurso cl\u00ednico (pdf)<\/span><\/a><\/span> ou o nosso <span style=\"color: #c74f4d;\"><a href=\"https:\/\/liveutifree.com\/wp-content\/uploads\/2025\/03\/TTYD-Patient-Guidelines-1.pdf\" style=\"color: #c74f4d;\"><span style=\"text-decoration: underline;\">guia para ajudar os doentes a prepararem-se para as consultas (pdf)<\/span><\/a><\/span>.  <\/p>\n<p>Para todos os nossos actuais colaboradores, esperamos que esta informa\u00e7\u00e3o te d\u00ea uma ideia de novas formas de trabalharmos em conjunto.<\/p><\/div><hr class=\"x-line e554789-e8-v0 mbw2t-17 mbw2t-18\"\/><div style=\"--tco-dcbw2t-0:;--tco-dcbw2t-1:;\" class=\"x-text x-text-headline e554789-e9-v0 mbw2t-10 mbw2t-12 mbw2t-13 mbw2t-1\"><div class=\"x-text-content\"><div class=\"x-text-content-text\"><h3 class=\"x-text-content-text-primary\">Getting to know our community<\/h3>\n<\/div><\/div><\/div><hr class=\"x-line e554789-e10-v0 mbw2t-16 mbw2t-17\"\/><div class=\"x-div e554789-e11 mbw2t-t mbw2t-u mbw2t-v\"><div class=\"x-grid x-hide-sm x-hide-xs e554789-e12 mbw2t-1q mbw2t-1r\"><div class=\"x-cell e554789-e13 mbw2t-1t mbw2t-1u mbw2t-1v mbw2t-1w mbw2t-1x mbw2t-1y\"><div class=\"x-text x-content e554789-e14 mbw2t-1a mbw2t-1c mbw2t-1d mbw2t-1e mbw2t-1f\"><p>130+<\/p><\/div><div class=\"x-text x-content e554789-e15 mbw2t-1a mbw2t-1b mbw2t-1c mbw2t-1f mbw2t-1g mbw2t-1h mbw2t-1i body-small\">Pa\u00edses que enviaram question\u00e1rios<\/div><\/div><div class=\"x-cell x-hide-sm e554789-e16 mbw2t-1t mbw2t-1u mbw2t-1v mbw2t-1w mbw2t-1y mbw2t-1z\"><\/div><div class=\"x-cell e554789-e17 mbw2t-1t mbw2t-1u mbw2t-1v mbw2t-1w mbw2t-1x mbw2t-1y\"><div class=\"x-text x-content e554789-e18 mbw2t-1a mbw2t-1c mbw2t-1d mbw2t-1e mbw2t-1f\">1M+<\/div><div class=\"x-text x-content e554789-e19 mbw2t-1a mbw2t-1b mbw2t-1c mbw2t-1f mbw2t-1h mbw2t-1j body-small\">Visitantes do s\u00edtio Web por ano<\/div><\/div><div class=\"x-cell x-hide-sm e554789-e20 mbw2t-1t mbw2t-1u mbw2t-1v mbw2t-1w mbw2t-1y mbw2t-1z\"><\/div><div class=\"x-cell e554789-e21 mbw2t-1t mbw2t-1u mbw2t-1v mbw2t-1w mbw2t-1x mbw2t-1y\"><div class=\"x-text x-content e554789-e22 mbw2t-1a mbw2t-1c mbw2t-1d mbw2t-1e mbw2t-1f\">30K+<\/div><div class=\"x-text x-content e554789-e23 mbw2t-1a mbw2t-1b mbw2t-1c mbw2t-1f mbw2t-1g mbw2t-1k body-small\"><p>Lista de correio dos doentes<\/p><\/div><\/div><div class=\"x-cell x-hide-sm e554789-e24 mbw2t-1t mbw2t-1u mbw2t-1v mbw2t-1w mbw2t-1y mbw2t-1z\"><\/div><div class=\"x-cell e554789-e25 mbw2t-1t mbw2t-1u mbw2t-1v mbw2t-1w mbw2t-1x mbw2t-1y mbw2t-20 mbw2t-21\"><div class=\"x-text x-content e554789-e26 mbw2t-1a mbw2t-1c mbw2t-1d mbw2t-1e mbw2t-1f\"><p>930K<\/p><\/div><div class=\"x-text x-content e554789-e27 mbw2t-1a mbw2t-1b mbw2t-1c mbw2t-1f mbw2t-1g mbw2t-1h body-small\"><p>Visualiza\u00e7\u00f5es no YouTube e 10 mil subscritores<\/p><\/div><\/div><div class=\"x-cell x-hide-md x-hide-sm e554789-e28 mbw2t-1t mbw2t-1u mbw2t-1v mbw2t-1w mbw2t-1y mbw2t-1z\"><\/div><div class=\"x-cell e554789-e29 mbw2t-1t mbw2t-1u mbw2t-1v mbw2t-1w mbw2t-1x mbw2t-1y mbw2t-21 mbw2t-22\"><div class=\"x-text x-content e554789-e30 mbw2t-1a mbw2t-1c mbw2t-1d mbw2t-1e mbw2t-1f\">80K<\/div><div class=\"x-text x-content e554789-e31 mbw2t-1a mbw2t-1b mbw2t-1c mbw2t-1f mbw2t-1h mbw2t-1l body-small\">Envio de question\u00e1rios aos doentes<\/div><\/div><div class=\"x-cell x-hide-md x-hide-sm e554789-e32 mbw2t-1t mbw2t-1u mbw2t-1v mbw2t-1w mbw2t-1y mbw2t-1z\"><\/div><div class=\"x-cell e554789-e33 mbw2t-1t mbw2t-1u mbw2t-1v mbw2t-1w mbw2t-1x mbw2t-1y\"><div class=\"x-text x-content e554789-e34 mbw2t-1a mbw2t-1c mbw2t-1d mbw2t-1e mbw2t-1f\">95.6%<\/div><div class=\"x-text x-content e554789-e35 mbw2t-1a mbw2t-1b mbw2t-1c mbw2t-1f mbw2t-1g mbw2t-1i mbw2t-1k mbw2t-1m body-small\"><p>Sexo biol\u00f3gico feminino<\/p><\/div><\/div><div class=\"x-cell x-hide-sm x-hide-xs e554789-e36 mbw2t-1t mbw2t-1u mbw2t-1v mbw2t-1w mbw2t-1y mbw2t-1z\"><\/div><div class=\"x-cell e554789-e37 mbw2t-1t mbw2t-1u mbw2t-1v mbw2t-1w mbw2t-1x mbw2t-1y\"><div class=\"x-text x-content e554789-e38 mbw2t-1a mbw2t-1c mbw2t-1d mbw2t-1e mbw2t-1f\">13.4%<\/div><div class=\"x-text x-content e554789-e39 mbw2t-1a mbw2t-1b mbw2t-1c mbw2t-1f mbw2t-1g mbw2t-1h body-small\">Apresenta sintomas cont\u00ednuos de UTI<\/div><\/div><div class=\"x-cell x-hide-sm e554789-e40 mbw2t-1t mbw2t-1u mbw2t-1v mbw2t-1w mbw2t-1y mbw2t-1z\"><\/div><div class=\"x-cell e554789-e41 mbw2t-1t mbw2t-1u mbw2t-1v mbw2t-1w mbw2t-1x mbw2t-1y\"><div class=\"x-text x-content e554789-e42 mbw2t-1a mbw2t-1c mbw2t-1d mbw2t-1e mbw2t-1f\">25%<\/div><div class=\"x-text x-content e554789-e43 mbw2t-1a mbw2t-1b mbw2t-1c mbw2t-1f mbw2t-1g mbw2t-1h body-small\"><p>Apresenta sintomas de UTI a cada um m\u00eas ou menos<\/p><\/div><\/div><div class=\"x-cell e554789-e44 mbw2t-1u mbw2t-1y mbw2t-23 mbw2t-24\"><span class=\"x-image x-hide-lg x-hide-md x-hide-sm x-hide-xl x-hide-xs e554789-e45 mbw2t-26 mbw2t-27\"><img decoding=\"async\" src=\"https:\/\/liveutifree.com\/wp-content\/uploads\/2025\/06\/Screenshot-2023-02-01-at-17.39.24-1-min-scaled.png\" width=\"1280\" height=\"297\" alt=\"Uma pessoa examina uma amostra ao microsc\u00f3pio, com um bal\u00e3o de di\u00e1logo que diz: 8 em cada 10 relataram que o seu tratamento para a UTI falhou ou resultou noutra recorr\u00eancia.\" loading=\"lazy\"><\/span><div class=\"x-grid e554789-e46 mbw2t-1q mbw2t-1s\"><div class=\"x-cell e554789-e47 mbw2t-1t mbw2t-1u mbw2t-1y mbw2t-24\"><span class=\"x-image e554789-e48 mbw2t-26 mbw2t-27\"><img decoding=\"async\" src=\"https:\/\/liveutifree.com\/wp-content\/uploads\/2025\/07\/scientest-img.png\" width=\"379\" height=\"375\" alt=\"Desenho de linhas de um cientista com bata de laborat\u00f3rio e \u00f3culos a examinar uma amostra ao microsc\u00f3pio.\" loading=\"lazy\"><\/span><\/div><div class=\"x-cell e554789-e49 mbw2t-1w mbw2t-1y mbw2t-25\"><div class=\"x-div e554789-e50 mbw2t-q mbw2t-s mbw2t-t mbw2t-w mbw2t-x\"><div class=\"x-text x-content e554789-e51 mbw2t-1a mbw2t-1d mbw2t-1f mbw2t-1n\">8 em cada 10 pessoas que responderam ao question\u00e1rio disseram <span style=\"color: #008071;\"><strong>o seu tratamento da UTI falhou imediatamente<\/strong><\/span> ou resultou noutra recorr\u00eancia.<\/div><\/div><\/div><\/div><\/div><\/div><div class=\"x-row x-hide-lg x-hide-md x-hide-xl e554789-e52 mbw2t-3 mbw2t-5 mbw2t-8 mbw2t-a\"><div class=\"x-row-inner\"><div class=\"x-col e554789-e53 mbw2t-k mbw2t-m mbw2t-n\"><div class=\"x-text x-content e554789-e54 mbw2t-1a mbw2t-1c mbw2t-1d mbw2t-1e mbw2t-1f\"><p>130+<\/p><\/div><div class=\"x-text x-content e554789-e55 mbw2t-1a mbw2t-1b mbw2t-1c mbw2t-1f mbw2t-1o body-small\"><p>Pa\u00edses que enviaram question\u00e1rios<\/p><\/div><\/div><div class=\"x-col e554789-e56 mbw2t-k mbw2t-m mbw2t-n\"><div class=\"x-text x-content e554789-e57 mbw2t-1a mbw2t-1c mbw2t-1d mbw2t-1e mbw2t-1f\">1M+<\/div><div class=\"x-text x-content e554789-e58 mbw2t-1a mbw2t-1b mbw2t-1c mbw2t-1f mbw2t-1p body-small\">Visitantes do s\u00edtio Web por ano<\/div><\/div><div class=\"x-col e554789-e59 mbw2t-k mbw2t-m mbw2t-n\"><div class=\"x-text x-content e554789-e60 mbw2t-1a mbw2t-1c mbw2t-1d mbw2t-1e mbw2t-1f\"><p>930K<\/p><\/div><div class=\"x-text x-content e554789-e61 mbw2t-1a mbw2t-1b mbw2t-1c mbw2t-1f mbw2t-1m body-small\">Visualiza\u00e7\u00f5es no YouTube e 3,5 mil subscritores<\/div><\/div><div class=\"x-col e554789-e62 mbw2t-k mbw2t-m mbw2t-n\"><div class=\"x-text x-content e554789-e63 mbw2t-1a mbw2t-1c mbw2t-1d mbw2t-1e mbw2t-1f\">200K<\/div><div class=\"x-text x-content e554789-e64 mbw2t-1a mbw2t-1b mbw2t-1c mbw2t-1f mbw2t-1m body-small\"><p>Visualiza\u00e7\u00f5es no YouTube e 10 mil subscritores<\/p><\/div><\/div><div class=\"x-col e554789-e65 mbw2t-k mbw2t-m mbw2t-n\"><div class=\"x-text x-content e554789-e66 mbw2t-1a mbw2t-1c mbw2t-1d mbw2t-1e mbw2t-1f\">80K<\/div><div class=\"x-text x-content e554789-e67 mbw2t-1a mbw2t-1b mbw2t-1c mbw2t-1f body-small\">Envio de question\u00e1rios aos doentes<\/div><\/div><div class=\"x-col e554789-e68 mbw2t-k mbw2t-m mbw2t-n\"><div class=\"x-text x-content e554789-e69 mbw2t-1a mbw2t-1c mbw2t-1d mbw2t-1e mbw2t-1f\">95.6%<\/div><div class=\"x-text x-content e554789-e70 mbw2t-1a mbw2t-1b mbw2t-1c mbw2t-1f body-small\">Sexo biol\u00f3gico feminino<\/div><\/div><div class=\"x-col e554789-e71 mbw2t-k mbw2t-m mbw2t-n\"><div class=\"x-text x-content e554789-e72 mbw2t-1a mbw2t-1c mbw2t-1d mbw2t-1e mbw2t-1f\">13.4%<\/div><div class=\"x-text x-content e554789-e73 mbw2t-1a mbw2t-1b mbw2t-1c mbw2t-1f mbw2t-1m body-small\">Apresenta sintomas cont\u00ednuos de UTI<\/div><\/div><div class=\"x-col e554789-e74 mbw2t-k mbw2t-m mbw2t-n\"><div class=\"x-text x-content e554789-e75 mbw2t-1a mbw2t-1c mbw2t-1d mbw2t-1e mbw2t-1f\">25%<\/div><div class=\"x-text x-content e554789-e76 mbw2t-1a mbw2t-1b mbw2t-1c mbw2t-1f mbw2t-1m body-small\">Apresenta sintomas de UTI a cada um m\u00eas ou menos<\/div><\/div><div class=\"x-col e554789-e77 mbw2t-k mbw2t-m mbw2t-n mbw2t-o\"><div class=\"x-div e554789-e78 mbw2t-q mbw2t-s mbw2t-t mbw2t-w\"><div class=\"x-text x-content e554789-e79 mbw2t-1a mbw2t-1d mbw2t-1f mbw2t-1n\">8 em cada 10 pessoas que responderam ao question\u00e1rio disseram <span style=\"color: #008071;\"><strong>o seu tratamento da UTI falhou imediatamente<\/strong><\/span> ou resultou noutra recorr\u00eancia.<\/div><\/div><span class=\"x-image e554789-e80 mbw2t-26 mbw2t-28 mbw2t-29\"><img decoding=\"async\" src=\"https:\/\/liveutifree.com\/wp-content\/uploads\/2025\/07\/scientest-img.png\" width=\"379\" height=\"375\" alt=\"Desenho de linhas de um cientista com bata de laborat\u00f3rio e \u00f3culos a examinar uma amostra ao microsc\u00f3pio.\" loading=\"lazy\"><\/span><\/div><\/div><\/div><\/div><\/div><\/div><\/div><\/div><\/div><div class=\"x-section e554789-e81 mbw2t-0\"><div class=\"x-row x-container max width e554789-e82 mbw2t-3 mbw2t-4 mbw2t-8 mbw2t-b\"><div class=\"x-row-inner\"><div class=\"x-col e554789-e83 mbw2t-k mbw2t-l mbw2t-m\"><div class=\"x-div e554789-e84 mbw2t-q mbw2t-r mbw2t-s mbw2t-t mbw2t-u\"><div class=\"x-text x-text-headline e554789-e85 mbw2t-z mbw2t-10 heading-03\"><div class=\"x-text-content\"><div class=\"x-text-content-text\"><h2 class=\"x-text-content-text-primary\">Junta-te \u00e0 nossa rede de refer\u00eancia de m\u00e9dicos<\/h2>\n<\/div><\/div><\/div><hr class=\"x-line e554789-e86-v0 mbw2t-16 mbw2t-17\"\/><\/div><div class=\"x-row e554789-e87 mbw2t-3 mbw2t-4 mbw2t-6 mbw2t-8 mbw2t-c\"><div class=\"x-row-inner\"><div class=\"x-col e554789-e88 mbw2t-k mbw2t-m mbw2t-n\"><span class=\"x-image e554789-e89 mbw2t-26 mbw2t-27 mbw2t-29 mbw2t-2a\"><img decoding=\"async\" src=\"https:\/\/liveutifree.com\/wp-content\/uploads\/2022\/07\/Development-of-Symptom-Measurement-Tools-tab.png\" width=\"502\" height=\"500\" alt=\"Cl\u00ednicos e pacientes\" loading=\"lazy\"><\/span><\/div><div class=\"x-col e554789-e90 mbw2t-k mbw2t-l mbw2t-p\"><div class=\"x-text x-content e554789-e91 mbw2t-1a mbw2t-1b mbw2t-1c body-medium\"><p>Como organiza\u00e7\u00e3o de investiga\u00e7\u00e3o e defesa dos doentes no centro da comunidade de UTIs recorrentes e cr\u00f3nicas, os m\u00e9dicos s\u00e3o-nos recomendados diariamente.<\/p>\n<p>Valorizamos estas recomenda\u00e7\u00f5es porque recebemos mais de 20 pedidos di\u00e1rios de encaminhamento para m\u00e9dicos. A nossa comunidade de doentes \u00e9 imensa, e ligar a nossa comunidade a m\u00e9dicos que podem ajudar \u00e9 uma das nossas principais actividades. <\/p>\n<p><\/p><\/div><\/div><\/div><\/div><\/div><div class=\"x-col e554789-e92 mbw2t-k mbw2t-l mbw2t-m\"><div class=\"x-row e554789-e93 mbw2t-3 mbw2t-4 mbw2t-6 mbw2t-8 mbw2t-d\"><div class=\"x-row-inner\"><div class=\"x-col e554789-e94 mbw2t-k mbw2t-l mbw2t-m\"><div class=\"x-text x-content e554789-e95 mbw2t-1a mbw2t-1b mbw2t-1c body-medium\"><p>Como parte da nossa rede de m\u00e9dicos, ter\u00e1s a oportunidade de fornecer mais informa\u00e7\u00f5es sobre a tua pr\u00e1tica cl\u00ednica, para que possamos estabelecer a melhor liga\u00e7\u00e3o entre ti e os doentes que podem beneficiar da tua abordagem.<\/p>\n<p><strong>As informa\u00e7\u00f5es sobre os m\u00e9dicos da nossa rede n\u00e3o s\u00e3o publicadas diretamente no nosso site, mas s\u00e3o fornecidas por correio eletr\u00f3nico aos pacientes, mediante pedido, com base na regi\u00e3o e nos requisitos do paciente.<\/strong><\/p>\n<p>O nosso servi\u00e7o de encaminhamento de m\u00e9dicos \u00e9 gratuito tanto para os doentes como para os m\u00e9dicos, e a nossa rede cont\u00e9m atualmente cerca de 250 m\u00e9dicos de diferentes especialidades e em diferentes pa\u00edses. V\u00ea a nossa <span style=\"color: #c74f4d;\"><a href=\"https:\/\/liveutifree.com\/pt-pt\/juridico-luf\/\" style=\"color: #c74f4d;\"><span style=\"text-decoration: underline;\">pol\u00edtica de privacidade<\/span><\/a><\/span> para mais informa\u00e7\u00f5es sobre a forma como as informa\u00e7\u00f5es que forneces s\u00e3o utilizadas. <\/p><\/div><\/div><div class=\"x-col e554789-e96 mbw2t-k mbw2t-m mbw2t-n\"><a class=\"x-anchor x-anchor-button e554789-e97 mbw2t-2b\" tabindex=\"0\" href=\"https:\/\/airtable.com\/appzPvbWbNfQVsK6U\/shrEbxA2eI2IM4Pa2\"><div class=\"x-anchor-content\"><div class=\"x-anchor-text\"><span class=\"x-anchor-text-primary\">Junta-te \u00e0 nossa rede de refer\u00eancia de m\u00e9dicos<\/span><\/div><\/div><\/a><\/div><\/div><\/div><\/div><\/div><\/div><\/div><div class=\"x-section e554789-e98 mbw2t-0\"><div class=\"x-row x-container max width e554789-e99 mbw2t-3 mbw2t-4 mbw2t-8 mbw2t-e\"><div class=\"x-row-inner\"><div class=\"x-col e554789-e100 mbw2t-k mbw2t-l mbw2t-m\"><div class=\"x-div e554789-e101 mbw2t-q mbw2t-r mbw2t-s mbw2t-t mbw2t-u\"><div class=\"x-text x-text-headline e554789-e102 mbw2t-z mbw2t-10 heading-03\"><div class=\"x-text-content\"><div class=\"x-text-content-text\"><h2 class=\"x-text-content-text-primary\">Partilha a tua experi\u00eancia no nosso canal do YouTube<\/h2>\n<\/div><\/div><\/div><hr class=\"x-line e554789-e103-v0 mbw2t-16 mbw2t-17\"\/><div class=\"x-row e554789-e104 mbw2t-3 mbw2t-4 mbw2t-7 mbw2t-8 mbw2t-f\"><div class=\"x-row-inner\"><div class=\"x-col e554789-e105 mbw2t-k mbw2t-m mbw2t-n\"><a class=\"x-image e554789-e106 mbw2t-26 mbw2t-27 mbw2t-29\" href=\"https:\/\/www.youtube.com\/@LiveUTIFree\/videos\" target=\"_blank\" rel=\"noopener noreferrer\"><img decoding=\"async\" src=\"https:\/\/liveutifree.com\/wp-content\/uploads\/2023\/02\/Screenshot-2023-02-01-at-17.46.06.png\" width=\"788\" height=\"289\" alt=\"Duas miniaturas de v\u00eddeos do YouTube sobre UTIs e sa\u00fade da mulher, com a participa\u00e7\u00e3o das m\u00e9dicas Dra. Carley Akehurst e Dra. Rachel Rubin, com os insights da LUF destacados e as dura\u00e7\u00f5es dos v\u00eddeos exibidas.\" loading=\"lazy\"><\/a><\/div><div class=\"x-col e554789-e107 mbw2t-k mbw2t-m mbw2t-n\"><a class=\"x-image e554789-e108 mbw2t-26 mbw2t-27 mbw2t-29\" href=\"https:\/\/www.youtube.com\/@LiveUTIFree\/videos\" target=\"_blank\" rel=\"noopener noreferrer\"><img decoding=\"async\" src=\"https:\/\/liveutifree.com\/wp-content\/uploads\/2023\/02\/Screenshot-2023-02-01-at-17.46.34.png\" width=\"790\" height=\"318\" alt=\"Duas miniaturas de v\u00eddeos do YouTube mostram m\u00e9dicos a falar sobre infec\u00e7\u00f5es do trato urin\u00e1rio (UTIs). Um v\u00eddeo discute a resposta imunit\u00e1ria \u00e0s ITU e o outro foca as ITU em crian\u00e7as e adultos mais velhos.\" loading=\"lazy\"><\/a><\/div><\/div><\/div><hr class=\"x-line e554789-e109-v0 mbw2t-17 mbw2t-18\"\/><div class=\"x-row e554789-e110 mbw2t-3 mbw2t-4 mbw2t-7 mbw2t-8 mbw2t-g\"><div class=\"x-row-inner\"><div class=\"x-col e554789-e111 mbw2t-k mbw2t-m mbw2t-n\"><div class=\"x-text x-content e554789-e112 mbw2t-1a mbw2t-1b mbw2t-1c body-medium\"><p>A nossa s\u00e9rie de <a href=\"https:\/\/www.youtube.com\/@LiveUTIFree\/videos\"><span style=\"text-decoration: underline;\">A nossa s\u00e9rie de entrevistas a especialistas e dicas pr\u00e1ticas no YouTub<\/span><\/a>e fornece aos m\u00e9dicos e investigadores uma plataforma para partilharem os seus conhecimentos e ideias sobre a UTI recorrente e t\u00f3picos relacionados.<\/p>\n<p>Recolhemos perguntas da nossa comunidade e convidamos especialistas a partilhar as suas respostas nesta s\u00e9rie popular. Esta forma de interagir com a nossa comunidade n\u00e3o s\u00f3 permite que os membros da nossa comunidade conhe\u00e7am os m\u00e9dicos desta \u00e1rea, como tamb\u00e9m lhes d\u00e1 a oportunidade de compreenderem melhor o que \u00e9 importante para os doentes. <\/p>\n<p>Se quiseres partilhar a tua investiga\u00e7\u00e3o ou discutir uma \u00e1rea da sa\u00fade p\u00e9lvica, <a href=\"https:\/\/liveutifree.com\/pt-pt\/contacto-luf\/\"><span style=\"text-decoration: underline;\">entra em contacto!<\/span><\/a><\/p><\/div><\/div><\/div><\/div><\/div><\/div><\/div><\/div><\/div><div class=\"x-section e554789-e113 mbw2t-0\"><div class=\"x-row x-container max width e554789-e114 mbw2t-3 mbw2t-4 mbw2t-8 mbw2t-h\"><div class=\"x-row-inner\"><div class=\"x-col e554789-e115 mbw2t-k mbw2t-l mbw2t-m\"><div class=\"x-div e554789-e116 mbw2t-q mbw2t-r mbw2t-t mbw2t-u mbw2t-y\"><div class=\"x-text x-text-headline e554789-e117 mbw2t-z mbw2t-10 heading-03\"><div class=\"x-text-content\"><div class=\"x-text-content-text\"><h2 class=\"x-text-content-text-primary\">Colabora connosco na investiga\u00e7\u00e3o<\/h2>\n<\/div><\/div><\/div><hr class=\"x-line e554789-e118-v0 mbw2t-16 mbw2t-17\"\/><div class=\"x-text x-content e554789-e119 mbw2t-19 mbw2t-1a mbw2t-1b mbw2t-1c body-medium\"><p>A investiga\u00e7\u00e3o \u00e9 fundamental para tudo o que fazemos e recolhemos o maior conjunto de dados do mundo sobre a experi\u00eancia dos doentes com UTI. Damos apoio a outros investigadores de muitas formas, incluindo: <\/p>\n\n<ul>\n \t<li>Recrutamento de participantes<\/li>\n \t<li>Aconselhamento sobre a participa\u00e7\u00e3o do p\u00fablico e dos doentes<\/li>\n \t<li>Conce\u00e7\u00e3o do question\u00e1rio para os doentes<\/li>\n \t<li>Conce\u00e7\u00e3o do estudo<\/li>\n \t<li>Colabora\u00e7\u00e3o nas candidaturas a financiamento<\/li>\n<\/ul>\n<p>Os investigadores podem utilizar as nossas medidas de resultados relatados pelos doentes (PROMs) recentemente publicadas para a UTI recorrente:<\/p>\n\n<ol>\n \t<li><a href=\"https:\/\/bjui-journals.onlinelibrary.wiley.com\/doi\/10.1002\/bco2.222\" target=\"_blank\" rel=\"noopener\"><span style=\"text-decoration: underline;\">A escala de sintomas de infe\u00e7\u00e3o urin\u00e1ria recorrente (RUTISS)<\/span><\/a><\/li>\n \t<li><a href=\"https:\/\/link.springer.com\/article\/10.1007\/s11136-023-03348-7\" target=\"_blank\" rel=\"noopener\"><span style=\"text-decoration: underline;\">Question\u00e1rio de impacto da infe\u00e7\u00e3o urin\u00e1ria recorrente (RUTIIQ)<\/span><\/a><\/li>\n<\/ol>\n<p>Para mais informa\u00e7\u00f5es sobre como podemos colaborar na investiga\u00e7\u00e3o, por favor<span> <\/span><span style=\"color: #c74f4d;\"><a href=\"https:\/\/liveutifree.com\/pt-pt\/contacto-luf\/\" style=\"color: #c74f4d;\"><span style=\"text-decoration: underline;\">envia-nos um e-mail<\/span><\/a><\/span>.<\/p><\/div><\/div><\/div><\/div><\/div><\/div><div class=\"x-section e554789-e120 mbw2t-0\"><div class=\"x-row x-container max width e554789-e121 mbw2t-3 mbw2t-4 mbw2t-8 mbw2t-i\"><div class=\"x-row-inner\"><div class=\"x-col e554789-e122 mbw2t-k mbw2t-l mbw2t-m\"><div class=\"x-div e554789-e123 mbw2t-q mbw2t-r mbw2t-s mbw2t-t mbw2t-u\"><div class=\"x-text x-text-headline e554789-e124 mbw2t-z mbw2t-10 mbw2t-14 heading-03\"><div class=\"x-text-content\"><div class=\"x-text-content-text\"><h2 class=\"x-text-content-text-primary\">Participa numa s\u00e9rie de \"Pergunta-me qualquer coisa\" nas redes sociais<\/h2>\n<\/div><\/div><\/div><hr class=\"x-line e554789-e125-v0 mbw2t-16 mbw2t-17\"\/><span class=\"x-image e554789-e126 mbw2t-26 mbw2t-27\"><img decoding=\"async\" src=\"https:\/\/liveutifree.com\/wp-content\/uploads\/2021\/11\/1.png\" width=\"540\" height=\"540\" alt=\"Krystal Thomas-White AMA\" loading=\"lazy\"><\/span><hr class=\"x-line e554789-e127-v0 mbw2t-16 mbw2t-17\"\/><div class=\"x-text x-content e554789-e128 mbw2t-19 mbw2t-1a mbw2t-1b mbw2t-1c body-medium\"><p>As conversas sobre a UTI t\u00eam lugar em v\u00e1rias plataformas e n\u00f3s interagimos frequentemente com a nossa comunidade nas redes sociais. Uma das formas de ligarmos os m\u00e9dicos aos doentes nas redes sociais \u00e9 atrav\u00e9s da s\u00e9rie \"Ask Me Anything\" (Pergunta-me qualquer coisa), em que o nosso p\u00fablico envia perguntas e o nosso especialista responde a uma por semana. <\/p>\n<p>Se quiseres fazer um 'AMA', <span style=\"color: #c74f4d;\"><a href=\"https:\/\/liveutifree.com\/pt-pt\/contacto-luf\/\" style=\"color: #c74f4d;\"><span style=\"text-decoration: underline;\">entra em contacto por e-mail<\/span><\/a><\/span> ou melhor ainda, <a href=\"https:\/\/www.instagram.com\/liveutifree\/\" target=\"_blank\" rel=\"noopener\"><span style=\"text-decoration: underline;\">envia-nos uma DM no Instagram<\/span><\/a>.<\/p><\/div><\/div><\/div><\/div><\/div><\/div><div class=\"x-section e554789-e129 mbw2t-0\"><div class=\"x-row x-container max width e554789-e130 mbw2t-3 mbw2t-4 mbw2t-8 mbw2t-j\"><div class=\"x-row-inner\"><div class=\"x-col e554789-e131 mbw2t-k mbw2t-l mbw2t-m\"><div class=\"x-div e554789-e132 mbw2t-q mbw2t-r mbw2t-t mbw2t-u mbw2t-y\"><div style=\"--tco-dcbw2t-2:;--tco-dcbw2t-3:;\" class=\"x-text x-text-headline e554789-e133-v0 mbw2t-10 mbw2t-13 mbw2t-15 mbw2t-2\"><div class=\"x-text-content\"><div class=\"x-text-content-text\"><h2 class=\"x-text-content-text-primary\">Author An Article On A Special Interest Area<\/h2>\n<\/div><\/div><\/div><hr class=\"x-line e554789-e134-v0 mbw2t-16 mbw2t-17\"\/><div class=\"x-text x-content e554789-e135 mbw2t-19 mbw2t-1a mbw2t-1b mbw2t-1c body-medium\"><p>Gostamos de partilhar conte\u00fados baseados em evid\u00eancias, elaborados por autores com experi\u00eancia pr\u00e1tica, e colaboramos com m\u00e9dicos e investigadores para que isso aconte\u00e7a. A nossa comunidade aprecia a oportunidade de aprender sobre uma vasta gama de t\u00f3picos com especialistas na sua \u00e1rea. <\/p>\n<p>Ao criar conte\u00fado no nosso site, ter\u00e1s a oportunidade de partilhar mais sobre a tua pr\u00f3pria pr\u00e1tica e de direcionar os leitores para o teu pr\u00f3prio site. V\u00ea alguns dos nossos artigos de especialistas: <\/p>\n\n<ol>\n \t<li><a href=\"https:\/\/liveutifree.com\/pt-pt\/uti-e-menopausa-o-estrogenio-pode-melhorar-a-uti-recorrente\/\"><span style=\"text-decoration: underline;\">UTI e Menopausa: O estrog\u00e9nio pode melhorar a UTI recorrente<\/span><\/a><\/li>\n \t<li><a href=\"https:\/\/liveutifree.com\/pt-pt\/vitamina-c-para-uti-funciona\/\"><span style=\"text-decoration: underline;\">Vitamina C para UTI: Funciona?<\/span><\/a><\/li>\n \t<li><a href=\"https:\/\/liveutifree.com\/pt-pt\/uti-durante-a-gravidez-seguranca-tratamento-e-prevencao\/\"><span style=\"text-decoration: underline;\">UTI durante a gravidez: Seguran\u00e7a, tratamento e preven\u00e7\u00e3o<\/span><\/a><\/li>\n<\/ol>\n<p><span>Gostar\u00edamos de ouvir a tua opini\u00e3o se tiveres uma ideia para um artigo. <\/span><a href=\"https:\/\/liveutifree.com\/pt-pt\/contacto-luf\/\"><span style=\"text-decoration: underline;\">entra em contacto connosco<\/span><\/a><span>.<\/span><\/p><\/div><\/div><\/div><\/div><\/div><\/div><\/div>","protected":false},"excerpt":{"rendered":"<p>Como \u00e9 que os m\u00e9dicos podem participar Se \u00e9s novo aqui, bem-vindo \u00e0 nossa comunidade. Estamos ansiosos por saber mais sobre os teus conhecimentos na \u00e1rea da UTI recorrente e cr\u00f3nica e sobre a forma como podemos colaborar ou ligar-te \u00e0 nossa comunidade. Talvez j\u00e1 estejas familiarizado com o nosso recurso cl\u00ednico (pdf) ou o nosso guia para ajudar os &#8230; <\/p>\n<div><a href=\"https:\/\/liveutifree.com\/pt-pt\/clinicos-luf\/\" class=\"more-link\">Read More<\/a><\/div>\n","protected":false},"author":7,"featured_media":0,"parent":0,"menu_order":65,"comment_status":"closed","ping_status":"closed","template":"template-blank-4.php","meta":{"_acf_changed":false,"inline_featured_image":false,"footnotes":""},"class_list":["post-554789","page","type-page","status-publish","hentry","no-post-thumbnail"],"acf":[],"featured_image_src":null,"_links":{"self":[{"href":"https:\/\/liveutifree.com\/pt-pt\/wp-json\/wp\/v2\/pages\/554789","targetHints":{"allow":["GET"]}}],"collection":[{"href":"https:\/\/liveutifree.com\/pt-pt\/wp-json\/wp\/v2\/pages"}],"about":[{"href":"https:\/\/liveutifree.com\/pt-pt\/wp-json\/wp\/v2\/types\/page"}],"author":[{"embeddable":true,"href":"https:\/\/liveutifree.com\/pt-pt\/wp-json\/wp\/v2\/users\/7"}],"replies":[{"embeddable":true,"href":"https:\/\/liveutifree.com\/pt-pt\/wp-json\/wp\/v2\/comments?post=554789"}],"version-history":[{"count":2,"href":"https:\/\/liveutifree.com\/pt-pt\/wp-json\/wp\/v2\/pages\/554789\/revisions"}],"predecessor-version":[{"id":574579,"href":"https:\/\/liveutifree.com\/pt-pt\/wp-json\/wp\/v2\/pages\/554789\/revisions\/574579"}],"wp:attachment":[{"href":"https:\/\/liveutifree.com\/pt-pt\/wp-json\/wp\/v2\/media?parent=554789"}],"curies":[{"name":"wp","href":"https:\/\/api.w.org\/{rel}","templated":true}]}}