{"id":554669,"date":"2025-09-07T10:56:03","date_gmt":"2025-09-07T10:56:03","guid":{"rendered":"https:\/\/liveutifree.com\/trabalha-connosco-luf\/"},"modified":"2025-10-23T14:18:50","modified_gmt":"2025-10-23T14:18:50","slug":"trabalha-connosco-luf","status":"publish","type":"page","link":"https:\/\/liveutifree.com\/pt-pt\/trabalha-connosco-luf\/","title":{"rendered":"Trabalha connosco"},"content":{"rendered":"<div id=\"cs-content\" class=\"cs-content\"><div class=\"x-section e554669-e1 mbvzh-0 mbvzh-1\"><div class=\"x-row e554669-e2 mbvzh-3 mbvzh-4 mbvzh-5 mbvzh-6 mbvzh-7 mbvzh-d mbvzh-e\"><div class=\"x-row-inner\"><div class=\"x-col e554669-e3 mbvzh-p mbvzh-q\"><div class=\"x-text x-text-headline e554669-e4 mbvzh-10 mbvzh-11 heading-02\"><div class=\"x-text-content\"><div class=\"x-text-content-text\"><h1 class=\"x-text-content-text-primary\">Envolve a nossa equipa<\/h1>\n<\/div><\/div><\/div><\/div><div class=\"x-col e554669-e5 mbvzh-p mbvzh-q mbvzh-r mbvzh-s mbvzh-t\"><div class=\"x-text x-content e554669-e6 mbvzh-13 mbvzh-14 mbvzh-15 body-medium\"><span>A Live UTI Free trabalha com organiza\u00e7\u00f5es do sector da sa\u00fade feminina para melhorar a experi\u00eancia e a vida das pacientes em todos os aspectos da sa\u00fade e do bem-estar. Se est\u00e1s \u00e0 procura de   <\/span><strong>empenha-te<\/strong><span> <\/span><strong>a nossa comunidade<\/strong><span>,<\/span><strong><span> <\/span>aprende com<\/strong><span> <\/span><strong>os teus clientes<\/strong><span>ou <\/span><strong>financiar investiga\u00e7\u00e3o<\/strong><span> que vai mudar a vida das pessoas, vieste ao s\u00edtio certo.<\/span><\/div><\/div><\/div><\/div><hr class=\"x-line e554669-e7-v0 mbvzh-16 mbvzh-17\"\/><div class=\"x-row x-container max width e554669-e8 mbvzh-3 mbvzh-5 mbvzh-7 mbvzh-8 mbvzh-d mbvzh-f\"><div class=\"x-row-inner\"><div class=\"x-col e554669-e9 mbvzh-p mbvzh-q\"><div class=\"x-text x-text-headline e554669-e10 mbvzh-10 mbvzh-11 heading-03\"><div class=\"x-text-content\"><div class=\"x-text-content-text\"><h2 class=\"x-text-content-text-primary\">Onde podemos ajudar-te?<\/h2>\n<\/div><\/div><\/div><\/div><div class=\"x-col e554669-e11 mbvzh-p mbvzh-q\"><div class=\"x-div e554669-e12 mbvzh-1d mbvzh-1e mbvzh-1f mbvzh-1g mbvzh-1h\"><div class=\"x-text x-content e554669-e13 mbvzh-14 mbvzh-15 link-medium-default\"><span style=\"text-decoration: underline;\"><span style=\"color: #c74f4d;\"><a href=\"#enlist\" style=\"color: #c74f4d; text-decoration: underline;\">Recorre aos nossos servi\u00e7os<\/a><\/span><\/span><\/div><div class=\"x-div x-hide-xs e554669-e14 mbvzh-1d mbvzh-1f mbvzh-1g mbvzh-1i mbvzh-1j\"><\/div><div class=\"x-text x-content e554669-e15 mbvzh-14 mbvzh-15 link-medium-default\"><a href=\"#sponsorship\"><span style=\"text-decoration: underline;\">Patroc\u00ednios<\/span><\/a><\/div><div class=\"x-div x-hide-xs e554669-e16 mbvzh-1d mbvzh-1f mbvzh-1g mbvzh-1i mbvzh-1j\"><\/div><div class=\"x-text x-content e554669-e17 mbvzh-14 mbvzh-15 link-medium-default\"><a href=\"#diagnostic\"><span style=\"text-decoration: underline;\">Empresas de diagn\u00f3stico<\/span><\/a><\/div><\/div><\/div><\/div><\/div><hr class=\"x-line e554669-e18-v0 mbvzh-16 mbvzh-17\"\/><div class=\"x-row e554669-e19 mbvzh-3 mbvzh-5 mbvzh-7 mbvzh-9 mbvzh-a mbvzh-d mbvzh-g\"><div class=\"x-row-inner\"><div class=\"x-col e554669-e20 mbvzh-p mbvzh-q\"><div class=\"x-div e554669-e21 mbvzh-1g mbvzh-1h\" id=\"enlist\"><div class=\"x-text x-text-headline e554669-e22 mbvzh-10 mbvzh-11 heading-03\"><div class=\"x-text-content\"><div class=\"x-text-content-text\"><h1 class=\"x-text-content-text-primary\">Recorre aos nossos servi\u00e7os<\/h1>\n<\/div><\/div><\/div><\/div><\/div><div class=\"x-col e554669-e23 mbvzh-p mbvzh-q\"><div class=\"x-row e554669-e24 mbvzh-3 mbvzh-5 mbvzh-8 mbvzh-b mbvzh-h mbvzh-i\"><div class=\"x-row-inner\"><a class=\"x-col e554669-e25 mbvzh-p mbvzh-r mbvzh-t mbvzh-u mbvzh-v\" href=\"#work-with-contact\"><div class=\"x-text x-text-headline e554669-e26 mbvzh-10 heading-06\"><div class=\"x-text-content\"><div class=\"x-text-content-text\"><h1 class=\"x-text-content-text-primary\">Informa\u00e7\u00f5es sobre os doentes e os consumidores<\/h1>\n<\/div><\/div><\/div><hr class=\"x-line e554669-e27-v0 mbvzh-17 mbvzh-18\"\/><div class=\"x-text x-content e554669-e28 mbvzh-14 body-regular\">Desenvolve uma compreens\u00e3o mais profunda das necessidades dos teus clientes no dom\u00ednio da sa\u00fade da mulher.<\/div><hr class=\"x-line e554669-e29-v0 mbvzh-17 mbvzh-19\"\/><div class=\"x-text x-content e554669-e30 mbvzh-14 link-medium-red\"><span style=\"text-decoration: underline;\"><span >Saber mais \u2192<\/span><\/span><\/div><\/a><a class=\"x-col e554669-e31 mbvzh-p mbvzh-r mbvzh-t mbvzh-u mbvzh-v\" href=\"#work-with-contact\"><div class=\"x-text x-text-headline e554669-e32 mbvzh-10 heading-06\"><div class=\"x-text-content\"><div class=\"x-text-content-text\"><h1 class=\"x-text-content-text-primary\">Pacientes e recrutamento<\/h1>\n<\/div><\/div><\/div><hr class=\"x-line e554669-e33-v0 mbvzh-17 mbvzh-18\"\/><div class=\"x-text x-content e554669-e34 mbvzh-14 body-regular\">Para ensaios cl\u00ednicos, investiga\u00e7\u00e3o qualitativa, inqu\u00e9ritos e consultores de envolvimento de pacientes e do p\u00fablico.<\/div><hr class=\"x-line e554669-e35-v0 mbvzh-17 mbvzh-19\"\/><div class=\"x-text x-content e554669-e36 mbvzh-14 link-medium-red\"><span style=\"text-decoration: underline;\"><span >Saber mais \u2192<\/span><\/span><\/div><\/a><a class=\"x-col e554669-e37 mbvzh-p mbvzh-r mbvzh-t mbvzh-u mbvzh-v\" href=\"#work-with-contact\"><div class=\"x-text x-text-headline e554669-e38 mbvzh-10 heading-06\"><div class=\"x-text-content\"><div class=\"x-text-content-text\"><h1 class=\"x-text-content-text-primary\">Conce\u00e7\u00e3o do estudo<\/h1>\n<\/div><\/div><\/div><hr class=\"x-line e554669-e39-v0 mbvzh-17 mbvzh-18\"\/><div class=\"x-text x-content e554669-e40 mbvzh-14 body-regular\">Envolve a nossa equipa de investiga\u00e7\u00e3o para conceber ou dar feedback sobre o protocolo do teu estudo.<\/div><hr class=\"x-line e554669-e41-v0 mbvzh-17 mbvzh-19\"\/><div class=\"x-text x-content e554669-e42 mbvzh-14 link-medium-red\"><span style=\"text-decoration: underline;\"><span >Saber mais \u2192<\/span><\/span><\/div><\/a><\/div><\/div><\/div><\/div><\/div><hr class=\"x-line e554669-e43-v0 mbvzh-17 mbvzh-1a\"\/><div class=\"x-row e554669-e44 mbvzh-3 mbvzh-5 mbvzh-7 mbvzh-9 mbvzh-a mbvzh-d mbvzh-j\"><div class=\"x-row-inner\"><div class=\"x-col e554669-e45 mbvzh-p mbvzh-q\"><div class=\"x-div e554669-e46 mbvzh-1g mbvzh-1h\" id=\"sponsorship\"><div class=\"x-text x-text-headline e554669-e47 mbvzh-10 mbvzh-11 heading-03\"><div class=\"x-text-content\"><div class=\"x-text-content-text\"><h3 class=\"x-text-content-text-primary\">Oportunidades de patroc\u00ednio<\/h3>\n<\/div><\/div><\/div><\/div><\/div><div class=\"x-col e554669-e48 mbvzh-p mbvzh-q\"><div class=\"x-row e554669-e49 mbvzh-3 mbvzh-5 mbvzh-8 mbvzh-b mbvzh-h mbvzh-k\"><div class=\"x-row-inner\"><a class=\"x-col e554669-e50 mbvzh-p mbvzh-r mbvzh-t mbvzh-u mbvzh-w\" href=\"#work-with-contact\"><div class=\"x-text x-text-headline e554669-e51 mbvzh-10 heading-06\"><div class=\"x-text-content\"><div class=\"x-text-content-text\"><h6 class=\"x-text-content-text-primary\">Parcerias de conte\u00fado<\/h6>\n<\/div><\/div><\/div><hr class=\"x-line e554669-e52-v0 mbvzh-17 mbvzh-18\"\/><div class=\"x-text x-content e554669-e53 mbvzh-14 body-regular\">Patrocina os nossos v\u00eddeos do YouTube, apresenta os teus produtos ou servi\u00e7os \u00e0 nossa lista de distribui\u00e7\u00e3o ou colabora em conte\u00fados rec\u00edprocos com a nossa equipa. Entra em contacto connosco para obteres uma descri\u00e7\u00e3o detalhada das nossas muitas oportunidades de conte\u00fado. <\/div><hr class=\"x-line e554669-e54-v0 mbvzh-17 mbvzh-19\"\/><div class=\"x-text x-content e554669-e55 mbvzh-14 link-medium-red\"><span style=\"text-decoration: underline;\"><span >Entra em contacto \u2192<\/span><\/span><\/div><\/a><a class=\"x-col e554669-e56 mbvzh-p mbvzh-r mbvzh-t mbvzh-u mbvzh-w\" href=\"#work-with-contact\"><div class=\"x-text x-text-headline e554669-e57 mbvzh-10 heading-06\"><div class=\"x-text-content\"><div class=\"x-text-content-text\"><h1 class=\"x-text-content-text-primary\">Investiga\u00e7\u00e3o de doentes<\/h1>\n<\/div><\/div><\/div><hr class=\"x-line e554669-e58-v0 mbvzh-17 mbvzh-18\"\/><div class=\"x-text x-content e554669-e59 mbvzh-14 body-regular\">Torna-te um patrocinador nomeado e promovido das nossas iniciativas de investiga\u00e7\u00e3o que mudam a vida da UTI e da sa\u00fade da mulher.<\/div><hr class=\"x-line e554669-e60-v0 mbvzh-17 mbvzh-19\"\/><div class=\"x-text x-content e554669-e61 mbvzh-14 link-medium-red\"><span style=\"text-decoration: underline;\"><span >Pesquisa de fundos \u2192<\/span><\/span><\/div><\/a><a class=\"x-col e554669-e62 mbvzh-p mbvzh-r mbvzh-t mbvzh-u mbvzh-w\" href=\"#work-with-contact\"><div class=\"x-text x-text-headline e554669-e63 mbvzh-10 heading-06\"><div class=\"x-text-content\"><div class=\"x-text-content-text\"><h1 class=\"x-text-content-text-primary\">Financiamento do doutoramento<\/h1>\n<\/div><\/div><\/div><hr class=\"x-line e554669-e64-v0 mbvzh-17 mbvzh-18\"\/><div class=\"x-text x-content e554669-e65 mbvzh-14 body-regular\">Patrocina a investiga\u00e7\u00e3o de doutoramento e obt\u00e9m acesso direto aos seus conhecimentos atrav\u00e9s do Live UTO Free. O nosso programa de doutoramento j\u00e1 resultou em in\u00fameras publica\u00e7\u00f5es que est\u00e3o a ajudar a impulsionar a investiga\u00e7\u00e3o da UTI. <\/div><hr class=\"x-line e554669-e66-v0 mbvzh-17 mbvzh-19\"\/><div class=\"x-text x-content e554669-e67 mbvzh-14 link-medium-red\"><span style=\"text-decoration: underline;\"><span >Saber mais \u2192<\/span><\/span><\/div><\/a><\/div><\/div><\/div><\/div><\/div><hr class=\"x-line e554669-e68-v0 mbvzh-17 mbvzh-1a\"\/><div class=\"x-row e554669-e69 mbvzh-3 mbvzh-4 mbvzh-5 mbvzh-7 mbvzh-a mbvzh-d mbvzh-l\"><div class=\"x-row-inner\"><div class=\"x-col e554669-e70 mbvzh-p mbvzh-q\"><div class=\"x-div e554669-e71 mbvzh-1g mbvzh-1h\" id=\"diagnostic\"><div class=\"x-text x-text-headline e554669-e72 mbvzh-10 mbvzh-11 heading-03\"><div class=\"x-text-content\"><div class=\"x-text-content-text\"><h1 class=\"x-text-content-text-primary\">Explora as parcerias de diagn\u00f3stico<\/h1>\n<\/div><\/div><\/div><\/div><\/div><div class=\"x-col e554669-e73 mbvzh-p mbvzh-q mbvzh-r mbvzh-s mbvzh-x\"><span class=\"x-image e554669-e74 mbvzh-1m mbvzh-1n\"><img decoding=\"async\" src=\"https:\/\/liveutifree.com\/wp-content\/uploads\/2024\/02\/Group-87-1.png\" width=\"1564\" height=\"664\" alt=\"Banner promocional azul que apresenta pacotes de patroc\u00ednio para a LUF: Gold (listagem no Diret\u00f3rio), Platinum (artigo e envolvimento na comunidade) e Sapphire (op\u00e7\u00e3o personalizada). Os elementos visuais incluem emblemas dourados e prateados. O texto convida os utilizadores a trabalharem connosco para encontrarem o pacote ideal.\" loading=\"lazy\"><\/span><\/div><\/div><\/div><hr class=\"x-line e554669-e75-v0 mbvzh-16 mbvzh-17\"\/><div class=\"x-row e554669-e76 mbvzh-3 mbvzh-4 mbvzh-5 mbvzh-6 mbvzh-7 mbvzh-d mbvzh-m\"><div class=\"x-row-inner\"><div class=\"x-col e554669-e77 mbvzh-p mbvzh-q mbvzh-r mbvzh-s mbvzh-t\"><div class=\"x-text x-content e554669-e78 mbvzh-14 body-medium\"><p>Marca uma chamada de descoberta com a nossa equipa e s\u00ea guiado atrav\u00e9s de um workshop interativo que ir\u00e1 revelar os objectivos da tua empresa e permitir-nos-\u00e1 desenvolver um pacote promocional personalizado que melhor se adapte \u00e0 tua estrat\u00e9gia de mercado.<\/p>\n<p>As empresas de diagn\u00f3stico que se alinham com a miss\u00e3o da Live UTI Free t\u00eam a oportunidade de se tornarem patrocinadoras.<\/p><\/div><hr class=\"x-line e554669-e79-v0 mbvzh-17 mbvzh-1b\"\/><div class=\"x-div e554669-e80 mbvzh-1d mbvzh-1e mbvzh-1g mbvzh-1h mbvzh-1k\"><div class=\"x-text x-content e554669-e81 mbvzh-14 body-regular\"><a href=\"#work-with-contact\"><span style=\"text-decoration: underline;\">Saber mais \u2192<\/span><\/a><\/div><\/div><\/div><\/div><\/div><\/div><div class=\"x-section e554669-e82 mbvzh-0 mbvzh-2\" id=\"work-with-contact\"><div class=\"x-row x-container max width e554669-e83 mbvzh-3 mbvzh-7 mbvzh-8 mbvzh-c mbvzh-d mbvzh-n\"><div class=\"x-row-inner\"><div class=\"x-col e554669-e84 mbvzh-p mbvzh-q mbvzh-y\"><div class=\"x-div e554669-e85 mbvzh-1g mbvzh-1h\"><div class=\"x-text x-text-headline e554669-e86 mbvzh-10 mbvzh-11 heading-02\"><div class=\"x-text-content\"><div class=\"x-text-content-text\"><h2 class=\"x-text-content-text-primary\">Entra em contacto<\/h2>\n<\/div><\/div><\/div><hr class=\"x-line e554669-e87-v0 mbvzh-16 mbvzh-17\"\/><\/div><div class=\"x-form-integration x-form-integration-embed e554669-e88 mbvzh-1q\"><div class=\"forminator-ui forminator-custom-form forminator-custom-form-548578 forminator-design--material  forminator_ajax\" data-forminator-render=\"0\" data-form=\"forminator-module-548578\" data-uid=\"69efd78ca07ef\"><br\/><\/div><form\r\n\t\t\t\tid=\"forminator-module-548578\"\r\n\t\t\t\tclass=\"forminator-ui forminator-custom-form forminator-custom-form-548578 forminator-design--material  forminator_ajax\"\r\n\t\t\t\tmethod=\"post\"\r\n\t\t\t\tdata-forminator-render=\"0\"\r\n\t\t\t\tdata-form-id=\"548578\"\r\n\t\t\t\t data-color-option=\"theme\" data-design=\"material\" data-grid=\"open\" style=\"display: none;\"\r\n\t\t\t\tdata-uid=\"69efd78ca07ef\"\r\n\t\t\t><div role=\"alert\" aria-live=\"polite\" class=\"forminator-response-message forminator-error\" aria-hidden=\"true\"><\/div><div class=\"forminator-row\"><div id=\"name-1\" class=\"forminator-field-name forminator-col forminator-col-12 \"><div class=\"forminator-field\"><label for=\"forminator-field-name-1_69efd78ca07ef\" id=\"forminator-field-name-1_69efd78ca07ef-label\" class=\"forminator-label\">Full name <span class=\"forminator-required\">*<\/span><\/label><input type=\"text\" name=\"name-1\" value=\"\" placeholder=\"\" id=\"forminator-field-name-1_69efd78ca07ef\" class=\"forminator-input forminator-name--field\" aria-required=\"true\" autocomplete=\"name\" \/><\/div><\/div><\/div><div class=\"forminator-row\"><div id=\"email-1\" class=\"forminator-field-email forminator-col forminator-col-12 \"><div class=\"forminator-field\"><label for=\"forminator-field-email-1_69efd78ca07ef\" id=\"forminator-field-email-1_69efd78ca07ef-label\" class=\"forminator-label\">Email address <span class=\"forminator-required\">*<\/span><\/label><input type=\"email\" name=\"email-1\" value=\"\" placeholder=\"\" id=\"forminator-field-email-1_69efd78ca07ef\" class=\"forminator-input forminator-email--field\" data-required=\"1\" aria-required=\"true\" autocomplete=\"email\" \/><\/div><\/div><\/div><div class=\"forminator-row\"><div id=\"textarea-1\" class=\"forminator-field-textarea forminator-col forminator-col-12 \"><div class=\"forminator-field\"><label for=\"forminator-field-textarea-1_69efd78ca07ef\" id=\"forminator-field-textarea-1_69efd78ca07ef-label\" class=\"forminator-label\">Organization\/Company name <span class=\"forminator-required\">*<\/span><\/label><textarea name=\"textarea-1\" placeholder=\"\" id=\"forminator-field-textarea-1_69efd78ca07ef\" class=\"forminator-textarea\" rows=\"6\" style=\"min-height:20px;\" ><\/textarea><\/div><\/div><\/div><div class=\"forminator-row\"><div id=\"textarea-3\" class=\"forminator-field-textarea forminator-col forminator-col-12 \"><div class=\"forminator-field\"><label for=\"forminator-field-textarea-3_69efd78ca07ef\" id=\"forminator-field-textarea-3_69efd78ca07ef-label\" class=\"forminator-label\">Role\/Position<\/label><textarea name=\"textarea-3\" placeholder=\"\" id=\"forminator-field-textarea-3_69efd78ca07ef\" class=\"forminator-textarea\" rows=\"6\" style=\"min-height:20px;\" ><\/textarea><\/div><\/div><\/div><div class=\"forminator-row\"><div id=\"select-1\" class=\"forminator-field-select forminator-col forminator-col-12 \"><div class=\"forminator-field\"><label for=\"forminator-form-548578__field--select-1_69efd78ca07ef\" id=\"forminator-form-548578__field--select-1_69efd78ca07ef-label\" class=\"forminator-label\">Services you&#039;re interested in <span class=\"forminator-required\">*<\/span><\/label><select  id=\"forminator-form-548578__field--select-1_69efd78ca07ef\" class=\"forminator-select--field forminator-select2 forminator-select2-multiple\" data-required=\"1\" name=\"select-1\" data-default-value=\"\" data-hidden-behavior=\"zero\" data-placeholder=\"Select your interest\" data-search=\"false\" data-search-placeholder=\"Select your interest\" data-checkbox=\"false\" data-allow-clear=\"false\" aria-labelledby=\"forminator-form-548578__field--select-1_69efd78ca07ef-label\"><option value=\"\"  >Select your interest<\/option><option value=\"one\"  data-calculation=\"0\">Patient &amp; Consumer Insights<\/option><option value=\"two\"  data-calculation=\"0\">Patient Recruitment<\/option><option value=\"Study-Design\"  data-calculation=\"0\">Study Design<\/option><option value=\"Content-Partnerships\"  data-calculation=\"0\">Content Partnership<\/option><option value=\"Researcher-Sponsorship\"  data-calculation=\"0\">Research Sponsorship<\/option><option value=\"Diagnostic-Partnerships\"  data-calculation=\"0\">Diagnostic Partnership<\/option><\/select><\/div><\/div><\/div><div class=\"forminator-row\"><div id=\"textarea-2\" class=\"forminator-field-textarea forminator-col forminator-col-12 \"><div class=\"forminator-field\"><label for=\"forminator-field-textarea-2_69efd78ca07ef\" id=\"forminator-field-textarea-2_69efd78ca07ef-label\" class=\"forminator-label\">Tell us about your project and goals<\/label><textarea name=\"textarea-2\" placeholder=\"\" id=\"forminator-field-textarea-2_69efd78ca07ef\" class=\"forminator-textarea\" rows=\"6\" style=\"min-height:42px;\" ><\/textarea><\/div><\/div><\/div><div class=\"forminator-row\"><div id=\"select-2\" class=\"forminator-field-select forminator-col forminator-col-12 \"><div class=\"forminator-field\"><label for=\"forminator-form-548578__field--select-2_69efd78ca07ef\" id=\"forminator-form-548578__field--select-2_69efd78ca07ef-label\" class=\"forminator-label\">Select a target time range for the activities<\/label><select  id=\"forminator-form-548578__field--select-2_69efd78ca07ef\" class=\"forminator-select--field forminator-select2 forminator-select2-multiple\" data-required=\"\" name=\"select-2\" data-default-value=\"\" data-hidden-behavior=\"zero\" data-placeholder=\"Project timeline\" data-search=\"false\" data-search-placeholder=\"Project timeline\" data-checkbox=\"false\" data-allow-clear=\"false\" aria-labelledby=\"forminator-form-548578__field--select-2_69efd78ca07ef-label\"><option value=\"\"  >Project timeline<\/option><option value=\"one\"  data-calculation=\"0\">ASAP<\/option><option value=\"two\"  data-calculation=\"0\">1-3 months<\/option><option value=\"Within-6-months\"  data-calculation=\"0\">3-6 months<\/option><option value=\"Future-consideration\"  data-calculation=\"0\">Future consideration<\/option><\/select><\/div><\/div><\/div><div class=\"forminator-row\" style=\"margin: 0;\"><div id=\"captcha-1\" class=\"forminator-field-captcha  forminator-col-12 \"><div class=\"forminator-captcha-left forminator-hcaptcha\" data-theme=\"light\"  data-sitekey=\"5dd6d77c-e57e-4aca-b120-e02c7bbc3ed8\" data-size=\"invisible\"><\/div> <div class=\"forminator-checkbox__label\"><p>This site is protected by <a href=\"https:\/\/hcaptcha.com\/privacy\">hCaptcha<\/a>.<\/p><\/div><\/div><\/div><input type=\"hidden\" name=\"referer_url\" value=\"\" \/><div class=\"forminator-row forminator-row-last\"><div class=\"forminator-col\"><div class=\"forminator-field\"><button class=\"forminator-button forminator-button-submit\"><span>Submit<\/span><span aria-hidden=\"true\"><\/span><\/button><\/div><\/div><\/div><input type=\"hidden\" id=\"forminator_nonce\" name=\"forminator_nonce\" value=\"a423d7e7d3\" \/><input type=\"hidden\" name=\"_wp_http_referer\" value=\"\/pt-pt\/wp-json\/wp\/v2\/pages\/554669\" \/><input type=\"hidden\" name=\"form_id\" value=\"548578\"><input type=\"hidden\" name=\"page_id\" value=\"554669\"><input type=\"hidden\" name=\"form_type\" value=\"default\"><input type=\"hidden\" name=\"current_url\" value=\"https:\/\/liveutifree.com\/pt-pt\/trabalha-connosco-luf\/\"><input type=\"hidden\" name=\"render_id\" value=\"0\"><input type=\"hidden\" name=\"action\" value=\"forminator_submit_form_custom-forms\"><label for=\"input_8\" class=\"forminator-hidden\" aria-hidden=\"true\">Please do not fill in this field. <input id=\"input_8\" type=\"text\" name=\"input_8\" value=\"\" autocomplete=\"off\"><\/label><\/form><\/div><\/div><\/div><\/div><\/div><div class=\"x-section e554669-e89 mbvzh-0 mbvzh-1\"><div class=\"x-row e554669-e90 mbvzh-3 mbvzh-4 mbvzh-5 mbvzh-7 mbvzh-8 mbvzh-d mbvzh-o\"><div class=\"x-row-inner\"><div class=\"x-col e554669-e91 mbvzh-p mbvzh-q mbvzh-r mbvzh-s mbvzh-t mbvzh-z\"><div class=\"x-text x-content e554669-e92 mbvzh-14 body-medium\"><span>De acordo com a nossa <\/span><span style=\"color: #000000;\">pol\u00edtica de transpar\u00eancia de financiamento<\/span><span>Para al\u00e9m disso, todas as potenciais parcerias s\u00e3o avaliadas em termos de benef\u00edcios para a nossa comunidade e de alinhamento com a nossa miss\u00e3o. Se tiveres alguma d\u00favida ou quiseres discutir melhor uma oportunidade, entra em contacto com a nossa equipa. <\/span><\/div><hr class=\"x-line e554669-e93-v0 mbvzh-16 mbvzh-17\"\/><div class=\"x-text x-text-headline e554669-e94 mbvzh-10 mbvzh-11 mbvzh-12 heading-03\"><div class=\"x-text-content\"><div class=\"x-text-content-text\"><h3 class=\"x-text-content-text-primary\">A nossa equipa de parcerias<\/h3>\n<\/div><\/div><\/div><hr class=\"x-line e554669-e95-v0 mbvzh-17 mbvzh-1b\"\/><div class=\"x-text x-content e554669-e96 mbvzh-14 body-medium\"><span>A nossa equipa \u00e9 composta por um grupo fant\u00e1stico de <\/span><a href=\"https:\/\/liveutifree.com\/pt-pt\/sobre-a-luf\/\"><span style=\"text-decoration: underline;\">peritos, conselheiros e especialistas<\/span><\/a><span>  que se envolvem com organiza\u00e7\u00f5es alinhadas com a tua miss\u00e3o. Juntos, cri\u00e1mos fortes liga\u00e7\u00f5es com investigadores, m\u00e9dicos e doentes. Temos todo o gosto em explorar o teu interesse em trabalhar connosco e estamos ansiosos por receber not\u00edcias tuas!  <\/span><\/div><hr class=\"x-line e554669-e97-v0 mbvzh-17 mbvzh-1b\"\/><span class=\"x-image e554669-e98 mbvzh-1m mbvzh-1n mbvzh-1o\"><img decoding=\"async\" src=\"https:\/\/liveutifree.com\/wp-content\/uploads\/2022\/09\/Logo-bar-e1663252650697.png\" width=\"880\" height=\"199\" alt=\"Uma cole\u00e7\u00e3o de log\u00f3tipos de organiza\u00e7\u00f5es como a LUF, universidades, institui\u00e7\u00f5es m\u00e9dicas e empresas de log\u00edstica apresentados em duas filas sobre um fundo transparente. Estes log\u00f3tipos representam os nossos parceiros e clientes.\" loading=\"lazy\"><\/span><hr class=\"x-line e554669-e99-v0 mbvzh-16 mbvzh-17\"\/><div class=\"x-div e554669-e100 mbvzh-1d mbvzh-1g mbvzh-1h mbvzh-1i mbvzh-1k mbvzh-1l\"><div class=\"x-div e554669-e101 mbvzh-1g mbvzh-1h\"><span class=\"x-image e554669-e102 mbvzh-1m mbvzh-1o mbvzh-1p\"><img decoding=\"async\" src=\"https:\/\/liveutifree.com\/wp-content\/uploads\/2024\/10\/54e1dc01-4e68-4b49-99f6-6355e70de7b5-scaled.jpg\" width=\"1024\" height=\"1024\" alt=\"Foto da Melissa\" loading=\"lazy\"><\/span><hr class=\"x-line e554669-e103-v0 mbvzh-17 mbvzh-1c\"\/><\/div><div class=\"x-text x-content e554669-e104 mbvzh-14 body-medium\"><p><span>Melissa Kramer<\/span><br><span>Fundadora, CEO<\/span><br><a href=\"https:\/\/liveutifree.com\/pt-pt\/contacto-luf\/\"><span style=\"text-decoration: underline;\">Contacta a Melissa \u2192<\/span><\/a><\/p><\/div><\/div><\/div><\/div><\/div><\/div><\/div>","protected":false},"excerpt":{"rendered":"<p>Envolve a nossa equipa A Live UTI Free trabalha com organiza\u00e7\u00f5es do sector da sa\u00fade feminina para melhorar a experi\u00eancia e a vida das pacientes em todos os aspectos da sa\u00fade e do bem-estar. Se est\u00e1s \u00e0 procura de empenha-te a nossa comunidade, aprende com os teus clientesou financiar investiga\u00e7\u00e3o que vai mudar a vida das pessoas, vieste ao s\u00edtio &#8230; <\/p>\n<div><a href=\"https:\/\/liveutifree.com\/pt-pt\/trabalha-connosco-luf\/\" class=\"more-link\">Read More<\/a><\/div>\n","protected":false},"author":1030,"featured_media":0,"parent":0,"menu_order":193,"comment_status":"closed","ping_status":"closed","template":"template-blank-4.php","meta":{"_acf_changed":false,"inline_featured_image":false,"footnotes":""},"class_list":["post-554669","page","type-page","status-publish","hentry","no-post-thumbnail"],"acf":[],"featured_image_src":null,"_links":{"self":[{"href":"https:\/\/liveutifree.com\/pt-pt\/wp-json\/wp\/v2\/pages\/554669","targetHints":{"allow":["GET"]}}],"collection":[{"href":"https:\/\/liveutifree.com\/pt-pt\/wp-json\/wp\/v2\/pages"}],"about":[{"href":"https:\/\/liveutifree.com\/pt-pt\/wp-json\/wp\/v2\/types\/page"}],"author":[{"embeddable":true,"href":"https:\/\/liveutifree.com\/pt-pt\/wp-json\/wp\/v2\/users\/1030"}],"replies":[{"embeddable":true,"href":"https:\/\/liveutifree.com\/pt-pt\/wp-json\/wp\/v2\/comments?post=554669"}],"version-history":[{"count":0,"href":"https:\/\/liveutifree.com\/pt-pt\/wp-json\/wp\/v2\/pages\/554669\/revisions"}],"wp:attachment":[{"href":"https:\/\/liveutifree.com\/pt-pt\/wp-json\/wp\/v2\/media?parent=554669"}],"curies":[{"name":"wp","href":"https:\/\/api.w.org\/{rel}","templated":true}]}}