{"id":558171,"date":"2025-09-07T11:01:41","date_gmt":"2025-09-07T11:01:41","guid":{"rendered":"https:\/\/liveutifree.com\/diretrizes-da-comunidade-luf\/"},"modified":"2025-10-23T13:51:49","modified_gmt":"2025-10-23T13:51:49","slug":"diretrizes-da-comunidade-luf","status":"publish","type":"page","link":"https:\/\/liveutifree.com\/pt-br\/diretrizes-da-comunidade-luf\/","title":{"rendered":"Diretrizes da comunidade"},"content":{"rendered":"<div id=\"cs-content\" class=\"cs-content\"><div class=\"x-section e558171-e1 mbyor-0\"><div class=\"x-row e558171-e2 mbyor-1 mbyor-2\"><div class=\"x-row-inner\"><div class=\"x-col e558171-e3 mbyor-3\"><div class=\"x-text x-text-headline e558171-e4 mbyor-4 mbyor-5 heading-02\"><div class=\"x-text-content\"><div class=\"x-text-content-text\"><h1 class=\"x-text-content-text-primary\">Diretrizes da comunidade Live UTI Free<\/h1>\n<\/div><\/div><\/div><hr class=\"x-line e558171-e5-v0 mbyor-6\"\/><div class=\"x-text x-content e558171-e6 mbyor-7 mbyor-8 body-medium\"><span>O Live UTI Free existe para ajudar e apoiar a comunidade que estamos construindo. \u00c9 extremamente importante para n\u00f3s promover um local seguro para que essa comunidade aprenda mais sobre infec\u00e7\u00f5es do trato urin\u00e1rio e interaja adequadamente. Estas diretrizes da comunidade visam a tornar isso poss\u00edvel.  <\/span><\/div><\/div><div class=\"x-col e558171-e7 mbyor-3\"><div class=\"x-text x-text-headline e558171-e8 mbyor-5 heading-03\"><div class=\"x-text-content\"><div class=\"x-text-content-text\"><h2 class=\"x-text-content-text-primary\">Live UTI Free Post Comments<\/h2>\n<\/div><\/div><\/div><hr class=\"x-line e558171-e9-v0 mbyor-6\"\/><div class=\"x-text x-text-headline e558171-e10 mbyor-5 heading-03\"><div class=\"x-text-content\"><div class=\"x-text-content-text\"><h3 class=\"x-text-content-text-primary\">Vis\u00e3o geral<\/h3>\n<\/div><\/div><\/div><hr class=\"x-line e558171-e11-v0 mbyor-6\"\/><div class=\"x-text x-content e558171-e12 mbyor-8 body-medium\"><p>Os coment\u00e1rios s\u00e3o uma \u00f3tima maneira de fazer perguntas, apresentar teorias e compartilhar informa\u00e7\u00f5es \u00fateis. Voc\u00ea \u00e9 bem-vindo para expressar suas opini\u00f5es e adoramos ouvir a opini\u00e3o de nossa comunidade. Temos algumas diretrizes da comunidade para ajudar a tornar os coment\u00e1rios \u00fateis para todos. Tamb\u00e9m gostamos de manter a cortesia.   <\/p>\n<p>Incentivamos voc\u00ea a tentar agregar valor \u00e0 conversa sobre ITU cr\u00f4nica. D\u00ea uma olhada nos coment\u00e1rios anteriores antes de entrar na discuss\u00e3o e, em seguida, decida se voc\u00ea tem algo \u00fatil para contribuir. <\/p>\n<p>Entendemos que este \u00e9 um t\u00f3pico altamente pessoal, portanto voc\u00ea n\u00e3o precisa usar seu nome verdadeiro, mas nunca se fa\u00e7a passar por outra pessoa. Voc\u00ea \u00e9 legalmente respons\u00e1vel pelo conte\u00fado que envia e, uma vez on-line, qualquer pessoa pode l\u00ea-lo. <\/p>\n<p>Nesse sentido, pense um pouco sobre como os outros podem perceber seu coment\u00e1rio antes de envi\u00e1-lo. A ITU cr\u00f4nica \u00e9 vivenciada de forma diferente por cada pessoa, e \u00e9 importante que seu coment\u00e1rio n\u00e3o seja mal interpretado. <\/p>\n<p>Deixe claro qual \u00e9 a sua conex\u00e3o com a hist\u00f3ria ou a pesquisa que voc\u00ea est\u00e1 compartilhando. Na Live UTI Free, voc\u00ea \u00e9 transparente. <\/p><\/div><hr class=\"x-line e558171-e13-v0 mbyor-6\"\/><div class=\"x-text x-text-headline e558171-e14 mbyor-5 heading-03\"><div class=\"x-text-content\"><div class=\"x-text-content-text\"><h3 class=\"x-text-content-text-primary\">Quem pode comentar?<\/h3>\n<\/div><\/div><\/div><hr class=\"x-line e558171-e15-v0 mbyor-6\"\/><div class=\"x-text x-content e558171-e16 mbyor-8 body-medium\"><p>Disponibilizamos uma se\u00e7\u00e3o de coment\u00e1rios em todas as nossas publica\u00e7\u00f5es, pois queremos incentivar nossos usu\u00e1rios a fazer perguntas, compartilhar suas hist\u00f3rias e nos fornecer feedback valioso. Agradecemos o debate amig\u00e1vel e a discord\u00e2ncia respeitosa de pessoas interessadas em ITU cr\u00f4nica e sa\u00fade feminina. <\/p>\n<p>Isso significa que qualquer pessoa pode comentar, mas pedimos que voc\u00ea se atenha \u00e0s regras contidas nestas diretrizes da comunidade. Tamb\u00e9m pedimos que voc\u00ea n\u00e3o duplique seus coment\u00e1rios em v\u00e1rios lugares do site. Isso apenas dilui as conversas sobre t\u00f3picos importantes.  <\/p><\/div><hr class=\"x-line e558171-e17-v0 mbyor-6\"\/><div class=\"x-text x-text-headline e558171-e18 mbyor-5 heading-03\"><div class=\"x-text-content\"><div class=\"x-text-content-text\"><h3 class=\"x-text-content-text-primary\">Experi\u00eancias pessoais e recomenda\u00e7\u00f5es<\/h3>\n<\/div><\/div><\/div><hr class=\"x-line e558171-e19-v0 mbyor-6\"\/><div class=\"x-text x-content e558171-e20 mbyor-8 body-medium\"><p>Como um site de defesa de pacientes, a experi\u00eancia pessoal \u00e9 o que nos motiva. Queremos ouvir suas hist\u00f3rias e saber tudo sobre o seu progresso. O que n\u00e3o concordamos \u00e9 que os usu\u00e1rios do nosso site fa\u00e7am recomenda\u00e7\u00f5es a outros usu\u00e1rios, com base em sua experi\u00eancia pessoal de tratamento. Isso se aplica a produtos espec\u00edficos, bem como a profissionais, independentemente de a avalia\u00e7\u00e3o ser positiva ou negativa.   <\/p>\n<p>N\u00e3o existe um \u00fanico rem\u00e9dio ou tratamento que funcione para todas as pessoas que sofrem de ITU cr\u00f4nica. E cada pessoa tem uma experi\u00eancia individual com qualquer profissional. Isso significa que n\u00e3o \u00e9 apropriado que uma pessoa recomende rem\u00e9dios e\/ou medicamentos espec\u00edficos ou profissionais a outra. Esses tipos de coment\u00e1rios ser\u00e3o removidos.   <\/p>\n<p>Em vez disso, se voc\u00ea tiver \u00f3timas informa\u00e7\u00f5es para compartilhar sobre um tratamento espec\u00edfico ou um m\u00e9dico de ITU cr\u00f4nica,<span> <\/span><a href=\"https:\/\/liveutifree.com\/pt-br\/contato-luf\/\" rel=\"noopener\">Entre em contato<\/a><span> <\/span>conosco! Dessa forma, poderemos fazer a pesquisa necess\u00e1ria e, se for apropriado, compartilhar as informa\u00e7\u00f5es em nosso site. <\/p><\/div><hr class=\"x-line e558171-e21-v0 mbyor-6\"\/><div class=\"x-text x-text-headline e558171-e22 mbyor-5 heading-03\"><div class=\"x-text-content\"><div class=\"x-text-content-text\"><h3 class=\"x-text-content-text-primary\">Refer\u00eancias cient\u00edficas<\/h3>\n<\/div><\/div><\/div><hr class=\"x-line e558171-e23-v0 mbyor-6\"\/><div class=\"x-text x-content e558171-e24 mbyor-8 body-medium\"><p>Ao publicar um coment\u00e1rio no Live UTI Free, voc\u00ea concorda que as informa\u00e7\u00f5es que compartilhou s\u00e3o verdadeiras e corretas, de acordo com o seu conhecimento. Se a sua contribui\u00e7\u00e3o n\u00e3o for baseada em sua pr\u00f3pria experi\u00eancia pessoal, pedimos que voc\u00ea inclua fontes (refer\u00eancias, links) para que outras pessoas possam fazer suas pr\u00f3prias pesquisas. <\/p>\n<p>Se voc\u00ea acredita que um coment\u00e1rio publicado por outro usu\u00e1rio \u00e9 factualmente incorreto, seja gentil e compartilhe suas pr\u00f3prias refer\u00eancias em contr\u00e1rio. Novas pesquisas s\u00e3o lan\u00e7adas o tempo todo, e voc\u00ea poderia nos ajudar a acompanh\u00e1-las! <\/p>\n<p>Em resumo, sua opini\u00e3o \u00e9 bem-vinda e solicitamos que voc\u00ea expresse seus pontos de vista e os apoie com evid\u00eancias, quando relevante.<\/p><\/div><hr class=\"x-line e558171-e25-v0 mbyor-6\"\/><div class=\"x-text x-text-headline e558171-e26 mbyor-5 heading-03\"><div class=\"x-text-content\"><div class=\"x-text-content-text\"><h3 class=\"x-text-content-text-primary\">Cortesia geral e comportamento inadequado<\/h3>\n<\/div><\/div><\/div><hr class=\"x-line e558171-e27-v0 mbyor-6\"\/><div class=\"x-text x-content e558171-e28 mbyor-8 body-medium\"><p>Trata-se de respeito. O Live UTI Free \u00e9 o centro de uma comunidade com experi\u00eancias muito variadas. N\u00e3o toleraremos difama\u00e7\u00e3o ou abuso.  <\/p>\n<p>Seja respeitoso com os outros e evite coment\u00e1rios que sejam paternalistas, vergonhosos ou insultantes; amea\u00e7adores; obscenos; ofensivos de qualquer forma ou discriminat\u00f3rios contra qualquer grupo espec\u00edfico.<\/p>\n<p>Isso inclui coment\u00e1rios que fa\u00e7am suposi\u00e7\u00f5es injustificadas ou coment\u00e1rios depreciativos sobre o comprometimento de uma pessoa em ficar bem, sua sa\u00fade geral, dieta ou escolhas de estilo de vida. As publica\u00e7\u00f5es de usu\u00e1rios que promovam ou insinuem a automutila\u00e7\u00e3o n\u00e3o ser\u00e3o publicadas. <\/p>\n<p>\u00c9 extremamente importante para n\u00f3s que as pessoas que sofrem de ITU cr\u00f4nica sintam que o Live UTI Free \u00e9 um lugar seguro para aprender mais sobre a ci\u00eancia por tr\u00e1s dessas condi\u00e7\u00f5es e para fazer perguntas sem retalia\u00e7\u00e3o.<\/p>\n<p>Se parecer que voc\u00ea entrou deliberadamente em uma discuss\u00e3o com o \u00fanico prop\u00f3sito de publicar coment\u00e1rios perturbadores (trollagem), seu coment\u00e1rio ser\u00e1 exclu\u00eddo.<\/p>\n<p>Conte\u00fado ou nomes de usu\u00e1rio considerados inadequados para visualiza\u00e7\u00e3o geral n\u00e3o s\u00e3o aceit\u00e1veis.<\/p>\n<p>Se voc\u00ea vir um coment\u00e1rio que infrinja essas regras, n\u00e3o responda.<span> <\/span><span style=\"text-decoration: underline; color: #c74f4d;\"><a href=\"https:\/\/liveutifree.com\/pt-br\/contato-luf\/\" rel=\"noopener\" style=\"color: #c74f4d; text-decoration: underline;\">Denuncie<\/a><\/span><span> <\/span>para n\u00f3s. Removeremos todas as publica\u00e7\u00f5es que violarem essas regras, o que significa que todas as respostas tamb\u00e9m ser\u00e3o exclu\u00eddas. <\/p><\/div><hr class=\"x-line e558171-e29-v0 mbyor-6\"\/><div class=\"x-text x-text-headline e558171-e30 mbyor-5 heading-03\"><div class=\"x-text-content\"><div class=\"x-text-content-text\"><h3 class=\"x-text-content-text-primary\">Que tipo de conselho \u00e9 apropriado dar?<\/h3>\n<\/div><\/div><\/div><hr class=\"x-line e558171-e31-v0 mbyor-6\"\/><div class=\"x-text x-content e558171-e32 mbyor-8 body-medium\"><p>Como mencionamos acima, o Live UTI Free trata de abordagens baseadas em evid\u00eancias, e acreditamos firmemente que nenhuma abordagem de tratamento isolada ser\u00e1 bem-sucedida para cada indiv\u00edduo com ITU cr\u00f4nica.<\/p>\n<p>Pode parecer que estamos insistindo nisso, mas achamos que \u00e9 fundamental. Embora incentivemos nossos usu\u00e1rios a compartilhar suas hist\u00f3rias e experi\u00eancias pessoais, n\u00e3o permitimos coment\u00e1rios que recomendem rem\u00e9dios ou tratamentos espec\u00edficos de forma a sugerir diretamente que outros usu\u00e1rios os experimentem. <\/p>\n<p>Isso tamb\u00e9m se aplica a profissionais e pesquisadores. Se voc\u00ea \u00e9 um profissional m\u00e9dico ou pesquisador que gostaria de compartilhar informa\u00e7\u00f5es relevantes, informe seu status profissional no momento da postagem. Agradecemos calorosamente a contribui\u00e7\u00e3o das comunidades m\u00e9dica e cient\u00edfica e solicitamos que seus envios sigam nossa regra de \"n\u00e3o fazer recomenda\u00e7\u00f5es espec\u00edficas\".  <\/p>\n<p>As informa\u00e7\u00f5es do Live UTI Free n\u00e3o t\u00eam a inten\u00e7\u00e3o de substituir o relacionamento entre um paciente e seu m\u00e9dico. \u00c9 sempre melhor voc\u00ea procurar a orienta\u00e7\u00e3o de um profissional de sa\u00fade qualificado com rela\u00e7\u00e3o a qualquer informa\u00e7\u00e3o encontrada em nosso site ou nos coment\u00e1rios. <\/p><\/div><hr class=\"x-line e558171-e33-v0 mbyor-6\"\/><div class=\"x-text x-text-headline e558171-e34 mbyor-5 heading-03\"><div class=\"x-text-content\"><div class=\"x-text-content-text\"><h3 class=\"x-text-content-text-primary\">Dura\u00e7\u00e3o dos coment\u00e1rios<\/h3>\n<\/div><\/div><\/div><hr class=\"x-line e558171-e35-v0 mbyor-6\"\/><div class=\"x-text x-content e558171-e36 mbyor-8 body-medium\"><p>Limitamos o tamanho dos coment\u00e1rios a 800 caracteres. Use-os com sabedoria. <\/p>\n<p>800 caracteres devem ser suficientes para manter uma discuss\u00e3o. Se voc\u00ea tiver informa\u00e7\u00f5es mais detalhadas que gostaria de compartilhar, <span> <\/span><span style=\"text-decoration: underline; color: #c74f4d;\"><a href=\"https:\/\/liveutifree.com\/pt-br\/contato-luf\/\" rel=\"noopener\" style=\"color: #c74f4d; text-decoration: underline;\">Entre em contato<\/a><\/span><span> <\/span>diretamente conosco, gostar\u00edamos de ouvir voc\u00ea.<\/p><\/div><hr class=\"x-line e558171-e37-v0 mbyor-6\"\/><div class=\"x-text x-text-headline e558171-e38 mbyor-5 heading-03\"><div class=\"x-text-content\"><div class=\"x-text-content-text\"><h3 class=\"x-text-content-text-primary\">N\u00e3o vender, promover ou enganar associa\u00e7\u00f5es<\/h3>\n<\/div><\/div><\/div><hr class=\"x-line e558171-e39-v0 mbyor-6\"\/><div class=\"x-text x-content e558171-e40 mbyor-8 body-medium\"><p>N\u00e3o venda ou promova produtos ou servi\u00e7os por meio de coment\u00e1rios em nosso site. Se voc\u00ea tiver um produto ou servi\u00e7o que acredite ser ben\u00e9fico para nossos leitores, n\u00e3o se preocupe, <span> <\/span><span style=\"text-decoration: underline; color: #c74f4d;\"><a href=\"https:\/\/liveutifree.com\/pt-br\/contato-luf\/\" rel=\"noopener\" style=\"color: #c74f4d; text-decoration: underline;\">Entre em contato<\/a><\/span><span> <\/span>conosco primeiro.<\/p>\n<p>N\u00e3o insinue uma associa\u00e7\u00e3o ou endosso do Live UTI Free sem o consentimento pr\u00e9vio por escrito. Al\u00e9m disso, voc\u00ea n\u00e3o pode, de forma alguma, utilizar nosso nome ao promover seu produto. Nem mesmo algo como \"baseado em informa\u00e7\u00f5es do site liveutifree.com\" \u00e9 aceit\u00e1vel.  <\/p>\n<p>N\u00e3o endossamos produtos ou organiza\u00e7\u00f5es individuais, a menos que previamente acordado por escrito. Isso \u00e9 fundamental para manter o senso de confian\u00e7a e transpar\u00eancia em nossa comunidade. Criamos rela\u00e7\u00f5es de colabora\u00e7\u00e3o com organiza\u00e7\u00f5es quando isso beneficia nosso p\u00fablico. Se voc\u00ea quiser conversar conosco sobre isso, consulte nosso   <span> <\/span><span style=\"text-decoration: underline; color: #c74f4d;\"><a href=\"https:\/\/liveutifree.com\/pt-br\/politica-de-financiamento-luf\/\" rel=\"noopener\" style=\"color: #c74f4d; text-decoration: underline;\">pol\u00edtica de financiamento<\/a><\/span>.<\/p>\n<p>Todos os coment\u00e1rios de spam ou promocionais ser\u00e3o removidos ou n\u00e3o ser\u00e3o publicados. Isso inclui: <\/p>\n\n<ul>\n \t<li>Links para sites de terceiros para fins de promo\u00e7\u00e3o<\/li>\n \t<li>Links para sites de terceiros que s\u00e3o irrelevantes para nossos leitores<\/li>\n \t<li>Qualquer coment\u00e1rio que contenha apenas um link<\/li>\n \t<li>Promover um site, contas sociais, canal do YouTube ou empresa de terceiros<\/li>\n \t<li>Promover seu pr\u00f3prio site, contas sociais, canal do YouTube ou empresa<\/li>\n \t<li>Coment\u00e1rios gerados por bots<\/li>\n \t<li>Colar qualquer parte de outro artigo ou site que n\u00e3o seja uma cita\u00e7\u00e3o referenciada relacionada \u00e0 discuss\u00e3o<\/li>\n<\/ul><\/div><hr class=\"x-line e558171-e41-v0 mbyor-6\"\/><div class=\"x-text x-text-headline e558171-e42 mbyor-5 heading-03\"><div class=\"x-text-content\"><div class=\"x-text-content-text\"><h3 class=\"x-text-content-text-primary\">Viola\u00e7\u00e3o de direitos autorais<\/h3>\n<\/div><\/div><\/div><hr class=\"x-line e558171-e43-v0 mbyor-6\"\/><div class=\"x-text x-content e558171-e44 mbyor-8 body-medium\"><p>Esta \u00e9 simples. Se voc\u00ea n\u00e3o escreveu o texto, n\u00e3o o referenciou adequadamente ou n\u00e3o tem permiss\u00e3o para public\u00e1-lo, n\u00e3o o publique. N\u00e3o h\u00e1 problema algum em voc\u00ea resumir o trabalho de outra pessoa com suas pr\u00f3prias palavras, para fins de discuss\u00e3o.  <\/p>\n<p>\u00c9 ilegal reproduzir o conte\u00fado publicado pelo Live UTI Free sem a devida refer\u00eancia. Voc\u00ea pode usar links de volta para o nosso site, quando usados em um contexto apropriado. Voc\u00ea pode obter mais detalhes sobre isso em nosso  <span> <\/span><span style=\"text-decoration: underline; color: #c74f4d;\"><a href=\"https:\/\/liveutifree.com\/pt-br\/legal-luf\/\" rel=\"noopener\" style=\"color: #c74f4d; text-decoration: underline;\">legais<\/a><\/span><span> <\/span>p\u00e1gina.<\/p><\/div><hr class=\"x-line e558171-e45-v0 mbyor-6\"\/><div class=\"x-text x-text-headline e558171-e46 mbyor-5 heading-03\"><div class=\"x-text-content\"><div class=\"x-text-content-text\"><h3 class=\"x-text-content-text-primary\">Privacidade de voc\u00ea mesmo e de outros comentaristas<\/h3>\n<\/div><\/div><\/div><hr class=\"x-line e558171-e47-v0 mbyor-6\"\/><div class=\"x-text x-content e558171-e48 mbyor-8 body-medium\"><span>N\u00e3o viole a privacidade de outra pessoa. N\u00e3o publique informa\u00e7\u00f5es pessoais e\/ou de contato sobre voc\u00ea - lembre-se de que esta \u00e9 uma arena p\u00fablica. N\u00e3o publique detalhes pessoais ou informa\u00e7\u00f5es de contato de outras pessoas, inclusive informa\u00e7\u00f5es de contato de profissionais. Se voc\u00ea tiver algo a compartilhar, entre em contato conosco.   <\/span><\/div><hr class=\"x-line e558171-e49-v0 mbyor-6\"\/><div class=\"x-text x-text-headline e558171-e50 mbyor-5 heading-03\"><div class=\"x-text-content\"><div class=\"x-text-content-text\"><h3 class=\"x-text-content-text-primary\">Modera\u00e7\u00e3o e sinaliza\u00e7\u00e3o de conte\u00fado inapropriado<\/h3>\n<\/div><\/div><\/div><hr class=\"x-line e558171-e51-v0 mbyor-6\"\/><div class=\"x-text x-content e558171-e52 mbyor-8 body-medium\"><p>Todos os coment\u00e1rios no Live UTI Free s\u00e3o moderados para garantir que estejam em conformidade com as diretrizes da comunidade aqui definidas.<\/p>\n<p>Os coment\u00e1rios de usu\u00e1rios que n\u00e3o estiverem de acordo com o esp\u00edrito destas diretrizes da comunidade ser\u00e3o removidos.<\/p>\n<p>Se o seu coment\u00e1rio n\u00e3o aparecer imediatamente no site ap\u00f3s o envio, \u00e9 prov\u00e1vel que nossa pequena equipe ainda n\u00e3o o tenha analisado e aprovado. Geralmente, isso acontece em 24 horas. <\/p>\n<p>Se o seu coment\u00e1rio n\u00e3o for exibido ap\u00f3s esse per\u00edodo, \u00e9 poss\u00edvel que ele tenha sido sinalizado como uma viola\u00e7\u00e3o das diretrizes da comunidade. Sempre que poss\u00edvel, entraremos em contato com voc\u00ea se esse for o caso. Tamb\u00e9m incentivamos voc\u00ea a  <span> <\/span><span style=\"text-decoration: underline; color: #c74f4d;\"><a href=\"https:\/\/liveutifree.com\/pt-br\/contato-luf\/\" rel=\"noopener\" style=\"color: #c74f4d; text-decoration: underline;\">Entre em contato conosco<\/a><\/span><span> <\/span>se voc\u00ea tiver alguma d\u00favida sobre seu coment\u00e1rio.<\/p>\n<p>Se achar que um coment\u00e1rio que foi publicado \u00e9 inadequado, voc\u00ea pode sinaliz\u00e1-lo usando nosso<span> <\/span><span style=\"text-decoration: underline; color: #c74f4d;\"><a href=\"https:\/\/liveutifree.com\/pt-br\/contato-luf\/\" rel=\"noopener\" style=\"color: #c74f4d; text-decoration: underline;\">formul\u00e1rio de contato<\/a><\/span>. Se concordarmos com voc\u00ea, removeremos o coment\u00e1rio e, quando poss\u00edvel, entraremos em contato com o usu\u00e1rio que o publicou.<\/p>\n<p>N\u00e3o editamos coment\u00e1rios. Isso significa que, mesmo que uma \u00fanica palavra no coment\u00e1rio viole estas diretrizes da comunidade, o coment\u00e1rio inteiro ser\u00e1 removido. Tamb\u00e9m n\u00e3o corrigimos erros de ortografia ou gram\u00e1tica.  <\/p>\n<p>Se voc\u00ea encontrar algo em nosso site que considere incorreto ou incompleto, por favor<span> <\/span><span style=\"text-decoration: underline; color: #c74f4d;\"><a href=\"https:\/\/liveutifree.com\/pt-br\/contato-luf\/\" rel=\"noopener\" style=\"color: #c74f4d; text-decoration: underline;\">Entre em contato conosco<\/a><\/span>. Se voc\u00ea achar que um coment\u00e1rio de outro usu\u00e1rio \u00e9 inadequado, informe-nos.<\/p><\/div><hr class=\"x-line e558171-e53-v0 mbyor-6\"\/><div class=\"x-text x-text-headline e558171-e54 mbyor-5 heading-03\"><div class=\"x-text-content\"><div class=\"x-text-content-text\"><h3 class=\"x-text-content-text-primary\">Se voc\u00ea tem algo a dizer para n\u00f3s<\/h3>\n<\/div><\/div><\/div><hr class=\"x-line e558171-e55-v0 mbyor-6\"\/><div class=\"x-text x-content e558171-e56 mbyor-8 body-medium\"><p>Seja bom ou ruim, queremos ouvi-lo, e a melhor maneira de entrar em contato \u00e9 por meio do nosso<span> <\/span><span style=\"text-decoration: underline; color: #c74f4d;\"><a href=\"https:\/\/liveutifree.com\/pt-br\/contato-luf\/\" rel=\"noopener\" style=\"color: #c74f4d; text-decoration: underline;\">formul\u00e1rio de contato<\/a><\/span>.<\/p>\n<p>Especialmente se voc\u00ea tiver algo negativo a dizer, preferimos que nos informe diretamente, pois essa \u00e9 a maneira mais eficaz de resolvermos o problema.<\/p>\n<p>Se voc\u00ea tiver uma sugest\u00e3o para o nosso site ou quiser compartilhar novas pesquisas, tamb\u00e9m \u00e9 melhor entrar em contato conosco diretamente. Prometemos a voc\u00ea que nosso <span> <\/span><span style=\"text-decoration: underline; color: #c74f4d;\"><a href=\"https:\/\/liveutifree.com\/pt-br\/contato-luf\/\" rel=\"noopener\" style=\"color: #c74f4d; text-decoration: underline;\">formul\u00e1rio de contato<\/a><\/span><span> <\/span>\u00e9 uma linha direta de comunica\u00e7\u00e3o com nossa caixa de entrada de e-mail, e n\u00f3s responderemos.<\/p><\/div><hr class=\"x-line e558171-e57-v0 mbyor-6\"\/><div class=\"x-text x-text-headline e558171-e58 mbyor-5 heading-03\"><div class=\"x-text-content\"><div class=\"x-text-content-text\"><h3 class=\"x-text-content-text-primary\">Como essas diretrizes da comunidade se aplicam \u00e0s intera\u00e7\u00f5es nas m\u00eddias sociais<\/h3>\n<\/div><\/div><\/div><hr class=\"x-line e558171-e59-v0 mbyor-6\"\/><div class=\"x-text x-content e558171-e60 mbyor-8 body-medium\"><p>Todas as diretrizes da comunidade acima se aplicam a intera\u00e7\u00f5es e coment\u00e1rios em nossas contas de m\u00eddia social, com os seguintes acr\u00e9scimos.<\/p>\n<p>N\u00f3s nos reservamos o direito de bloquear, deixar de seguir e\/ou denunciar contas que consideremos estarem violando essas diretrizes da comunidade.<\/p>\n<p>Criamos cuidadosamente nosso conte\u00fado de m\u00eddia social tendo em mente nossa comunidade. Por favor, n\u00e3o reutilize nosso conte\u00fado de forma que entre em conflito com estas diretrizes da comunidade. Se voc\u00ea tiver alguma d\u00favida, basta  <span> <\/span><span style=\"text-decoration: underline; color: #c74f4d;\"><a href=\"https:\/\/liveutifree.com\/pt-br\/contato-luf\/\" rel=\"noopener\" style=\"color: #c74f4d; text-decoration: underline;\">Entre em contato conosco<\/a><\/span>.<\/p>\n<p>Se enviarmos uma mensagem privada ou direta e voc\u00ea achar que \u00e9 algo que gostaria de compartilhar publicamente, pe\u00e7a permiss\u00e3o por escrito antes de fazer isso.<\/p>\n<p>Se voc\u00ea compartilhar nosso conte\u00fado com o seu p\u00fablico para ajudar a aumentar a conscientiza\u00e7\u00e3o, ficaremos muito gratos e pedimos que voc\u00ea d\u00ea o devido cr\u00e9dito ao Live UTI Free.<\/p>\n<p>Por fim, n\u00e3o fa\u00e7a associa\u00e7\u00f5es enganosas nem d\u00ea a entender que o Live UTI Free endossa seu produto ou servi\u00e7o. Fornecemos informa\u00e7\u00f5es para que nossos usu\u00e1rios possam tomar suas pr\u00f3prias decis\u00f5es, e associa\u00e7\u00f5es enganosas podem ser prejudiciais a esse processo de tomada de decis\u00e3o. <\/p><\/div><\/div><\/div><\/div><\/div><\/div>","protected":false},"excerpt":{"rendered":"<p>Diretrizes da comunidade Live UTI Free O Live UTI Free existe para ajudar e apoiar a comunidade que estamos construindo. \u00c9 extremamente importante para n\u00f3s promover um local seguro para que essa comunidade aprenda mais sobre infec\u00e7\u00f5es do trato urin\u00e1rio e interaja adequadamente. Estas diretrizes da comunidade visam a tornar isso poss\u00edvel. Live UTI Free Post Comments Vis\u00e3o geral Os &#8230; <\/p>\n<div><a href=\"https:\/\/liveutifree.com\/pt-br\/diretrizes-da-comunidade-luf\/\" class=\"more-link\">Read More<\/a><\/div>\n","protected":false},"author":1,"featured_media":556724,"parent":0,"menu_order":75,"comment_status":"closed","ping_status":"closed","template":"template-blank-4.php","meta":{"_acf_changed":false,"inline_featured_image":false,"footnotes":""},"class_list":["post-558171","page","type-page","status-publish","has-post-thumbnail","hentry"],"acf":[],"featured_image_src":"https:\/\/liveutifree.com\/wp-content\/uploads\/2017\/01\/LUF-logo-LP-crop.png","_links":{"self":[{"href":"https:\/\/liveutifree.com\/pt-br\/wp-json\/wp\/v2\/pages\/558171","targetHints":{"allow":["GET"]}}],"collection":[{"href":"https:\/\/liveutifree.com\/pt-br\/wp-json\/wp\/v2\/pages"}],"about":[{"href":"https:\/\/liveutifree.com\/pt-br\/wp-json\/wp\/v2\/types\/page"}],"author":[{"embeddable":true,"href":"https:\/\/liveutifree.com\/pt-br\/wp-json\/wp\/v2\/users\/1"}],"replies":[{"embeddable":true,"href":"https:\/\/liveutifree.com\/pt-br\/wp-json\/wp\/v2\/comments?post=558171"}],"version-history":[{"count":1,"href":"https:\/\/liveutifree.com\/pt-br\/wp-json\/wp\/v2\/pages\/558171\/revisions"}],"predecessor-version":[{"id":575954,"href":"https:\/\/liveutifree.com\/pt-br\/wp-json\/wp\/v2\/pages\/558171\/revisions\/575954"}],"wp:featuredmedia":[{"embeddable":true,"href":"https:\/\/liveutifree.com\/pt-br\/wp-json\/wp\/v2\/media\/556724"}],"wp:attachment":[{"href":"https:\/\/liveutifree.com\/pt-br\/wp-json\/wp\/v2\/media?parent=558171"}],"curies":[{"name":"wp","href":"https:\/\/api.w.org\/{rel}","templated":true}]}}