{"id":556660,"date":"2025-09-07T11:01:10","date_gmt":"2025-09-07T11:01:10","guid":{"rendered":"https:\/\/liveutifree.com\/politica-de-financiamento-luf\/"},"modified":"2025-10-23T14:05:13","modified_gmt":"2025-10-23T14:05:13","slug":"politica-de-financiamento-luf","status":"publish","type":"page","link":"https:\/\/liveutifree.com\/pt-br\/politica-de-financiamento-luf\/","title":{"rendered":"Pol\u00edtica de financiamento"},"content":{"rendered":"<div id=\"cs-content\" class=\"cs-content\"><div class=\"x-section e556660-e1 mbxis-0\"><div class=\"x-row e556660-e2 mbxis-1 mbxis-2\"><div class=\"x-row-inner\"><div class=\"x-col e556660-e3 mbxis-3\"><div class=\"x-text x-text-headline e556660-e4 mbxis-4 mbxis-5 heading-02\"><div class=\"x-text-content\"><div class=\"x-text-content-text\"><h1 class=\"x-text-content-text-primary\">Pol\u00edtica de Financiamento Live UTI Free<\/h1>\n<\/div><\/div><\/div><hr class=\"x-line e556660-e5-v0 mbxis-6\"\/><div class=\"x-text x-content e556660-e6 mbxis-7 mbxis-8 body-medium\"><span>\u00daltima atualiza\u00e7\u00e3o em 17 de julho de 2024<\/span><\/div><hr class=\"x-line e556660-e7-v0 mbxis-6\"\/><div class=\"x-text x-content e556660-e8 mbxis-7 mbxis-8 body-medium\"><p>A Live UTI Free \u00e9 uma organiza\u00e7\u00e3o de defesa do paciente centrada no usu\u00e1rio. Nossas principais atividades se concentram em fornecer informa\u00e7\u00f5es imparciais e baseadas em evid\u00eancias para quem sofre de ITU recorrente e cr\u00f4nica, por meio do site <span> <\/span><a href=\"https:\/\/liveutifree.com\/pt-br\/\"><span style=\"text-decoration: underline; color: #c74f4d;\">https:\/\/liveutifree.com<\/span><\/a>.<\/p>\n<p>Agradecemos o apoio na forma de subs\u00eddios, patroc\u00ednio, doa\u00e7\u00f5es individuais<span> <\/span><a href=\"https:\/\/liveutifree.com\/pt-br\/contribua-com-a-luf\/\"><span style=\"text-decoration: underline; color: #c74f4d;\">doa\u00e7\u00f5es individuais<\/span><\/a>e financiamento de projetos, quando for considerado apropriado e puder agregar valor ao nosso p\u00fablico.<\/p>\n<p>Esta pol\u00edtica de financiamento descreve nossa pol\u00edtica de financiamento externo e explica como tomamos decis\u00f5es a esse respeito. Embora alguns exemplos estejam listados, a inten\u00e7\u00e3o n\u00e3o \u00e9 fornecer uma defini\u00e7\u00e3o abrangente de todas as poss\u00edveis oportunidades de parceria. Entre em contato diretamente se voc\u00ea quiser discutir uma colabora\u00e7\u00e3o.  <\/p><\/div><\/div><div class=\"x-col e556660-e9 mbxis-3\"><div class=\"x-text x-text-headline e556660-e10 mbxis-5 heading-03\"><div class=\"x-text-content\"><div class=\"x-text-content-text\"><h3 class=\"x-text-content-text-primary\">Objetivo desta pol\u00edtica<\/h3>\n<\/div><\/div><\/div><hr class=\"x-line e556660-e11-v0 mbxis-6\"\/><div class=\"x-text x-content e556660-e12 mbxis-8 body-medium\"><p>A Live UTI Free existe para ajudar e apoiar nossa comunidade global. \u00c9 extremamente importante para n\u00f3s promovermos um senso de honestidade e transpar\u00eancia em nossa comunidade, e isso come\u00e7a com a total transpar\u00eancia para com as pessoas que estamos aqui para servir. <\/p>\n<p>Em tudo o que fazemos, nosso objetivo \u00e9 manter um relacionamento com nossos usu\u00e1rios em que eles sintam que podem confiar em n\u00f3s para fornecer informa\u00e7\u00f5es imparciais.<\/p>\n<p>Na realidade, nossa vis\u00e3o de ajudar mais pessoas a encontrar testes e tratamentos melhores ser\u00e1 concretizada mais rapidamente se ampliarmos nossos relacionamentos e implementarmos colabora\u00e7\u00f5es com organiza\u00e7\u00f5es e empresas que nos permitam aprimorar nosso site e nossa oferta.<\/p>\n<p>O objetivo desta pol\u00edtica de financiamento \u00e9 servir como uma estrutura que nos permita trabalhar com outras organiza\u00e7\u00f5es que tenham contribui\u00e7\u00f5es que possam ser valiosas para nosso p\u00fablico e que desejem apoiar nosso trabalho por meio de financiamento de um dos tipos descritos abaixo.<\/p>\n<p>Nosso objetivo \u00e9 criar projetos que, em \u00faltima an\u00e1lise, nos ajudar\u00e3o a ajudar nosso p\u00fablico. Nosso \"p\u00fablico\" se refere aos usu\u00e1rios do nosso site, aos nossos seguidores no Twitter, Instagram e Facebook e \u00e0queles em nossa lista de e-mails. <\/p>\n<p>Ao delinear nossa pol\u00edtica de financiamento aqui, nosso objetivo \u00e9:<\/p>\n\n<ul>\n \t<li>Garantir que a Live UTI Free mantenha uma abordagem consistente e transparente quando trabalharmos com empresas e parceiros comerciais<\/li>\n \t<li>Estabelecer nosso compromisso de permanecer independente de influ\u00eancias comerciais<\/li>\n \t<li>Esclarecer a posi\u00e7\u00e3o da Live UTI Free em rela\u00e7\u00e3o ao nosso p\u00fablico, \u00e0 nossa rede de profissionais, \u00e0s empresas comerciais, a outras organiza\u00e7\u00f5es e \u00e0 comunidade em geral<\/li>\n<\/ul>\n<p>Todos os membros da equipe do Live UTI Free devem aderir a essa pol\u00edtica e manter-se atualizados com qualquer revis\u00e3o da pol\u00edtica.<\/p><\/div><hr class=\"x-line e556660-e13-v0 mbxis-6\"\/><div class=\"x-text x-text-headline e556660-e14 mbxis-5 heading-03\"><div class=\"x-text-content\"><div class=\"x-text-content-text\"><h3 class=\"x-text-content-text-primary\">Categorias de financiamento<\/h3>\n<\/div><\/div><\/div><hr class=\"x-line e556660-e15-v0 mbxis-6\"\/><div class=\"x-text x-content e556660-e16 mbxis-8 body-medium\"><span>H\u00e1 quatro categorias diferentes de financiamento que consideraremos caso a caso. S\u00e3o elas: financiamento de projetos, patroc\u00ednio, recrutamento ou consultoria para terceiros e subs\u00eddios\/doa\u00e7\u00f5es sem restri\u00e7\u00f5es. Descrevemos cada uma delas abaixo.  <\/span><\/div><hr class=\"x-line e556660-e17-v0 mbxis-6\"\/><div class=\"x-text x-text-headline e556660-e18 mbxis-5 heading-03\"><div class=\"x-text-content\"><div class=\"x-text-content-text\"><h3 class=\"x-text-content-text-primary\">Financiamento do projeto<\/h3>\n<\/div><\/div><\/div><hr class=\"x-line e556660-e19-v0 mbxis-6\"\/><div class=\"x-text x-content e556660-e20 mbxis-8 body-medium\"><p>O financiamento de projetos refere-se a projetos em que a Live UTI Free colaborar\u00e1 em parceria com outra organiza\u00e7\u00e3o ou indiv\u00edduo.<\/p>\n<p>Exemplos de financiamento de projetos podem incluir:<\/p>\n\n<ul>\n \t<li>Financiamento para desenvolver materiais que nos permitam interpretar informa\u00e7\u00f5es cient\u00edficas e\/ou t\u00e9cnicas para o nosso p\u00fablico, com rela\u00e7\u00e3o a um servi\u00e7o ou produto cl\u00ednico fornecido por uma empresa comercial.<\/li>\n \t<li>Financiamento para colaborar em recursos sobre um t\u00f3pico espec\u00edfico, por exemplo, ITU cr\u00f4nica e sa\u00fade sexual. <\/li>\n \t<li>Financiamento para apoiar a pesquisa sobre a perspectiva do paciente.<\/li>\n<\/ul>\n<p>Esse projeto pode ser de interesse m\u00fatuo. Os itens a seguir se aplicam a esse tipo de relacionamento: <\/p>\n\n<ul>\n \t<li>O Live UTI Free sempre manter\u00e1 o controle editorial sobre todo o conte\u00fado publicado em nosso site e contas de m\u00eddia social, bem como sobre qualquer outro material produzido em apoio ao projeto.<\/li>\n \t<li>O Live UTI Free somente publicar\u00e1 informa\u00e7\u00f5es sobre produtos ou servi\u00e7os individuais quando acreditarmos que elas ser\u00e3o \u00fateis para o nosso p\u00fablico. Ao fazer isso, adotaremos uma abordagem imparcial. Sempre que poss\u00edvel, forneceremos informa\u00e7\u00f5es completas que representem v\u00e1rios lados do \"argumento\". Quando isso n\u00e3o for poss\u00edvel, as informa\u00e7\u00f5es incompletas ser\u00e3o reconhecidas.   <\/li>\n \t<li>O Live UTI Free n\u00e3o recomendar\u00e1 produtos farmac\u00eauticos, abordagens de tratamento ou m\u00e9dicos espec\u00edficos, mas fornecer\u00e1 informa\u00e7\u00f5es sobre as diferentes op\u00e7\u00f5es dispon\u00edveis, quando poss\u00edvel.<\/li>\n \t<li>Entende-se que a inten\u00e7\u00e3o desse relacionamento \u00e9 que tanto o Live UTI Free quanto quaisquer parceiros comerciais sejam beneficiados.<\/li>\n<\/ul><\/div><hr class=\"x-line e556660-e21-v0 mbxis-6\"\/><div class=\"x-text x-text-headline e556660-e22 mbxis-5 heading-03\"><div class=\"x-text-content\"><div class=\"x-text-content-text\"><h3 class=\"x-text-content-text-primary\">Recrutamento ou consultoria para terceiros<\/h3>\n<\/div><\/div><\/div><hr class=\"x-line e556660-e23-v0 mbxis-6\"\/><div class=\"x-text x-content e556660-e24 mbxis-8 body-medium\"><p>Os membros da equipe do Live UTI Free podem ocasionalmente fornecer conhecimento a terceiros sobre os t\u00f3picos de pesquisa de usu\u00e1rios, otimiza\u00e7\u00e3o de sites, pesquisa de perspectiva de pacientes, recrutamento de pacientes e comunica\u00e7\u00e3o digital.<\/p>\n<p>Os relacionamentos com terceiros permanecer\u00e3o confidenciais, a menos que seja necess\u00e1rio o envolvimento direto da comunidade Live UTI Free e que exista um acordo por escrito que cubra como esse relacionamento ser\u00e1 reconhecido. Todas essas atividades s\u00e3o independentes do conte\u00fado fornecido em https:\/\/liveutifree.com. <\/p><\/div><hr class=\"x-line e556660-e25-v0 mbxis-6\"\/><div class=\"x-text x-text-headline e556660-e26 mbxis-5 heading-03\"><div class=\"x-text-content\"><div class=\"x-text-content-text\"><h3 class=\"x-text-content-text-primary\">Patroc\u00ednio<\/h3>\n<\/div><\/div><\/div><hr class=\"x-line e556660-e27-v0 mbxis-6\"\/><div class=\"x-text x-content e556660-e28 mbxis-8 body-medium\"><p>O patroc\u00ednio refere-se a um cen\u00e1rio em que uma empresa ou outro parceiro financia uma \u00fanica atividade do Live UTI Free. Os exemplos podem incluir: <\/p>\n\n<ul>\n \t<li>Patrocinar a produ\u00e7\u00e3o de novos conte\u00fados para nosso p\u00fablico, como recursos para download.<\/li>\n \t<li>Patrocinar a cria\u00e7\u00e3o de novos conte\u00fados de \u00e1udio\/audiovisuais para o nosso p\u00fablico, como uma s\u00e9rie de podcasts ou entrevistas com profissionais ou pessoas que sofrem de ITU.<\/li>\n \t<li>Financiamento da participa\u00e7\u00e3o da equipe do Live UTI Free em uma confer\u00eancia de pesquisa.<\/li>\n \t<li>Financiamento da nomea\u00e7\u00e3o tempor\u00e1ria de um membro da equipe da Live UTI Free para auxiliar em uma atividade espec\u00edfica, por exemplo, an\u00e1lise de dados, pesquisa. <\/li>\n<\/ul>\n<p>No caso de patroc\u00ednio, aplicar-se-\u00e1 o seguinte:<\/p>\n\n<ul>\n \t<li>A empresa n\u00e3o ter\u00e1 influ\u00eancia sobre a atividade para a qual o patroc\u00ednio foi concedido.<\/li>\n \t<li>O Live UTI Free sempre manter\u00e1 o controle editorial sobre todo o conte\u00fado publicado em nosso site e contas de m\u00eddia social, bem como sobre quaisquer outros materiais produzidos em apoio \u00e0 atividade.<\/li>\n \t<li>O Live UTI Free n\u00e3o endossar\u00e1 ou promover\u00e1 os produtos ou servi\u00e7os do patrocinador.<\/li>\n \t<li>Quando apropriado, o patroc\u00ednio de qualquer atividade ser\u00e1 reconhecido visualmente de forma adequada \u00e0 atividade, por exemplo, logotipo, link ou \u00edcone de financiamento externo Live UTI Free com link para o patrocinador. O texto exato e\/ou o local do reconhecimento ser\u00e3o acordados em negocia\u00e7\u00e3o com o patrocinador.  <\/li>\n<\/ul><\/div><hr class=\"x-line e556660-e29-v0 mbxis-6\"\/><div class=\"x-text x-text-headline e556660-e30 mbxis-5 heading-03\"><div class=\"x-text-content\"><div class=\"x-text-content-text\"><h3 class=\"x-text-content-text-primary\">Subs\u00eddios sem restri\u00e7\u00f5es<\/h3>\n<\/div><\/div><\/div><hr class=\"x-line e556660-e31-v0 mbxis-6\"\/><div class=\"x-text x-content e556660-e32 mbxis-8 body-medium\"><p>Empresas, organiza\u00e7\u00f5es e indiv\u00edduos podem oferecer apoio financeiro e apoio em esp\u00e9cie para o Live UTI Free. Qualquer apoio que se enquadre nos crit\u00e9rios a seguir \u00e9 definido como doa\u00e7\u00f5es irrestritas: <\/p>\n\n<ul>\n \t<li>O parceiro de financiamento n\u00e3o tem envolvimento no projeto para o qual os fundos s\u00e3o usados.<\/li>\n \t<li>O Live UTI Free pode alocar fundos de forma independente, como voc\u00ea achar melhor.<\/li>\n \t<li>O Live UTI Free reconhecer\u00e1 a concess\u00e3o, mas o logotipo do parceiro financiador n\u00e3o ser\u00e1 usado e o Live UTI Free controlar\u00e1 a forma como o reconhecimento ser\u00e1 feito.<\/li>\n<\/ul><\/div><hr class=\"x-line e556660-e33-v0 mbxis-6\"\/><div class=\"x-text x-text-headline e556660-e34 mbxis-5 heading-03\"><div class=\"x-text-content\"><div class=\"x-text-content-text\"><h3 class=\"x-text-content-text-primary\">Financiamento: Princ\u00edpios orientadores<\/h3>\n<\/div><\/div><\/div><hr class=\"x-line e556660-e35-v0 mbxis-6\"\/><div class=\"x-text x-content e556660-e36 mbxis-8 body-medium\"><p>A Live UTI Free s\u00f3 est\u00e1 interessada em parcerias colaborativas ou financiamentos que tenham um impacto positivo em nossos usu\u00e1rios e que possam ajud\u00e1-los em seu caminho para melhores testes e tratamentos.<\/p>\n<p>O Live UTI Free manter\u00e1 um relacionamento aberto e transparente com todos os parceiros de financiamento.<\/p>\n<p>Para garantir que esses pontos permane\u00e7am verdadeiros, a Live UTI Free examinar\u00e1 todos os poss\u00edveis financiadores para garantir que voc\u00ea tenha certeza de que:<\/p>\n\n<ul>\n \t<li>H\u00e1 fortes raz\u00f5es para acreditar que um acordo de financiamento resultar\u00e1 em benef\u00edcios para a Live UTI Free e para nossos usu\u00e1rios<\/li>\n \t<li>Nenhuma publicidade adversa resultar\u00e1 da aceita\u00e7\u00e3o dos fundos.<\/li>\n<\/ul>\n<p>O Live UTI Free analisar\u00e1 os poss\u00edveis parceiros de financiamento, incluindo sua reputa\u00e7\u00e3o em trabalhar com organiza\u00e7\u00f5es de pacientes e seu hist\u00f3rico em rela\u00e7\u00e3o ao financiamento.<\/p>\n<p>Se houver algum motivo para preocupa\u00e7\u00e3o, o Live UTI Free reconsiderar\u00e1 ou rejeitar\u00e1 os fundos.<\/p>\n<p>A Live UTI Free n\u00e3o aceitar\u00e1 conscientemente nenhum tipo de financiamento de uma empresa que produza produtos ou servi\u00e7os que consideramos anti\u00e9ticos.<\/p>\n<p>O Live UTI Free n\u00e3o recomendar\u00e1 produtos farmac\u00eauticos, m\u00e9dicos ou tratamentos espec\u00edficos.<\/p>\n<p>A Live UTI Free garantir\u00e1 que as responsabilidades e contribui\u00e7\u00f5es da equipe da Live UTI Free e de qualquer parceiro financiador sejam acordadas por escrito.<\/p>\n<p>O parceiro de financiamento deve concordar em cumprir as diretrizes aqui descritas.<\/p>\n<p>Se uma empresa fizer qualquer tentativa de coagir a Live UTI Free a se adequar \u00e0 sua agenda comercial e\/ou de marketing, expl\u00edcita ou implicitamente, ou n\u00e3o se adequar \u00e0s responsabilidades acordadas, a Live UTI Free rejeitar\u00e1 os fundos ou encerrar\u00e1 um projeto em andamento.<\/p>\n<p>Quando apropriado, o Live UTI Free pode solicitar financiamento de cons\u00f3rcios compostos por dois ou mais parceiros do mesmo setor.<\/p><\/div><hr class=\"x-line e556660-e37-v0 mbxis-6\"\/><div class=\"x-text x-text-headline e556660-e38 mbxis-5 heading-03\"><div class=\"x-text-content\"><div class=\"x-text-content-text\"><h3 class=\"x-text-content-text-primary\">Atividades que n\u00e3o podem ser financiadas externamente<\/h3>\n<\/div><\/div><\/div><hr class=\"x-line e556660-e39-v0 mbxis-6\"\/><div class=\"x-text x-content e556660-e40 mbxis-8 body-medium\"><p>H\u00e1 atividades e conte\u00fado no centro do Live UTI Free que sempre ser\u00e3o financiados internamente. Isso \u00e9 feito para garantir que voc\u00ea mantenha uma abordagem imparcial e para permitir que atualizemos as informa\u00e7\u00f5es com frequ\u00eancia \u00e0 medida que novas pesquisas estiverem dispon\u00edveis. Essas atividades e conte\u00fados principais incluem:  <\/p>\n\n<ul>\n \t<li>As principais p\u00e1ginas de informa\u00e7\u00f5es do site Live UTI Free - os artigos vinculados diretamente \u00e0 p\u00e1gina inicial e as hist\u00f3rias pessoais contribu\u00eddas por nossa comunidade.<\/li>\n \t<li>Conte\u00fado de m\u00eddia social publicado diretamente nas contas do Twitter, Facebook ou Instagram do Live UTI Free - isso n\u00e3o inclui publicidade paga que fa\u00e7a parte de uma campanha de conscientiza\u00e7\u00e3o, pesquisa, recrutamento ou educa\u00e7\u00e3o.<\/li>\n \t<li>A rede de profissionais do Live UTI Free - os profissionais n\u00e3o podem pagar para serem listados nas p\u00e1ginas de informa\u00e7\u00f5es principais do site do Live UTI Free.<\/li>\n \t<li>E-mails para a nossa lista de discuss\u00e3o da comunidade - n\u00e3o forneceremos acesso \u00e0 nossa lista de discuss\u00e3o de forma alguma. Isso n\u00e3o inclui financiamento que fa\u00e7a parte de uma campanha de conscientiza\u00e7\u00e3o, pesquisa, recrutamento ou educa\u00e7\u00e3o. Os endere\u00e7os de e-mail e as informa\u00e7\u00f5es pessoais nunca ser\u00e3o compartilhados com terceiros.  <\/li>\n \t<li>Os dados pessoais que coletamos de nossa comunidade n\u00e3o ser\u00e3o publicados, vendidos, negociados ou repassados a terceiros. Veja mais sobre isso em nossos documentos legais. <\/li>\n<\/ul><\/div><hr class=\"x-line e556660-e41-v0 mbxis-6\"\/><div class=\"x-text x-text-headline e556660-e42 mbxis-5 heading-03\"><div class=\"x-text-content\"><div class=\"x-text-content-text\"><h3 class=\"x-text-content-text-primary\">Diretrizes para parceiros de financiamento<\/h3>\n<\/div><\/div><\/div><hr class=\"x-line e556660-e43-v0 mbxis-6\"\/><div class=\"x-text x-content e556660-e44 mbxis-8 body-medium\"><p>A Live UTI Free n\u00e3o entrar\u00e1 ou continuar\u00e1 um relacionamento com qualquer parceiro de financiamento, se o relacionamento e a atividade relacionada puderem prejudicar a reputa\u00e7\u00e3o da Live UTI Free.<\/p>\n<p>Para apoiar isso, pedimos a todos os parceiros de financiamento que:<\/p>\n\n<ul>\n \t<li>Obtenha aprova\u00e7\u00e3o por escrito da Live UTI Free antes de usar nosso nome ou logotipo, fazer refer\u00eancia a qualquer uma de nossas iniciativas ou citar nosso conte\u00fado em qualquer tipo de comunica\u00e7\u00e3o p\u00fablica.<\/li>\n \t<li>Nomear um \u00fanico ponto de contato dentro de sua organiza\u00e7\u00e3o para fazer a liga\u00e7\u00e3o com o membro apropriado da equipe da Live UTI Free, a fim de estabelecer linhas claras de comunica\u00e7\u00e3o desde o in\u00edcio. Solicitamos que essa pessoa esteja autorizada a tomar decis\u00f5es sobre qualquer aspecto do financiamento proposto. <\/li>\n<\/ul>\n<p>O Live UTI Free se reserva o direito de vetar qualquer conte\u00fado produzido em conex\u00e3o com qualquer financiamento, e solicitamos que seja alocado tempo suficiente de aprova\u00e7\u00e3o para esse fim, pois pode ser necess\u00e1ria a aprova\u00e7\u00e3o de um ou mais membros da equipe.<\/p>\n<p>Como um site de defesa do paciente centrado no usu\u00e1rio, o Live UTI Free colaborar\u00e1 com empresas comerciais, organiza\u00e7\u00f5es sem fins lucrativos e outras organiza\u00e7\u00f5es, quando isso for considerado ben\u00e9fico para nossos usu\u00e1rios.<\/p>\n<p>Esta pol\u00edtica pode ser atualizada a qualquer momento.<\/p><\/div><hr class=\"x-line e556660-e45-v0 mbxis-6\"\/><div class=\"x-text x-text-headline e556660-e46 mbxis-5 heading-03\"><div class=\"x-text-content\"><div class=\"x-text-content-text\"><h3 class=\"x-text-content-text-primary\">Nossos parceiros<\/h3>\n<\/div><\/div><\/div><hr class=\"x-line e556660-e47-v0 mbxis-6\"\/><div class=\"x-text x-content e556660-e48 mbxis-8 body-medium\"><span>Os parceiros com os quais temos relacionamentos financiados e n\u00e3o financiados est\u00e3o listados em nossa <\/span><a href=\"https:\/\/liveutifree.com\/pt-br\/parceiros-luf\/\"><span style=\"text-decoration: underline; color: #c74f4d;\">p\u00e1gina de parceiros<\/span><\/a><span>.<\/span><\/div><\/div><\/div><\/div><\/div><\/div>","protected":false},"excerpt":{"rendered":"<p>Pol\u00edtica de Financiamento Live UTI Free \u00daltima atualiza\u00e7\u00e3o em 17 de julho de 2024A Live UTI Free \u00e9 uma organiza\u00e7\u00e3o de defesa do paciente centrada no usu\u00e1rio. Nossas principais atividades se concentram em fornecer informa\u00e7\u00f5es imparciais e baseadas em evid\u00eancias para quem sofre de ITU recorrente e cr\u00f4nica, por meio do site https:\/\/liveutifree.com. Agradecemos o apoio na forma de subs\u00eddios, &#8230; <\/p>\n<div><a href=\"https:\/\/liveutifree.com\/pt-br\/politica-de-financiamento-luf\/\" class=\"more-link\">Read More<\/a><\/div>\n","protected":false},"author":1,"featured_media":556724,"parent":0,"menu_order":102,"comment_status":"closed","ping_status":"closed","template":"template-blank-4.php","meta":{"_acf_changed":false,"inline_featured_image":false,"footnotes":""},"class_list":["post-556660","page","type-page","status-publish","has-post-thumbnail","hentry"],"acf":[],"featured_image_src":"https:\/\/liveutifree.com\/wp-content\/uploads\/2017\/01\/LUF-logo-LP-crop.png","_links":{"self":[{"href":"https:\/\/liveutifree.com\/pt-br\/wp-json\/wp\/v2\/pages\/556660","targetHints":{"allow":["GET"]}}],"collection":[{"href":"https:\/\/liveutifree.com\/pt-br\/wp-json\/wp\/v2\/pages"}],"about":[{"href":"https:\/\/liveutifree.com\/pt-br\/wp-json\/wp\/v2\/types\/page"}],"author":[{"embeddable":true,"href":"https:\/\/liveutifree.com\/pt-br\/wp-json\/wp\/v2\/users\/1"}],"replies":[{"embeddable":true,"href":"https:\/\/liveutifree.com\/pt-br\/wp-json\/wp\/v2\/comments?post=556660"}],"version-history":[{"count":1,"href":"https:\/\/liveutifree.com\/pt-br\/wp-json\/wp\/v2\/pages\/556660\/revisions"}],"predecessor-version":[{"id":576960,"href":"https:\/\/liveutifree.com\/pt-br\/wp-json\/wp\/v2\/pages\/556660\/revisions\/576960"}],"wp:featuredmedia":[{"embeddable":true,"href":"https:\/\/liveutifree.com\/pt-br\/wp-json\/wp\/v2\/media\/556724"}],"wp:attachment":[{"href":"https:\/\/liveutifree.com\/pt-br\/wp-json\/wp\/v2\/media?parent=556660"}],"curies":[{"name":"wp","href":"https:\/\/api.w.org\/{rel}","templated":true}]}}