{"id":556222,"date":"2025-09-07T10:59:04","date_gmt":"2025-09-07T10:59:04","guid":{"rendered":"https:\/\/liveutifree.com\/obrigado-a-voce-luf\/"},"modified":"2025-09-07T10:59:09","modified_gmt":"2025-09-07T10:59:09","slug":"obrigado-a-voce-luf","status":"publish","type":"page","link":"https:\/\/liveutifree.com\/pt-br\/obrigado-a-voce-luf\/","title":{"rendered":"Obrigado a voc\u00ea! | LUF"},"content":{"rendered":"<div id=\"cs-content\" class=\"cs-content\"><div class=\"x-section x-hide-md x-hide-sm x-hide-xs e556222-e1 mbx6m-0 mbx6m-1\"><span class=\"x-separator-top-angle-in\" style=\"top: 0px; height: 50px; color: rgba(0, 0, 0, 0.75);\" aria-hidden=\"true\"><svg class=\"angle-top-in\" style=\"fill: currentColor;\" xmlns=\"http:\/\/www.w3.org\/2000\/svg\" version=\"1.1\" viewBox=\"0 0 100 100\" preserveAspectRatio=\"none\"><polygon points=\"0,100 50,100 0,0\"\/><polygon points=\"50,100 100,100 100,0\"\/><\/svg><\/span><div class=\"x-bg\" aria-hidden=\"true\"><div class=\"x-bg-layer-lower-image\"><\/div><\/div><div class=\"x-row x-container max width e556222-e2 mbx6m-3 mbx6m-4 mbx6m-5\"><div class=\"x-row-inner\"><div class=\"x-col e556222-e3 mbx6m-7 mbx6m-8 mbx6m-9\"><div class=\"x-text x-text-headline e556222-e4 mbx6m-c heading-02\"><div class=\"x-text-content\"><div class=\"x-text-content-text\"><h2 class=\"x-text-content-text-primary\">Obrigado a voc\u00ea!<\/h2>\n<\/div><\/div><\/div><hr class=\"x-line e556222-e5-v0 mbx6m-e\"\/><div class=\"x-text x-content e556222-e6 mbx6m-f mbx6m-g body-medium\"><span>Agora confirmamos que voc\u00ea \u00e9 uma pessoa real e enviaremos um e-mail ocasional sobre como voc\u00ea pode continuar a nos ajudar a combater a epidemia que s\u00e3o as ITUs.<\/span><\/div><hr class=\"x-line e556222-e7-v0 mbx6m-e\"\/><span class=\"x-image e556222-e8 mbx6m-k\"><img decoding=\"async\" src=\"https:\/\/liveutifree.com\/wp-content\/uploads\/2024\/10\/54e1dc01-4e68-4b49-99f6-6355e70de7b5-scaled.jpg\" width=\"1024\" height=\"1024\" alt=\"Foto da Melissa\" loading=\"lazy\"><\/span><hr class=\"x-line e556222-e9-v0 mbx6m-e\"\/><div class=\"x-text x-content e556222-e10 mbx6m-g mbx6m-h body-medium\"><span>Como eu venci as infec\u00e7\u00f5es recorrentes do trato urin\u00e1rio<\/span><\/div><hr class=\"x-line e556222-e11-v0 mbx6m-e\"\/><a class=\"x-anchor x-anchor-button has-graphic e556222-e12 mbx6m-l button-blue-icon-primary\" tabindex=\"0\" href=\"https:\/\/liveutifree.com\/recurrent-urinary-tract-infections\/\"><div class=\"x-anchor-content\"><span class=\"x-graphic\" aria-hidden=\"true\"><span class=\"x-image x-graphic-child x-graphic-image x-graphic-primary\"><img decoding=\"async\" src=\"https:\/\/liveutifree.com\/wp-content\/uploads\/2025\/03\/white.svg\" width=\"28\" height=\"27\" alt=\"The image is completely blank with a white background and no visible objects or text.\" loading=\"lazy\"><\/span><\/span><div class=\"x-anchor-text\"><span class=\"x-anchor-text-primary\">Leia a hist\u00f3ria dela<\/span><\/div><\/div><\/a><\/div><div class=\"x-col e556222-e13 mbx6m-9 mbx6m-a\"><\/div><\/div><\/div><\/div><div class=\"x-section x-hide-lg x-hide-xl e556222-e14 mbx6m-0 mbx6m-2\"><div class=\"x-row x-container max width e556222-e15 mbx6m-3 mbx6m-4 mbx6m-6\"><div class=\"x-row-inner\"><div class=\"x-col e556222-e16 mbx6m-7 mbx6m-9 mbx6m-a mbx6m-b\"><div class=\"x-text x-text-headline e556222-e17 mbx6m-c mbx6m-d heading-01 \"><div class=\"x-text-content\"><div class=\"x-text-content-text\"><h1 class=\"x-text-content-text-primary\">Obrigado a voc\u00ea!<\/h1>\n<\/div><\/div><\/div><hr class=\"x-line e556222-e18-v0 mbx6m-e\"\/><div class=\"x-text x-content e556222-e19 mbx6m-g mbx6m-i mbx6m-j body-medium\"><span>Confirmamos que voc\u00ea \u00e9 uma pessoa real e enviaremos a voc\u00ea atualiza\u00e7\u00f5es ocasionais sobre tudo relacionado \u00e0 ITU.<\/span><\/div><hr class=\"x-line e556222-e20-v0 mbx6m-e\"\/><span class=\"x-image e556222-e21 mbx6m-k\"><img decoding=\"async\" src=\"https:\/\/liveutifree.com\/wp-content\/uploads\/2024\/10\/54e1dc01-4e68-4b49-99f6-6355e70de7b5-scaled.jpg\" width=\"1024\" height=\"1024\" alt=\"Foto da Melissa\" loading=\"lazy\"><\/span><hr class=\"x-line e556222-e22-v0 mbx6m-e\"\/><div class=\"x-text x-content e556222-e23 mbx6m-g mbx6m-h mbx6m-j body-medium\"><span>Como eu venci as infec\u00e7\u00f5es recorrentes do trato urin\u00e1rio<\/span><\/div><hr class=\"x-line e556222-e24-v0 mbx6m-e\"\/><a class=\"x-anchor x-anchor-button has-graphic e556222-e25 mbx6m-l button-blue-icon-primary\" tabindex=\"0\" href=\"https:\/\/liveutifree.com\/recurrent-urinary-tract-infections\/\"><div class=\"x-anchor-content\"><span class=\"x-graphic\" aria-hidden=\"true\"><span class=\"x-image x-graphic-child x-graphic-image x-graphic-primary\"><img decoding=\"async\" src=\"https:\/\/liveutifree.com\/wp-content\/uploads\/2025\/03\/white.svg\" width=\"28\" height=\"27\" alt=\"The image is completely blank with a white background and no visible objects or text.\" loading=\"lazy\"><\/span><\/span><div class=\"x-anchor-text\"><span class=\"x-anchor-text-primary\">Leia a hist\u00f3ria dela<\/span><\/div><\/div><\/a><\/div><\/div><\/div><\/div><\/div>","protected":false},"excerpt":{"rendered":"<p>Obrigado a voc\u00ea! Agora confirmamos que voc\u00ea \u00e9 uma pessoa real e enviaremos um e-mail ocasional sobre como voc\u00ea pode continuar a nos ajudar a combater a epidemia que s\u00e3o as ITUs.Como eu venci as infec\u00e7\u00f5es recorrentes do trato urin\u00e1rioLeia a hist\u00f3ria delaObrigado a voc\u00ea! Confirmamos que voc\u00ea \u00e9 uma pessoa real e enviaremos a voc\u00ea atualiza\u00e7\u00f5es ocasionais sobre tudo &#8230; <\/p>\n<div><a href=\"https:\/\/liveutifree.com\/pt-br\/obrigado-a-voce-luf\/\" class=\"more-link\">Read More<\/a><\/div>\n","protected":false},"author":7,"featured_media":0,"parent":0,"menu_order":166,"comment_status":"closed","ping_status":"closed","template":"template-blank-4.php","meta":{"_acf_changed":false,"inline_featured_image":false,"footnotes":""},"class_list":["post-556222","page","type-page","status-publish","hentry","no-post-thumbnail"],"acf":[],"featured_image_src":null,"_links":{"self":[{"href":"https:\/\/liveutifree.com\/pt-br\/wp-json\/wp\/v2\/pages\/556222","targetHints":{"allow":["GET"]}}],"collection":[{"href":"https:\/\/liveutifree.com\/pt-br\/wp-json\/wp\/v2\/pages"}],"about":[{"href":"https:\/\/liveutifree.com\/pt-br\/wp-json\/wp\/v2\/types\/page"}],"author":[{"embeddable":true,"href":"https:\/\/liveutifree.com\/pt-br\/wp-json\/wp\/v2\/users\/7"}],"replies":[{"embeddable":true,"href":"https:\/\/liveutifree.com\/pt-br\/wp-json\/wp\/v2\/comments?post=556222"}],"version-history":[{"count":0,"href":"https:\/\/liveutifree.com\/pt-br\/wp-json\/wp\/v2\/pages\/556222\/revisions"}],"wp:attachment":[{"href":"https:\/\/liveutifree.com\/pt-br\/wp-json\/wp\/v2\/media?parent=556222"}],"curies":[{"name":"wp","href":"https:\/\/api.w.org\/{rel}","templated":true}]}}