{"id":555377,"date":"2025-09-07T10:57:31","date_gmt":"2025-09-07T10:57:31","guid":{"rendered":"https:\/\/liveutifree.com\/questionario-sobre-uti-luf\/"},"modified":"2025-10-23T13:47:29","modified_gmt":"2025-10-23T13:47:29","slug":"questionario-sobre-uti-luf","status":"publish","type":"page","link":"https:\/\/liveutifree.com\/pt-br\/questionario-sobre-uti-luf\/","title":{"rendered":"Question\u00e1rio sobre ITU"},"content":{"rendered":"<div id=\"cs-content\" class=\"cs-content\"><div class=\"x-section e555377-e1 mbwj5-0 mbwj5-1\"><div class=\"x-row x-container max width e555377-e2 mbwj5-3 mbwj5-4 mbwj5-5 mbwj5-8 mbwj5-9\"><div class=\"x-row-inner\"><div class=\"x-col e555377-e3 mbwj5-c mbwj5-d\"><div class=\"x-text x-text-headline e555377-e4 mbwj5-f mbwj5-g heading-01 \"><div class=\"x-text-content\"><div class=\"x-text-content-text\"><h1 class=\"x-text-content-text-primary\">Question\u00e1rio sobre ITU: seu atalho para as informa\u00e7\u00f5es corretas<\/h1>\n<\/div><\/div><\/div><hr class=\"x-line e555377-e5-v0 mbwj5-i mbwj5-j\"\/><div class=\"x-text x-content e555377-e6 mbwj5-l mbwj5-m body-medium\"><span>Ao compartilhar sua experi\u00eancia, voc\u00ea tamb\u00e9m contribuir\u00e1 para nossa pesquisa global e ajudar\u00e1 na luta por melhores dados, testes e tratamentos de ITU. Ao participar do question\u00e1rio, voc\u00ea reconhece que concorda com a nossa   <\/span><span style=\"text-decoration: underline; color: #800000;\"><span style=\"color: #c74f4d;\"><a href=\"https:\/\/liveutifree.com\/pt-br\/legal-luf\/\" rel=\"noopener\" style=\"color: #c74f4d; text-decoration: underline;\">Pol\u00edtica de Privacidade e Termos e Condi\u00e7\u00f5es<\/a><\/span>.<\/span><\/div><\/div><\/div><\/div><\/div><div class=\"x-section e555377-e7 mbwj5-0 mbwj5-2\"><div class=\"x-row x-container max width e555377-e8 mbwj5-3 mbwj5-5 mbwj5-6 mbwj5-8 mbwj5-a\"><div class=\"x-row-inner\"><div class=\"x-col e555377-e9 mbwj5-c mbwj5-e\"><div class=\"x-div e555377-e10 mbwj5-n\"><div id=\"quiz-container\" style=\"position: relative; width: 100%; height: 600px;\">\n    <!-- Loading GIF -->\n    <div id=\"loading\" style=\"position: absolute; top: 50%; left: 50%; transform: translate(-50%, -50%); z-index: 1000;\">\n        <img decoding=\"async\" src=\"https:\/\/liveutifree.com\/wp-content\/uploads\/2022\/03\/quiz-loader-en.gif\" alt=\"Loading...\">\n    <\/div>\n\n    <!-- Outgrow Quiz Embed (Initially Hidden) -->\n    <div id=\"60018628bd6a2c3a661c5c65\" class=\"op-interactive\" data-title=\"THE UTI QUIZ V4\"\n         data-url=\"https:\/\/liveutifree.outgrow.us\/60018628bd6a2c3a661c5c65?vHeight=1\" data-width=\"100%\"\n         style=\"width: 100%; height: 100%; position: absolute; display: none;\">\n    <\/div>\n<\/div>\n\n<script src='\/\/dyv6f9ner1ir9.cloudfront.net\/assets\/js\/nloader.js'><\/script>\n<script>\n    document.addEventListener(\"DOMContentLoaded\", function () {\n        var loadingDiv = document.getElementById(\"loading\");\n        var quizContainer = document.getElementById(\"60018628bd6a2c3a661c5c65\");\n\n        \/\/ Initialize the Outgrow iframe\n        initIframe('60018628bd6a2c3a661c5c65');\n\n        function checkIframeLoaded() {\n            var iframe = quizContainer.querySelector(\"iframe\");\n\n            if (iframe) {\n                \/\/ Ensure the iframe fills the container\n                iframe.style.width = \"100%\";\n                iframe.style.height = \"100%\";\n                iframe.style.position = \"absolute\";\n                iframe.style.display = \"none\"; \/\/ Keep iframe hidden initially\n\n                \/\/ Wait for the iframe to fully load\n                iframe.onload = function () {\n                    setTimeout(function () {\n                        loadingDiv.style.display = \"none\";  \/\/ Hide loading GIF\n                        quizContainer.style.display = \"block\"; \/\/ Show the quiz\n                        iframe.style.display = \"block\"; \/\/ Make sure the iframe is visible\n                    }, 2000); \/\/ Ensures the GIF is displayed for at least 2 seconds\n                };\n            } else {\n                \/\/ Keep checking every 500ms until iframe appears\n                setTimeout(checkIframeLoaded, 500);\n            }\n        }\n\n        \/\/ Start checking for iframe\n        checkIframeLoaded();\n    });\n<\/script>\n<\/div><\/div><\/div><\/div><\/div><div class=\"x-section e555377-e12 mbwj5-0 mbwj5-1\"><div class=\"x-row x-container max width e555377-e13 mbwj5-3 mbwj5-4 mbwj5-7 mbwj5-8 mbwj5-b\"><div class=\"x-row-inner\"><div class=\"x-col e555377-e14 mbwj5-c mbwj5-d\"><div class=\"x-text x-text-headline e555377-e15 mbwj5-f mbwj5-g heading-02\"><div class=\"x-text-content\"><div class=\"x-text-content-text\"><h2 class=\"x-text-content-text-primary\">As informa\u00e7\u00f5es corretas podem orientar voc\u00ea para um tratamento permanente<\/h2>\n<\/div><\/div><\/div><hr class=\"x-line e555377-e16-v0 mbwj5-i mbwj5-j\"\/><span class=\"x-image e555377-e17 mbwj5-o\"><img decoding=\"async\" src=\"https:\/\/liveutifree.com\/wp-content\/uploads\/2017\/07\/UTI-Team.png\" width=\"145\" height=\"145\" alt=\"\u00cdcone - Equipe Live UTI Free\" loading=\"lazy\"><\/span><hr class=\"x-line e555377-e18-v0 mbwj5-i mbwj5-j\"\/><div class=\"x-text x-text-headline e555377-e19 mbwj5-g mbwj5-h heading-05\"><div class=\"x-text-content\"><div class=\"x-text-content-text\"><p class=\"x-text-content-text-primary\">\"Voc\u00ea entende seus pr\u00f3prios sintomas melhor do que ningu\u00e9m. Se puder combinar sua experi\u00eancia com as informa\u00e7\u00f5es certas, voc\u00ea ter\u00e1 mais chances de obter um diagn\u00f3stico real e um tratamento eficaz.\"<\/p>\n<\/div><\/div><\/div><hr class=\"x-line e555377-e20-v0 mbwj5-j mbwj5-k\"\/><div class=\"x-text x-content e555377-e21 mbwj5-m body-medium\"><span>Equipe Live UTI Free<\/span><\/div><\/div><\/div><\/div><\/div><\/div>","protected":false},"excerpt":{"rendered":"<p>Question\u00e1rio sobre ITU: seu atalho para as informa\u00e7\u00f5es corretas Ao compartilhar sua experi\u00eancia, voc\u00ea tamb\u00e9m contribuir\u00e1 para nossa pesquisa global e ajudar\u00e1 na luta por melhores dados, testes e tratamentos de ITU. Ao participar do question\u00e1rio, voc\u00ea reconhece que concorda com a nossa Pol\u00edtica de Privacidade e Termos e Condi\u00e7\u00f5es. As informa\u00e7\u00f5es corretas podem orientar voc\u00ea para um tratamento permanente &#8230; <\/p>\n<div><a href=\"https:\/\/liveutifree.com\/pt-br\/questionario-sobre-uti-luf\/\" class=\"more-link\">Read More<\/a><\/div>\n","protected":false},"author":7,"featured_media":553137,"parent":0,"menu_order":184,"comment_status":"closed","ping_status":"closed","template":"template-blank-4.php","meta":{"_acf_changed":false,"inline_featured_image":false,"footnotes":""},"class_list":["post-555377","page","type-page","status-publish","has-post-thumbnail","hentry"],"acf":[],"featured_image_src":"https:\/\/liveutifree.com\/wp-content\/uploads\/2017\/05\/About-Us-Header-Desktop.jpg","_links":{"self":[{"href":"https:\/\/liveutifree.com\/pt-br\/wp-json\/wp\/v2\/pages\/555377","targetHints":{"allow":["GET"]}}],"collection":[{"href":"https:\/\/liveutifree.com\/pt-br\/wp-json\/wp\/v2\/pages"}],"about":[{"href":"https:\/\/liveutifree.com\/pt-br\/wp-json\/wp\/v2\/types\/page"}],"author":[{"embeddable":true,"href":"https:\/\/liveutifree.com\/pt-br\/wp-json\/wp\/v2\/users\/7"}],"replies":[{"embeddable":true,"href":"https:\/\/liveutifree.com\/pt-br\/wp-json\/wp\/v2\/comments?post=555377"}],"version-history":[{"count":1,"href":"https:\/\/liveutifree.com\/pt-br\/wp-json\/wp\/v2\/pages\/555377\/revisions"}],"predecessor-version":[{"id":575405,"href":"https:\/\/liveutifree.com\/pt-br\/wp-json\/wp\/v2\/pages\/555377\/revisions\/575405"}],"wp:featuredmedia":[{"embeddable":true,"href":"https:\/\/liveutifree.com\/pt-br\/wp-json\/wp\/v2\/media\/553137"}],"wp:attachment":[{"href":"https:\/\/liveutifree.com\/pt-br\/wp-json\/wp\/v2\/media?parent=555377"}],"curies":[{"name":"wp","href":"https:\/\/api.w.org\/{rel}","templated":true}]}}