{"id":555093,"date":"2025-09-07T10:56:35","date_gmt":"2025-09-07T10:56:35","guid":{"rendered":"https:\/\/liveutifree.com\/clinicos-luf\/"},"modified":"2025-10-23T13:37:33","modified_gmt":"2025-10-23T13:37:33","slug":"clinicos-luf","status":"publish","type":"page","link":"https:\/\/liveutifree.com\/pt-br\/clinicos-luf\/","title":{"rendered":"Cl\u00ednicos"},"content":{"rendered":"<div id=\"cs-content\" class=\"cs-content\"><div class=\"x-section e555093-e1 mbwb9-0\"><div class=\"x-row x-container max width e555093-e2 mbwb9-3 mbwb9-4 mbwb9-8 mbwb9-9\"><div class=\"x-row-inner\"><div class=\"x-col e555093-e3 mbwb9-k mbwb9-l mbwb9-m\"><div class=\"x-div e555093-e4 mbwb9-q mbwb9-r mbwb9-s mbwb9-t mbwb9-u\"><div class=\"x-text x-text-headline e555093-e5 mbwb9-z mbwb9-10 mbwb9-11 heading-01 \"><div class=\"x-text-content\"><div class=\"x-text-content-text\"><h1 class=\"x-text-content-text-primary\">Como os m\u00e9dicos podem se envolver<\/h1>\n<\/div><\/div><\/div><hr class=\"x-line e555093-e6-v0 mbwb9-16 mbwb9-17\"\/><div class=\"x-text x-content e555093-e7 mbwb9-19 mbwb9-1a mbwb9-1b mbwb9-1c body-medium\"><p>Se voc\u00ea \u00e9 novo aqui, seja bem-vindo \u00e0 nossa comunidade. Estamos ansiosos para saber mais sobre sua experi\u00eancia na \u00e1rea de ITUs recorrentes e cr\u00f4nicas e como podemos colaborar ou conectar voc\u00ea \u00e0 nossa comunidade. Talvez voc\u00ea j\u00e1 esteja familiarizado com nosso <span style=\"color: #c74f4d;\"><a href=\"https:\/\/liveutifree.com\/wp-content\/uploads\/2024\/03\/2024-Improving-Treatment-Pathways-for-Patients-with-Lower-Urinary-Tract-Symptoms.pdf\" style=\"color: #c74f4d;\"><span style=\"text-decoration: underline;\">recurso cl\u00ednico (pdf)<\/span><\/a><\/span> ou nosso <span style=\"color: #c74f4d;\"><a href=\"https:\/\/liveutifree.com\/wp-content\/uploads\/2025\/03\/TTYD-Patient-Guidelines-1.pdf\" style=\"color: #c74f4d;\"><span style=\"text-decoration: underline;\">guia para ajudar os pacientes a se prepararem para as consultas (pdf)<\/span><\/a><\/span>.  <\/p>\n<p>Para todos os nossos colaboradores atuais, esperamos que essas informa\u00e7\u00f5es forne\u00e7am insights sobre novas maneiras de trabalharmos juntos.<\/p><\/div><hr class=\"x-line e555093-e8-v0 mbwb9-17 mbwb9-18\"\/><div style=\"--tco-dcbwb9-0:;--tco-dcbwb9-1:;\" class=\"x-text x-text-headline e555093-e9-v0 mbwb9-10 mbwb9-12 mbwb9-13 mbwb9-1\"><div class=\"x-text-content\"><div class=\"x-text-content-text\"><h3 class=\"x-text-content-text-primary\">Getting to know our community<\/h3>\n<\/div><\/div><\/div><hr class=\"x-line e555093-e10-v0 mbwb9-16 mbwb9-17\"\/><div class=\"x-div e555093-e11 mbwb9-t mbwb9-u mbwb9-v\"><div class=\"x-grid x-hide-sm x-hide-xs e555093-e12 mbwb9-1q mbwb9-1r\"><div class=\"x-cell e555093-e13 mbwb9-1t mbwb9-1u mbwb9-1v mbwb9-1w mbwb9-1x mbwb9-1y\"><div class=\"x-text x-content e555093-e14 mbwb9-1a mbwb9-1c mbwb9-1d mbwb9-1e mbwb9-1f\"><p>130+<\/p><\/div><div class=\"x-text x-content e555093-e15 mbwb9-1a mbwb9-1b mbwb9-1c mbwb9-1f mbwb9-1g mbwb9-1h mbwb9-1i body-small\">Pa\u00edses com envios de question\u00e1rios<\/div><\/div><div class=\"x-cell x-hide-sm e555093-e16 mbwb9-1t mbwb9-1u mbwb9-1v mbwb9-1w mbwb9-1y mbwb9-1z\"><\/div><div class=\"x-cell e555093-e17 mbwb9-1t mbwb9-1u mbwb9-1v mbwb9-1w mbwb9-1x mbwb9-1y\"><div class=\"x-text x-content e555093-e18 mbwb9-1a mbwb9-1c mbwb9-1d mbwb9-1e mbwb9-1f\">1M+<\/div><div class=\"x-text x-content e555093-e19 mbwb9-1a mbwb9-1b mbwb9-1c mbwb9-1f mbwb9-1h mbwb9-1j body-small\">Visitantes do site a cada ano<\/div><\/div><div class=\"x-cell x-hide-sm e555093-e20 mbwb9-1t mbwb9-1u mbwb9-1v mbwb9-1w mbwb9-1y mbwb9-1z\"><\/div><div class=\"x-cell e555093-e21 mbwb9-1t mbwb9-1u mbwb9-1v mbwb9-1w mbwb9-1x mbwb9-1y\"><div class=\"x-text x-content e555093-e22 mbwb9-1a mbwb9-1c mbwb9-1d mbwb9-1e mbwb9-1f\">30K+<\/div><div class=\"x-text x-content e555093-e23 mbwb9-1a mbwb9-1b mbwb9-1c mbwb9-1f mbwb9-1g mbwb9-1k body-small\"><p>Lista de correspond\u00eancia de pacientes<\/p><\/div><\/div><div class=\"x-cell x-hide-sm e555093-e24 mbwb9-1t mbwb9-1u mbwb9-1v mbwb9-1w mbwb9-1y mbwb9-1z\"><\/div><div class=\"x-cell e555093-e25 mbwb9-1t mbwb9-1u mbwb9-1v mbwb9-1w mbwb9-1x mbwb9-1y mbwb9-20 mbwb9-21\"><div class=\"x-text x-content e555093-e26 mbwb9-1a mbwb9-1c mbwb9-1d mbwb9-1e mbwb9-1f\"><p>930K<\/p><\/div><div class=\"x-text x-content e555093-e27 mbwb9-1a mbwb9-1b mbwb9-1c mbwb9-1f mbwb9-1g mbwb9-1h body-small\"><p>Visualiza\u00e7\u00f5es no YouTube e 10 mil assinantes<\/p><\/div><\/div><div class=\"x-cell x-hide-md x-hide-sm e555093-e28 mbwb9-1t mbwb9-1u mbwb9-1v mbwb9-1w mbwb9-1y mbwb9-1z\"><\/div><div class=\"x-cell e555093-e29 mbwb9-1t mbwb9-1u mbwb9-1v mbwb9-1w mbwb9-1x mbwb9-1y mbwb9-21 mbwb9-22\"><div class=\"x-text x-content e555093-e30 mbwb9-1a mbwb9-1c mbwb9-1d mbwb9-1e mbwb9-1f\">80K<\/div><div class=\"x-text x-content e555093-e31 mbwb9-1a mbwb9-1b mbwb9-1c mbwb9-1f mbwb9-1h mbwb9-1l body-small\">Envios de question\u00e1rios de pacientes<\/div><\/div><div class=\"x-cell x-hide-md x-hide-sm e555093-e32 mbwb9-1t mbwb9-1u mbwb9-1v mbwb9-1w mbwb9-1y mbwb9-1z\"><\/div><div class=\"x-cell e555093-e33 mbwb9-1t mbwb9-1u mbwb9-1v mbwb9-1w mbwb9-1x mbwb9-1y\"><div class=\"x-text x-content e555093-e34 mbwb9-1a mbwb9-1c mbwb9-1d mbwb9-1e mbwb9-1f\">95.6%<\/div><div class=\"x-text x-content e555093-e35 mbwb9-1a mbwb9-1b mbwb9-1c mbwb9-1f mbwb9-1g mbwb9-1i mbwb9-1k mbwb9-1m body-small\"><p>Sexo biol\u00f3gico feminino<\/p><\/div><\/div><div class=\"x-cell x-hide-sm x-hide-xs e555093-e36 mbwb9-1t mbwb9-1u mbwb9-1v mbwb9-1w mbwb9-1y mbwb9-1z\"><\/div><div class=\"x-cell e555093-e37 mbwb9-1t mbwb9-1u mbwb9-1v mbwb9-1w mbwb9-1x mbwb9-1y\"><div class=\"x-text x-content e555093-e38 mbwb9-1a mbwb9-1c mbwb9-1d mbwb9-1e mbwb9-1f\">13.4%<\/div><div class=\"x-text x-content e555093-e39 mbwb9-1a mbwb9-1b mbwb9-1c mbwb9-1f mbwb9-1g mbwb9-1h body-small\">Apresenta sintomas cont\u00ednuos de ITU<\/div><\/div><div class=\"x-cell x-hide-sm e555093-e40 mbwb9-1t mbwb9-1u mbwb9-1v mbwb9-1w mbwb9-1y mbwb9-1z\"><\/div><div class=\"x-cell e555093-e41 mbwb9-1t mbwb9-1u mbwb9-1v mbwb9-1w mbwb9-1x mbwb9-1y\"><div class=\"x-text x-content e555093-e42 mbwb9-1a mbwb9-1c mbwb9-1d mbwb9-1e mbwb9-1f\">25%<\/div><div class=\"x-text x-content e555093-e43 mbwb9-1a mbwb9-1b mbwb9-1c mbwb9-1f mbwb9-1g mbwb9-1h body-small\"><p>Apresentar sintomas de ITU a cada um m\u00eas ou menos<\/p><\/div><\/div><div class=\"x-cell e555093-e44 mbwb9-1u mbwb9-1y mbwb9-23 mbwb9-24\"><span class=\"x-image x-hide-lg x-hide-md x-hide-sm x-hide-xl x-hide-xs e555093-e45 mbwb9-26 mbwb9-27\"><img decoding=\"async\" src=\"https:\/\/liveutifree.com\/wp-content\/uploads\/2025\/06\/Screenshot-2023-02-01-at-17.39.24-1-min-scaled.png\" width=\"1280\" height=\"297\" alt=\"Uma pessoa examina uma amostra em um microsc\u00f3pio, com um bal\u00e3o de fala que diz: 8 em cada 10 relataram que seu tratamento de ITU falhou ou resultou em outra recorr\u00eancia.\" loading=\"lazy\"><\/span><div class=\"x-grid e555093-e46 mbwb9-1q mbwb9-1s\"><div class=\"x-cell e555093-e47 mbwb9-1t mbwb9-1u mbwb9-1y mbwb9-24\"><span class=\"x-image e555093-e48 mbwb9-26 mbwb9-27\"><img decoding=\"async\" src=\"https:\/\/liveutifree.com\/wp-content\/uploads\/2025\/07\/scientest-img.png\" width=\"379\" height=\"375\" alt=\"Desenho de linha de um cientista com jaleco e \u00f3culos examinando uma amostra em um microsc\u00f3pio.\" loading=\"lazy\"><\/span><\/div><div class=\"x-cell e555093-e49 mbwb9-1w mbwb9-1y mbwb9-25\"><div class=\"x-div e555093-e50 mbwb9-q mbwb9-s mbwb9-t mbwb9-w mbwb9-x\"><div class=\"x-text x-content e555093-e51 mbwb9-1a mbwb9-1d mbwb9-1f mbwb9-1n\">8 em cada 10 pessoas que responderam ao question\u00e1rio disseram <span style=\"color: #008071;\"><strong>seu tratamento de ITU falhou imediatamente<\/strong><\/span> ou resultou em outra recorr\u00eancia.<\/div><\/div><\/div><\/div><\/div><\/div><div class=\"x-row x-hide-lg x-hide-md x-hide-xl e555093-e52 mbwb9-3 mbwb9-5 mbwb9-8 mbwb9-a\"><div class=\"x-row-inner\"><div class=\"x-col e555093-e53 mbwb9-k mbwb9-m mbwb9-n\"><div class=\"x-text x-content e555093-e54 mbwb9-1a mbwb9-1c mbwb9-1d mbwb9-1e mbwb9-1f\"><p>130+<\/p><\/div><div class=\"x-text x-content e555093-e55 mbwb9-1a mbwb9-1b mbwb9-1c mbwb9-1f mbwb9-1o body-small\"><p>Pa\u00edses com envios de question\u00e1rios<\/p><\/div><\/div><div class=\"x-col e555093-e56 mbwb9-k mbwb9-m mbwb9-n\"><div class=\"x-text x-content e555093-e57 mbwb9-1a mbwb9-1c mbwb9-1d mbwb9-1e mbwb9-1f\">1M+<\/div><div class=\"x-text x-content e555093-e58 mbwb9-1a mbwb9-1b mbwb9-1c mbwb9-1f mbwb9-1p body-small\">Visitantes do site a cada ano<\/div><\/div><div class=\"x-col e555093-e59 mbwb9-k mbwb9-m mbwb9-n\"><div class=\"x-text x-content e555093-e60 mbwb9-1a mbwb9-1c mbwb9-1d mbwb9-1e mbwb9-1f\"><p>930K<\/p><\/div><div class=\"x-text x-content e555093-e61 mbwb9-1a mbwb9-1b mbwb9-1c mbwb9-1f mbwb9-1m body-small\">Visualiza\u00e7\u00f5es no YouTube e 3,5 mil assinantes<\/div><\/div><div class=\"x-col e555093-e62 mbwb9-k mbwb9-m mbwb9-n\"><div class=\"x-text x-content e555093-e63 mbwb9-1a mbwb9-1c mbwb9-1d mbwb9-1e mbwb9-1f\">200K<\/div><div class=\"x-text x-content e555093-e64 mbwb9-1a mbwb9-1b mbwb9-1c mbwb9-1f mbwb9-1m body-small\"><p>Visualiza\u00e7\u00f5es no YouTube e 10 mil assinantes<\/p><\/div><\/div><div class=\"x-col e555093-e65 mbwb9-k mbwb9-m mbwb9-n\"><div class=\"x-text x-content e555093-e66 mbwb9-1a mbwb9-1c mbwb9-1d mbwb9-1e mbwb9-1f\">80K<\/div><div class=\"x-text x-content e555093-e67 mbwb9-1a mbwb9-1b mbwb9-1c mbwb9-1f body-small\">Envios de question\u00e1rios de pacientes<\/div><\/div><div class=\"x-col e555093-e68 mbwb9-k mbwb9-m mbwb9-n\"><div class=\"x-text x-content e555093-e69 mbwb9-1a mbwb9-1c mbwb9-1d mbwb9-1e mbwb9-1f\">95.6%<\/div><div class=\"x-text x-content e555093-e70 mbwb9-1a mbwb9-1b mbwb9-1c mbwb9-1f body-small\">Sexo biol\u00f3gico feminino<\/div><\/div><div class=\"x-col e555093-e71 mbwb9-k mbwb9-m mbwb9-n\"><div class=\"x-text x-content e555093-e72 mbwb9-1a mbwb9-1c mbwb9-1d mbwb9-1e mbwb9-1f\">13.4%<\/div><div class=\"x-text x-content e555093-e73 mbwb9-1a mbwb9-1b mbwb9-1c mbwb9-1f mbwb9-1m body-small\">Apresenta sintomas cont\u00ednuos de ITU<\/div><\/div><div class=\"x-col e555093-e74 mbwb9-k mbwb9-m mbwb9-n\"><div class=\"x-text x-content e555093-e75 mbwb9-1a mbwb9-1c mbwb9-1d mbwb9-1e mbwb9-1f\">25%<\/div><div class=\"x-text x-content e555093-e76 mbwb9-1a mbwb9-1b mbwb9-1c mbwb9-1f mbwb9-1m body-small\">Apresentar sintomas de ITU a cada um m\u00eas ou menos<\/div><\/div><div class=\"x-col e555093-e77 mbwb9-k mbwb9-m mbwb9-n mbwb9-o\"><div class=\"x-div e555093-e78 mbwb9-q mbwb9-s mbwb9-t mbwb9-w\"><div class=\"x-text x-content e555093-e79 mbwb9-1a mbwb9-1d mbwb9-1f mbwb9-1n\">8 em cada 10 pessoas que responderam ao question\u00e1rio disseram <span style=\"color: #008071;\"><strong>seu tratamento de ITU falhou imediatamente<\/strong><\/span> ou resultou em outra recorr\u00eancia.<\/div><\/div><span class=\"x-image e555093-e80 mbwb9-26 mbwb9-28 mbwb9-29\"><img decoding=\"async\" src=\"https:\/\/liveutifree.com\/wp-content\/uploads\/2025\/07\/scientest-img.png\" width=\"379\" height=\"375\" alt=\"Desenho de linha de um cientista com jaleco e \u00f3culos examinando uma amostra em um microsc\u00f3pio.\" loading=\"lazy\"><\/span><\/div><\/div><\/div><\/div><\/div><\/div><\/div><\/div><\/div><div class=\"x-section e555093-e81 mbwb9-0\"><div class=\"x-row x-container max width e555093-e82 mbwb9-3 mbwb9-4 mbwb9-8 mbwb9-b\"><div class=\"x-row-inner\"><div class=\"x-col e555093-e83 mbwb9-k mbwb9-l mbwb9-m\"><div class=\"x-div e555093-e84 mbwb9-q mbwb9-r mbwb9-s mbwb9-t mbwb9-u\"><div class=\"x-text x-text-headline e555093-e85 mbwb9-z mbwb9-10 heading-03\"><div class=\"x-text-content\"><div class=\"x-text-content-text\"><h2 class=\"x-text-content-text-primary\">Participe de nossa rede de indica\u00e7\u00e3o de m\u00e9dicos<\/h2>\n<\/div><\/div><\/div><hr class=\"x-line e555093-e86-v0 mbwb9-16 mbwb9-17\"\/><\/div><div class=\"x-row e555093-e87 mbwb9-3 mbwb9-4 mbwb9-6 mbwb9-8 mbwb9-c\"><div class=\"x-row-inner\"><div class=\"x-col e555093-e88 mbwb9-k mbwb9-m mbwb9-n\"><span class=\"x-image e555093-e89 mbwb9-26 mbwb9-27 mbwb9-29 mbwb9-2a\"><img decoding=\"async\" src=\"https:\/\/liveutifree.com\/wp-content\/uploads\/2022\/07\/Development-of-Symptom-Measurement-Tools-tab.png\" width=\"502\" height=\"500\" alt=\"Cl\u00ednicos e pacientes\" loading=\"lazy\"><\/span><\/div><div class=\"x-col e555093-e90 mbwb9-k mbwb9-l mbwb9-p\"><div class=\"x-text x-content e555093-e91 mbwb9-1a mbwb9-1b mbwb9-1c body-medium\"><p>Como uma organiza\u00e7\u00e3o de pesquisa e defesa de pacientes no centro da comunidade de ITUs recorrentes e cr\u00f4nicas, os m\u00e9dicos s\u00e3o recomendados a n\u00f3s diariamente.<\/p>\n<p>Valorizamos essas recomenda\u00e7\u00f5es porque recebemos mais de 20 solicita\u00e7\u00f5es por dia para encaminhamento a m\u00e9dicos. Nossa comunidade de pacientes \u00e9 imensa, e conectar nossa comunidade com m\u00e9dicos que podem ajudar \u00e9 uma de nossas principais atividades. <\/p>\n<p><\/p><\/div><\/div><\/div><\/div><\/div><div class=\"x-col e555093-e92 mbwb9-k mbwb9-l mbwb9-m\"><div class=\"x-row e555093-e93 mbwb9-3 mbwb9-4 mbwb9-6 mbwb9-8 mbwb9-d\"><div class=\"x-row-inner\"><div class=\"x-col e555093-e94 mbwb9-k mbwb9-l mbwb9-m\"><div class=\"x-text x-content e555093-e95 mbwb9-1a mbwb9-1b mbwb9-1c body-medium\"><p>Como parte de nossa rede de m\u00e9dicos, voc\u00ea ter\u00e1 a oportunidade de fornecer mais informa\u00e7\u00f5es sobre sua pr\u00e1tica para que possamos conect\u00e1-lo da melhor forma poss\u00edvel com pacientes que possam se beneficiar de sua abordagem.<\/p>\n<p><strong>As informa\u00e7\u00f5es sobre os m\u00e9dicos de nossa rede n\u00e3o s\u00e3o publicadas diretamente em nosso site, mas s\u00e3o fornecidas por e-mail aos pacientes mediante solicita\u00e7\u00e3o, com base na regi\u00e3o e nos requisitos do paciente.<\/strong><\/p>\n<p>Nosso servi\u00e7o de indica\u00e7\u00e3o de m\u00e9dicos \u00e9 gratuito para pacientes e m\u00e9dicos, e nossa rede atualmente cont\u00e9m cerca de 250 m\u00e9dicos de diferentes especialidades e em diferentes pa\u00edses. Consulte nossa <span style=\"color: #c74f4d;\"><a href=\"https:\/\/liveutifree.com\/pt-br\/legal-luf\/\" style=\"color: #c74f4d;\"><span style=\"text-decoration: underline;\">pol\u00edtica de privacidade<\/span><\/a><\/span> para obter mais informa\u00e7\u00f5es sobre como as informa\u00e7\u00f5es que voc\u00ea fornece s\u00e3o usadas. <\/p><\/div><\/div><div class=\"x-col e555093-e96 mbwb9-k mbwb9-m mbwb9-n\"><a class=\"x-anchor x-anchor-button e555093-e97 mbwb9-2b\" tabindex=\"0\" href=\"https:\/\/airtable.com\/appzPvbWbNfQVsK6U\/shrEbxA2eI2IM4Pa2\"><div class=\"x-anchor-content\"><div class=\"x-anchor-text\"><span class=\"x-anchor-text-primary\">Participe de nossa rede de indica\u00e7\u00e3o de m\u00e9dicos<\/span><\/div><\/div><\/a><\/div><\/div><\/div><\/div><\/div><\/div><\/div><div class=\"x-section e555093-e98 mbwb9-0\"><div class=\"x-row x-container max width e555093-e99 mbwb9-3 mbwb9-4 mbwb9-8 mbwb9-e\"><div class=\"x-row-inner\"><div class=\"x-col e555093-e100 mbwb9-k mbwb9-l mbwb9-m\"><div class=\"x-div e555093-e101 mbwb9-q mbwb9-r mbwb9-s mbwb9-t mbwb9-u\"><div class=\"x-text x-text-headline e555093-e102 mbwb9-z mbwb9-10 heading-03\"><div class=\"x-text-content\"><div class=\"x-text-content-text\"><h2 class=\"x-text-content-text-primary\">Compartilhe sua experi\u00eancia em nosso canal do YouTube<\/h2>\n<\/div><\/div><\/div><hr class=\"x-line e555093-e103-v0 mbwb9-16 mbwb9-17\"\/><div class=\"x-row e555093-e104 mbwb9-3 mbwb9-4 mbwb9-7 mbwb9-8 mbwb9-f\"><div class=\"x-row-inner\"><div class=\"x-col e555093-e105 mbwb9-k mbwb9-m mbwb9-n\"><a class=\"x-image e555093-e106 mbwb9-26 mbwb9-27 mbwb9-29\" href=\"https:\/\/www.youtube.com\/@LiveUTIFree\/videos\" target=\"_blank\" rel=\"noopener noreferrer\"><img decoding=\"async\" src=\"https:\/\/liveutifree.com\/wp-content\/uploads\/2023\/02\/Screenshot-2023-02-01-at-17.46.06.png\" width=\"788\" height=\"289\" alt=\"Duas miniaturas de v\u00eddeos do YouTube sobre ITUs e sa\u00fade da mulher, com a participa\u00e7\u00e3o das m\u00e9dicas Dra. Carley Akehurst e Dra. Rachel Rubin, com os insights da LUF destacados e a dura\u00e7\u00e3o dos v\u00eddeos exibida.\" loading=\"lazy\"><\/a><\/div><div class=\"x-col e555093-e107 mbwb9-k mbwb9-m mbwb9-n\"><a class=\"x-image e555093-e108 mbwb9-26 mbwb9-27 mbwb9-29\" href=\"https:\/\/www.youtube.com\/@LiveUTIFree\/videos\" target=\"_blank\" rel=\"noopener noreferrer\"><img decoding=\"async\" src=\"https:\/\/liveutifree.com\/wp-content\/uploads\/2023\/02\/Screenshot-2023-02-01-at-17.46.34.png\" width=\"790\" height=\"318\" alt=\"Duas miniaturas de v\u00eddeo do YouTube mostram m\u00e9dicos falando sobre infec\u00e7\u00f5es do trato urin\u00e1rio (ITUs). Em um v\u00eddeo, voc\u00ea discute a resposta imunol\u00f3gica \u00e0s ITUs e, no outro, as ITUs em crian\u00e7as e idosos.\" loading=\"lazy\"><\/a><\/div><\/div><\/div><hr class=\"x-line e555093-e109-v0 mbwb9-17 mbwb9-18\"\/><div class=\"x-row e555093-e110 mbwb9-3 mbwb9-4 mbwb9-7 mbwb9-8 mbwb9-g\"><div class=\"x-row-inner\"><div class=\"x-col e555093-e111 mbwb9-k mbwb9-m mbwb9-n\"><div class=\"x-text x-content e555093-e112 mbwb9-1a mbwb9-1b mbwb9-1c body-medium\"><p>Nossa s\u00e9rie de <a href=\"https:\/\/www.youtube.com\/@LiveUTIFree\/videos\"><span style=\"text-decoration: underline;\">s\u00e9rie de entrevistas com especialistas e dicas pr\u00e1ticas no YouTub<\/span><\/a>e oferece a m\u00e9dicos e pesquisadores uma plataforma para compartilhar seus conhecimentos e percep\u00e7\u00f5es sobre ITUs recorrentes e t\u00f3picos relacionados.<\/p>\n<p>Coletamos perguntas da nossa comunidade e convidamos especialistas para compartilhar suas respostas nesta s\u00e9rie popular. O envolvimento com a nossa comunidade dessa forma n\u00e3o s\u00f3 permite que os membros da comunidade conhe\u00e7am os m\u00e9dicos dessa \u00e1rea, mas tamb\u00e9m oferece aos m\u00e9dicos a chance de entender melhor o que \u00e9 importante para os pacientes. <\/p>\n<p>Se voc\u00ea gostaria de compartilhar sua pesquisa ou discutir uma \u00e1rea da sa\u00fade p\u00e9lvica, <a href=\"https:\/\/liveutifree.com\/pt-br\/contato-luf\/\"><span style=\"text-decoration: underline;\">entre em contato!<\/span><\/a><\/p><\/div><\/div><\/div><\/div><\/div><\/div><\/div><\/div><\/div><div class=\"x-section e555093-e113 mbwb9-0\"><div class=\"x-row x-container max width e555093-e114 mbwb9-3 mbwb9-4 mbwb9-8 mbwb9-h\"><div class=\"x-row-inner\"><div class=\"x-col e555093-e115 mbwb9-k mbwb9-l mbwb9-m\"><div class=\"x-div e555093-e116 mbwb9-q mbwb9-r mbwb9-t mbwb9-u mbwb9-y\"><div class=\"x-text x-text-headline e555093-e117 mbwb9-z mbwb9-10 heading-03\"><div class=\"x-text-content\"><div class=\"x-text-content-text\"><h2 class=\"x-text-content-text-primary\">Colabore conosco em pesquisas<\/h2>\n<\/div><\/div><\/div><hr class=\"x-line e555093-e118-v0 mbwb9-16 mbwb9-17\"\/><div class=\"x-text x-content e555093-e119 mbwb9-19 mbwb9-1a mbwb9-1b mbwb9-1c body-medium\"><p>A pesquisa \u00e9 fundamental para tudo o que fazemos, e coletamos o maior conjunto de dados sobre a experi\u00eancia do paciente com ITU do mundo. Fornecemos suporte a outros pesquisadores de v\u00e1rias maneiras, incluindo: <\/p>\n\n<ul>\n \t<li>Recrutamento de participantes<\/li>\n \t<li>Assessoria para o envolvimento do p\u00fablico e dos pacientes<\/li>\n \t<li>Desenho do question\u00e1rio do paciente<\/li>\n \t<li>Desenho do estudo<\/li>\n \t<li>Colabora\u00e7\u00e3o em solicita\u00e7\u00f5es de financiamento<\/li>\n<\/ul>\n<p>Os pesquisadores podem utilizar nossas medidas de resultados relatados pelos pacientes (PROMs) recentemente publicadas para ITUs recorrentes:<\/p>\n\n<ol>\n \t<li><a href=\"https:\/\/bjui-journals.onlinelibrary.wiley.com\/doi\/10.1002\/bco2.222\" target=\"_blank\" rel=\"noopener\"><span style=\"text-decoration: underline;\">A escala de sintomas de infec\u00e7\u00e3o recorrente do trato urin\u00e1rio (RUTISS)<\/span><\/a><\/li>\n \t<li><a href=\"https:\/\/link.springer.com\/article\/10.1007\/s11136-023-03348-7\" target=\"_blank\" rel=\"noopener\"><span style=\"text-decoration: underline;\">Question\u00e1rio de impacto da infec\u00e7\u00e3o recorrente do trato urin\u00e1rio (RUTIIQ)<\/span><\/a><\/li>\n<\/ol>\n<p>Para obter mais informa\u00e7\u00f5es sobre como podemos colaborar com a pesquisa, por favor<span> <\/span><span style=\"color: #c74f4d;\"><a href=\"https:\/\/liveutifree.com\/pt-br\/contato-luf\/\" style=\"color: #c74f4d;\"><span style=\"text-decoration: underline;\">envie-nos um e-mail<\/span><\/a><\/span>.<\/p><\/div><\/div><\/div><\/div><\/div><\/div><div class=\"x-section e555093-e120 mbwb9-0\"><div class=\"x-row x-container max width e555093-e121 mbwb9-3 mbwb9-4 mbwb9-8 mbwb9-i\"><div class=\"x-row-inner\"><div class=\"x-col e555093-e122 mbwb9-k mbwb9-l mbwb9-m\"><div class=\"x-div e555093-e123 mbwb9-q mbwb9-r mbwb9-s mbwb9-t mbwb9-u\"><div class=\"x-text x-text-headline e555093-e124 mbwb9-z mbwb9-10 mbwb9-14 heading-03\"><div class=\"x-text-content\"><div class=\"x-text-content-text\"><h2 class=\"x-text-content-text-primary\">Participe de uma s\u00e9rie de \"pergunte-me qualquer coisa\" nas m\u00eddias sociais<\/h2>\n<\/div><\/div><\/div><hr class=\"x-line e555093-e125-v0 mbwb9-16 mbwb9-17\"\/><span class=\"x-image e555093-e126 mbwb9-26 mbwb9-27\"><img decoding=\"async\" src=\"https:\/\/liveutifree.com\/wp-content\/uploads\/2021\/11\/1.png\" width=\"540\" height=\"540\" alt=\"Krystal Thomas-White AMA\" loading=\"lazy\"><\/span><hr class=\"x-line e555093-e127-v0 mbwb9-16 mbwb9-17\"\/><div class=\"x-text x-content e555093-e128 mbwb9-19 mbwb9-1a mbwb9-1b mbwb9-1c body-medium\"><p>As conversas sobre ITU ocorrem em v\u00e1rias plataformas, e n\u00f3s nos envolvemos com a nossa comunidade frequentemente nas m\u00eddias sociais. Uma das maneiras de conectar os m\u00e9dicos com os pacientes nas m\u00eddias sociais \u00e9 por meio da s\u00e9rie \"Ask Me Anything\" (Pergunte-me qualquer coisa), em que nosso p\u00fablico envia perguntas e nosso especialista responde uma por semana. <\/p>\n<p>Se voc\u00ea estiver disposto a fazer um \"AMA\", <span style=\"color: #c74f4d;\"><a href=\"https:\/\/liveutifree.com\/pt-br\/contato-luf\/\" style=\"color: #c74f4d;\"><span style=\"text-decoration: underline;\">entre em contato com voc\u00ea por e-mail<\/span><\/a><\/span> ou melhor ainda, <a href=\"https:\/\/www.instagram.com\/liveutifree\/\" target=\"_blank\" rel=\"noopener\"><span style=\"text-decoration: underline;\">envie-nos uma DM no Instagram<\/span><\/a>.<\/p><\/div><\/div><\/div><\/div><\/div><\/div><div class=\"x-section e555093-e129 mbwb9-0\"><div class=\"x-row x-container max width e555093-e130 mbwb9-3 mbwb9-4 mbwb9-8 mbwb9-j\"><div class=\"x-row-inner\"><div class=\"x-col e555093-e131 mbwb9-k mbwb9-l mbwb9-m\"><div class=\"x-div e555093-e132 mbwb9-q mbwb9-r mbwb9-t mbwb9-u mbwb9-y\"><div style=\"--tco-dcbwb9-2:;--tco-dcbwb9-3:;\" class=\"x-text x-text-headline e555093-e133-v0 mbwb9-10 mbwb9-13 mbwb9-15 mbwb9-2\"><div class=\"x-text-content\"><div class=\"x-text-content-text\"><h2 class=\"x-text-content-text-primary\">Author An Article On A Special Interest Area<\/h2>\n<\/div><\/div><\/div><hr class=\"x-line e555093-e134-v0 mbwb9-16 mbwb9-17\"\/><div class=\"x-text x-content e555093-e135 mbwb9-19 mbwb9-1a mbwb9-1b mbwb9-1c body-medium\"><p>Gostamos de compartilhar conte\u00fado baseado em evid\u00eancias de autores com experi\u00eancia pr\u00e1tica e colaboramos com m\u00e9dicos e pesquisadores para que isso aconte\u00e7a. Nossa comunidade aprecia a oportunidade de aprender sobre uma ampla variedade de t\u00f3picos com especialistas em suas \u00e1reas. <\/p>\n<p>Ao criar conte\u00fado em nosso site, voc\u00ea ter\u00e1 a oportunidade de compartilhar mais sobre sua pr\u00f3pria pr\u00e1tica e direcionar os leitores para seu pr\u00f3prio site. Veja alguns de nossos artigos especializados: <\/p>\n\n<ol>\n \t<li><a href=\"https:\/\/liveutifree.com\/pt-br\/itu-e-menopausa-o-estrogenio-pode-melhorar-a-itu-recorrente\/\"><span style=\"text-decoration: underline;\">ITU e menopausa: O estrog\u00eanio pode melhorar a ITU recorrente<\/span><\/a><\/li>\n \t<li><a href=\"https:\/\/liveutifree.com\/pt-br\/vitamina-c-para-itu-isso-funciona\/\"><span style=\"text-decoration: underline;\">Vitamina C para ITU: isso funciona?<\/span><\/a><\/li>\n \t<li><a href=\"https:\/\/liveutifree.com\/pt-br\/itu-durante-a-gravidez-seguranca-tratamento-e-prevencao\/\"><span style=\"text-decoration: underline;\">ITU durante a gravidez: Seguran\u00e7a, tratamento e preven\u00e7\u00e3o<\/span><\/a><\/li>\n<\/ol>\n<p><span>Gostar\u00edamos muito de ouvir voc\u00ea se tiver uma ideia para um artigo. <\/span><a href=\"https:\/\/liveutifree.com\/pt-br\/contato-luf\/\"><span style=\"text-decoration: underline;\">entre em contato conosco<\/span><\/a><span>.<\/span><\/p><\/div><\/div><\/div><\/div><\/div><\/div><\/div>","protected":false},"excerpt":{"rendered":"<p>Como os m\u00e9dicos podem se envolver Se voc\u00ea \u00e9 novo aqui, seja bem-vindo \u00e0 nossa comunidade. Estamos ansiosos para saber mais sobre sua experi\u00eancia na \u00e1rea de ITUs recorrentes e cr\u00f4nicas e como podemos colaborar ou conectar voc\u00ea \u00e0 nossa comunidade. Talvez voc\u00ea j\u00e1 esteja familiarizado com nosso recurso cl\u00ednico (pdf) ou nosso guia para ajudar os pacientes a se &#8230; <\/p>\n<div><a href=\"https:\/\/liveutifree.com\/pt-br\/clinicos-luf\/\" class=\"more-link\">Read More<\/a><\/div>\n","protected":false},"author":7,"featured_media":0,"parent":0,"menu_order":65,"comment_status":"closed","ping_status":"closed","template":"template-blank-4.php","meta":{"_acf_changed":false,"inline_featured_image":false,"footnotes":""},"class_list":["post-555093","page","type-page","status-publish","hentry","no-post-thumbnail"],"acf":[],"featured_image_src":null,"_links":{"self":[{"href":"https:\/\/liveutifree.com\/pt-br\/wp-json\/wp\/v2\/pages\/555093","targetHints":{"allow":["GET"]}}],"collection":[{"href":"https:\/\/liveutifree.com\/pt-br\/wp-json\/wp\/v2\/pages"}],"about":[{"href":"https:\/\/liveutifree.com\/pt-br\/wp-json\/wp\/v2\/types\/page"}],"author":[{"embeddable":true,"href":"https:\/\/liveutifree.com\/pt-br\/wp-json\/wp\/v2\/users\/7"}],"replies":[{"embeddable":true,"href":"https:\/\/liveutifree.com\/pt-br\/wp-json\/wp\/v2\/comments?post=555093"}],"version-history":[{"count":2,"href":"https:\/\/liveutifree.com\/pt-br\/wp-json\/wp\/v2\/pages\/555093\/revisions"}],"predecessor-version":[{"id":574583,"href":"https:\/\/liveutifree.com\/pt-br\/wp-json\/wp\/v2\/pages\/555093\/revisions\/574583"}],"wp:attachment":[{"href":"https:\/\/liveutifree.com\/pt-br\/wp-json\/wp\/v2\/media?parent=555093"}],"curies":[{"name":"wp","href":"https:\/\/api.w.org\/{rel}","templated":true}]}}