{"id":558155,"date":"2025-09-07T11:01:35","date_gmt":"2025-09-07T11:01:35","guid":{"rendered":"https:\/\/liveutifree.com\/linee-guida-della-comunita-luf\/"},"modified":"2025-10-23T14:15:32","modified_gmt":"2025-10-23T14:15:32","slug":"linee-guida-della-comunita-luf","status":"publish","type":"page","link":"https:\/\/liveutifree.com\/it\/linee-guida-della-comunita-luf\/","title":{"rendered":"Linee guida della comunit\u00e0"},"content":{"rendered":"<div id=\"cs-content\" class=\"cs-content\"><div class=\"x-section e558155-e1 mbyob-0\"><div class=\"x-row e558155-e2 mbyob-1 mbyob-2\"><div class=\"x-row-inner\"><div class=\"x-col e558155-e3 mbyob-3\"><div class=\"x-text x-text-headline e558155-e4 mbyob-4 mbyob-5 heading-02\"><div class=\"x-text-content\"><div class=\"x-text-content-text\"><h1 class=\"x-text-content-text-primary\">Linee guida della comunit\u00e0 Live UTI Free<\/h1>\n<\/div><\/div><\/div><hr class=\"x-line e558155-e5-v0 mbyob-6\"\/><div class=\"x-text x-content e558155-e6 mbyob-7 mbyob-8 body-medium\"><span>Live UTI Free esiste per aiutare e sostenere la comunit\u00e0 che stiamo costruendo. Per noi \u00e8 estremamente importante creare un luogo sicuro in cui questa comunit\u00e0 possa imparare di pi\u00f9 sulle infezioni del tratto urinario e interagire in modo appropriato. Queste linee guida della comunit\u00e0 mirano a rendere possibile questo obiettivo.  <\/span><\/div><\/div><div class=\"x-col e558155-e7 mbyob-3\"><div class=\"x-text x-text-headline e558155-e8 mbyob-5 heading-03\"><div class=\"x-text-content\"><div class=\"x-text-content-text\"><h2 class=\"x-text-content-text-primary\">Commenti sui post di Live UTI Free<\/h2>\n<\/div><\/div><\/div><hr class=\"x-line e558155-e9-v0 mbyob-6\"\/><div class=\"x-text x-text-headline e558155-e10 mbyob-5 heading-03\"><div class=\"x-text-content\"><div class=\"x-text-content-text\"><h3 class=\"x-text-content-text-primary\">Panoramica<\/h3>\n<\/div><\/div><\/div><hr class=\"x-line e558155-e11-v0 mbyob-6\"\/><div class=\"x-text x-content e558155-e12 mbyob-8 body-medium\"><p>I commenti sono un ottimo modo per fare domande, formulare teorie e condividere informazioni utili. Ti invitiamo a esprimere le tue opinioni e ci piace ascoltare la nostra comunit\u00e0. Abbiamo alcune linee guida per rendere i commenti utili a tutti. Ci teniamo inoltre a mantenere un atteggiamento cortese.   <\/p>\n<p>Ti invitiamo a cercare di aggiungere valore alla conversazione sull'IVU cronica. Dai un'occhiata ai commenti precedenti prima di entrare nella discussione, poi decidi se hai qualcosa di utile da contribuire. <\/p>\n<p>Ci rendiamo conto che si tratta di un argomento molto personale, quindi non \u00e8 necessario utilizzare il tuo vero nome, ma non impersonare mai un'altra persona. Sei legalmente responsabile dei contenuti che invii e, una volta online, chiunque pu\u00f2 leggerli. <\/p>\n<p>A questo proposito, pensa a come gli altri potrebbero percepire il tuo commento prima di inviarlo. L'IVU cronica viene vissuta in modo diverso da ogni persona ed \u00e8 importante che il tuo commento non venga frainteso. <\/p>\n<p>Chiarisci qual \u00e8 il tuo legame con la storia o la ricerca che stai condividendo. Noi di Live UTI Free puntiamo sulla trasparenza. <\/p><\/div><hr class=\"x-line e558155-e13-v0 mbyob-6\"\/><div class=\"x-text x-text-headline e558155-e14 mbyob-5 heading-03\"><div class=\"x-text-content\"><div class=\"x-text-content-text\"><h3 class=\"x-text-content-text-primary\">Chi pu\u00f2 commentare?<\/h3>\n<\/div><\/div><\/div><hr class=\"x-line e558155-e15-v0 mbyob-6\"\/><div class=\"x-text x-content e558155-e16 mbyob-8 body-medium\"><p>Mettiamo a disposizione una sezione commenti su tutti i nostri post perch\u00e9 vogliamo incoraggiare i nostri utenti a fare domande, a condividere le loro storie e a fornirci un feedback prezioso. Accogliamo con piacere il dibattito amichevole e il rispettoso disaccordo delle persone interessate all'IVU cronica e alla salute femminile. <\/p>\n<p>Questo significa che chiunque pu\u00f2 commentare, ma ti chiediamo di attenerti alle regole contenute in queste linee guida della comunit\u00e0. Ti chiediamo inoltre di non duplicare i tuoi commenti in pi\u00f9 punti del sito. Questo non fa altro che diluire le conversazioni su argomenti importanti.  <\/p><\/div><hr class=\"x-line e558155-e17-v0 mbyob-6\"\/><div class=\"x-text x-text-headline e558155-e18 mbyob-5 heading-03\"><div class=\"x-text-content\"><div class=\"x-text-content-text\"><h3 class=\"x-text-content-text-primary\">Esperienze personali e raccomandazioni<\/h3>\n<\/div><\/div><\/div><hr class=\"x-line e558155-e19-v0 mbyob-6\"\/><div class=\"x-text x-content e558155-e20 mbyob-8 body-medium\"><p>In quanto sito di difesa dei pazienti, l'esperienza personale \u00e8 ci\u00f2 che ci spinge. Vogliamo ascoltare le tue storie e conoscere i tuoi progressi. Ci\u00f2 che non ci va bene \u00e8 che gli utenti del nostro sito forniscano raccomandazioni ad altri utenti sulla base della loro esperienza personale di trattamento. Questo vale sia per prodotti specifici che per professionisti, sia che la recensione sia positiva che negativa.   <\/p>\n<p>Non esiste un unico rimedio o trattamento che funzioni per ogni persona che soffre di IVU cronica. Inoltre, ogni persona ha un'esperienza individuale con qualsiasi professionista. Pertanto, non \u00e8 opportuno che una persona raccomandi particolari rimedi e\/o farmaci o operatori a un'altra. Questo tipo di commenti verr\u00e0 rimosso.   <\/p>\n<p>Se invece hai informazioni importanti da condividere su un particolare trattamento o su un professionista dell'IVU cronica,<span> <\/span><a href=\"https:\/\/liveutifree.com\/it\/contatto-luf\/\" rel=\"noopener\">contattaci<\/a><span> <\/span>con noi! In questo modo potremo fare le dovute ricerche e, se opportuno, condividere le informazioni sul nostro sito web. <\/p><\/div><hr class=\"x-line e558155-e21-v0 mbyob-6\"\/><div class=\"x-text x-text-headline e558155-e22 mbyob-5 heading-03\"><div class=\"x-text-content\"><div class=\"x-text-content-text\"><h3 class=\"x-text-content-text-primary\">Riferimenti scientifici<\/h3>\n<\/div><\/div><\/div><hr class=\"x-line e558155-e23-v0 mbyob-6\"\/><div class=\"x-text x-content e558155-e24 mbyob-8 body-medium\"><p>Quando pubblichi un commento su Live UTI Free, accetti che le informazioni che hai condiviso siano vere e corrette al meglio delle tue conoscenze. Se il tuo contributo non \u00e8 basato sulla tua esperienza personale, ti chiediamo di includere le fonti (riferimenti, link) in modo che gli altri possano fare le loro ricerche. <\/p>\n<p>Se ritieni che un commento pubblicato da un altro utente non sia corretto, sii gentile e condividi i tuoi riferimenti che dimostrano il contrario. Vengono pubblicate continuamente nuove ricerche e tutti noi abbiamo bisogno di una mano per tenerci al passo! <\/p>\n<p>In breve, accogliamo con favore il tuo contributo e ti chiediamo di esprimere le tue opinioni supportandole con prove, se pertinenti.<\/p><\/div><hr class=\"x-line e558155-e25-v0 mbyob-6\"\/><div class=\"x-text x-text-headline e558155-e26 mbyob-5 heading-03\"><div class=\"x-text-content\"><div class=\"x-text-content-text\"><h3 class=\"x-text-content-text-primary\">Cortesia generale e comportamenti inappropriati<\/h3>\n<\/div><\/div><\/div><hr class=\"x-line e558155-e27-v0 mbyob-6\"\/><div class=\"x-text x-content e558155-e28 mbyob-8 body-medium\"><p>Si tratta di rispetto. Live UTI Free \u00e8 al centro di una comunit\u00e0 con esperienze molto diverse. Non tollereremo diffamazioni o abusi.  <\/p>\n<p>Sii rispettoso nei confronti degli altri e astieniti da commenti paternalistici, di vergogna o offensivi, minacciosi, osceni, offensivi in qualsiasi modo o discriminatori nei confronti di un gruppo specifico.<\/p>\n<p>Questo include commenti che fanno supposizioni ingiustificate o commenti sprezzanti sull'impegno di una persona a guarire, sulla sua salute generale, sulla sua dieta o sulle sue scelte di vita. I post degli utenti che promuovono o insinuano l'autolesionismo non saranno pubblicati. <\/p>\n<p>Per noi \u00e8 estremamente importante che chi soffre di IVU croniche senta che Live UTI Free \u00e8 un luogo sicuro per saperne di pi\u00f9 sulla scienza alla base di queste condizioni e per fare domande senza ritorsioni.<\/p>\n<p>Se sembra che tu ti sia deliberatamente unito a una discussione al solo scopo di pubblicare commenti sconvolgenti (trolling), il tuo commento sar\u00e0 cancellato.<\/p>\n<p>I contenuti o i nomi utente considerati inadatti alla visione generale non sono accettabili.<\/p>\n<p>Se vedi un commento che infrange queste regole, ti preghiamo di non rispondere.<span> <\/span><span style=\"text-decoration: underline; color: #c74f4d;\"><a href=\"https:\/\/liveutifree.com\/it\/contatto-luf\/\" rel=\"noopener\" style=\"color: #c74f4d; text-decoration: underline;\">Segnalalo<\/a><\/span><span> <\/span>a noi invece. Rimuoveremo tutti i post che violano queste regole, il che significa che anche le risposte saranno cancellate. <\/p><\/div><hr class=\"x-line e558155-e29-v0 mbyob-6\"\/><div class=\"x-text x-text-headline e558155-e30 mbyob-5 heading-03\"><div class=\"x-text-content\"><div class=\"x-text-content-text\"><h3 class=\"x-text-content-text-primary\">Che tipo di consigli \u00e8 opportuno dare<\/h3>\n<\/div><\/div><\/div><hr class=\"x-line e558155-e31-v0 mbyob-6\"\/><div class=\"x-text x-content e558155-e32 mbyob-8 body-medium\"><p>Come abbiamo gi\u00e0 detto, Live UTI Free si basa su approcci basati sull'evidenza e crediamo fermamente che nessun approccio terapeutico possa avere successo per ogni individuo affetto da IVU cronica.<\/p>\n<p>Potrebbe sembrare che ci stiamo accanendo su questo punto, ma crediamo che sia fondamentale. Sebbene incoraggiamo i nostri utenti a condividere le loro storie ed esperienze personali, non permettiamo commenti che raccomandino rimedi o trattamenti specifici in modo da suggerire direttamente agli altri utenti di provarli. <\/p>\n<p>Questo vale anche per i medici e i ricercatori. Se sei un medico o un ricercatore che desidera condividere informazioni rilevanti, ti preghiamo di rendere noto il tuo status professionale al momento della pubblicazione. Accogliamo con piacere i contributi delle comunit\u00e0 mediche e scientifiche e chiediamo che i vostri contributi rispettino la regola \"nessuna raccomandazione specifica\".  <\/p>\n<p>Le informazioni contenute in Live UTI Free non intendono sostituire il rapporto tra il paziente e il suo medico curante. \u00c8 sempre meglio chiedere il parere di un professionista della salute qualificato in merito a qualsiasi informazione trovata sul nostro sito o nei commenti. <\/p><\/div><hr class=\"x-line e558155-e33-v0 mbyob-6\"\/><div class=\"x-text x-text-headline e558155-e34 mbyob-5 heading-03\"><div class=\"x-text-content\"><div class=\"x-text-content-text\"><h3 class=\"x-text-content-text-primary\">Lunghezza dei commenti<\/h3>\n<\/div><\/div><\/div><hr class=\"x-line e558155-e35-v0 mbyob-6\"\/><div class=\"x-text x-content e558155-e36 mbyob-8 body-medium\"><p>Abbiamo limitato la lunghezza dei commenti a 800 caratteri. Usali con saggezza. <\/p>\n<p>800 caratteri dovrebbero essere sufficienti per mantenere viva la discussione. Se hai informazioni pi\u00f9 dettagliate da condividere, <span> <\/span><span style=\"text-decoration: underline; color: #c74f4d;\"><a href=\"https:\/\/liveutifree.com\/it\/contatto-luf\/\" rel=\"noopener\" style=\"color: #c74f4d; text-decoration: underline;\">contattaci<\/a><\/span><span> <\/span>con noi direttamente, saremo lieti di sentirti.<\/p><\/div><hr class=\"x-line e558155-e37-v0 mbyob-6\"\/><div class=\"x-text x-text-headline e558155-e38 mbyob-5 heading-03\"><div class=\"x-text-content\"><div class=\"x-text-content-text\"><h3 class=\"x-text-content-text-primary\">Niente vendite, promozioni o associazioni ingannevoli<\/h3>\n<\/div><\/div><\/div><hr class=\"x-line e558155-e39-v0 mbyob-6\"\/><div class=\"x-text x-content e558155-e40 mbyob-8 body-medium\"><p>Ti preghiamo di non vendere o promuovere prodotti o servizi attraverso i commenti sul nostro sito. Se hai un prodotto o un servizio che ritieni possa essere utile ai nostri lettori, <span> <\/span><span style=\"text-decoration: underline; color: #c74f4d;\"><a href=\"https:\/\/liveutifree.com\/it\/contatto-luf\/\" rel=\"noopener\" style=\"color: #c74f4d; text-decoration: underline;\">contattaci<\/a><\/span><span> <\/span>prima di tutto con noi.<\/p>\n<p>Ti preghiamo di non sottintendere un'associazione o un'approvazione da parte di Live UTI Free senza previo consenso scritto. Inoltre, non puoi in alcun modo utilizzare il nostro nome per promuovere il tuo prodotto. Anche una frase del tipo \"basato sulle informazioni di liveutifree.com\" non \u00e8 accettabile.  <\/p>\n<p>Non appoggiamo singoli prodotti o organizzazioni, se non previo accordo scritto. Questo \u00e8 fondamentale per mantenere il senso di fiducia e trasparenza all'interno della nostra comunit\u00e0. Costruiamo rapporti di collaborazione con le organizzazioni quando ci\u00f2 va a vantaggio del nostro pubblico. Se vuoi discuterne con noi, consulta il nostro sito web   <span> <\/span><span style=\"text-decoration: underline; color: #c74f4d;\"><a href=\"https:\/\/liveutifree.com\/it\/politica-di-finanziamento-luf\/\" rel=\"noopener\" style=\"color: #c74f4d; text-decoration: underline;\">politica di finanziamento<\/a><\/span>.<\/p>\n<p>Tutti i commenti di spam o promozionali saranno rimossi o non saranno pubblicati. Questo include: <\/p>\n\n<ul>\n \t<li>Collegamento a siti web di terzi a scopo promozionale<\/li>\n \t<li>Link a siti web di terze parti che non sono rilevanti per i nostri lettori<\/li>\n \t<li>Qualsiasi commento che contenga solo un link<\/li>\n \t<li>Promuovere un sito web, un account social, un canale YouTube o un'attivit\u00e0 commerciale di terze parti.<\/li>\n \t<li>Promuovere il tuo sito web, i tuoi account social, il tuo canale YouTube o la tua attivit\u00e0.<\/li>\n \t<li>Commenti generati da bot<\/li>\n \t<li>Incollare qualsiasi parte di un altro articolo o sito web che non sia una citazione di riferimento che si riferisca alla discussione<\/li>\n<\/ul><\/div><hr class=\"x-line e558155-e41-v0 mbyob-6\"\/><div class=\"x-text x-text-headline e558155-e42 mbyob-5 heading-03\"><div class=\"x-text-content\"><div class=\"x-text-content-text\"><h3 class=\"x-text-content-text-primary\">Violazione del copyright<\/h3>\n<\/div><\/div><\/div><hr class=\"x-line e558155-e43-v0 mbyob-6\"\/><div class=\"x-text x-content e558155-e44 mbyob-8 body-medium\"><p>Questo \u00e8 semplice. Se non l'hai scritto tu, se non hai fatto riferimento in modo appropriato o se non hai il permesso di pubblicarlo, non pubblicarlo. Va benissimo che tu riassuma il lavoro di un'altra persona con parole tue, ai fini della discussione.  <\/p>\n<p>\u00c8 illegale riprodurre i contenuti pubblicati da Live UTI Free senza un adeguato riferimento. Accogliamo con favore i link che rimandano al nostro sito, se utilizzati in un contesto appropriato. Per maggiori dettagli su questo aspetto, consulta il nostro  <span> <\/span><span style=\"text-decoration: underline; color: #c74f4d;\"><a href=\"https:\/\/liveutifree.com\/it\/legale-luf\/\" rel=\"noopener\" style=\"color: #c74f4d; text-decoration: underline;\">legali<\/a><\/span><span> <\/span>pagina.<\/p><\/div><hr class=\"x-line e558155-e45-v0 mbyob-6\"\/><div class=\"x-text x-text-headline e558155-e46 mbyob-5 heading-03\"><div class=\"x-text-content\"><div class=\"x-text-content-text\"><h3 class=\"x-text-content-text-primary\">Privacy tua e degli altri commentatori<\/h3>\n<\/div><\/div><\/div><hr class=\"x-line e558155-e47-v0 mbyob-6\"\/><div class=\"x-text x-content e558155-e48 mbyob-8 body-medium\"><span>Non violare la privacy altrui. Non pubblicare informazioni personali e\/o di contatto su di te - ricorda che questa \u00e8 un'arena pubblica. Non pubblicare i dati personali o le informazioni di contatto di nessun altro, comprese le informazioni di contatto dei professionisti. Se hai qualcosa da condividere, contattaci.   <\/span><\/div><hr class=\"x-line e558155-e49-v0 mbyob-6\"\/><div class=\"x-text x-text-headline e558155-e50 mbyob-5 heading-03\"><div class=\"x-text-content\"><div class=\"x-text-content-text\"><h3 class=\"x-text-content-text-primary\">Moderazione e segnalazione di contenuti inappropriati<\/h3>\n<\/div><\/div><\/div><hr class=\"x-line e558155-e51-v0 mbyob-6\"\/><div class=\"x-text x-content e558155-e52 mbyob-8 body-medium\"><p>Tutti i commenti su Live UTI Free sono moderati per garantire che siano conformi alle linee guida della comunit\u00e0 qui riportate.<\/p>\n<p>I commenti degli utenti che non rispettano lo spirito di queste linee guida della comunit\u00e0 saranno rimossi.<\/p>\n<p>Se il tuo commento non appare immediatamente sul sito dopo l'invio, \u00e8 probabile che il nostro piccolo team non l'abbia ancora rivisto e approvato. In genere questo avviene entro 24 ore. <\/p>\n<p>Se il tuo commento non appare dopo questo lasso di tempo, \u00e8 possibile che sia stato segnalato come una violazione delle linee guida della community. Se possibile, ti contatteremo in questo caso. Ti invitiamo inoltre a  <span> <\/span><span style=\"text-decoration: underline; color: #c74f4d;\"><a href=\"https:\/\/liveutifree.com\/it\/contatto-luf\/\" rel=\"noopener\" style=\"color: #c74f4d; text-decoration: underline;\">contattaci<\/a><\/span><span> <\/span>se hai domande sul tuo commento.<\/p>\n<p>Se ritieni che un commento pubblicato sia inopportuno, puoi segnalarlo utilizzando il nostro sito web<span> <\/span><span style=\"text-decoration: underline; color: #c74f4d;\"><a href=\"https:\/\/liveutifree.com\/it\/contatto-luf\/\" rel=\"noopener\" style=\"color: #c74f4d; text-decoration: underline;\">modulo di contatto<\/a><\/span>. Se siamo d'accordo con te, rimuoveremo il commento e, ove possibile, contatteremo l'utente che lo ha pubblicato.<\/p>\n<p>Non modifichiamo i commenti. Ci\u00f2 significa che anche se una singola parola del commento viola le linee guida della comunit\u00e0, l'intero commento verr\u00e0 rimosso. Inoltre, non correggeremo gli errori ortografici o grammaticali.  <\/p>\n<p>Se vedi qualcosa sul nostro sito che ritieni non corretto o incompleto, ti invitiamo a<span> <\/span><span style=\"text-decoration: underline; color: #c74f4d;\"><a href=\"https:\/\/liveutifree.com\/it\/contatto-luf\/\" rel=\"noopener\" style=\"color: #c74f4d; text-decoration: underline;\">contattaci<\/a><\/span>. Se ritieni che un commento di un altro utente sia inappropriato, ti preghiamo di comunicarcelo.<\/p><\/div><hr class=\"x-line e558155-e53-v0 mbyob-6\"\/><div class=\"x-text x-text-headline e558155-e54 mbyob-5 heading-03\"><div class=\"x-text-content\"><div class=\"x-text-content-text\"><h3 class=\"x-text-content-text-primary\">Se hai qualcosa da dirci<\/h3>\n<\/div><\/div><\/div><hr class=\"x-line e558155-e55-v0 mbyob-6\"\/><div class=\"x-text x-content e558155-e56 mbyob-8 body-medium\"><p>Che siano positive o negative, vogliamo sentirle e il modo migliore per contattarle \u00e8 il nostro<span> <\/span><span style=\"text-decoration: underline; color: #c74f4d;\"><a href=\"https:\/\/liveutifree.com\/it\/contatto-luf\/\" rel=\"noopener\" style=\"color: #c74f4d; text-decoration: underline;\">modulo di contatto<\/a><\/span>.<\/p>\n<p>In particolare, se hai qualcosa di negativo da dire, preferiamo che tu ce lo dica direttamente, perch\u00e9 \u00e8 il modo pi\u00f9 efficace per affrontare il problema.<\/p>\n<p>Se hai un suggerimento per il nostro sito web o vuoi condividere una nuova ricerca, \u00e8 meglio che ci contatti direttamente. Ti promettiamo che il nostro <span> <\/span><span style=\"text-decoration: underline; color: #c74f4d;\"><a href=\"https:\/\/liveutifree.com\/it\/contatto-luf\/\" rel=\"noopener\" style=\"color: #c74f4d; text-decoration: underline;\">modulo di contatto<\/a><\/span><span> <\/span>\u00e8 una linea di comunicazione diretta con la nostra casella di posta elettronica e ti risponderemo.<\/p><\/div><hr class=\"x-line e558155-e57-v0 mbyob-6\"\/><div class=\"x-text x-text-headline e558155-e58 mbyob-5 heading-03\"><div class=\"x-text-content\"><div class=\"x-text-content-text\"><h3 class=\"x-text-content-text-primary\">Come si applicano le linee guida della comunit\u00e0 alle interazioni sui social media<\/h3>\n<\/div><\/div><\/div><hr class=\"x-line e558155-e59-v0 mbyob-6\"\/><div class=\"x-text x-content e558155-e60 mbyob-8 body-medium\"><p>Tutte le linee guida della community di cui sopra si applicano alle interazioni e ai commenti sui nostri account di social media, con le seguenti aggiunte.<\/p>\n<p>Ci riserviamo il diritto di bloccare, non seguire e\/o segnalare gli account che riteniamo violino le linee guida della community.<\/p>\n<p>Creiamo con cura i contenuti dei nostri social media pensando alla nostra comunit\u00e0. Ti invitiamo a non riproporre i nostri contenuti in modi che siano in contrasto con le linee guida della comunit\u00e0. Se hai dei dubbi, ti invitiamo a  <span> <\/span><span style=\"text-decoration: underline; color: #c74f4d;\"><a href=\"https:\/\/liveutifree.com\/it\/contatto-luf\/\" rel=\"noopener\" style=\"color: #c74f4d; text-decoration: underline;\">contattaci<\/a><\/span>.<\/p>\n<p>Se ti inviamo un messaggio privato o diretto e ritieni che sia qualcosa che vorresti condividere pubblicamente, ti preghiamo di chiedere un'autorizzazione scritta prima di farlo.<\/p>\n<p>Se condividi i nostri contenuti con il tuo pubblico per contribuire alla sensibilizzazione, te ne siamo molto grati e ti chiediamo di citare Live UTI Free in modo appropriato.<\/p>\n<p>Infine, non fare associazioni fuorvianti e non lasciare intendere che Live UTI Free approvi il tuo prodotto o servizio. Forniamo informazioni affinch\u00e9 i nostri utenti possano prendere le proprie decisioni e le associazioni fuorvianti possono essere dannose per questo processo decisionale. <\/p><\/div><\/div><\/div><\/div><\/div><\/div>","protected":false},"excerpt":{"rendered":"<p>Linee guida della comunit\u00e0 Live UTI Free Live UTI Free esiste per aiutare e sostenere la comunit\u00e0 che stiamo costruendo. Per noi \u00e8 estremamente importante creare un luogo sicuro in cui questa comunit\u00e0 possa imparare di pi\u00f9 sulle infezioni del tratto urinario e interagire in modo appropriato. Queste linee guida della comunit\u00e0 mirano a rendere possibile questo obiettivo. Commenti sui &#8230; <\/p>\n<div><a href=\"https:\/\/liveutifree.com\/it\/linee-guida-della-comunita-luf\/\" class=\"more-link\">Read More<\/a><\/div>\n","protected":false},"author":1,"featured_media":556861,"parent":0,"menu_order":72,"comment_status":"closed","ping_status":"closed","template":"template-blank-4.php","meta":{"_acf_changed":false,"inline_featured_image":false,"footnotes":""},"class_list":["post-558155","page","type-page","status-publish","has-post-thumbnail","hentry"],"acf":[],"featured_image_src":"https:\/\/liveutifree.com\/wp-content\/uploads\/2017\/01\/LUF-logo-LP-crop.png","_links":{"self":[{"href":"https:\/\/liveutifree.com\/it\/wp-json\/wp\/v2\/pages\/558155","targetHints":{"allow":["GET"]}}],"collection":[{"href":"https:\/\/liveutifree.com\/it\/wp-json\/wp\/v2\/pages"}],"about":[{"href":"https:\/\/liveutifree.com\/it\/wp-json\/wp\/v2\/types\/page"}],"author":[{"embeddable":true,"href":"https:\/\/liveutifree.com\/it\/wp-json\/wp\/v2\/users\/1"}],"replies":[{"embeddable":true,"href":"https:\/\/liveutifree.com\/it\/wp-json\/wp\/v2\/comments?post=558155"}],"version-history":[{"count":1,"href":"https:\/\/liveutifree.com\/it\/wp-json\/wp\/v2\/pages\/558155\/revisions"}],"predecessor-version":[{"id":577627,"href":"https:\/\/liveutifree.com\/it\/wp-json\/wp\/v2\/pages\/558155\/revisions\/577627"}],"wp:featuredmedia":[{"embeddable":true,"href":"https:\/\/liveutifree.com\/it\/wp-json\/wp\/v2\/media\/556861"}],"wp:attachment":[{"href":"https:\/\/liveutifree.com\/it\/wp-json\/wp\/v2\/media?parent=558155"}],"curies":[{"name":"wp","href":"https:\/\/api.w.org\/{rel}","templated":true}]}}