{"id":556822,"date":"2025-09-07T11:01:12","date_gmt":"2025-09-07T11:01:12","guid":{"rendered":"https:\/\/liveutifree.com\/politica-di-finanziamento-luf\/"},"modified":"2025-10-23T14:05:16","modified_gmt":"2025-10-23T14:05:16","slug":"politica-di-finanziamento-luf","status":"publish","type":"page","link":"https:\/\/liveutifree.com\/it\/politica-di-finanziamento-luf\/","title":{"rendered":"Politica di finanziamento"},"content":{"rendered":"<div id=\"cs-content\" class=\"cs-content\"><div class=\"x-section e556822-e1 mbxna-0\"><div class=\"x-row e556822-e2 mbxna-1 mbxna-2\"><div class=\"x-row-inner\"><div class=\"x-col e556822-e3 mbxna-3\"><div class=\"x-text x-text-headline e556822-e4 mbxna-4 mbxna-5 heading-02\"><div class=\"x-text-content\"><div class=\"x-text-content-text\"><h1 class=\"x-text-content-text-primary\">Politica di finanziamento Live UTI Free<\/h1>\n<\/div><\/div><\/div><hr class=\"x-line e556822-e5-v0 mbxna-6\"\/><div class=\"x-text x-content e556822-e6 mbxna-7 mbxna-8 body-medium\"><span>Ultimo aggiornamento 17 luglio 2024<\/span><\/div><hr class=\"x-line e556822-e7-v0 mbxna-6\"\/><div class=\"x-text x-content e556822-e8 mbxna-7 mbxna-8 body-medium\"><p>Live UTI Free \u00e8 un'organizzazione di difesa del paziente incentrata sull'utente. Le nostre attivit\u00e0 principali si concentrano sulla fornitura di informazioni imparziali e basate sull'evidenza a chi soffre di IVU ricorrenti e croniche, attraverso il sito web <span> <\/span><a href=\"https:\/\/liveutifree.com\/it\/\"><span style=\"text-decoration: underline; color: #c74f4d;\">https:\/\/liveutifree.com<\/span><\/a>.<\/p>\n<p>Siamo lieti di ricevere sostegno sotto forma di sovvenzioni, sponsorizzazioni, donazioni individuali.<span> <\/span><a href=\"https:\/\/liveutifree.com\/it\/contribuisci-luf\/\"><span style=\"text-decoration: underline; color: #c74f4d;\">donazioni<\/span><\/a>e finanziamento di progetti, quando lo riteniamo appropriato e in grado di fornire valore al nostro pubblico.<\/p>\n<p>Questa politica di finanziamento illustra la nostra politica sui finanziamenti esterni e spiega come prendiamo le decisioni in merito. Sebbene siano elencati alcuni esempi, l'intenzione non \u00e8 quella di fornire una definizione esaustiva di tutte le possibili opportunit\u00e0 di collaborazione. Se vuoi discutere di una collaborazione, contattaci direttamente.  <\/p><\/div><\/div><div class=\"x-col e556822-e9 mbxna-3\"><div class=\"x-text x-text-headline e556822-e10 mbxna-5 heading-03\"><div class=\"x-text-content\"><div class=\"x-text-content-text\"><h3 class=\"x-text-content-text-primary\">Scopo di questa politica<\/h3>\n<\/div><\/div><\/div><hr class=\"x-line e556822-e11-v0 mbxna-6\"\/><div class=\"x-text x-content e556822-e12 mbxna-8 body-medium\"><p>Live UTI Free esiste per aiutare e sostenere la nostra comunit\u00e0 globale. Per noi \u00e8 estremamente importante promuovere un senso di onest\u00e0 e trasparenza all'interno della nostra comunit\u00e0 e questo inizia con la piena trasparenza nei confronti delle persone che siamo qui per servire. <\/p>\n<p>In tutto ci\u00f2 che facciamo, cerchiamo di mantenere un rapporto con i nostri utenti che sentano di poter contare su di noi per fornire informazioni imparziali.<\/p>\n<p>In realt\u00e0, la nostra visione di aiutare un maggior numero di persone a trovare test e trattamenti migliori si realizzer\u00e0 pi\u00f9 rapidamente se amplieremo le nostre relazioni e implementeremo collaborazioni con organizzazioni e aziende che ci permetteranno di migliorare il nostro sito web e la nostra offerta.<\/p>\n<p>Lo scopo di questa politica di finanziamento \u00e8 quello di costituire un quadro di riferimento che ci permetta di collaborare con altre organizzazioni che hanno contributi che possono essere utili al nostro pubblico e che desiderano sostenere il nostro lavoro attraverso un finanziamento di uno dei tipi descritti di seguito.<\/p>\n<p>Il nostro obiettivo \u00e8 costruire progetti che ci aiutino ad aiutare il nostro pubblico. Il nostro \"pubblico\" si riferisce agli utenti del nostro sito web, ai nostri follower su twitter, instagram e facebook e agli iscritti alla nostra lista di email. <\/p>\n<p>Illustrando la nostra politica di finanziamento, ci proponiamo di:<\/p>\n\n<ul>\n \t<li>Garantire che Live UTI Free mantenga un approccio coerente e trasparente quando lavora con aziende e partner commerciali.<\/li>\n \t<li>Stabilire il nostro impegno a rimanere indipendenti da influenze commerciali<\/li>\n \t<li>Chiarire la posizione di Live UTI Free nei confronti del nostro pubblico, della nostra rete di professionisti, delle aziende commerciali, di altre organizzazioni e della comunit\u00e0 in generale.<\/li>\n<\/ul>\n<p>Tutti i membri del team di Live UTI Free sono tenuti ad aderire a questa politica e a tenersi aggiornati su eventuali revisioni della stessa.<\/p><\/div><hr class=\"x-line e556822-e13-v0 mbxna-6\"\/><div class=\"x-text x-text-headline e556822-e14 mbxna-5 heading-03\"><div class=\"x-text-content\"><div class=\"x-text-content-text\"><h3 class=\"x-text-content-text-primary\">Categorie di finanziamento<\/h3>\n<\/div><\/div><\/div><hr class=\"x-line e556822-e15-v0 mbxna-6\"\/><div class=\"x-text x-content e556822-e16 mbxna-8 body-medium\"><span>Esistono quattro diverse categorie di finanziamento che verranno prese in considerazione caso per caso. Si tratta di finanziamenti per progetti, sponsorizzazioni, assunzioni o consulenze per terzi e sovvenzioni\/donazioni non vincolate. Di seguito abbiamo illustrato ciascuna di queste categorie.  <\/span><\/div><hr class=\"x-line e556822-e17-v0 mbxna-6\"\/><div class=\"x-text x-text-headline e556822-e18 mbxna-5 heading-03\"><div class=\"x-text-content\"><div class=\"x-text-content-text\"><h3 class=\"x-text-content-text-primary\">Finanziamento del progetto<\/h3>\n<\/div><\/div><\/div><hr class=\"x-line e556822-e19-v0 mbxna-6\"\/><div class=\"x-text x-content e556822-e20 mbxna-8 body-medium\"><p>Il finanziamento di progetti si riferisce a progetti in cui Live UTI Free collaborer\u00e0 in partnership con un'altra organizzazione o individuo.<\/p>\n<p>Esempi di finanziamento di progetti possono essere:<\/p>\n\n<ul>\n \t<li>Finanziamenti per sviluppare materiali che ci permettano di interpretare informazioni scientifiche e\/o tecniche per il nostro pubblico, in merito a un servizio o a un prodotto clinico fornito da un'azienda commerciale.<\/li>\n \t<li>Finanziamenti per collaborare su risorse relative a un particolare argomento, ad esempio IVU cronica e salute sessuale. <\/li>\n \t<li>Finanziamenti per sostenere la ricerca sulla prospettiva del paziente.<\/li>\n<\/ul>\n<p>Un progetto di questo tipo pu\u00f2 essere di interesse reciproco. A questo tipo di rapporto si applica quanto segue: <\/p>\n\n<ul>\n \t<li>Live UTI Free manterr\u00e0 sempre il controllo editoriale su tutti i contenuti pubblicati sul nostro sito web, sui nostri account di social media e su qualsiasi altro materiale prodotto a sostegno del progetto.<\/li>\n \t<li>Live UTI Free pubblicher\u00e0 informazioni su singoli prodotti o servizi solo quando riterr\u00e0 che possano essere utili al nostro pubblico. Nel farlo, adotteremo un approccio imparziale. Ove possibile, forniremo informazioni complete che rappresentino pi\u00f9 parti dell'argomento. Laddove ci\u00f2 non sia possibile, le informazioni incomplete saranno riconosciute.   <\/li>\n \t<li>Live UTI Free non raccomanda farmaci, approcci terapeutici o medici specifici, ma fornisce informazioni sulle diverse opzioni disponibili quando possibile.<\/li>\n \t<li>L'intenzione di questo rapporto \u00e8 che sia Live UTI Free che gli eventuali partner commerciali ne traggano vantaggio.<\/li>\n<\/ul><\/div><hr class=\"x-line e556822-e21-v0 mbxna-6\"\/><div class=\"x-text x-text-headline e556822-e22 mbxna-5 heading-03\"><div class=\"x-text-content\"><div class=\"x-text-content-text\"><h3 class=\"x-text-content-text-primary\">Assunzione o consulenza per terzi<\/h3>\n<\/div><\/div><\/div><hr class=\"x-line e556822-e23-v0 mbxna-6\"\/><div class=\"x-text x-content e556822-e24 mbxna-8 body-medium\"><p>I membri del team di Live UTI Free possono occasionalmente fornire competenze a terzi in materia di ricerca sugli utenti, ottimizzazione del sito web, ricerca sulle prospettive dei pazienti, reclutamento dei pazienti e comunicazione digitale.<\/p>\n<p>I rapporti con le terze parti rimarranno riservati, a meno che non sia necessario un coinvolgimento diretto della comunit\u00e0 di Live UTI Free e sia stato stipulato un accordo scritto che descriva le modalit\u00e0 di riconoscimento di tali rapporti. Tali attivit\u00e0 sono indipendenti dai contenuti forniti su https:\/\/liveutifree.com. <\/p><\/div><hr class=\"x-line e556822-e25-v0 mbxna-6\"\/><div class=\"x-text x-text-headline e556822-e26 mbxna-5 heading-03\"><div class=\"x-text-content\"><div class=\"x-text-content-text\"><h3 class=\"x-text-content-text-primary\">Sponsorizzazione<\/h3>\n<\/div><\/div><\/div><hr class=\"x-line e556822-e27-v0 mbxna-6\"\/><div class=\"x-text x-content e556822-e28 mbxna-8 body-medium\"><p>La sponsorizzazione si riferisce a uno scenario in cui un'azienda o un altro partner finanzia una singola attivit\u00e0 di Live UTI Free. Alcuni esempi possono essere: <\/p>\n\n<ul>\n \t<li>Sponsorizzare la produzione di nuovi contenuti per il nostro pubblico, come ad esempio risorse scaricabili.<\/li>\n \t<li>Sponsorizzare la creazione di nuovi contenuti audio\/audiovisivi per il nostro pubblico, come ad esempio una serie di podcast o interviste a professionisti o a chi soffre di IVU.<\/li>\n \t<li>Finanziamento della partecipazione del team di Live UTI Free a una conferenza di ricerca.<\/li>\n \t<li>Finanziare la nomina temporanea di un membro del team di Live UTI Free per assistere in un'attivit\u00e0 specifica, ad esempio l'analisi dei dati, la ricerca. <\/li>\n<\/ul>\n<p>In caso di sponsorizzazione, si applicher\u00e0 quanto segue:<\/p>\n\n<ul>\n \t<li>L'azienda non avr\u00e0 alcuna influenza sull'attivit\u00e0 per la quale viene concessa la sponsorizzazione.<\/li>\n \t<li>Live UTI Free manterr\u00e0 sempre il controllo editoriale su tutti i contenuti pubblicati sul nostro sito web e sugli account dei social media, nonch\u00e9 su qualsiasi altro materiale prodotto a sostegno dell'attivit\u00e0.<\/li>\n \t<li>Live UTI Free non appogger\u00e0 o promuover\u00e0 i prodotti o i servizi dello sponsor.<\/li>\n \t<li>Ove opportuno, la sponsorizzazione di qualsiasi attivit\u00e0 sar\u00e0 riconosciuta visivamente in modo appropriato all'attivit\u00e0 stessa, ad esempio con un logo, un link o un'icona di finanziamento esterno Live UTI Free con un link allo sponsor. La formulazione esatta e\/o la posizione del riconoscimento saranno concordate in fase di negoziazione con lo sponsor.  <\/li>\n<\/ul><\/div><hr class=\"x-line e556822-e29-v0 mbxna-6\"\/><div class=\"x-text x-text-headline e556822-e30 mbxna-5 heading-03\"><div class=\"x-text-content\"><div class=\"x-text-content-text\"><h3 class=\"x-text-content-text-primary\">Sovvenzioni non vincolate<\/h3>\n<\/div><\/div><\/div><hr class=\"x-line e556822-e31-v0 mbxna-6\"\/><div class=\"x-text x-content e556822-e32 mbxna-8 body-medium\"><p>Aziende, organizzazioni e privati possono offrire sostegno finanziario e in natura a Live UTI Free. Qualsiasi sostegno che soddisfi i seguenti criteri \u00e8 definito come sovvenzioni non vincolate: <\/p>\n\n<ul>\n \t<li>Il partner finanziatore non \u00e8 coinvolto nel progetto per il quale vengono utilizzati i fondi.<\/li>\n \t<li>Live UTI Free pu\u00f2 allocare autonomamente i fondi come meglio crede.<\/li>\n \t<li>Live UTI Free riconoscer\u00e0 la sovvenzione, ma il logo del partner finanziatore non verr\u00e0 utilizzato e Live UTI Free controller\u00e0 le modalit\u00e0 di riconoscimento.<\/li>\n<\/ul><\/div><hr class=\"x-line e556822-e33-v0 mbxna-6\"\/><div class=\"x-text x-text-headline e556822-e34 mbxna-5 heading-03\"><div class=\"x-text-content\"><div class=\"x-text-content-text\"><h3 class=\"x-text-content-text-primary\">Finanziamenti: Principi guida<\/h3>\n<\/div><\/div><\/div><hr class=\"x-line e556822-e35-v0 mbxna-6\"\/><div class=\"x-text x-content e556822-e36 mbxna-8 body-medium\"><p>Live UTI Free \u00e8 interessata solo a collaborazioni o finanziamenti che abbiano un impatto positivo sui nostri utenti e che possano aiutarli a migliorare i test e il trattamento.<\/p>\n<p>Live UTI Free manterr\u00e0 un rapporto aperto e trasparente con tutti i partner finanziari.<\/p>\n<p>Al fine di garantire che questi punti rimangano validi, Live UTI Free esaminer\u00e0 tutti i potenziali finanziatori per verificare che:<\/p>\n\n<ul>\n \t<li>Ci sono validi motivi per ritenere che un accordo di finanziamento porter\u00e0 benefici a Live UTI Free e ai nostri utenti.<\/li>\n \t<li>L'accettazione dei fondi non comporter\u00e0 alcuna pubblicit\u00e0 negativa.<\/li>\n<\/ul>\n<p>Live UTI Free esaminer\u00e0 i potenziali partner di finanziamento, compresa la loro reputazione nel lavorare con le organizzazioni di pazienti e il loro curriculum in materia di finanziamenti.<\/p>\n<p>Se ci sono motivi di preoccupazione, Live UTI Free riconsiderer\u00e0 o rifiuter\u00e0 i fondi.<\/p>\n<p>Live UTI Free non accetter\u00e0 consapevolmente alcun tipo di finanziamento da un'azienda che produce prodotti o servizi che consideriamo non etici.<\/p>\n<p>Live UTI Free non raccomanda farmaci, medici o trattamenti specifici.<\/p>\n<p>Live UTI Free si assicurer\u00e0 che le responsabilit\u00e0 e il contributo del team di Live UTI Free e di qualsiasi partner finanziario siano concordati per iscritto.<\/p>\n<p>Il partner finanziatore deve accettare di rispettare le linee guida delineate nel presente documento.<\/p>\n<p>Se un'azienda tenta di costringere Live UTI Free a conformarsi alla sua agenda commerciale e\/o di marketing, in modo esplicito o implicito, o non si conforma alle responsabilit\u00e0 concordate, Live UTI Free rifiuter\u00e0 i fondi o interromper\u00e0 un progetto in corso.<\/p>\n<p>Se opportuno, Live UTI Free pu\u00f2 richiedere finanziamenti a consorzi composti da due o pi\u00f9 partner dello stesso settore.<\/p><\/div><hr class=\"x-line e556822-e37-v0 mbxna-6\"\/><div class=\"x-text x-text-headline e556822-e38 mbxna-5 heading-03\"><div class=\"x-text-content\"><div class=\"x-text-content-text\"><h3 class=\"x-text-content-text-primary\">Attivit\u00e0 che non possono essere finanziate dall'esterno<\/h3>\n<\/div><\/div><\/div><hr class=\"x-line e556822-e39-v0 mbxna-6\"\/><div class=\"x-text x-content e556822-e40 mbxna-8 body-medium\"><p>Le attivit\u00e0 e i contenuti alla base di Live UTI Free saranno sempre finanziati internamente. Questo per garantire un approccio imparziale e per permetterci di aggiornare frequentemente le informazioni in base alle nuove ricerche disponibili. Queste attivit\u00e0 e contenuti principali includono:  <\/p>\n\n<ul>\n \t<li>Le pagine informative principali del sito Live UTI Free: gli articoli a cui si accede direttamente dalla homepage e le storie personali della nostra comunit\u00e0.<\/li>\n \t<li>I contenuti dei social media pubblicati direttamente tramite gli account Live UTI Free di Twitter, Facebook o Instagram - questo non include la pubblicit\u00e0 a pagamento che fa parte di una campagna di sensibilizzazione, ricerca, reclutamento o educazione.<\/li>\n \t<li>La rete di professionisti di Live UTI Free: i professionisti non possono pagare per essere elencati nelle pagine informative principali del sito web di Live UTI Free.<\/li>\n \t<li>Email alla mailing list della nostra comunit\u00e0: non forniremo accesso alla nostra mailing list in nessuna forma. Questo non include i finanziamenti che fanno parte di una campagna di sensibilizzazione, ricerca, reclutamento o educazione. Gli indirizzi e-mail e le informazioni personali non saranno mai condivisi con terzi.  <\/li>\n \t<li>I dati personali raccolti dalla nostra community non saranno pubblicati, venduti, scambiati o ceduti a terzi. Per saperne di pi\u00f9, consulta i nostri documenti legali. <\/li>\n<\/ul><\/div><hr class=\"x-line e556822-e41-v0 mbxna-6\"\/><div class=\"x-text x-text-headline e556822-e42 mbxna-5 heading-03\"><div class=\"x-text-content\"><div class=\"x-text-content-text\"><h3 class=\"x-text-content-text-primary\">Linee guida per i partner finanziatori<\/h3>\n<\/div><\/div><\/div><hr class=\"x-line e556822-e43-v0 mbxna-6\"\/><div class=\"x-text x-content e556822-e44 mbxna-8 body-medium\"><p>Live UTI Free non intraprender\u00e0 o continuer\u00e0 un rapporto con un partner finanziario se il rapporto e le attivit\u00e0 ad esso correlate possono danneggiare la reputazione di Live UTI Free.<\/p>\n<p>A tal fine, chiediamo a tutti i partner finanziatori di:<\/p>\n\n<ul>\n \t<li>Chiedi l'approvazione scritta di Live UTI Free prima di utilizzare il nostro nome o il nostro logo, di fare riferimento a una qualsiasi delle nostre iniziative o di citare i nostri contenuti in qualsiasi tipo di comunicazione pubblica.<\/li>\n \t<li>Nominare un unico punto di contatto all'interno della propria organizzazione che faccia da tramite con il membro del team appropriato di Live UTI Free, in modo da stabilire sin dall'inizio una chiara linea di comunicazione. Chiediamo che questa persona sia autorizzata a prendere decisioni in merito a qualsiasi aspetto del finanziamento proposto. <\/li>\n<\/ul>\n<p>Live UTI Free si riserva il diritto di porre il veto su qualsiasi contenuto prodotto in relazione a qualsiasi finanziamento, e chiediamo che venga assegnato un tempo di approvazione sufficiente a questo scopo, poich\u00e9 potrebbe richiedere l'approvazione di uno o pi\u00f9 membri del team.<\/p>\n<p>In quanto sito incentrato sull'utente e sulla difesa del paziente, Live UTI Free collaborer\u00e0 con aziende commerciali, organizzazioni no-profit e altre organizzazioni, quando ci\u00f2 sar\u00e0 ritenuto vantaggioso per i nostri utenti.<\/p>\n<p>Questa politica pu\u00f2 essere aggiornata in qualsiasi momento.<\/p><\/div><hr class=\"x-line e556822-e45-v0 mbxna-6\"\/><div class=\"x-text x-text-headline e556822-e46 mbxna-5 heading-03\"><div class=\"x-text-content\"><div class=\"x-text-content-text\"><h3 class=\"x-text-content-text-primary\">I nostri partner<\/h3>\n<\/div><\/div><\/div><hr class=\"x-line e556822-e47-v0 mbxna-6\"\/><div class=\"x-text x-content e556822-e48 mbxna-8 body-medium\"><span>I partner con cui abbiamo rapporti finanziati e non finanziati sono elencati nella pagina dei partner <\/span><a href=\"https:\/\/liveutifree.com\/it\/partner-luf\/\"><span style=\"text-decoration: underline; color: #c74f4d;\">pagina dei partner<\/span><\/a><span>.<\/span><\/div><\/div><\/div><\/div><\/div><\/div>","protected":false},"excerpt":{"rendered":"<p>Politica di finanziamento Live UTI Free Ultimo aggiornamento 17 luglio 2024Live UTI Free \u00e8 un&#8217;organizzazione di difesa del paziente incentrata sull&#8217;utente. Le nostre attivit\u00e0 principali si concentrano sulla fornitura di informazioni imparziali e basate sull&#8217;evidenza a chi soffre di IVU ricorrenti e croniche, attraverso il sito web https:\/\/liveutifree.com. Siamo lieti di ricevere sostegno sotto forma di sovvenzioni, sponsorizzazioni, donazioni individuali. &#8230; <\/p>\n<div><a href=\"https:\/\/liveutifree.com\/it\/politica-di-finanziamento-luf\/\" class=\"more-link\">Read More<\/a><\/div>\n","protected":false},"author":1,"featured_media":556861,"parent":0,"menu_order":98,"comment_status":"closed","ping_status":"closed","template":"template-blank-4.php","meta":{"_acf_changed":false,"inline_featured_image":false,"footnotes":""},"class_list":["post-556822","page","type-page","status-publish","has-post-thumbnail","hentry"],"acf":[],"featured_image_src":"https:\/\/liveutifree.com\/wp-content\/uploads\/2017\/01\/LUF-logo-LP-crop.png","_links":{"self":[{"href":"https:\/\/liveutifree.com\/it\/wp-json\/wp\/v2\/pages\/556822","targetHints":{"allow":["GET"]}}],"collection":[{"href":"https:\/\/liveutifree.com\/it\/wp-json\/wp\/v2\/pages"}],"about":[{"href":"https:\/\/liveutifree.com\/it\/wp-json\/wp\/v2\/types\/page"}],"author":[{"embeddable":true,"href":"https:\/\/liveutifree.com\/it\/wp-json\/wp\/v2\/users\/1"}],"replies":[{"embeddable":true,"href":"https:\/\/liveutifree.com\/it\/wp-json\/wp\/v2\/comments?post=556822"}],"version-history":[{"count":1,"href":"https:\/\/liveutifree.com\/it\/wp-json\/wp\/v2\/pages\/556822\/revisions"}],"predecessor-version":[{"id":576961,"href":"https:\/\/liveutifree.com\/it\/wp-json\/wp\/v2\/pages\/556822\/revisions\/576961"}],"wp:featuredmedia":[{"embeddable":true,"href":"https:\/\/liveutifree.com\/it\/wp-json\/wp\/v2\/media\/556861"}],"wp:attachment":[{"href":"https:\/\/liveutifree.com\/it\/wp-json\/wp\/v2\/media?parent=556822"}],"curies":[{"name":"wp","href":"https:\/\/api.w.org\/{rel}","templated":true}]}}