{"id":554915,"date":"2025-09-07T10:56:26","date_gmt":"2025-09-07T10:56:26","guid":{"rendered":"https:\/\/liveutifree.com\/clinici-luf\/"},"modified":"2025-10-23T13:54:49","modified_gmt":"2025-10-23T13:54:49","slug":"clinici-luf","status":"publish","type":"page","link":"https:\/\/liveutifree.com\/it\/clinici-luf\/","title":{"rendered":"Clinici"},"content":{"rendered":"<div id=\"cs-content\" class=\"cs-content\"><div class=\"x-section e554915-e1 mbw6b-0\"><div class=\"x-row x-container max width e554915-e2 mbw6b-3 mbw6b-4 mbw6b-8 mbw6b-9\"><div class=\"x-row-inner\"><div class=\"x-col e554915-e3 mbw6b-k mbw6b-l mbw6b-m\"><div class=\"x-div e554915-e4 mbw6b-q mbw6b-r mbw6b-s mbw6b-t mbw6b-u\"><div class=\"x-text x-text-headline e554915-e5 mbw6b-z mbw6b-10 mbw6b-11 heading-01 \"><div class=\"x-text-content\"><div class=\"x-text-content-text\"><h1 class=\"x-text-content-text-primary\">Come possono essere coinvolti i medici<\/h1>\n<\/div><\/div><\/div><hr class=\"x-line e554915-e6-v0 mbw6b-16 mbw6b-17\"\/><div class=\"x-text x-content e554915-e7 mbw6b-19 mbw6b-1a mbw6b-1b mbw6b-1c body-medium\"><p>Se sei nuovo, benvenuto nella nostra comunit\u00e0. Siamo ansiosi di conoscere la tua esperienza nel campo delle IVU ricorrenti e croniche e di sapere come possiamo collaborare o metterti in contatto con la nostra comunit\u00e0. Forse conosci gi\u00e0 la nostra <span style=\"color: #c74f4d;\"><a href=\"https:\/\/liveutifree.com\/wp-content\/uploads\/2024\/03\/2024-Improving-Treatment-Pathways-for-Patients-with-Lower-Urinary-Tract-Symptoms.pdf\" style=\"color: #c74f4d;\"><span style=\"text-decoration: underline;\">risorse per i medici (pdf)<\/span><\/a><\/span> o la nostra <span style=\"color: #c74f4d;\"><a href=\"https:\/\/liveutifree.com\/wp-content\/uploads\/2025\/03\/TTYD-Patient-Guidelines-1.pdf\" style=\"color: #c74f4d;\"><span style=\"text-decoration: underline;\">guida per aiutare i pazienti a prepararsi agli appuntamenti (pdf)<\/span><\/a><\/span>.  <\/p>\n<p>Per tutti i nostri attuali collaboratori, ci auguriamo che queste informazioni forniscano spunti per nuovi modi di lavorare insieme.<\/p><\/div><hr class=\"x-line e554915-e8-v0 mbw6b-17 mbw6b-18\"\/><div style=\"--tco-dcbw6b-0:;--tco-dcbw6b-1:;\" class=\"x-text x-text-headline e554915-e9-v0 mbw6b-10 mbw6b-12 mbw6b-13 mbw6b-1\"><div class=\"x-text-content\"><div class=\"x-text-content-text\"><h3 class=\"x-text-content-text-primary\">Getting to know our community<\/h3>\n<\/div><\/div><\/div><hr class=\"x-line e554915-e10-v0 mbw6b-16 mbw6b-17\"\/><div class=\"x-div e554915-e11 mbw6b-t mbw6b-u mbw6b-v\"><div class=\"x-grid x-hide-sm x-hide-xs e554915-e12 mbw6b-1q mbw6b-1r\"><div class=\"x-cell e554915-e13 mbw6b-1t mbw6b-1u mbw6b-1v mbw6b-1w mbw6b-1x mbw6b-1y\"><div class=\"x-text x-content e554915-e14 mbw6b-1a mbw6b-1c mbw6b-1d mbw6b-1e mbw6b-1f\"><p>130+<\/p><\/div><div class=\"x-text x-content e554915-e15 mbw6b-1a mbw6b-1b mbw6b-1c mbw6b-1f mbw6b-1g mbw6b-1h mbw6b-1i body-small\">Paesi con questionari inviati<\/div><\/div><div class=\"x-cell x-hide-sm e554915-e16 mbw6b-1t mbw6b-1u mbw6b-1v mbw6b-1w mbw6b-1y mbw6b-1z\"><\/div><div class=\"x-cell e554915-e17 mbw6b-1t mbw6b-1u mbw6b-1v mbw6b-1w mbw6b-1x mbw6b-1y\"><div class=\"x-text x-content e554915-e18 mbw6b-1a mbw6b-1c mbw6b-1d mbw6b-1e mbw6b-1f\">1M+<\/div><div class=\"x-text x-content e554915-e19 mbw6b-1a mbw6b-1b mbw6b-1c mbw6b-1f mbw6b-1h mbw6b-1j body-small\">Visitatori del sito web ogni anno<\/div><\/div><div class=\"x-cell x-hide-sm e554915-e20 mbw6b-1t mbw6b-1u mbw6b-1v mbw6b-1w mbw6b-1y mbw6b-1z\"><\/div><div class=\"x-cell e554915-e21 mbw6b-1t mbw6b-1u mbw6b-1v mbw6b-1w mbw6b-1x mbw6b-1y\"><div class=\"x-text x-content e554915-e22 mbw6b-1a mbw6b-1c mbw6b-1d mbw6b-1e mbw6b-1f\">30K+<\/div><div class=\"x-text x-content e554915-e23 mbw6b-1a mbw6b-1b mbw6b-1c mbw6b-1f mbw6b-1g mbw6b-1k body-small\"><p>Lista di distribuzione dei pazienti<\/p><\/div><\/div><div class=\"x-cell x-hide-sm e554915-e24 mbw6b-1t mbw6b-1u mbw6b-1v mbw6b-1w mbw6b-1y mbw6b-1z\"><\/div><div class=\"x-cell e554915-e25 mbw6b-1t mbw6b-1u mbw6b-1v mbw6b-1w mbw6b-1x mbw6b-1y mbw6b-20 mbw6b-21\"><div class=\"x-text x-content e554915-e26 mbw6b-1a mbw6b-1c mbw6b-1d mbw6b-1e mbw6b-1f\"><p>930K<\/p><\/div><div class=\"x-text x-content e554915-e27 mbw6b-1a mbw6b-1b mbw6b-1c mbw6b-1f mbw6b-1g mbw6b-1h body-small\"><p>Visualizzazioni su YouTube e 10.000 abbonati<\/p><\/div><\/div><div class=\"x-cell x-hide-md x-hide-sm e554915-e28 mbw6b-1t mbw6b-1u mbw6b-1v mbw6b-1w mbw6b-1y mbw6b-1z\"><\/div><div class=\"x-cell e554915-e29 mbw6b-1t mbw6b-1u mbw6b-1v mbw6b-1w mbw6b-1x mbw6b-1y mbw6b-21 mbw6b-22\"><div class=\"x-text x-content e554915-e30 mbw6b-1a mbw6b-1c mbw6b-1d mbw6b-1e mbw6b-1f\">80K<\/div><div class=\"x-text x-content e554915-e31 mbw6b-1a mbw6b-1b mbw6b-1c mbw6b-1f mbw6b-1h mbw6b-1l body-small\">Invio di quiz per i pazienti<\/div><\/div><div class=\"x-cell x-hide-md x-hide-sm e554915-e32 mbw6b-1t mbw6b-1u mbw6b-1v mbw6b-1w mbw6b-1y mbw6b-1z\"><\/div><div class=\"x-cell e554915-e33 mbw6b-1t mbw6b-1u mbw6b-1v mbw6b-1w mbw6b-1x mbw6b-1y\"><div class=\"x-text x-content e554915-e34 mbw6b-1a mbw6b-1c mbw6b-1d mbw6b-1e mbw6b-1f\">95.6%<\/div><div class=\"x-text x-content e554915-e35 mbw6b-1a mbw6b-1b mbw6b-1c mbw6b-1f mbw6b-1g mbw6b-1i mbw6b-1k mbw6b-1m body-small\"><p>Sesso biologico femminile<\/p><\/div><\/div><div class=\"x-cell x-hide-sm x-hide-xs e554915-e36 mbw6b-1t mbw6b-1u mbw6b-1v mbw6b-1w mbw6b-1y mbw6b-1z\"><\/div><div class=\"x-cell e554915-e37 mbw6b-1t mbw6b-1u mbw6b-1v mbw6b-1w mbw6b-1x mbw6b-1y\"><div class=\"x-text x-content e554915-e38 mbw6b-1a mbw6b-1c mbw6b-1d mbw6b-1e mbw6b-1f\">13.4%<\/div><div class=\"x-text x-content e554915-e39 mbw6b-1a mbw6b-1b mbw6b-1c mbw6b-1f mbw6b-1g mbw6b-1h body-small\">Sperimenta continui sintomi di IVU<\/div><\/div><div class=\"x-cell x-hide-sm e554915-e40 mbw6b-1t mbw6b-1u mbw6b-1v mbw6b-1w mbw6b-1y mbw6b-1z\"><\/div><div class=\"x-cell e554915-e41 mbw6b-1t mbw6b-1u mbw6b-1v mbw6b-1w mbw6b-1x mbw6b-1y\"><div class=\"x-text x-content e554915-e42 mbw6b-1a mbw6b-1c mbw6b-1d mbw6b-1e mbw6b-1f\">25%<\/div><div class=\"x-text x-content e554915-e43 mbw6b-1a mbw6b-1b mbw6b-1c mbw6b-1f mbw6b-1g mbw6b-1h body-small\"><p>Sperimenta sintomi di IVU ogni mese o meno<\/p><\/div><\/div><div class=\"x-cell e554915-e44 mbw6b-1u mbw6b-1y mbw6b-23 mbw6b-24\"><span class=\"x-image x-hide-lg x-hide-md x-hide-sm x-hide-xl x-hide-xs e554915-e45 mbw6b-26 mbw6b-27\"><img decoding=\"async\" src=\"https:\/\/liveutifree.com\/wp-content\/uploads\/2025\/06\/Screenshot-2023-02-01-at-17.39.24-1-min-scaled.png\" width=\"1280\" height=\"297\" alt=\"Una persona esamina un campione al microscopio, con una bolla che recita: 8 su 10 hanno dichiarato che il trattamento per l&#039;IVU \u00e8 fallito o ha provocato una nuova recidiva.\" loading=\"lazy\"><\/span><div class=\"x-grid e554915-e46 mbw6b-1q mbw6b-1s\"><div class=\"x-cell e554915-e47 mbw6b-1t mbw6b-1u mbw6b-1y mbw6b-24\"><span class=\"x-image e554915-e48 mbw6b-26 mbw6b-27\"><img decoding=\"async\" src=\"https:\/\/liveutifree.com\/wp-content\/uploads\/2025\/07\/scientest-img.png\" width=\"379\" height=\"375\" alt=\"Disegno lineare di uno scienziato con camice e occhiali che esamina un campione al microscopio.\" loading=\"lazy\"><\/span><\/div><div class=\"x-cell e554915-e49 mbw6b-1w mbw6b-1y mbw6b-25\"><div class=\"x-div e554915-e50 mbw6b-q mbw6b-s mbw6b-t mbw6b-w mbw6b-x\"><div class=\"x-text x-content e554915-e51 mbw6b-1a mbw6b-1d mbw6b-1f mbw6b-1n\">8 persone su 10 che hanno compilato il questionario hanno dichiarato che <span style=\"color: #008071;\"><strong>che il loro trattamento per l'IVU \u00e8 fallito immediatamente<\/strong><\/span> o ha provocato un'altra recidiva.<\/div><\/div><\/div><\/div><\/div><\/div><div class=\"x-row x-hide-lg x-hide-md x-hide-xl e554915-e52 mbw6b-3 mbw6b-5 mbw6b-8 mbw6b-a\"><div class=\"x-row-inner\"><div class=\"x-col e554915-e53 mbw6b-k mbw6b-m mbw6b-n\"><div class=\"x-text x-content e554915-e54 mbw6b-1a mbw6b-1c mbw6b-1d mbw6b-1e mbw6b-1f\"><p>130+<\/p><\/div><div class=\"x-text x-content e554915-e55 mbw6b-1a mbw6b-1b mbw6b-1c mbw6b-1f mbw6b-1o body-small\"><p>Paesi con questionari inviati<\/p><\/div><\/div><div class=\"x-col e554915-e56 mbw6b-k mbw6b-m mbw6b-n\"><div class=\"x-text x-content e554915-e57 mbw6b-1a mbw6b-1c mbw6b-1d mbw6b-1e mbw6b-1f\">1M+<\/div><div class=\"x-text x-content e554915-e58 mbw6b-1a mbw6b-1b mbw6b-1c mbw6b-1f mbw6b-1p body-small\">Visitatori del sito web ogni anno<\/div><\/div><div class=\"x-col e554915-e59 mbw6b-k mbw6b-m mbw6b-n\"><div class=\"x-text x-content e554915-e60 mbw6b-1a mbw6b-1c mbw6b-1d mbw6b-1e mbw6b-1f\"><p>930K<\/p><\/div><div class=\"x-text x-content e554915-e61 mbw6b-1a mbw6b-1b mbw6b-1c mbw6b-1f mbw6b-1m body-small\">Visualizzazioni su YouTube e 3,5k abbonati<\/div><\/div><div class=\"x-col e554915-e62 mbw6b-k mbw6b-m mbw6b-n\"><div class=\"x-text x-content e554915-e63 mbw6b-1a mbw6b-1c mbw6b-1d mbw6b-1e mbw6b-1f\">200K<\/div><div class=\"x-text x-content e554915-e64 mbw6b-1a mbw6b-1b mbw6b-1c mbw6b-1f mbw6b-1m body-small\"><p>Visualizzazioni su YouTube e 10.000 abbonati<\/p><\/div><\/div><div class=\"x-col e554915-e65 mbw6b-k mbw6b-m mbw6b-n\"><div class=\"x-text x-content e554915-e66 mbw6b-1a mbw6b-1c mbw6b-1d mbw6b-1e mbw6b-1f\">80K<\/div><div class=\"x-text x-content e554915-e67 mbw6b-1a mbw6b-1b mbw6b-1c mbw6b-1f body-small\">Invio di quiz per i pazienti<\/div><\/div><div class=\"x-col e554915-e68 mbw6b-k mbw6b-m mbw6b-n\"><div class=\"x-text x-content e554915-e69 mbw6b-1a mbw6b-1c mbw6b-1d mbw6b-1e mbw6b-1f\">95.6%<\/div><div class=\"x-text x-content e554915-e70 mbw6b-1a mbw6b-1b mbw6b-1c mbw6b-1f body-small\">Sesso biologico femminile<\/div><\/div><div class=\"x-col e554915-e71 mbw6b-k mbw6b-m mbw6b-n\"><div class=\"x-text x-content e554915-e72 mbw6b-1a mbw6b-1c mbw6b-1d mbw6b-1e mbw6b-1f\">13.4%<\/div><div class=\"x-text x-content e554915-e73 mbw6b-1a mbw6b-1b mbw6b-1c mbw6b-1f mbw6b-1m body-small\">Sperimenta continui sintomi di IVU<\/div><\/div><div class=\"x-col e554915-e74 mbw6b-k mbw6b-m mbw6b-n\"><div class=\"x-text x-content e554915-e75 mbw6b-1a mbw6b-1c mbw6b-1d mbw6b-1e mbw6b-1f\">25%<\/div><div class=\"x-text x-content e554915-e76 mbw6b-1a mbw6b-1b mbw6b-1c mbw6b-1f mbw6b-1m body-small\">Sperimenta sintomi di IVU ogni mese o meno<\/div><\/div><div class=\"x-col e554915-e77 mbw6b-k mbw6b-m mbw6b-n mbw6b-o\"><div class=\"x-div e554915-e78 mbw6b-q mbw6b-s mbw6b-t mbw6b-w\"><div class=\"x-text x-content e554915-e79 mbw6b-1a mbw6b-1d mbw6b-1f mbw6b-1n\">8 persone su 10 che hanno compilato il questionario hanno dichiarato che <span style=\"color: #008071;\"><strong>che il loro trattamento per l'IVU \u00e8 fallito immediatamente<\/strong><\/span> o ha provocato un'altra recidiva.<\/div><\/div><span class=\"x-image e554915-e80 mbw6b-26 mbw6b-28 mbw6b-29\"><img decoding=\"async\" src=\"https:\/\/liveutifree.com\/wp-content\/uploads\/2025\/07\/scientest-img.png\" width=\"379\" height=\"375\" alt=\"Disegno lineare di uno scienziato con camice e occhiali che esamina un campione al microscopio.\" loading=\"lazy\"><\/span><\/div><\/div><\/div><\/div><\/div><\/div><\/div><\/div><\/div><div class=\"x-section e554915-e81 mbw6b-0\"><div class=\"x-row x-container max width e554915-e82 mbw6b-3 mbw6b-4 mbw6b-8 mbw6b-b\"><div class=\"x-row-inner\"><div class=\"x-col e554915-e83 mbw6b-k mbw6b-l mbw6b-m\"><div class=\"x-div e554915-e84 mbw6b-q mbw6b-r mbw6b-s mbw6b-t mbw6b-u\"><div class=\"x-text x-text-headline e554915-e85 mbw6b-z mbw6b-10 heading-03\"><div class=\"x-text-content\"><div class=\"x-text-content-text\"><h2 class=\"x-text-content-text-primary\">Unisciti alla nostra rete di referenti clinici<\/h2>\n<\/div><\/div><\/div><hr class=\"x-line e554915-e86-v0 mbw6b-16 mbw6b-17\"\/><\/div><div class=\"x-row e554915-e87 mbw6b-3 mbw6b-4 mbw6b-6 mbw6b-8 mbw6b-c\"><div class=\"x-row-inner\"><div class=\"x-col e554915-e88 mbw6b-k mbw6b-m mbw6b-n\"><span class=\"x-image e554915-e89 mbw6b-26 mbw6b-27 mbw6b-29 mbw6b-2a\"><img decoding=\"async\" src=\"https:\/\/liveutifree.com\/wp-content\/uploads\/2022\/07\/Development-of-Symptom-Measurement-Tools-tab.png\" width=\"502\" height=\"500\" alt=\"Medici e pazienti\" loading=\"lazy\"><\/span><\/div><div class=\"x-col e554915-e90 mbw6b-k mbw6b-l mbw6b-p\"><div class=\"x-text x-content e554915-e91 mbw6b-1a mbw6b-1b mbw6b-1c body-medium\"><p>In qualit\u00e0 di organizzazione per la ricerca e la difesa dei pazienti, al centro della comunit\u00e0 delle IVU ricorrenti e croniche, i medici si rivolgono a noi quotidianamente.<\/p>\n<p>Teniamo molto a queste raccomandazioni perch\u00e9 riceviamo pi\u00f9 di 20 richieste al giorno di referenze di medici. La nostra comunit\u00e0 di pazienti \u00e8 immensa e mettere in contatto la nostra comunit\u00e0 con i medici che possono aiutarci \u00e8 una delle nostre attivit\u00e0 principali. <\/p>\n<p><\/p><\/div><\/div><\/div><\/div><\/div><div class=\"x-col e554915-e92 mbw6b-k mbw6b-l mbw6b-m\"><div class=\"x-row e554915-e93 mbw6b-3 mbw6b-4 mbw6b-6 mbw6b-8 mbw6b-d\"><div class=\"x-row-inner\"><div class=\"x-col e554915-e94 mbw6b-k mbw6b-l mbw6b-m\"><div class=\"x-text x-content e554915-e95 mbw6b-1a mbw6b-1b mbw6b-1c body-medium\"><p>Come parte della nostra rete di medici, avrai l'opportunit\u00e0 di fornire maggiori informazioni sul tuo studio in modo da poterti mettere in contatto con i pazienti che potrebbero trarre beneficio dal tuo approccio.<\/p>\n<p><strong>Le informazioni sui medici della nostra rete non vengono pubblicate direttamente sul nostro sito, ma vengono fornite via e-mail ai pazienti su richiesta, in base alla regione e alle esigenze del paziente.<\/strong><\/p>\n<p>Il nostro servizio di referral clinico \u00e8 gratuito sia per i pazienti che per i medici e la nostra rete comprende attualmente circa 250 medici di diverse specialit\u00e0 e in diversi paesi. Consulta la nostra <span style=\"color: #c74f4d;\"><a href=\"https:\/\/liveutifree.com\/it\/legale-luf\/\" style=\"color: #c74f4d;\"><span style=\"text-decoration: underline;\">informativa sulla privacy<\/span><\/a><\/span> per maggiori informazioni sull'utilizzo delle informazioni che ci fornisci. <\/p><\/div><\/div><div class=\"x-col e554915-e96 mbw6b-k mbw6b-m mbw6b-n\"><a class=\"x-anchor x-anchor-button e554915-e97 mbw6b-2b\" tabindex=\"0\" href=\"https:\/\/airtable.com\/appzPvbWbNfQVsK6U\/shrEbxA2eI2IM4Pa2\"><div class=\"x-anchor-content\"><div class=\"x-anchor-text\"><span class=\"x-anchor-text-primary\">Unisciti alla nostra rete di medici di riferimento<\/span><\/div><\/div><\/a><\/div><\/div><\/div><\/div><\/div><\/div><\/div><div class=\"x-section e554915-e98 mbw6b-0\"><div class=\"x-row x-container max width e554915-e99 mbw6b-3 mbw6b-4 mbw6b-8 mbw6b-e\"><div class=\"x-row-inner\"><div class=\"x-col e554915-e100 mbw6b-k mbw6b-l mbw6b-m\"><div class=\"x-div e554915-e101 mbw6b-q mbw6b-r mbw6b-s mbw6b-t mbw6b-u\"><div class=\"x-text x-text-headline e554915-e102 mbw6b-z mbw6b-10 heading-03\"><div class=\"x-text-content\"><div class=\"x-text-content-text\"><h2 class=\"x-text-content-text-primary\">Condividi la tua esperienza sul nostro canale YouTube<\/h2>\n<\/div><\/div><\/div><hr class=\"x-line e554915-e103-v0 mbw6b-16 mbw6b-17\"\/><div class=\"x-row e554915-e104 mbw6b-3 mbw6b-4 mbw6b-7 mbw6b-8 mbw6b-f\"><div class=\"x-row-inner\"><div class=\"x-col e554915-e105 mbw6b-k mbw6b-m mbw6b-n\"><a class=\"x-image e554915-e106 mbw6b-26 mbw6b-27 mbw6b-29\" href=\"https:\/\/www.youtube.com\/@LiveUTIFree\/videos\" target=\"_blank\" rel=\"noopener noreferrer\"><img decoding=\"async\" src=\"https:\/\/liveutifree.com\/wp-content\/uploads\/2023\/02\/Screenshot-2023-02-01-at-17.46.06.png\" width=\"788\" height=\"289\" alt=\"Due miniature di video YouTube sulle IVU e sulla salute delle donne, con la partecipazione delle dottoresse Carley Akehurst e Rachel Rubin, con gli approfondimenti LUF evidenziati e la durata del video.\" loading=\"lazy\"><\/a><\/div><div class=\"x-col e554915-e107 mbw6b-k mbw6b-m mbw6b-n\"><a class=\"x-image e554915-e108 mbw6b-26 mbw6b-27 mbw6b-29\" href=\"https:\/\/www.youtube.com\/@LiveUTIFree\/videos\" target=\"_blank\" rel=\"noopener noreferrer\"><img decoding=\"async\" src=\"https:\/\/liveutifree.com\/wp-content\/uploads\/2023\/02\/Screenshot-2023-02-01-at-17.46.34.png\" width=\"790\" height=\"318\" alt=\"Due miniature di video di YouTube mostrano dei medici che parlano di infezioni del tratto urinario (IVU). Un video parla della risposta immunitaria alle IVU, mentre l&#039;altro si concentra sulle IVU nei bambini e negli anziani.\" loading=\"lazy\"><\/a><\/div><\/div><\/div><hr class=\"x-line e554915-e109-v0 mbw6b-17 mbw6b-18\"\/><div class=\"x-row e554915-e110 mbw6b-3 mbw6b-4 mbw6b-7 mbw6b-8 mbw6b-g\"><div class=\"x-row-inner\"><div class=\"x-col e554915-e111 mbw6b-k mbw6b-m mbw6b-n\"><div class=\"x-text x-content e554915-e112 mbw6b-1a mbw6b-1b mbw6b-1c body-medium\"><p>La nostra <a href=\"https:\/\/www.youtube.com\/@LiveUTIFree\/videos\"><span style=\"text-decoration: underline;\">interviste agli esperti e consigli pratici su YouTub<\/span><\/a>e forniscono a medici e ricercatori una piattaforma per condividere la loro esperienza e le loro conoscenze in materia di IVU ricorrente e argomenti correlati.<\/p>\n<p>Raccogliamo le domande della nostra comunit\u00e0 e invitiamo gli esperti a condividere le loro risposte in questa famosa serie. Il coinvolgimento della nostra comunit\u00e0 in questo modo non solo permette ai membri della comunit\u00e0 di conoscere i medici del settore, ma offre anche ai medici la possibilit\u00e0 di capire meglio ci\u00f2 che \u00e8 importante per i pazienti. <\/p>\n<p>Se vuoi condividere le tue ricerche o discutere di un'area della salute pelvica, contattaci, <a href=\"https:\/\/liveutifree.com\/it\/contatto-luf\/\"><span style=\"text-decoration: underline;\">contattaci!<\/span><\/a><\/p><\/div><\/div><\/div><\/div><\/div><\/div><\/div><\/div><\/div><div class=\"x-section e554915-e113 mbw6b-0\"><div class=\"x-row x-container max width e554915-e114 mbw6b-3 mbw6b-4 mbw6b-8 mbw6b-h\"><div class=\"x-row-inner\"><div class=\"x-col e554915-e115 mbw6b-k mbw6b-l mbw6b-m\"><div class=\"x-div e554915-e116 mbw6b-q mbw6b-r mbw6b-t mbw6b-u mbw6b-y\"><div class=\"x-text x-text-headline e554915-e117 mbw6b-z mbw6b-10 heading-03\"><div class=\"x-text-content\"><div class=\"x-text-content-text\"><h2 class=\"x-text-content-text-primary\">Collabora con noi nella ricerca<\/h2>\n<\/div><\/div><\/div><hr class=\"x-line e554915-e118-v0 mbw6b-16 mbw6b-17\"\/><div class=\"x-text x-content e554915-e119 mbw6b-19 mbw6b-1a mbw6b-1b mbw6b-1c body-medium\"><p>La ricerca \u00e8 al centro di tutto ci\u00f2 che facciamo e abbiamo raccolto il pi\u00f9 grande set di dati al mondo sull'esperienza dei pazienti in IVU. Forniamo supporto ad altri ricercatori in molti modi, tra cui: <\/p>\n\n<ul>\n \t<li>Reclutamento dei partecipanti<\/li>\n \t<li>Consulenza sul coinvolgimento del pubblico e dei pazienti<\/li>\n \t<li>Progettazione del questionario per i pazienti<\/li>\n \t<li>Disegno dello studio<\/li>\n \t<li>Collaborazione per le richieste di finanziamento<\/li>\n<\/ul>\n<p>I ricercatori sono invitati a utilizzare le nostre misure di Outcome Riportate dal Paziente (PROMs) recentemente pubblicate per le IVU ricorrenti:<\/p>\n\n<ol>\n \t<li><a href=\"https:\/\/bjui-journals.onlinelibrary.wiley.com\/doi\/10.1002\/bco2.222\" target=\"_blank\" rel=\"noopener\"><span style=\"text-decoration: underline;\">La scala dei sintomi delle infezioni ricorrenti del tratto urinario (RUTISS)<\/span><\/a><\/li>\n \t<li><a href=\"https:\/\/link.springer.com\/article\/10.1007\/s11136-023-03348-7\" target=\"_blank\" rel=\"noopener\"><span style=\"text-decoration: underline;\">Il questionario sull'impatto delle infezioni ricorrenti del tratto urinario (RUTIIQ)<\/span><\/a><\/li>\n<\/ol>\n<p>Per maggiori informazioni su come collaborare alla ricerca, ti invitiamo a<span> <\/span><span style=\"color: #c74f4d;\"><a href=\"https:\/\/liveutifree.com\/it\/contatto-luf\/\" style=\"color: #c74f4d;\"><span style=\"text-decoration: underline;\">inviaci un'e-mail<\/span><\/a><\/span>.<\/p><\/div><\/div><\/div><\/div><\/div><\/div><div class=\"x-section e554915-e120 mbw6b-0\"><div class=\"x-row x-container max width e554915-e121 mbw6b-3 mbw6b-4 mbw6b-8 mbw6b-i\"><div class=\"x-row-inner\"><div class=\"x-col e554915-e122 mbw6b-k mbw6b-l mbw6b-m\"><div class=\"x-div e554915-e123 mbw6b-q mbw6b-r mbw6b-s mbw6b-t mbw6b-u\"><div class=\"x-text x-text-headline e554915-e124 mbw6b-z mbw6b-10 mbw6b-14 heading-03\"><div class=\"x-text-content\"><div class=\"x-text-content-text\"><h2 class=\"x-text-content-text-primary\">Partecipa alla serie \"Chiedimi tutto\" sui social media<\/h2>\n<\/div><\/div><\/div><hr class=\"x-line e554915-e125-v0 mbw6b-16 mbw6b-17\"\/><span class=\"x-image e554915-e126 mbw6b-26 mbw6b-27\"><img decoding=\"async\" src=\"https:\/\/liveutifree.com\/wp-content\/uploads\/2021\/11\/1.png\" width=\"540\" height=\"540\" alt=\"Krystal Thomas-White AMA\" loading=\"lazy\"><\/span><hr class=\"x-line e554915-e127-v0 mbw6b-16 mbw6b-17\"\/><div class=\"x-text x-content e554915-e128 mbw6b-19 mbw6b-1a mbw6b-1b mbw6b-1c body-medium\"><p>Le conversazioni sull'IVU avvengono su pi\u00f9 piattaforme e noi ci confrontiamo spesso con la nostra comunit\u00e0 sui social media. Uno dei modi in cui possiamo mettere in contatto i medici con i pazienti sui social media \u00e8 la serie \"Ask Me Anything\", in cui il nostro pubblico invia domande e il nostro esperto risponde a una di esse ogni settimana. <\/p>\n<p>Se sei pronto per un \"AMA\", <span style=\"color: #c74f4d;\"><a href=\"https:\/\/liveutifree.com\/it\/contatto-luf\/\" style=\"color: #c74f4d;\"><span style=\"text-decoration: underline;\">contattaci via e-mail<\/span><\/a><\/span> o ancora meglio, <a href=\"https:\/\/www.instagram.com\/liveutifree\/\" target=\"_blank\" rel=\"noopener\"><span style=\"text-decoration: underline;\">scrivici su Instagram<\/span><\/a>.<\/p><\/div><\/div><\/div><\/div><\/div><\/div><div class=\"x-section e554915-e129 mbw6b-0\"><div class=\"x-row x-container max width e554915-e130 mbw6b-3 mbw6b-4 mbw6b-8 mbw6b-j\"><div class=\"x-row-inner\"><div class=\"x-col e554915-e131 mbw6b-k mbw6b-l mbw6b-m\"><div class=\"x-div e554915-e132 mbw6b-q mbw6b-r mbw6b-t mbw6b-u mbw6b-y\"><div style=\"--tco-dcbw6b-2:;--tco-dcbw6b-3:;\" class=\"x-text x-text-headline e554915-e133-v0 mbw6b-10 mbw6b-13 mbw6b-15 mbw6b-2\"><div class=\"x-text-content\"><div class=\"x-text-content-text\"><h2 class=\"x-text-content-text-primary\">Author An Article On A Special Interest Area<\/h2>\n<\/div><\/div><\/div><hr class=\"x-line e554915-e134-v0 mbw6b-16 mbw6b-17\"\/><div class=\"x-text x-content e554915-e135 mbw6b-19 mbw6b-1a mbw6b-1b mbw6b-1c body-medium\"><p>Ci piace condividere contenuti basati su prove di efficacia, realizzati da autori con esperienza pratica, e per questo collaboriamo con medici e ricercatori. La nostra comunit\u00e0 apprezza l'opportunit\u00e0 di conoscere un'ampia gamma di argomenti da parte di esperti del settore. <\/p>\n<p>Scrivendo contenuti sul nostro sito, avrai l'opportunit\u00e0 di condividere maggiori informazioni sul tuo studio e di indirizzare i lettori al tuo sito web. Guarda alcuni dei nostri articoli di esperti: <\/p>\n\n<ol>\n \t<li><a href=\"https:\/\/liveutifree.com\/it\/ivu-e-menopausa-gli-estrogeni-possono-migliorare-le-ivu-ricorrenti\/\"><span style=\"text-decoration: underline;\">IVU e menopausa: Gli estrogeni possono migliorare le IVU ricorrenti<\/span><\/a><\/li>\n \t<li><a href=\"https:\/\/liveutifree.com\/it\/vitamina-c-per-livu-funziona\/\"><span style=\"text-decoration: underline;\">Vitamina C per l'IVU: funziona?<\/span><\/a><\/li>\n \t<li><a href=\"https:\/\/liveutifree.com\/it\/ivu-in-gravidanza-sicurezza-trattamento-e-prevenzione\/\"><span style=\"text-decoration: underline;\">IVU in gravidanza: Sicurezza, trattamento e prevenzione<\/span><\/a><\/li>\n<\/ol>\n<p><span>Se hai un'idea per un articolo, ci farebbe piacere sentirti. <\/span><a href=\"https:\/\/liveutifree.com\/it\/contatto-luf\/\"><span style=\"text-decoration: underline;\">contattaci<\/span><\/a><span>.<\/span><\/p><\/div><\/div><\/div><\/div><\/div><\/div><\/div>","protected":false},"excerpt":{"rendered":"<p>Come possono essere coinvolti i medici Se sei nuovo, benvenuto nella nostra comunit\u00e0. Siamo ansiosi di conoscere la tua esperienza nel campo delle IVU ricorrenti e croniche e di sapere come possiamo collaborare o metterti in contatto con la nostra comunit\u00e0. Forse conosci gi\u00e0 la nostra risorse per i medici (pdf) o la nostra guida per aiutare i pazienti a &#8230; <\/p>\n<div><a href=\"https:\/\/liveutifree.com\/it\/clinici-luf\/\" class=\"more-link\">Read More<\/a><\/div>\n","protected":false},"author":7,"featured_media":0,"parent":0,"menu_order":65,"comment_status":"closed","ping_status":"closed","template":"template-blank-4.php","meta":{"_acf_changed":false,"inline_featured_image":false,"footnotes":""},"class_list":["post-554915","page","type-page","status-publish","hentry","no-post-thumbnail"],"acf":[],"featured_image_src":null,"_links":{"self":[{"href":"https:\/\/liveutifree.com\/it\/wp-json\/wp\/v2\/pages\/554915","targetHints":{"allow":["GET"]}}],"collection":[{"href":"https:\/\/liveutifree.com\/it\/wp-json\/wp\/v2\/pages"}],"about":[{"href":"https:\/\/liveutifree.com\/it\/wp-json\/wp\/v2\/types\/page"}],"author":[{"embeddable":true,"href":"https:\/\/liveutifree.com\/it\/wp-json\/wp\/v2\/users\/7"}],"replies":[{"embeddable":true,"href":"https:\/\/liveutifree.com\/it\/wp-json\/wp\/v2\/comments?post=554915"}],"version-history":[{"count":2,"href":"https:\/\/liveutifree.com\/it\/wp-json\/wp\/v2\/pages\/554915\/revisions"}],"predecessor-version":[{"id":576010,"href":"https:\/\/liveutifree.com\/it\/wp-json\/wp\/v2\/pages\/554915\/revisions\/576010"}],"wp:attachment":[{"href":"https:\/\/liveutifree.com\/it\/wp-json\/wp\/v2\/media?parent=554915"}],"curies":[{"name":"wp","href":"https:\/\/api.w.org\/{rel}","templated":true}]}}