{"id":558163,"date":"2025-09-07T11:01:38","date_gmt":"2025-09-07T11:01:38","guid":{"rendered":"https:\/\/liveutifree.com\/lignes-directrices-pour-la-communaute-luf\/"},"modified":"2025-10-23T13:52:18","modified_gmt":"2025-10-23T13:52:18","slug":"lignes-directrices-pour-la-communaute-luf","status":"publish","type":"page","link":"https:\/\/liveutifree.com\/fr\/lignes-directrices-pour-la-communaute-luf\/","title":{"rendered":"Lignes directrices communautaires"},"content":{"rendered":"<div id=\"cs-content\" class=\"cs-content\"><div class=\"x-section e558163-e1 mbyoj-0\"><div class=\"x-row e558163-e2 mbyoj-1 mbyoj-2\"><div class=\"x-row-inner\"><div class=\"x-col e558163-e3 mbyoj-3\"><div class=\"x-text x-text-headline e558163-e4 mbyoj-4 mbyoj-5 heading-02\"><div class=\"x-text-content\"><div class=\"x-text-content-text\"><h1 class=\"x-text-content-text-primary\">Directives de la communaut\u00e9 Live UTI Free<\/h1>\n<\/div><\/div><\/div><hr class=\"x-line e558163-e5-v0 mbyoj-6\"\/><div class=\"x-text x-content e558163-e6 mbyoj-7 mbyoj-8 body-medium\"><span>Live UTI Free existe pour aider et soutenir la communaut\u00e9 que nous sommes en train de construire. Il est extr\u00eamement important pour nous de cr\u00e9er un lieu s\u00fbr permettant \u00e0 cette communaut\u00e9 d'en savoir plus sur les infections urinaires et d'interagir de mani\u00e8re appropri\u00e9e. Les pr\u00e9sentes directives communautaires ont pour but de rendre cela possible.  <\/span><\/div><\/div><div class=\"x-col e558163-e7 mbyoj-3\"><div class=\"x-text x-text-headline e558163-e8 mbyoj-5 heading-03\"><div class=\"x-text-content\"><div class=\"x-text-content-text\"><h2 class=\"x-text-content-text-primary\">Live UTI Free Post Commentaires<\/h2>\n<\/div><\/div><\/div><hr class=\"x-line e558163-e9-v0 mbyoj-6\"\/><div class=\"x-text x-text-headline e558163-e10 mbyoj-5 heading-03\"><div class=\"x-text-content\"><div class=\"x-text-content-text\"><h3 class=\"x-text-content-text-primary\">Vue d'ensemble<\/h3>\n<\/div><\/div><\/div><hr class=\"x-line e558163-e11-v0 mbyoj-6\"\/><div class=\"x-text x-content e558163-e12 mbyoj-8 body-medium\"><p>Les commentaires sont un excellent moyen de poser des questions, d'avancer des th\u00e9ories et de partager des informations utiles. Nous vous invitons \u00e0 exprimer votre point de vue et nous aimons recevoir les commentaires de notre communaut\u00e9. Nous avons mis en place quelques lignes directrices pour que les commentaires soient utiles \u00e0 tous. Nous tenons \u00e9galement \u00e0 ce que les commentaires restent courtois.   <\/p>\n<p>Nous vous encourageons \u00e0 essayer d'apporter une valeur ajout\u00e9e \u00e0 la conversation autour de l'IVU chronique. Jetez un coup d'\u0153il aux commentaires pr\u00e9c\u00e9dents avant de participer \u00e0 la discussion, puis d\u00e9cidez si vous avez quelque chose d'utile \u00e0 apporter. <\/p>\n<p>Nous comprenons qu'il s'agit d'un sujet tr\u00e8s personnel, vous n'avez donc pas besoin d'utiliser votre vrai nom, mais n'usurpez jamais l'identit\u00e9 d'une autre personne. Vous \u00eates l\u00e9galement responsable du contenu que vous soumettez, et une fois qu'il est en ligne, n'importe qui peut le lire. <\/p>\n<p>\u00c0 cet \u00e9gard, r\u00e9fl\u00e9chissez \u00e0 la fa\u00e7on dont les autres pourraient percevoir votre commentaire avant de l'envoyer. L'IVU chronique est v\u00e9cue diff\u00e9remment par chaque personne, et il est important que votre commentaire ne soit pas mal compris. <\/p>\n<p>Expliquez clairement quel est votre lien avec l'histoire ou la recherche que vous partagez. Chez Live UTI Free, nous misons sur la transparence. <\/p><\/div><hr class=\"x-line e558163-e13-v0 mbyoj-6\"\/><div class=\"x-text x-text-headline e558163-e14 mbyoj-5 heading-03\"><div class=\"x-text-content\"><div class=\"x-text-content-text\"><h3 class=\"x-text-content-text-primary\">Qui peut commenter ?<\/h3>\n<\/div><\/div><\/div><hr class=\"x-line e558163-e15-v0 mbyoj-6\"\/><div class=\"x-text x-content e558163-e16 mbyoj-8 body-medium\"><p>Nous mettons \u00e0 votre disposition une section de commentaires sur tous nos articles car nous voulons encourager nos utilisateurs \u00e0 poser des questions, \u00e0 partager leurs histoires et \u00e0 nous fournir un retour d'information pr\u00e9cieux. Nous accueillons les d\u00e9bats amicaux et les d\u00e9saccords respectueux des personnes int\u00e9ress\u00e9es par l'IVU chronique et la sant\u00e9 f\u00e9minine. <\/p>\n<p>Cela signifie que tout le monde peut commenter, mais nous vous demandons de respecter les r\u00e8gles \u00e9nonc\u00e9es dans les pr\u00e9sentes lignes directrices. Nous vous demandons \u00e9galement de ne pas r\u00e9p\u00e9ter vos commentaires \u00e0 plusieurs endroits du site. Cela ne fait que diluer les conversations sur des sujets importants.  <\/p><\/div><hr class=\"x-line e558163-e17-v0 mbyoj-6\"\/><div class=\"x-text x-text-headline e558163-e18 mbyoj-5 heading-03\"><div class=\"x-text-content\"><div class=\"x-text-content-text\"><h3 class=\"x-text-content-text-primary\">Exp\u00e9riences personnelles et recommandations<\/h3>\n<\/div><\/div><\/div><hr class=\"x-line e558163-e19-v0 mbyoj-6\"\/><div class=\"x-text x-content e558163-e20 mbyoj-8 body-medium\"><p>En tant que site de d\u00e9fense des int\u00e9r\u00eats des patients, l'exp\u00e9rience personnelle est notre moteur. Nous voulons entendre vos histoires et conna\u00eetre vos progr\u00e8s. Ce que nous n'acceptons pas, c'est que des utilisateurs de notre site fassent des recommandations \u00e0 d'autres utilisateurs, sur la base de leur exp\u00e9rience personnelle en mati\u00e8re de traitement. Cela s'applique \u00e0 des produits sp\u00e9cifiques, ainsi qu'\u00e0 des praticiens, que l'avis soit positif ou n\u00e9gatif.   <\/p>\n<p>Il n'existe pas de rem\u00e8de ou de traitement unique qui soit efficace pour toutes les personnes souffrant d'IVU chronique. Et chaque personne a une exp\u00e9rience individuelle avec n'importe quel praticien. Il est donc inappropri\u00e9 pour une personne de recommander \u00e0 une autre des rem\u00e8des, des m\u00e9dicaments ou des praticiens particuliers. Ce type de commentaires sera supprim\u00e9.   <\/p>\n<p>Au contraire, si vous avez d'excellentes informations \u00e0 partager sur un traitement particulier ou un praticien de l'IVU chronique,<span> <\/span><a href=\"https:\/\/liveutifree.com\/fr\/contact-luf\/\" rel=\"noopener\">Prenez contact avec nous<\/a><span> <\/span>avec nous ! Nous pourrons ainsi effectuer les recherches n\u00e9cessaires et, le cas \u00e9ch\u00e9ant, diffuser l'information sur notre site web. <\/p><\/div><hr class=\"x-line e558163-e21-v0 mbyoj-6\"\/><div class=\"x-text x-text-headline e558163-e22 mbyoj-5 heading-03\"><div class=\"x-text-content\"><div class=\"x-text-content-text\"><h3 class=\"x-text-content-text-primary\">R\u00e9f\u00e9rences scientifiques<\/h3>\n<\/div><\/div><\/div><hr class=\"x-line e558163-e23-v0 mbyoj-6\"\/><div class=\"x-text x-content e558163-e24 mbyoj-8 body-medium\"><p>Lorsque vous publiez un commentaire sur Live UTI Free, vous acceptez que les informations que vous avez partag\u00e9es soient vraies et correctes au mieux de vos connaissances. Si votre contribution n'est pas bas\u00e9e sur votre exp\u00e9rience personnelle, nous vous demandons d'inclure des sources (r\u00e9f\u00e9rences, liens) afin que les autres puissent faire leurs propres recherches. <\/p>\n<p>Si vous estimez qu'un commentaire post\u00e9 par un autre utilisateur est erron\u00e9, soyez gentil et partagez vos propres r\u00e9f\u00e9rences. De nouvelles recherches sont publi\u00e9es en permanence et nous avons tous besoin d'un coup de main pour les suivre ! <\/p>\n<p>En r\u00e9sum\u00e9, votre contribution est la bienvenue et nous vous demandons d'exprimer votre point de vue en l'\u00e9tayant, le cas \u00e9ch\u00e9ant, par des preuves.<\/p><\/div><hr class=\"x-line e558163-e25-v0 mbyoj-6\"\/><div class=\"x-text x-text-headline e558163-e26 mbyoj-5 heading-03\"><div class=\"x-text-content\"><div class=\"x-text-content-text\"><h3 class=\"x-text-content-text-primary\">Courtoisie g\u00e9n\u00e9rale et comportement inappropri\u00e9<\/h3>\n<\/div><\/div><\/div><hr class=\"x-line e558163-e27-v0 mbyoj-6\"\/><div class=\"x-text x-content e558163-e28 mbyoj-8 body-medium\"><p>C'est une question de respect. Live UTI Free est au centre d'une communaut\u00e9 dont les exp\u00e9riences sont extr\u00eamement vari\u00e9es. Nous ne tol\u00e9rerons pas la diffamation ou les abus.  <\/p>\n<p>Respectez les autres et abstenez-vous de tout commentaire condescendant, honteux ou insultant, mena\u00e7ant, obsc\u00e8ne, offensant de quelque mani\u00e8re que ce soit ou discriminatoire \u00e0 l'\u00e9gard d'un groupe sp\u00e9cifique.<\/p>\n<p>Cela inclut les commentaires qui font des suppositions injustifi\u00e9es ou des commentaires d\u00e9sobligeants sur l'engagement d'une personne \u00e0 gu\u00e9rir, sa sant\u00e9 g\u00e9n\u00e9rale, son r\u00e9gime alimentaire ou ses choix de mode de vie. Les messages d'utilisateurs promouvant ou insinuant l'automutilation ne seront pas publi\u00e9s. <\/p>\n<p>Il est extr\u00eamement important pour nous que les personnes souffrant d'IVU chroniques sentent que Live UTI Free est un endroit s\u00fbr o\u00f9 elles peuvent en apprendre davantage sur la science qui sous-tend ces affections et poser des questions sans subir de repr\u00e9sailles.<\/p>\n<p>S'il appara\u00eet que vous avez d\u00e9lib\u00e9r\u00e9ment rejoint une discussion dans le seul but de poster des commentaires d\u00e9rangeants (trolling), votre commentaire sera supprim\u00e9.<\/p>\n<p>Les contenus ou les noms d'utilisateur consid\u00e9r\u00e9s comme inappropri\u00e9s pour un usage g\u00e9n\u00e9ral ne sont pas acceptables.<\/p>\n<p>Si vous voyez un commentaire qui enfreint ces r\u00e8gles, ne r\u00e9pondez pas.<span> <\/span><span style=\"text-decoration: underline; color: #c74f4d;\"><a href=\"https:\/\/liveutifree.com\/fr\/contact-luf\/\" rel=\"noopener\" style=\"color: #c74f4d; text-decoration: underline;\">Signalez-le<\/a><\/span><span> <\/span>\u00e0 la place. Nous supprimerons tout message qui enfreint ces r\u00e8gles, ce qui signifie que toute r\u00e9ponse sera \u00e9galement supprim\u00e9e. <\/p><\/div><hr class=\"x-line e558163-e29-v0 mbyoj-6\"\/><div class=\"x-text x-text-headline e558163-e30 mbyoj-5 heading-03\"><div class=\"x-text-content\"><div class=\"x-text-content-text\"><h3 class=\"x-text-content-text-primary\">Quel type de conseil convient-il de donner ?<\/h3>\n<\/div><\/div><\/div><hr class=\"x-line e558163-e31-v0 mbyoj-6\"\/><div class=\"x-text x-content e558163-e32 mbyoj-8 body-medium\"><p>Comme nous l'avons mentionn\u00e9 plus haut, Live UTI Free s'appuie sur des approches fond\u00e9es sur des donn\u00e9es probantes, et nous sommes fermement convaincus qu'aucune approche th\u00e9rapeutique ne sera efficace pour toutes les personnes souffrant d'une infection urinaire chronique.<\/p>\n<p>Nous avons peut-\u00eatre l'impression d'insister sur ce point, mais nous pensons qu'il est crucial. Bien que nous encouragions nos utilisateurs \u00e0 partager leurs histoires et exp\u00e9riences personnelles, nous n'autorisons pas les commentaires qui recommandent des rem\u00e8des ou des traitements sp\u00e9cifiques d'une mani\u00e8re qui sugg\u00e8re directement aux autres utilisateurs de les essayer. <\/p>\n<p>Cette r\u00e8gle s'applique \u00e9galement aux praticiens et aux chercheurs. Si vous \u00eates un professionnel de la sant\u00e9 ou un chercheur et que vous souhaitez partager des informations pertinentes, veuillez indiquer votre statut professionnel au moment de la publication. Nous accueillons chaleureusement les contributions des communaut\u00e9s m\u00e9dicales et scientifiques et vous demandons de respecter notre r\u00e8gle \"pas de recommandations sp\u00e9cifiques\".  <\/p>\n<p>Les informations figurant sur Live UTI Free ne sont pas destin\u00e9es \u00e0 remplacer la relation entre un patient et son praticien. Il est toujours pr\u00e9f\u00e9rable de demander l'avis d'un professionnel de la sant\u00e9 qualifi\u00e9 pour toute information trouv\u00e9e sur notre site ou dans les commentaires. <\/p><\/div><hr class=\"x-line e558163-e33-v0 mbyoj-6\"\/><div class=\"x-text x-text-headline e558163-e34 mbyoj-5 heading-03\"><div class=\"x-text-content\"><div class=\"x-text-content-text\"><h3 class=\"x-text-content-text-primary\">Dur\u00e9e des commentaires<\/h3>\n<\/div><\/div><\/div><hr class=\"x-line e558163-e35-v0 mbyoj-6\"\/><div class=\"x-text x-content e558163-e36 mbyoj-8 body-medium\"><p>Nous avons limit\u00e9 la longueur des commentaires \u00e0 800 caract\u00e8res. Utilisez-les \u00e0 bon escient. <\/p>\n<p>800 caract\u00e8res devraient suffire \u00e0 alimenter la discussion. Si vous avez des informations plus d\u00e9taill\u00e9es \u00e0 nous communiquer, n'h\u00e9sitez pas \u00e0 nous en faire part, <span> <\/span><span style=\"text-decoration: underline; color: #c74f4d;\"><a href=\"https:\/\/liveutifree.com\/fr\/contact-luf\/\" rel=\"noopener\" style=\"color: #c74f4d; text-decoration: underline;\">Prenez contact avec nous<\/a><\/span><span> <\/span>directement avec nous, nous serions ravis de vous entendre.<\/p><\/div><hr class=\"x-line e558163-e37-v0 mbyoj-6\"\/><div class=\"x-text x-text-headline e558163-e38 mbyoj-5 heading-03\"><div class=\"x-text-content\"><div class=\"x-text-content-text\"><h3 class=\"x-text-content-text-primary\">Pas de vente, de promotion ou d'associations trompeuses<\/h3>\n<\/div><\/div><\/div><hr class=\"x-line e558163-e39-v0 mbyoj-6\"\/><div class=\"x-text x-content e558163-e40 mbyoj-8 body-medium\"><p>Veuillez ne pas vendre ou promouvoir des produits ou des services par le biais de commentaires sur notre site. Si vous avez un produit ou un service que vous pensez \u00eatre b\u00e9n\u00e9fique pour nos lecteurs, <span> <\/span><span style=\"text-decoration: underline; color: #c74f4d;\"><a href=\"https:\/\/liveutifree.com\/fr\/contact-luf\/\" rel=\"noopener\" style=\"color: #c74f4d; text-decoration: underline;\">Prenez contact avec nous<\/a><\/span><span> <\/span>avec nous d'abord.<\/p>\n<p>Veuillez ne pas laisser entendre qu'il existe une association avec Live UTI Free ou que cette derni\u00e8re a donn\u00e9 son aval, sans avoir obtenu au pr\u00e9alable un consentement \u00e9crit. De plus, vous ne pouvez en aucun cas utiliser notre nom pour promouvoir votre produit. M\u00eame quelque chose comme \"bas\u00e9 sur des informations de liveutifree.com\" n'est pas acceptable.  <\/p>\n<p>Nous ne soutenons pas de produits individuels ou d'organisations, sauf accord \u00e9crit pr\u00e9alable. Cela est essentiel pour maintenir la confiance et la transparence au sein de notre communaut\u00e9. Nous \u00e9tablissons des relations de collaboration avec des organisations lorsque cela est b\u00e9n\u00e9fique pour notre public. Si vous souhaitez en discuter avec nous, veuillez consulter notre rubrique   <span> <\/span><span style=\"text-decoration: underline; color: #c74f4d;\"><a href=\"https:\/\/liveutifree.com\/fr\/politique-de-financement-luf\/\" rel=\"noopener\" style=\"color: #c74f4d; text-decoration: underline;\">politique de financement<\/a><\/span>.<\/p>\n<p>Tous les commentaires de type spam ou promotionnel seront supprim\u00e9s ou ne seront pas publi\u00e9s. Cela inclut : <\/p>\n\n<ul>\n \t<li>Lien vers des sites web de tiers \u00e0 des fins de promotion<\/li>\n \t<li>L'\u00e9tablissement de liens vers des sites web de tiers qui ne sont pas pertinents pour nos lecteurs.<\/li>\n \t<li>Tout commentaire ne contenant qu'un lien<\/li>\n \t<li>Promouvoir le site web, les comptes sociaux, la cha\u00eene YouTube ou l'entreprise d'un tiers<\/li>\n \t<li>Promouvoir votre propre site web, vos comptes sociaux, votre cha\u00eene YouTube ou votre entreprise<\/li>\n \t<li>Commentaires g\u00e9n\u00e9r\u00e9s par des robots<\/li>\n \t<li>Coller toute partie d'un autre article ou site web qui n'est pas une citation r\u00e9f\u00e9renc\u00e9e en rapport avec la discussion.<\/li>\n<\/ul><\/div><hr class=\"x-line e558163-e41-v0 mbyoj-6\"\/><div class=\"x-text x-text-headline e558163-e42 mbyoj-5 heading-03\"><div class=\"x-text-content\"><div class=\"x-text-content-text\"><h3 class=\"x-text-content-text-primary\">Violation des droits d'auteur<\/h3>\n<\/div><\/div><\/div><hr class=\"x-line e558163-e43-v0 mbyoj-6\"\/><div class=\"x-text x-content e558163-e44 mbyoj-8 body-medium\"><p>Celle-ci est simple. Si vous ne l'avez pas \u00e9crit, si vous ne l'avez pas r\u00e9f\u00e9renc\u00e9 correctement ou si vous n'avez pas l'autorisation de le publier, ne le publiez pas. Vous pouvez parfaitement r\u00e9sumer le travail d'une autre personne avec vos propres mots, pour les besoins de la discussion.  <\/p>\n<p>Il est ill\u00e9gal de reproduire le contenu publi\u00e9 par Live UTI Free sans r\u00e9f\u00e9rence appropri\u00e9e. Nous appr\u00e9cions les liens vers notre site, lorsqu'ils sont utilis\u00e9s dans un contexte appropri\u00e9. Vous trouverez plus de d\u00e9tails \u00e0 ce sujet dans notre  <span> <\/span><span style=\"text-decoration: underline; color: #c74f4d;\"><a href=\"https:\/\/liveutifree.com\/fr\/juridique-luf\/\" rel=\"noopener\" style=\"color: #c74f4d; text-decoration: underline;\">l\u00e9gaux<\/a><\/span><span> <\/span>page.<\/p><\/div><hr class=\"x-line e558163-e45-v0 mbyoj-6\"\/><div class=\"x-text x-text-headline e558163-e46 mbyoj-5 heading-03\"><div class=\"x-text-content\"><div class=\"x-text-content-text\"><h3 class=\"x-text-content-text-primary\">Protection de votre vie priv\u00e9e et de celle des autres commentateurs<\/h3>\n<\/div><\/div><\/div><hr class=\"x-line e558163-e47-v0 mbyoj-6\"\/><div class=\"x-text x-content e558163-e48 mbyoj-8 body-medium\"><span>Ne portez pas atteinte \u00e0 la vie priv\u00e9e d'autrui. Ne publiez pas d'informations personnelles et\/ou de contact vous concernant - n'oubliez pas qu'il s'agit d'un espace public. Ne publiez pas les coordonn\u00e9es personnelles ou les informations de contact de quelqu'un d'autre, y compris les informations de contact des praticiens. Si vous avez quelque chose \u00e0 partager, contactez-nous.   <\/span><\/div><hr class=\"x-line e558163-e49-v0 mbyoj-6\"\/><div class=\"x-text x-text-headline e558163-e50 mbyoj-5 heading-03\"><div class=\"x-text-content\"><div class=\"x-text-content-text\"><h3 class=\"x-text-content-text-primary\">Mod\u00e9ration et signalement des contenus inappropri\u00e9s<\/h3>\n<\/div><\/div><\/div><hr class=\"x-line e558163-e51-v0 mbyoj-6\"\/><div class=\"x-text x-content e558163-e52 mbyoj-8 body-medium\"><p>Tous les commentaires sur Live UTI Free sont mod\u00e9r\u00e9s afin de s'assurer qu'ils respectent les directives communautaires \u00e9nonc\u00e9es ici.<\/p>\n<p>Les commentaires des utilisateurs qui ne sont pas conformes \u00e0 l'esprit des pr\u00e9sentes lignes directrices seront supprim\u00e9s.<\/p>\n<p>Si votre commentaire n'appara\u00eet pas imm\u00e9diatement sur le site apr\u00e8s sa soumission, il est probable que notre petite \u00e9quipe ne l'a pas encore examin\u00e9 et approuv\u00e9. Cela se produit g\u00e9n\u00e9ralement dans les 24 heures. <\/p>\n<p>Si votre commentaire n'appara\u00eet pas apr\u00e8s ce d\u00e9lai, il est possible qu'il ait \u00e9t\u00e9 signal\u00e9 comme une violation des lignes directrices de la communaut\u00e9. Dans la mesure du possible, nous vous contacterons si tel est le cas. Nous vous encourageons \u00e9galement \u00e0  <span> <\/span><span style=\"text-decoration: underline; color: #c74f4d;\"><a href=\"https:\/\/liveutifree.com\/fr\/contact-luf\/\" rel=\"noopener\" style=\"color: #c74f4d; text-decoration: underline;\">contactez-nous<\/a><\/span><span> <\/span>si vous avez une question concernant votre commentaire.<\/p>\n<p>Si vous estimez qu'un commentaire publi\u00e9 est inappropri\u00e9, vous pouvez le signaler \u00e0 l'aide de notre site web<span> <\/span><span style=\"text-decoration: underline; color: #c74f4d;\"><a href=\"https:\/\/liveutifree.com\/fr\/contact-luf\/\" rel=\"noopener\" style=\"color: #c74f4d; text-decoration: underline;\">formulaire de contact<\/a><\/span>. Si nous sommes d'accord avec vous, nous supprimerons le commentaire et, si possible, nous contacterons l'utilisateur qui l'a publi\u00e9.<\/p>\n<p>Nous n'\u00e9ditons pas les commentaires. Cela signifie que m\u00eame si un seul mot du commentaire est contraire aux pr\u00e9sentes lignes directrices, le commentaire entier sera supprim\u00e9. Nous ne corrigeons pas non plus les fautes d'orthographe ou de grammaire.  <\/p>\n<p>Si vous voyez sur notre site un \u00e9l\u00e9ment que vous jugez incorrect ou incomplet, veuillez<span> <\/span><span style=\"text-decoration: underline; color: #c74f4d;\"><a href=\"https:\/\/liveutifree.com\/fr\/contact-luf\/\" rel=\"noopener\" style=\"color: #c74f4d; text-decoration: underline;\">contactez-nous<\/a><\/span>. Si vous estimez qu'un commentaire d'un autre utilisateur est inappropri\u00e9, n'h\u00e9sitez pas \u00e0 nous le faire savoir.<\/p><\/div><hr class=\"x-line e558163-e53-v0 mbyoj-6\"\/><div class=\"x-text x-text-headline e558163-e54 mbyoj-5 heading-03\"><div class=\"x-text-content\"><div class=\"x-text-content-text\"><h3 class=\"x-text-content-text-primary\">Si vous avez quelque chose \u00e0 nous dire<\/h3>\n<\/div><\/div><\/div><hr class=\"x-line e558163-e55-v0 mbyoj-6\"\/><div class=\"x-text x-content e558163-e56 mbyoj-8 body-medium\"><p>Qu'il s'agisse de bonnes ou de mauvaises nouvelles, nous voulons les entendre. Le meilleur moyen de nous contacter est de remplir notre<span> <\/span><span style=\"text-decoration: underline; color: #c74f4d;\"><a href=\"https:\/\/liveutifree.com\/fr\/contact-luf\/\" rel=\"noopener\" style=\"color: #c74f4d; text-decoration: underline;\">formulaire de contact<\/a><\/span>.<\/p>\n<p>En particulier, si vous avez quelque chose de n\u00e9gatif \u00e0 dire, nous pr\u00e9f\u00e9rons que vous nous le disiez directement, car c'est le moyen le plus efficace pour nous d'y rem\u00e9dier.<\/p>\n<p>Si vous avez une suggestion pour notre site web ou si vous souhaitez nous faire part d'une nouvelle recherche, le mieux est encore de nous contacter directement. Nous vous promettons que notre <span> <\/span><span style=\"text-decoration: underline; color: #c74f4d;\"><a href=\"https:\/\/liveutifree.com\/fr\/contact-luf\/\" rel=\"noopener\" style=\"color: #c74f4d; text-decoration: underline;\">formulaire de contact<\/a><\/span><span> <\/span>est une ligne de communication directe avec notre bo\u00eete aux lettres \u00e9lectronique, et nous vous r\u00e9pondrons.<\/p><\/div><hr class=\"x-line e558163-e57-v0 mbyoj-6\"\/><div class=\"x-text x-text-headline e558163-e58 mbyoj-5 heading-03\"><div class=\"x-text-content\"><div class=\"x-text-content-text\"><h3 class=\"x-text-content-text-primary\">Comment ces lignes directrices communautaires s'appliquent aux interactions sur les m\u00e9dias sociaux<\/h3>\n<\/div><\/div><\/div><hr class=\"x-line e558163-e59-v0 mbyoj-6\"\/><div class=\"x-text x-content e558163-e60 mbyoj-8 body-medium\"><p>Toutes les lignes directrices susmentionn\u00e9es s'appliquent aux interactions et aux commentaires sur nos comptes de m\u00e9dias sociaux, avec les ajouts suivants.<\/p>\n<p>Nous nous r\u00e9servons le droit de bloquer, d'annuler le suivi et\/ou de signaler les comptes qui, selon nous, ne respectent pas les pr\u00e9sentes lignes directrices.<\/p>\n<p>Nous cr\u00e9ons soigneusement notre contenu pour les m\u00e9dias sociaux en pensant \u00e0 notre communaut\u00e9. Nous vous demandons de ne pas r\u00e9utiliser notre contenu d'une mani\u00e8re contraire aux pr\u00e9sentes lignes directrices. Si vous avez des doutes, veuillez simplement  <span> <\/span><span style=\"text-decoration: underline; color: #c74f4d;\"><a href=\"https:\/\/liveutifree.com\/fr\/contact-luf\/\" rel=\"noopener\" style=\"color: #c74f4d; text-decoration: underline;\">contactez-nous<\/a><\/span>.<\/p>\n<p>Si nous vous envoyons un message priv\u00e9 ou direct et que vous estimez qu'il s'agit de quelque chose que vous souhaitez partager publiquement, veuillez demander une autorisation \u00e9crite avant de le faire.<\/p>\n<p>Si vous partagez notre contenu avec votre public pour contribuer \u00e0 la sensibilisation, nous vous en sommes tr\u00e8s reconnaissants et nous vous demandons de cr\u00e9diter Live UTI Free de mani\u00e8re appropri\u00e9e.<\/p>\n<p>Enfin, ne faites pas d'associations trompeuses et ne laissez pas entendre que Live UTI Free approuve votre produit ou service. Nous fournissons des informations pour que nos utilisateurs puissent prendre leurs propres d\u00e9cisions, et les associations trompeuses peuvent nuire \u00e0 ce processus de prise de d\u00e9cision. <\/p><\/div><\/div><\/div><\/div><\/div><\/div>","protected":false},"excerpt":{"rendered":"<p>Directives de la communaut\u00e9 Live UTI Free Live UTI Free existe pour aider et soutenir la communaut\u00e9 que nous sommes en train de construire. Il est extr\u00eamement important pour nous de cr\u00e9er un lieu s\u00fbr permettant \u00e0 cette communaut\u00e9 d&rsquo;en savoir plus sur les infections urinaires et d&rsquo;interagir de mani\u00e8re appropri\u00e9e. Les pr\u00e9sentes directives communautaires ont pour but de rendre &#8230; <\/p>\n<div><a href=\"https:\/\/liveutifree.com\/fr\/lignes-directrices-pour-la-communaute-luf\/\" class=\"more-link\">Read More<\/a><\/div>\n","protected":false},"author":1,"featured_media":548869,"parent":0,"menu_order":74,"comment_status":"closed","ping_status":"closed","template":"template-blank-4.php","meta":{"_acf_changed":false,"inline_featured_image":false,"footnotes":""},"class_list":["post-558163","page","type-page","status-publish","has-post-thumbnail","hentry"],"acf":[],"featured_image_src":"https:\/\/liveutifree.com\/wp-content\/uploads\/2017\/01\/LUF-logo-LP-crop.png","_links":{"self":[{"href":"https:\/\/liveutifree.com\/fr\/wp-json\/wp\/v2\/pages\/558163","targetHints":{"allow":["GET"]}}],"collection":[{"href":"https:\/\/liveutifree.com\/fr\/wp-json\/wp\/v2\/pages"}],"about":[{"href":"https:\/\/liveutifree.com\/fr\/wp-json\/wp\/v2\/types\/page"}],"author":[{"embeddable":true,"href":"https:\/\/liveutifree.com\/fr\/wp-json\/wp\/v2\/users\/1"}],"replies":[{"embeddable":true,"href":"https:\/\/liveutifree.com\/fr\/wp-json\/wp\/v2\/comments?post=558163"}],"version-history":[{"count":1,"href":"https:\/\/liveutifree.com\/fr\/wp-json\/wp\/v2\/pages\/558163\/revisions"}],"predecessor-version":[{"id":575953,"href":"https:\/\/liveutifree.com\/fr\/wp-json\/wp\/v2\/pages\/558163\/revisions\/575953"}],"wp:featuredmedia":[{"embeddable":true,"href":"https:\/\/liveutifree.com\/fr\/wp-json\/wp\/v2\/media\/548869"}],"wp:attachment":[{"href":"https:\/\/liveutifree.com\/fr\/wp-json\/wp\/v2\/media?parent=558163"}],"curies":[{"name":"wp","href":"https:\/\/api.w.org\/{rel}","templated":true}]}}