{"id":558154,"date":"2025-09-07T11:01:35","date_gmt":"2025-09-07T11:01:35","guid":{"rendered":"https:\/\/liveutifree.com\/politique-de-financement-luf\/"},"modified":"2025-10-23T14:05:20","modified_gmt":"2025-10-23T14:05:20","slug":"politique-de-financement-luf","status":"publish","type":"page","link":"https:\/\/liveutifree.com\/fr\/politique-de-financement-luf\/","title":{"rendered":"Politique de financement"},"content":{"rendered":"<div id=\"cs-content\" class=\"cs-content\"><div class=\"x-section e558154-e1 mbyoa-0\"><div class=\"x-row e558154-e2 mbyoa-1 mbyoa-2\"><div class=\"x-row-inner\"><div class=\"x-col e558154-e3 mbyoa-3\"><div class=\"x-text x-text-headline e558154-e4 mbyoa-4 mbyoa-5 heading-02\"><div class=\"x-text-content\"><div class=\"x-text-content-text\"><h1 class=\"x-text-content-text-primary\">Politique de financement Live UTI Free<\/h1>\n<\/div><\/div><\/div><hr class=\"x-line e558154-e5-v0 mbyoa-6\"\/><div class=\"x-text x-content e558154-e6 mbyoa-7 mbyoa-8 body-medium\"><span>Derni\u00e8re mise \u00e0 jour le 17 juillet 2024<\/span><\/div><hr class=\"x-line e558154-e7-v0 mbyoa-6\"\/><div class=\"x-text x-content e558154-e8 mbyoa-7 mbyoa-8 body-medium\"><p>Live UTI Free est une organisation de d\u00e9fense des int\u00e9r\u00eats des patients centr\u00e9e sur l'utilisateur. Nos principales activit\u00e9s consistent \u00e0 fournir des informations impartiales et fond\u00e9es sur des preuves aux personnes souffrant d'IVU r\u00e9currentes et chroniques, par l'interm\u00e9diaire du site web <span> <\/span><a href=\"https:\/\/liveutifree.com\/fr\/\"><span style=\"text-decoration: underline; color: #c74f4d;\">https:\/\/liveutifree.com<\/span><\/a>.<\/p>\n<p>Nous acceptons volontiers le soutien sous forme de subventions, de parrainage, de<span> <\/span><a href=\"https:\/\/liveutifree.com\/fr\/contribuer-luf\/\"><span style=\"text-decoration: underline; color: #c74f4d;\">dons<\/span><\/a>et de financement de projets, lorsqu'il est jug\u00e9 appropri\u00e9 et susceptible d'apporter une valeur ajout\u00e9e \u00e0 notre public.<\/p>\n<p>La pr\u00e9sente politique de financement d\u00e9crit notre politique en mati\u00e8re de financement externe et explique comment nous prenons nos d\u00e9cisions \u00e0 cet \u00e9gard. Bien que certains exemples soient \u00e9num\u00e9r\u00e9s, l'intention n'est pas de fournir une d\u00e9finition exhaustive de toutes les possibilit\u00e9s de partenariat. N'h\u00e9sitez pas \u00e0 nous contacter directement si vous souhaitez discuter d'une collaboration.  <\/p><\/div><\/div><div class=\"x-col e558154-e9 mbyoa-3\"><div class=\"x-text x-text-headline e558154-e10 mbyoa-5 heading-03\"><div class=\"x-text-content\"><div class=\"x-text-content-text\"><h3 class=\"x-text-content-text-primary\">Objet de la pr\u00e9sente politique<\/h3>\n<\/div><\/div><\/div><hr class=\"x-line e558154-e11-v0 mbyoa-6\"\/><div class=\"x-text x-content e558154-e12 mbyoa-8 body-medium\"><p>Live UTI Free existe pour aider et soutenir notre communaut\u00e9 mondiale. Il est extr\u00eamement important pour nous de favoriser un sentiment d'honn\u00eatet\u00e9 et de transparence au sein de notre communaut\u00e9, et cela commence par une transparence totale envers les personnes que nous sommes ici pour servir. <\/p>\n<p>Dans tout ce que nous faisons, nous visons \u00e0 maintenir une relation avec nos utilisateurs dans laquelle ils sentent qu'ils peuvent compter sur nous pour leur fournir des informations impartiales.<\/p>\n<p>En r\u00e9alit\u00e9, notre vision d'aider davantage de personnes \u00e0 trouver de meilleurs tests et traitements se concr\u00e9tisera plus rapidement si nous \u00e9largissons nos relations et mettons en place des collaborations avec des organisations et des entreprises qui nous permettent d'am\u00e9liorer notre site web et notre offre.<\/p>\n<p>L'objectif de cette politique de financement est de constituer un cadre qui nous permette de travailler avec d'autres organisations dont les contributions peuvent \u00eatre utiles \u00e0 notre public et qui souhaitent soutenir notre travail par le biais d'un financement de l'un des types d\u00e9crits ci-dessous.<\/p>\n<p>Notre objectif est de construire des projets qui nous aideront \u00e0 aider notre public. Notre \"public\" fait r\u00e9f\u00e9rence aux utilisateurs de notre site web, \u00e0 nos followers sur twitter, instagram et facebook, et \u00e0 ceux qui figurent sur notre liste d'emails. <\/p>\n<p>En d\u00e9crivant ici notre politique de financement, nous visons \u00e0 :<\/p>\n\n<ul>\n \t<li>Veiller \u00e0 ce que Live UTI Free adopte une approche coh\u00e9rente et transparente dans le cadre de sa collaboration avec des soci\u00e9t\u00e9s commerciales et des partenaires.<\/li>\n \t<li>\u00c9tablir notre engagement \u00e0 rester ind\u00e9pendant des influences commerciales<\/li>\n \t<li>Clarifier la position de Live UTI Free vis-\u00e0-vis de notre public, de notre r\u00e9seau de praticiens, des soci\u00e9t\u00e9s commerciales, d'autres organisations et de la communaut\u00e9 au sens large.<\/li>\n<\/ul>\n<p>Tous les membres de l'\u00e9quipe Live UTI Free sont tenus d'adh\u00e9rer \u00e0 cette politique et de se tenir au courant de toute r\u00e9vision de celle-ci.<\/p><\/div><hr class=\"x-line e558154-e13-v0 mbyoa-6\"\/><div class=\"x-text x-text-headline e558154-e14 mbyoa-5 heading-03\"><div class=\"x-text-content\"><div class=\"x-text-content-text\"><h3 class=\"x-text-content-text-primary\">Cat\u00e9gories de financement<\/h3>\n<\/div><\/div><\/div><hr class=\"x-line e558154-e15-v0 mbyoa-6\"\/><div class=\"x-text x-content e558154-e16 mbyoa-8 body-medium\"><span>Il existe quatre cat\u00e9gories de financement diff\u00e9rentes que nous examinerons au cas par cas. Il s'agit du financement de projets, du parrainage, du recrutement ou de la consultation pour des tiers et des subventions\/dons sans restriction. Vous trouverez ci-dessous un aper\u00e7u de chacune de ces cat\u00e9gories.  <\/span><\/div><hr class=\"x-line e558154-e17-v0 mbyoa-6\"\/><div class=\"x-text x-text-headline e558154-e18 mbyoa-5 heading-03\"><div class=\"x-text-content\"><div class=\"x-text-content-text\"><h3 class=\"x-text-content-text-primary\">Financement du projet<\/h3>\n<\/div><\/div><\/div><hr class=\"x-line e558154-e19-v0 mbyoa-6\"\/><div class=\"x-text x-content e558154-e20 mbyoa-8 body-medium\"><p>Le financement de projets fait r\u00e9f\u00e9rence \u00e0 des projets dans le cadre desquels Live UTI Free collaborera en partenariat avec une autre organisation ou un autre individu.<\/p>\n<p>Voici quelques exemples de financement de projets :<\/p>\n\n<ul>\n \t<li>Financement pour d\u00e9velopper du mat\u00e9riel qui nous permet d'interpr\u00e9ter des informations scientifiques et\/ou techniques pour notre public, concernant un service ou un produit clinique fourni par une soci\u00e9t\u00e9 commerciale.<\/li>\n \t<li>Financement pour collaborer sur des ressources autour d'un sujet particulier, par exemple les IVU chroniques et la sant\u00e9 sexuelle. <\/li>\n \t<li>Financement de la recherche sur le point de vue des patients.<\/li>\n<\/ul>\n<p>Il peut s'agir d'un projet d'int\u00e9r\u00eat mutuel. Les dispositions suivantes s'appliquent \u00e0 ce type de relation : <\/p>\n\n<ul>\n \t<li>Live UTI Free gardera toujours le contr\u00f4le \u00e9ditorial sur tout le contenu publi\u00e9 sur notre site web et nos comptes de m\u00e9dias sociaux, ainsi que sur tout autre mat\u00e9riel produit \u00e0 l'appui du projet.<\/li>\n \t<li>Live UTI Free ne publiera des informations sur des produits ou des services individuels que si nous pensons qu'elles seront utiles \u00e0 notre public. Ce faisant, nous adopterons une approche impartiale. Dans la mesure du possible, nous fournirons des informations compl\u00e8tes repr\u00e9sentant plusieurs points de vue. Lorsque ce n'est pas possible, les informations incompl\u00e8tes seront reconnues.   <\/li>\n \t<li>Live UTI Free ne recommande pas de produits pharmaceutiques, d'approches th\u00e9rapeutiques ou de cliniciens sp\u00e9cifiques, mais fournit des informations sur les diff\u00e9rentes options disponibles lorsque cela est possible.<\/li>\n \t<li>Il est entendu que l'intention d'une telle relation est que Live UTI Free et tout partenaire commercial en b\u00e9n\u00e9ficient tous les deux.<\/li>\n<\/ul><\/div><hr class=\"x-line e558154-e21-v0 mbyoa-6\"\/><div class=\"x-text x-text-headline e558154-e22 mbyoa-5 heading-03\"><div class=\"x-text-content\"><div class=\"x-text-content-text\"><h3 class=\"x-text-content-text-primary\">Recrutement ou conseil pour des tiers<\/h3>\n<\/div><\/div><\/div><hr class=\"x-line e558154-e23-v0 mbyoa-6\"\/><div class=\"x-text x-content e558154-e24 mbyoa-8 body-medium\"><p>Les membres de l'\u00e9quipe Live UTI Free peuvent occasionnellement apporter leur expertise \u00e0 des tiers sur les th\u00e8mes de la recherche sur les utilisateurs, de l'optimisation des sites Web, de la recherche sur le point de vue des patients, du recrutement des patients et de la communication num\u00e9rique.<\/p>\n<p>Les relations avec les tiers resteront confidentielles \u00e0 moins que la participation directe de la communaut\u00e9 Live UTI Free ne soit requise et qu'un accord \u00e9crit ne soit en place qui couvre la fa\u00e7on dont une telle relation sera reconnue. Ces activit\u00e9s sont ind\u00e9pendantes du contenu fourni sur https:\/\/liveutifree.com. <\/p><\/div><hr class=\"x-line e558154-e25-v0 mbyoa-6\"\/><div class=\"x-text x-text-headline e558154-e26 mbyoa-5 heading-03\"><div class=\"x-text-content\"><div class=\"x-text-content-text\"><h3 class=\"x-text-content-text-primary\">Parrainage<\/h3>\n<\/div><\/div><\/div><hr class=\"x-line e558154-e27-v0 mbyoa-6\"\/><div class=\"x-text x-content e558154-e28 mbyoa-8 body-medium\"><p>Le parrainage est un sc\u00e9nario dans lequel une entreprise ou un autre partenaire finance une activit\u00e9 unique de Live UTI Free. Voici quelques exemples : <\/p>\n\n<ul>\n \t<li>Sponsoriser la production de nouveaux contenus pour notre public, tels que des ressources t\u00e9l\u00e9chargeables.<\/li>\n \t<li>Sponsoriser la cr\u00e9ation de nouveaux contenus audio\/audiovisuels pour notre public, tels qu'une s\u00e9rie de podcasts ou des entretiens avec des praticiens ou des personnes souffrant d'IVU.<\/li>\n \t<li>Financement de la participation de l'\u00e9quipe Live UTI Free \u00e0 une conf\u00e9rence de recherche.<\/li>\n \t<li>Financement de la nomination temporaire d'un membre de l'\u00e9quipe de Live UTI Free pour l'assister dans une activit\u00e9 sp\u00e9cifique, par exemple l'analyse de donn\u00e9es, la recherche. <\/li>\n<\/ul>\n<p>En cas de parrainage, les dispositions suivantes s'appliquent :<\/p>\n\n<ul>\n \t<li>L'entreprise n'aura aucune influence sur l'activit\u00e9 pour laquelle le parrainage est accord\u00e9.<\/li>\n \t<li>Live UTI Free gardera toujours le contr\u00f4le \u00e9ditorial sur tout le contenu publi\u00e9 sur notre site web et nos comptes de m\u00e9dias sociaux, ainsi que sur tout autre mat\u00e9riel produit \u00e0 l'appui de l'activit\u00e9.<\/li>\n \t<li>Live UTI Free ne cautionne ni ne promeut les produits ou services du sponsor.<\/li>\n \t<li>Le cas \u00e9ch\u00e9ant, le parrainage d'une activit\u00e9 sera reconnu visuellement d'une mani\u00e8re appropri\u00e9e \u00e0 l'activit\u00e9, par exemple sous la forme d'un logo, d'un lien ou d'une ic\u00f4ne de financement externe de l'IVU Free avec un lien vers le parrain. La formulation exacte et\/ou l'emplacement de la mention seront convenus lors des n\u00e9gociations avec le sponsor.  <\/li>\n<\/ul><\/div><hr class=\"x-line e558154-e29-v0 mbyoa-6\"\/><div class=\"x-text x-text-headline e558154-e30 mbyoa-5 heading-03\"><div class=\"x-text-content\"><div class=\"x-text-content-text\"><h3 class=\"x-text-content-text-primary\">Subventions non affect\u00e9es<\/h3>\n<\/div><\/div><\/div><hr class=\"x-line e558154-e31-v0 mbyoa-6\"\/><div class=\"x-text x-content e558154-e32 mbyoa-8 body-medium\"><p>Les entreprises, les organisations et les particuliers peuvent offrir un soutien financier et un soutien en nature \u00e0 Live UTI Free. Tout soutien r\u00e9pondant aux crit\u00e8res suivants est consid\u00e9r\u00e9 comme une aide non affect\u00e9e : <\/p>\n\n<ul>\n \t<li>Le partenaire financier n'est pas impliqu\u00e9 dans le projet pour lequel les fonds sont utilis\u00e9s.<\/li>\n \t<li>Live UTI Free peut r\u00e9partir les fonds de mani\u00e8re ind\u00e9pendante comme elle l'entend.<\/li>\n \t<li>Live UTI Free reconna\u00eetra la subvention, mais le logo du partenaire financier ne sera pas utilis\u00e9 et Live UTI Free contr\u00f4lera la mani\u00e8re dont la reconnaissance aura lieu.<\/li>\n<\/ul><\/div><hr class=\"x-line e558154-e33-v0 mbyoa-6\"\/><div class=\"x-text x-text-headline e558154-e34 mbyoa-5 heading-03\"><div class=\"x-text-content\"><div class=\"x-text-content-text\"><h3 class=\"x-text-content-text-primary\">Financement : Principes directeurs<\/h3>\n<\/div><\/div><\/div><hr class=\"x-line e558154-e35-v0 mbyoa-6\"\/><div class=\"x-text x-content e558154-e36 mbyoa-8 body-medium\"><p>Live UTI Free ne s'int\u00e9resse qu'aux partenariats de collaboration ou aux financements qui auront un impact positif sur nos utilisateurs et pourront les aider dans leur cheminement vers un meilleur d\u00e9pistage et un meilleur traitement.<\/p>\n<p>Live UTI Free entretiendra des relations ouvertes et transparentes avec tous les partenaires financiers.<\/p>\n<p>Afin de garantir la v\u00e9racit\u00e9 de ces points, Live UTI Free examinera tous les bailleurs de fonds potentiels afin de s'assurer que<\/p>\n\n<ul>\n \t<li>Il y a de bonnes raisons de croire qu'un accord de financement sera b\u00e9n\u00e9fique \u00e0 Live UTI Free et \u00e0 ses utilisateurs.<\/li>\n \t<li>L'acceptation des fonds n'entra\u00eenera aucune publicit\u00e9 n\u00e9gative.<\/li>\n<\/ul>\n<p>Live UTI Free examinera les partenaires financiers potentiels, notamment leur r\u00e9putation en mati\u00e8re de collaboration avec les associations de patients et leurs ant\u00e9c\u00e9dents en mati\u00e8re de financement.<\/p>\n<p>S'il y a des raisons de s'inqui\u00e9ter, Live UTI Free reconsid\u00e9rera ou rejettera les fonds.<\/p>\n<p>Live UTI Free n'acceptera sciemment aucun type de financement de la part d'une entreprise qui fabrique ce que nous consid\u00e9rons comme des produits ou des services contraires \u00e0 l'\u00e9thique.<\/p>\n<p>Live UTI Free ne recommande pas de produits pharmaceutiques, de cliniciens ou de traitements sp\u00e9cifiques.<\/p>\n<p>Live UTI Free s'assurera que les responsabilit\u00e9s et la contribution de l'\u00e9quipe de Live UTI Free et de tout partenaire financier sont convenues par \u00e9crit.<\/p>\n<p>Le partenaire financier doit s'engager \u00e0 respecter les lignes directrices \u00e9nonc\u00e9es dans le pr\u00e9sent document.<\/p>\n<p>Si une soci\u00e9t\u00e9 tente de contraindre Live UTI Free \u00e0 se conformer \u00e0 son agenda commercial et\/ou marketing, explicitement ou implicitement, ou ne se conforme pas aux responsabilit\u00e9s convenues, Live UTI Free rejettera les fonds ou mettra fin \u00e0 un projet en cours.<\/p>\n<p>Le cas \u00e9ch\u00e9ant, Live UTI Free peut solliciter un financement aupr\u00e8s de consortiums compos\u00e9s de deux ou plusieurs partenaires de la m\u00eame industrie.<\/p><\/div><hr class=\"x-line e558154-e37-v0 mbyoa-6\"\/><div class=\"x-text x-text-headline e558154-e38 mbyoa-5 heading-03\"><div class=\"x-text-content\"><div class=\"x-text-content-text\"><h3 class=\"x-text-content-text-primary\">Activit\u00e9s ne pouvant faire l'objet d'un financement externe<\/h3>\n<\/div><\/div><\/div><hr class=\"x-line e558154-e39-v0 mbyoa-6\"\/><div class=\"x-text x-content e558154-e40 mbyoa-8 body-medium\"><p>Certaines activit\u00e9s et certains contenus au c\u0153ur de Live UTI Free seront toujours financ\u00e9s en interne. Ceci afin de garantir une approche impartiale et de nous permettre d'actualiser fr\u00e9quemment les informations au fur et \u00e0 mesure que de nouvelles recherches sont disponibles. Ces activit\u00e9s et contenus de base sont les suivants  <\/p>\n\n<ul>\n \t<li>Les pages d'information principales du site Web Live UTI Free - les articles auxquels on acc\u00e8de directement \u00e0 partir de la page d'accueil et les r\u00e9cits personnels apport\u00e9s par notre communaut\u00e9.<\/li>\n \t<li>Le contenu des m\u00e9dias sociaux qui est post\u00e9 directement via les comptes twitter, facebook ou instagram de Live UTI Free - cela n'inclut pas la publicit\u00e9 pay\u00e9e qui fait partie d'une campagne de sensibilisation, de recherche, de recrutement ou d'\u00e9ducation.<\/li>\n \t<li>Le r\u00e9seau de praticiens Live UTI Free - les praticiens ne peuvent pas payer pour figurer sur les pages d'information de base du site Web Live UTI Free.<\/li>\n \t<li>Les courriers \u00e9lectroniques adress\u00e9s \u00e0 la liste de diffusion de notre communaut\u00e9 - nous ne donnerons pas acc\u00e8s \u00e0 notre liste de diffusion sous quelque forme que ce soit. Cela n'inclut pas le financement qui fait partie d'une campagne de sensibilisation, de recherche, de recrutement ou d'\u00e9ducation. Les adresses \u00e9lectroniques et les informations personnelles ne seront jamais communiqu\u00e9es \u00e0 des tiers.  <\/li>\n \t<li>Les donn\u00e9es personnelles que nous recueillons aupr\u00e8s de notre communaut\u00e9 ne seront ni publi\u00e9es, ni vendues, ni \u00e9chang\u00e9es, ni transmises \u00e0 des tiers. Vous trouverez plus d'informations \u00e0 ce sujet dans nos dispositions l\u00e9gales. <\/li>\n<\/ul><\/div><hr class=\"x-line e558154-e41-v0 mbyoa-6\"\/><div class=\"x-text x-text-headline e558154-e42 mbyoa-5 heading-03\"><div class=\"x-text-content\"><div class=\"x-text-content-text\"><h3 class=\"x-text-content-text-primary\">Lignes directrices pour les partenaires financiers<\/h3>\n<\/div><\/div><\/div><hr class=\"x-line e558154-e43-v0 mbyoa-6\"\/><div class=\"x-text x-content e558154-e44 mbyoa-8 body-medium\"><p>Live UTI Free n'entrera pas ou ne poursuivra pas une relation avec un partenaire financier, si la relation et l'activit\u00e9 connexe peuvent nuire \u00e0 la r\u00e9putation de Live UTI Free.<\/p>\n<p>\u00c0 cette fin, nous demandons \u00e0 tous les partenaires financiers de<\/p>\n\n<ul>\n \t<li>Demandez l'autorisation \u00e9crite de Live UTI Free avant d'utiliser notre nom ou notre logo, de faire r\u00e9f\u00e9rence \u00e0 l'une de nos initiatives ou de citer notre contenu dans tout type de communication publique.<\/li>\n \t<li>D\u00e9signer un point de contact unique au sein de leur organisation pour assurer la liaison avec le membre appropri\u00e9 de l'\u00e9quipe de Live UTI Free, afin d'\u00e9tablir des lignes de communication claires d\u00e8s le d\u00e9but. Nous demandons que cette personne soit autoris\u00e9e \u00e0 prendre des d\u00e9cisions concernant tout aspect du financement propos\u00e9. <\/li>\n<\/ul>\n<p>Live UTI Free conserve le droit d'opposer son veto \u00e0 tout contenu produit dans le cadre d'un financement, et nous demandons qu'un temps d'approbation suffisant soit allou\u00e9 \u00e0 cet effet, car il peut n\u00e9cessiter l'approbation d'un ou plusieurs membres de l'\u00e9quipe.<\/p>\n<p>En tant que site de d\u00e9fense des int\u00e9r\u00eats des patients centr\u00e9 sur l'utilisateur, Live UTI Free collabore avec des soci\u00e9t\u00e9s commerciales, des organisations \u00e0 but non lucratif et d'autres organisations, lorsque cela est jug\u00e9 b\u00e9n\u00e9fique pour nos utilisateurs.<\/p>\n<p>Cette politique peut \u00eatre mise \u00e0 jour \u00e0 tout moment.<\/p><\/div><hr class=\"x-line e558154-e45-v0 mbyoa-6\"\/><div class=\"x-text x-text-headline e558154-e46 mbyoa-5 heading-03\"><div class=\"x-text-content\"><div class=\"x-text-content-text\"><h3 class=\"x-text-content-text-primary\">Nos partenaires<\/h3>\n<\/div><\/div><\/div><hr class=\"x-line e558154-e47-v0 mbyoa-6\"\/><div class=\"x-text x-content e558154-e48 mbyoa-8 body-medium\"><span>Les partenaires avec lesquels nous avons des relations financ\u00e9es et non financ\u00e9es sont \u00e9num\u00e9r\u00e9s sur notre <\/span><a href=\"https:\/\/liveutifree.com\/fr\/partenaires-luf\/\"><span style=\"text-decoration: underline; color: #c74f4d;\">page des partenaires<\/span><\/a><span>.<\/span><\/div><\/div><\/div><\/div><\/div><\/div>","protected":false},"excerpt":{"rendered":"<p>Politique de financement Live UTI Free Derni\u00e8re mise \u00e0 jour le 17 juillet 2024Live UTI Free est une organisation de d\u00e9fense des int\u00e9r\u00eats des patients centr\u00e9e sur l&rsquo;utilisateur. Nos principales activit\u00e9s consistent \u00e0 fournir des informations impartiales et fond\u00e9es sur des preuves aux personnes souffrant d&rsquo;IVU r\u00e9currentes et chroniques, par l&rsquo;interm\u00e9diaire du site web https:\/\/liveutifree.com. Nous acceptons volontiers le soutien &#8230; <\/p>\n<div><a href=\"https:\/\/liveutifree.com\/fr\/politique-de-financement-luf\/\" class=\"more-link\">Read More<\/a><\/div>\n","protected":false},"author":1,"featured_media":548869,"parent":0,"menu_order":101,"comment_status":"closed","ping_status":"closed","template":"template-blank-4.php","meta":{"_acf_changed":false,"inline_featured_image":false,"footnotes":""},"class_list":["post-558154","page","type-page","status-publish","has-post-thumbnail","hentry"],"acf":[],"featured_image_src":"https:\/\/liveutifree.com\/wp-content\/uploads\/2017\/01\/LUF-logo-LP-crop.png","_links":{"self":[{"href":"https:\/\/liveutifree.com\/fr\/wp-json\/wp\/v2\/pages\/558154","targetHints":{"allow":["GET"]}}],"collection":[{"href":"https:\/\/liveutifree.com\/fr\/wp-json\/wp\/v2\/pages"}],"about":[{"href":"https:\/\/liveutifree.com\/fr\/wp-json\/wp\/v2\/types\/page"}],"author":[{"embeddable":true,"href":"https:\/\/liveutifree.com\/fr\/wp-json\/wp\/v2\/users\/1"}],"replies":[{"embeddable":true,"href":"https:\/\/liveutifree.com\/fr\/wp-json\/wp\/v2\/comments?post=558154"}],"version-history":[{"count":1,"href":"https:\/\/liveutifree.com\/fr\/wp-json\/wp\/v2\/pages\/558154\/revisions"}],"predecessor-version":[{"id":576963,"href":"https:\/\/liveutifree.com\/fr\/wp-json\/wp\/v2\/pages\/558154\/revisions\/576963"}],"wp:featuredmedia":[{"embeddable":true,"href":"https:\/\/liveutifree.com\/fr\/wp-json\/wp\/v2\/media\/548869"}],"wp:attachment":[{"href":"https:\/\/liveutifree.com\/fr\/wp-json\/wp\/v2\/media?parent=558154"}],"curies":[{"name":"wp","href":"https:\/\/api.w.org\/{rel}","templated":true}]}}