{"id":555422,"date":"2025-09-07T10:57:47","date_gmt":"2025-09-07T10:57:47","guid":{"rendered":"https:\/\/liveutifree.com\/quiz-ivu-luf\/"},"modified":"2025-10-23T13:52:20","modified_gmt":"2025-10-23T13:52:20","slug":"quiz-ivu-luf","status":"publish","type":"page","link":"https:\/\/liveutifree.com\/fr\/quiz-ivu-luf\/","title":{"rendered":"Quiz sur les IVU"},"content":{"rendered":"<div id=\"cs-content\" class=\"cs-content\"><div class=\"x-section e555422-e1 mbwke-0 mbwke-1\"><div class=\"x-row x-container max width e555422-e2 mbwke-3 mbwke-4 mbwke-5 mbwke-8 mbwke-9\"><div class=\"x-row-inner\"><div class=\"x-col e555422-e3 mbwke-c mbwke-d\"><div class=\"x-text x-text-headline e555422-e4 mbwke-f mbwke-g heading-01 \"><div class=\"x-text-content\"><div class=\"x-text-content-text\"><h1 class=\"x-text-content-text-primary\">Le quiz sur les IVU : votre raccourci pour obtenir les bonnes informations<\/h1>\n<\/div><\/div><\/div><hr class=\"x-line e555422-e5-v0 mbwke-i mbwke-j\"\/><div class=\"x-text x-content e555422-e6 mbwke-l mbwke-m body-medium\"><span>En partageant votre exp\u00e9rience, vous contribuerez \u00e9galement \u00e0 notre recherche mondiale et \u00e0 la lutte pour l'am\u00e9lioration des donn\u00e9es, des tests et des traitements sur les IVU. En participant au quiz, vous reconnaissez que vous acceptez nos conditions d'utilisation.   <\/span><span style=\"text-decoration: underline; color: #800000;\"><span style=\"color: #c74f4d;\"><a href=\"https:\/\/liveutifree.com\/fr\/juridique-luf\/\" rel=\"noopener\" style=\"color: #c74f4d; text-decoration: underline;\">Politique de confidentialit\u00e9 et conditions g\u00e9n\u00e9rales<\/a><\/span>.<\/span><\/div><\/div><\/div><\/div><\/div><div class=\"x-section e555422-e7 mbwke-0 mbwke-2\"><div class=\"x-row x-container max width e555422-e8 mbwke-3 mbwke-5 mbwke-6 mbwke-8 mbwke-a\"><div class=\"x-row-inner\"><div class=\"x-col e555422-e9 mbwke-c mbwke-e\"><div class=\"x-div e555422-e10 mbwke-n\"><div id=\"quiz-container\" style=\"position: relative; width: 100%; height: 600px;\">\n    <!-- Loading GIF -->\n    <div id=\"loading\" style=\"position: absolute; top: 50%; left: 50%; transform: translate(-50%, -50%); z-index: 1000;\">\n        <img decoding=\"async\" src=\"https:\/\/liveutifree.com\/wp-content\/uploads\/2022\/03\/quiz-loader-en.gif\" alt=\"Loading...\">\n    <\/div>\n\n    <!-- Outgrow Quiz Embed (Initially Hidden) -->\n    <div id=\"60018628bd6a2c3a661c5c65\" class=\"op-interactive\" data-title=\"THE UTI QUIZ V4\"\n         data-url=\"https:\/\/liveutifree.outgrow.us\/60018628bd6a2c3a661c5c65?vHeight=1\" data-width=\"100%\"\n         style=\"width: 100%; height: 100%; position: absolute; display: none;\">\n    <\/div>\n<\/div>\n\n<script src='\/\/dyv6f9ner1ir9.cloudfront.net\/assets\/js\/nloader.js'><\/script>\n<script>\n    document.addEventListener(\"DOMContentLoaded\", function () {\n        var loadingDiv = document.getElementById(\"loading\");\n        var quizContainer = document.getElementById(\"60018628bd6a2c3a661c5c65\");\n\n        \/\/ Initialize the Outgrow iframe\n        initIframe('60018628bd6a2c3a661c5c65');\n\n        function checkIframeLoaded() {\n            var iframe = quizContainer.querySelector(\"iframe\");\n\n            if (iframe) {\n                \/\/ Ensure the iframe fills the container\n                iframe.style.width = \"100%\";\n                iframe.style.height = \"100%\";\n                iframe.style.position = \"absolute\";\n                iframe.style.display = \"none\"; \/\/ Keep iframe hidden initially\n\n                \/\/ Wait for the iframe to fully load\n                iframe.onload = function () {\n                    setTimeout(function () {\n                        loadingDiv.style.display = \"none\";  \/\/ Hide loading GIF\n                        quizContainer.style.display = \"block\"; \/\/ Show the quiz\n                        iframe.style.display = \"block\"; \/\/ Make sure the iframe is visible\n                    }, 2000); \/\/ Ensures the GIF is displayed for at least 2 seconds\n                };\n            } else {\n                \/\/ Keep checking every 500ms until iframe appears\n                setTimeout(checkIframeLoaded, 500);\n            }\n        }\n\n        \/\/ Start checking for iframe\n        checkIframeLoaded();\n    });\n<\/script>\n<\/div><\/div><\/div><\/div><\/div><div class=\"x-section e555422-e12 mbwke-0 mbwke-1\"><div class=\"x-row x-container max width e555422-e13 mbwke-3 mbwke-4 mbwke-7 mbwke-8 mbwke-b\"><div class=\"x-row-inner\"><div class=\"x-col e555422-e14 mbwke-c mbwke-d\"><div class=\"x-text x-text-headline e555422-e15 mbwke-f mbwke-g heading-02\"><div class=\"x-text-content\"><div class=\"x-text-content-text\"><h2 class=\"x-text-content-text-primary\">Les bonnes informations peuvent vous guider vers un traitement permanent<\/h2>\n<\/div><\/div><\/div><hr class=\"x-line e555422-e16-v0 mbwke-i mbwke-j\"\/><span class=\"x-image e555422-e17 mbwke-o\"><img decoding=\"async\" src=\"https:\/\/liveutifree.com\/wp-content\/uploads\/2017\/07\/UTI-Team.png\" width=\"145\" height=\"145\" alt=\"Ic\u00f4ne - Live UTI Free team\" loading=\"lazy\"><\/span><hr class=\"x-line e555422-e18-v0 mbwke-i mbwke-j\"\/><div class=\"x-text x-text-headline e555422-e19 mbwke-g mbwke-h heading-05\"><div class=\"x-text-content\"><div class=\"x-text-content-text\"><p class=\"x-text-content-text-primary\">\"Vous comprenez vos propres sympt\u00f4mes mieux que quiconque. Si vous pouvez associer votre exp\u00e9rience aux bonnes informations, vous avez plus de chances d'obtenir un v\u00e9ritable diagnostic et un traitement efficace.<\/p>\n<\/div><\/div><\/div><hr class=\"x-line e555422-e20-v0 mbwke-j mbwke-k\"\/><div class=\"x-text x-content e555422-e21 mbwke-m body-medium\"><span>L'\u00e9quipe Live UTI Free<\/span><\/div><\/div><\/div><\/div><\/div><\/div>","protected":false},"excerpt":{"rendered":"<p>Le quiz sur les IVU : votre raccourci pour obtenir les bonnes informations En partageant votre exp\u00e9rience, vous contribuerez \u00e9galement \u00e0 notre recherche mondiale et \u00e0 la lutte pour l&rsquo;am\u00e9lioration des donn\u00e9es, des tests et des traitements sur les IVU. En participant au quiz, vous reconnaissez que vous acceptez nos conditions d&rsquo;utilisation. Politique de confidentialit\u00e9 et conditions g\u00e9n\u00e9rales. Les bonnes &#8230; <\/p>\n<div><a href=\"https:\/\/liveutifree.com\/fr\/quiz-ivu-luf\/\" class=\"more-link\">Read More<\/a><\/div>\n","protected":false},"author":7,"featured_media":548961,"parent":0,"menu_order":183,"comment_status":"closed","ping_status":"closed","template":"template-blank-4.php","meta":{"_acf_changed":false,"inline_featured_image":false,"footnotes":""},"class_list":["post-555422","page","type-page","status-publish","has-post-thumbnail","hentry"],"acf":[],"featured_image_src":"https:\/\/liveutifree.com\/wp-content\/uploads\/2017\/05\/About-Us-Header-Desktop.jpg","_links":{"self":[{"href":"https:\/\/liveutifree.com\/fr\/wp-json\/wp\/v2\/pages\/555422","targetHints":{"allow":["GET"]}}],"collection":[{"href":"https:\/\/liveutifree.com\/fr\/wp-json\/wp\/v2\/pages"}],"about":[{"href":"https:\/\/liveutifree.com\/fr\/wp-json\/wp\/v2\/types\/page"}],"author":[{"embeddable":true,"href":"https:\/\/liveutifree.com\/fr\/wp-json\/wp\/v2\/users\/7"}],"replies":[{"embeddable":true,"href":"https:\/\/liveutifree.com\/fr\/wp-json\/wp\/v2\/comments?post=555422"}],"version-history":[{"count":1,"href":"https:\/\/liveutifree.com\/fr\/wp-json\/wp\/v2\/pages\/555422\/revisions"}],"predecessor-version":[{"id":575955,"href":"https:\/\/liveutifree.com\/fr\/wp-json\/wp\/v2\/pages\/555422\/revisions\/575955"}],"wp:featuredmedia":[{"embeddable":true,"href":"https:\/\/liveutifree.com\/fr\/wp-json\/wp\/v2\/media\/548961"}],"wp:attachment":[{"href":"https:\/\/liveutifree.com\/fr\/wp-json\/wp\/v2\/media?parent=555422"}],"curies":[{"name":"wp","href":"https:\/\/api.w.org\/{rel}","templated":true}]}}