{"id":555379,"date":"2025-09-07T10:57:31","date_gmt":"2025-09-07T10:57:31","guid":{"rendered":"https:\/\/liveutifree.com\/merci-luf\/"},"modified":"2025-09-07T10:57:34","modified_gmt":"2025-09-07T10:57:34","slug":"merci-luf","status":"publish","type":"page","link":"https:\/\/liveutifree.com\/fr\/merci-luf\/","title":{"rendered":"Merci ! | LUF"},"content":{"rendered":"<div id=\"cs-content\" class=\"cs-content\"><div class=\"x-section x-hide-md x-hide-sm x-hide-xs e555379-e1 mbwj7-0 mbwj7-1\"><span class=\"x-separator-top-angle-in\" style=\"top: 0px; height: 50px; color: rgba(0, 0, 0, 0.75);\" aria-hidden=\"true\"><svg class=\"angle-top-in\" style=\"fill: currentColor;\" xmlns=\"http:\/\/www.w3.org\/2000\/svg\" version=\"1.1\" viewBox=\"0 0 100 100\" preserveAspectRatio=\"none\"><polygon points=\"0,100 50,100 0,0\"\/><polygon points=\"50,100 100,100 100,0\"\/><\/svg><\/span><div class=\"x-bg\" aria-hidden=\"true\"><div class=\"x-bg-layer-lower-image\"><\/div><\/div><div class=\"x-row x-container max width e555379-e2 mbwj7-3 mbwj7-4 mbwj7-5\"><div class=\"x-row-inner\"><div class=\"x-col e555379-e3 mbwj7-7 mbwj7-8 mbwj7-9\"><div class=\"x-text x-text-headline e555379-e4 mbwj7-c heading-02\"><div class=\"x-text-content\"><div class=\"x-text-content-text\"><h2 class=\"x-text-content-text-primary\">Merci de votre attention !<\/h2>\n<\/div><\/div><\/div><hr class=\"x-line e555379-e5-v0 mbwj7-e\"\/><div class=\"x-text x-content e555379-e6 mbwj7-f mbwj7-g body-medium\"><span>Nous avons maintenant confirm\u00e9 que vous \u00eates une personne r\u00e9elle et nous vous enverrons de temps en temps un courriel pour vous demander comment vous pouvez continuer \u00e0 nous aider \u00e0 lutter contre l'\u00e9pid\u00e9mie d'IVU.<\/span><\/div><hr class=\"x-line e555379-e7-v0 mbwj7-e\"\/><span class=\"x-image e555379-e8 mbwj7-k\"><img decoding=\"async\" src=\"https:\/\/liveutifree.com\/wp-content\/uploads\/2024\/10\/54e1dc01-4e68-4b49-99f6-6355e70de7b5-scaled.jpg\" width=\"1024\" height=\"1024\" alt=\"Photo de Melissa\" loading=\"lazy\"><\/span><hr class=\"x-line e555379-e9-v0 mbwj7-e\"\/><div class=\"x-text x-content e555379-e10 mbwj7-g mbwj7-h body-medium\"><span>Comment j'ai vaincu les infections urinaires r\u00e9currentes<\/span><\/div><hr class=\"x-line e555379-e11-v0 mbwj7-e\"\/><a class=\"x-anchor x-anchor-button has-graphic e555379-e12 mbwj7-l button-blue-icon-primary\" tabindex=\"0\" href=\"https:\/\/liveutifree.com\/fr\/infections-urinaires-recurrentes\/\"><div class=\"x-anchor-content\"><span class=\"x-graphic\" aria-hidden=\"true\"><span class=\"x-image x-graphic-child x-graphic-image x-graphic-primary\"><img decoding=\"async\" src=\"https:\/\/liveutifree.com\/wp-content\/uploads\/2025\/03\/white.svg\" width=\"28\" height=\"27\" alt=\"The image is completely blank with a white background and no visible objects or text.\" loading=\"lazy\"><\/span><\/span><div class=\"x-anchor-text\"><span class=\"x-anchor-text-primary\">Lisez son histoire<\/span><\/div><\/div><\/a><\/div><div class=\"x-col e555379-e13 mbwj7-9 mbwj7-a\"><\/div><\/div><\/div><\/div><div class=\"x-section x-hide-lg x-hide-xl e555379-e14 mbwj7-0 mbwj7-2\"><div class=\"x-row x-container max width e555379-e15 mbwj7-3 mbwj7-4 mbwj7-6\"><div class=\"x-row-inner\"><div class=\"x-col e555379-e16 mbwj7-7 mbwj7-9 mbwj7-a mbwj7-b\"><div class=\"x-text x-text-headline e555379-e17 mbwj7-c mbwj7-d heading-01 \"><div class=\"x-text-content\"><div class=\"x-text-content-text\"><h1 class=\"x-text-content-text-primary\">Merci !<\/h1>\n<\/div><\/div><\/div><hr class=\"x-line e555379-e18-v0 mbwj7-e\"\/><div class=\"x-text x-content e555379-e19 mbwj7-g mbwj7-i mbwj7-j body-medium\"><span>Nous avons maintenant confirm\u00e9 que vous \u00eates une personne r\u00e9elle, et nous vous enverrons de temps en temps une mise \u00e0 jour sur tout ce qui concerne l'IVU.<\/span><\/div><hr class=\"x-line e555379-e20-v0 mbwj7-e\"\/><span class=\"x-image e555379-e21 mbwj7-k\"><img decoding=\"async\" src=\"https:\/\/liveutifree.com\/wp-content\/uploads\/2024\/10\/54e1dc01-4e68-4b49-99f6-6355e70de7b5-scaled.jpg\" width=\"1024\" height=\"1024\" alt=\"Photo de Melissa\" loading=\"lazy\"><\/span><hr class=\"x-line e555379-e22-v0 mbwj7-e\"\/><div class=\"x-text x-content e555379-e23 mbwj7-g mbwj7-h mbwj7-j body-medium\"><span>Comment j'ai vaincu les infections urinaires r\u00e9currentes<\/span><\/div><hr class=\"x-line e555379-e24-v0 mbwj7-e\"\/><a class=\"x-anchor x-anchor-button has-graphic e555379-e25 mbwj7-l button-blue-icon-primary\" tabindex=\"0\" href=\"https:\/\/liveutifree.com\/fr\/infections-urinaires-recurrentes\/\"><div class=\"x-anchor-content\"><span class=\"x-graphic\" aria-hidden=\"true\"><span class=\"x-image x-graphic-child x-graphic-image x-graphic-primary\"><img decoding=\"async\" src=\"https:\/\/liveutifree.com\/wp-content\/uploads\/2025\/03\/white.svg\" width=\"28\" height=\"27\" alt=\"The image is completely blank with a white background and no visible objects or text.\" loading=\"lazy\"><\/span><\/span><div class=\"x-anchor-text\"><span class=\"x-anchor-text-primary\">Lisez son histoire<\/span><\/div><\/div><\/a><\/div><\/div><\/div><\/div><\/div>","protected":false},"excerpt":{"rendered":"<p>Merci de votre attention ! Nous avons maintenant confirm\u00e9 que vous \u00eates une personne r\u00e9elle et nous vous enverrons de temps en temps un courriel pour vous demander comment vous pouvez continuer \u00e0 nous aider \u00e0 lutter contre l&rsquo;\u00e9pid\u00e9mie d&rsquo;IVU.Comment j&rsquo;ai vaincu les infections urinaires r\u00e9currentesLisez son histoireMerci ! Nous avons maintenant confirm\u00e9 que vous \u00eates une personne r\u00e9elle, et &#8230; <\/p>\n<div><a href=\"https:\/\/liveutifree.com\/fr\/merci-luf\/\" class=\"more-link\">Read More<\/a><\/div>\n","protected":false},"author":7,"featured_media":0,"parent":0,"menu_order":164,"comment_status":"closed","ping_status":"closed","template":"template-blank-4.php","meta":{"_acf_changed":false,"inline_featured_image":false,"footnotes":""},"class_list":["post-555379","page","type-page","status-publish","hentry","no-post-thumbnail"],"acf":[],"featured_image_src":null,"_links":{"self":[{"href":"https:\/\/liveutifree.com\/fr\/wp-json\/wp\/v2\/pages\/555379","targetHints":{"allow":["GET"]}}],"collection":[{"href":"https:\/\/liveutifree.com\/fr\/wp-json\/wp\/v2\/pages"}],"about":[{"href":"https:\/\/liveutifree.com\/fr\/wp-json\/wp\/v2\/types\/page"}],"author":[{"embeddable":true,"href":"https:\/\/liveutifree.com\/fr\/wp-json\/wp\/v2\/users\/7"}],"replies":[{"embeddable":true,"href":"https:\/\/liveutifree.com\/fr\/wp-json\/wp\/v2\/comments?post=555379"}],"version-history":[{"count":0,"href":"https:\/\/liveutifree.com\/fr\/wp-json\/wp\/v2\/pages\/555379\/revisions"}],"wp:attachment":[{"href":"https:\/\/liveutifree.com\/fr\/wp-json\/wp\/v2\/media?parent=555379"}],"curies":[{"name":"wp","href":"https:\/\/api.w.org\/{rel}","templated":true}]}}