{"id":555144,"date":"2025-09-07T10:56:41","date_gmt":"2025-09-07T10:56:41","guid":{"rendered":"https:\/\/liveutifree.com\/cliniciens-luf\/"},"modified":"2025-10-23T13:55:39","modified_gmt":"2025-10-23T13:55:39","slug":"cliniciens-luf","status":"publish","type":"page","link":"https:\/\/liveutifree.com\/fr\/cliniciens-luf\/","title":{"rendered":"Cliniciens"},"content":{"rendered":"<div id=\"cs-content\" class=\"cs-content\"><div class=\"x-section e555144-e1 mbwco-0\"><div class=\"x-row x-container max width e555144-e2 mbwco-3 mbwco-4 mbwco-8 mbwco-9\"><div class=\"x-row-inner\"><div class=\"x-col e555144-e3 mbwco-k mbwco-l mbwco-m\"><div class=\"x-div e555144-e4 mbwco-q mbwco-r mbwco-s mbwco-t mbwco-u\"><div class=\"x-text x-text-headline e555144-e5 mbwco-z mbwco-10 mbwco-11 heading-01 \"><div class=\"x-text-content\"><div class=\"x-text-content-text\"><h1 class=\"x-text-content-text-primary\">Comment les cliniciens peuvent-ils s'impliquer ?<\/h1>\n<\/div><\/div><\/div><hr class=\"x-line e555144-e6-v0 mbwco-16 mbwco-17\"\/><div class=\"x-text x-content e555144-e7 mbwco-19 mbwco-1a mbwco-1b mbwco-1c body-medium\"><p>Si vous \u00eates nouveau, bienvenue dans notre communaut\u00e9. Nous sommes impatients d'en savoir plus sur votre expertise dans le domaine des IVU r\u00e9currentes et chroniques et sur la mani\u00e8re dont nous pouvons collaborer ou vous mettre en relation avec notre communaut\u00e9. Peut-\u00eatre connaissez-vous d\u00e9j\u00e0 notre <span style=\"color: #c74f4d;\"><a href=\"https:\/\/liveutifree.com\/wp-content\/uploads\/2024\/03\/2024-Improving-Treatment-Pathways-for-Patients-with-Lower-Urinary-Tract-Symptoms.pdf\" style=\"color: #c74f4d;\"><span style=\"text-decoration: underline;\">ressource pour les cliniciens (pdf)<\/span><\/a><\/span> ou notre <span style=\"color: #c74f4d;\"><a href=\"https:\/\/liveutifree.com\/wp-content\/uploads\/2025\/03\/TTYD-Patient-Guidelines-1.pdf\" style=\"color: #c74f4d;\"><span style=\"text-decoration: underline;\">guide pour aider les patients \u00e0 se pr\u00e9parer aux rendez-vous (pdf)<\/span><\/a><\/span>.  <\/p>\n<p>Nous esp\u00e9rons que ces informations permettront \u00e0 tous nos collaborateurs actuels de d\u00e9couvrir de nouvelles fa\u00e7ons de travailler ensemble.<\/p><\/div><hr class=\"x-line e555144-e8-v0 mbwco-17 mbwco-18\"\/><div style=\"--tco-dcbwco-0:;--tco-dcbwco-1:;\" class=\"x-text x-text-headline e555144-e9-v0 mbwco-10 mbwco-12 mbwco-13 mbwco-1\"><div class=\"x-text-content\"><div class=\"x-text-content-text\"><h3 class=\"x-text-content-text-primary\">Getting to know our community<\/h3>\n<\/div><\/div><\/div><hr class=\"x-line e555144-e10-v0 mbwco-16 mbwco-17\"\/><div class=\"x-div e555144-e11 mbwco-t mbwco-u mbwco-v\"><div class=\"x-grid x-hide-sm x-hide-xs e555144-e12 mbwco-1q mbwco-1r\"><div class=\"x-cell e555144-e13 mbwco-1t mbwco-1u mbwco-1v mbwco-1w mbwco-1x mbwco-1y\"><div class=\"x-text x-content e555144-e14 mbwco-1a mbwco-1c mbwco-1d mbwco-1e mbwco-1f\"><p>130+<\/p><\/div><div class=\"x-text x-content e555144-e15 mbwco-1a mbwco-1b mbwco-1c mbwco-1f mbwco-1g mbwco-1h mbwco-1i body-small\">Pays ayant soumis un questionnaire<\/div><\/div><div class=\"x-cell x-hide-sm e555144-e16 mbwco-1t mbwco-1u mbwco-1v mbwco-1w mbwco-1y mbwco-1z\"><\/div><div class=\"x-cell e555144-e17 mbwco-1t mbwco-1u mbwco-1v mbwco-1w mbwco-1x mbwco-1y\"><div class=\"x-text x-content e555144-e18 mbwco-1a mbwco-1c mbwco-1d mbwco-1e mbwco-1f\">1M+<\/div><div class=\"x-text x-content e555144-e19 mbwco-1a mbwco-1b mbwco-1c mbwco-1f mbwco-1h mbwco-1j body-small\">Visiteurs du site web chaque ann\u00e9e<\/div><\/div><div class=\"x-cell x-hide-sm e555144-e20 mbwco-1t mbwco-1u mbwco-1v mbwco-1w mbwco-1y mbwco-1z\"><\/div><div class=\"x-cell e555144-e21 mbwco-1t mbwco-1u mbwco-1v mbwco-1w mbwco-1x mbwco-1y\"><div class=\"x-text x-content e555144-e22 mbwco-1a mbwco-1c mbwco-1d mbwco-1e mbwco-1f\">30K+<\/div><div class=\"x-text x-content e555144-e23 mbwco-1a mbwco-1b mbwco-1c mbwco-1f mbwco-1g mbwco-1k body-small\"><p>Liste de diffusion des patients<\/p><\/div><\/div><div class=\"x-cell x-hide-sm e555144-e24 mbwco-1t mbwco-1u mbwco-1v mbwco-1w mbwco-1y mbwco-1z\"><\/div><div class=\"x-cell e555144-e25 mbwco-1t mbwco-1u mbwco-1v mbwco-1w mbwco-1x mbwco-1y mbwco-20 mbwco-21\"><div class=\"x-text x-content e555144-e26 mbwco-1a mbwco-1c mbwco-1d mbwco-1e mbwco-1f\"><p>930K<\/p><\/div><div class=\"x-text x-content e555144-e27 mbwco-1a mbwco-1b mbwco-1c mbwco-1f mbwco-1g mbwco-1h body-small\"><p>Nombre de vues sur YouTube et 10 000 abonn\u00e9s<\/p><\/div><\/div><div class=\"x-cell x-hide-md x-hide-sm e555144-e28 mbwco-1t mbwco-1u mbwco-1v mbwco-1w mbwco-1y mbwco-1z\"><\/div><div class=\"x-cell e555144-e29 mbwco-1t mbwco-1u mbwco-1v mbwco-1w mbwco-1x mbwco-1y mbwco-21 mbwco-22\"><div class=\"x-text x-content e555144-e30 mbwco-1a mbwco-1c mbwco-1d mbwco-1e mbwco-1f\">80K<\/div><div class=\"x-text x-content e555144-e31 mbwco-1a mbwco-1b mbwco-1c mbwco-1f mbwco-1h mbwco-1l body-small\">Envoi de quiz aux patients<\/div><\/div><div class=\"x-cell x-hide-md x-hide-sm e555144-e32 mbwco-1t mbwco-1u mbwco-1v mbwco-1w mbwco-1y mbwco-1z\"><\/div><div class=\"x-cell e555144-e33 mbwco-1t mbwco-1u mbwco-1v mbwco-1w mbwco-1x mbwco-1y\"><div class=\"x-text x-content e555144-e34 mbwco-1a mbwco-1c mbwco-1d mbwco-1e mbwco-1f\">95.6%<\/div><div class=\"x-text x-content e555144-e35 mbwco-1a mbwco-1b mbwco-1c mbwco-1f mbwco-1g mbwco-1i mbwco-1k mbwco-1m body-small\"><p>Sexe biologique f\u00e9minin<\/p><\/div><\/div><div class=\"x-cell x-hide-sm x-hide-xs e555144-e36 mbwco-1t mbwco-1u mbwco-1v mbwco-1w mbwco-1y mbwco-1z\"><\/div><div class=\"x-cell e555144-e37 mbwco-1t mbwco-1u mbwco-1v mbwco-1w mbwco-1x mbwco-1y\"><div class=\"x-text x-content e555144-e38 mbwco-1a mbwco-1c mbwco-1d mbwco-1e mbwco-1f\">13.4%<\/div><div class=\"x-text x-content e555144-e39 mbwco-1a mbwco-1b mbwco-1c mbwco-1f mbwco-1g mbwco-1h body-small\">Sympt\u00f4mes d'IVU persistants<\/div><\/div><div class=\"x-cell x-hide-sm e555144-e40 mbwco-1t mbwco-1u mbwco-1v mbwco-1w mbwco-1y mbwco-1z\"><\/div><div class=\"x-cell e555144-e41 mbwco-1t mbwco-1u mbwco-1v mbwco-1w mbwco-1x mbwco-1y\"><div class=\"x-text x-content e555144-e42 mbwco-1a mbwco-1c mbwco-1d mbwco-1e mbwco-1f\">25%<\/div><div class=\"x-text x-content e555144-e43 mbwco-1a mbwco-1b mbwco-1c mbwco-1f mbwco-1g mbwco-1h body-small\"><p>Les sympt\u00f4mes d'IVU se manifestent tous les mois ou moins.<\/p><\/div><\/div><div class=\"x-cell e555144-e44 mbwco-1u mbwco-1y mbwco-23 mbwco-24\"><span class=\"x-image x-hide-lg x-hide-md x-hide-sm x-hide-xl x-hide-xs e555144-e45 mbwco-26 mbwco-27\"><img decoding=\"async\" src=\"https:\/\/liveutifree.com\/wp-content\/uploads\/2025\/06\/Screenshot-2023-02-01-at-17.39.24-1-min-scaled.png\" width=\"1280\" height=\"297\" alt=\"Une personne examine un \u00e9chantillon au microscope, avec une bulle de texte : 8 personnes sur 10 ont d\u00e9clar\u00e9 que le traitement de leur IVU avait \u00e9chou\u00e9 ou entra\u00een\u00e9 une nouvelle r\u00e9cidive.\" loading=\"lazy\"><\/span><div class=\"x-grid e555144-e46 mbwco-1q mbwco-1s\"><div class=\"x-cell e555144-e47 mbwco-1t mbwco-1u mbwco-1y mbwco-24\"><span class=\"x-image e555144-e48 mbwco-26 mbwco-27\"><img decoding=\"async\" src=\"https:\/\/liveutifree.com\/wp-content\/uploads\/2025\/07\/scientest-img.png\" width=\"379\" height=\"375\" alt=\"Dessin au trait d&#039;un scientifique en blouse et lunettes examinant un \u00e9chantillon au microscope.\" loading=\"lazy\"><\/span><\/div><div class=\"x-cell e555144-e49 mbwco-1w mbwco-1y mbwco-25\"><div class=\"x-div e555144-e50 mbwco-q mbwco-s mbwco-t mbwco-w mbwco-x\"><div class=\"x-text x-content e555144-e51 mbwco-1a mbwco-1d mbwco-1f mbwco-1n\">8 personnes sur 10 ayant r\u00e9pondu au questionnaire ont d\u00e9clar\u00e9 <span style=\"color: #008071;\"><strong>que le traitement de leur IVU avait \u00e9chou\u00e9 imm\u00e9diatement<\/strong><\/span> ou avait entra\u00een\u00e9 une nouvelle r\u00e9cidive.<\/div><\/div><\/div><\/div><\/div><\/div><div class=\"x-row x-hide-lg x-hide-md x-hide-xl e555144-e52 mbwco-3 mbwco-5 mbwco-8 mbwco-a\"><div class=\"x-row-inner\"><div class=\"x-col e555144-e53 mbwco-k mbwco-m mbwco-n\"><div class=\"x-text x-content e555144-e54 mbwco-1a mbwco-1c mbwco-1d mbwco-1e mbwco-1f\"><p>130+<\/p><\/div><div class=\"x-text x-content e555144-e55 mbwco-1a mbwco-1b mbwco-1c mbwco-1f mbwco-1o body-small\"><p>Pays ayant soumis un questionnaire<\/p><\/div><\/div><div class=\"x-col e555144-e56 mbwco-k mbwco-m mbwco-n\"><div class=\"x-text x-content e555144-e57 mbwco-1a mbwco-1c mbwco-1d mbwco-1e mbwco-1f\">1M+<\/div><div class=\"x-text x-content e555144-e58 mbwco-1a mbwco-1b mbwco-1c mbwco-1f mbwco-1p body-small\">Visiteurs du site web chaque ann\u00e9e<\/div><\/div><div class=\"x-col e555144-e59 mbwco-k mbwco-m mbwco-n\"><div class=\"x-text x-content e555144-e60 mbwco-1a mbwco-1c mbwco-1d mbwco-1e mbwco-1f\"><p>930K<\/p><\/div><div class=\"x-text x-content e555144-e61 mbwco-1a mbwco-1b mbwco-1c mbwco-1f mbwco-1m body-small\">vues sur YouTube, et 3,5k abonn\u00e9s<\/div><\/div><div class=\"x-col e555144-e62 mbwco-k mbwco-m mbwco-n\"><div class=\"x-text x-content e555144-e63 mbwco-1a mbwco-1c mbwco-1d mbwco-1e mbwco-1f\">200K<\/div><div class=\"x-text x-content e555144-e64 mbwco-1a mbwco-1b mbwco-1c mbwco-1f mbwco-1m body-small\"><p>Nombre de vues sur YouTube et 10 000 abonn\u00e9s<\/p><\/div><\/div><div class=\"x-col e555144-e65 mbwco-k mbwco-m mbwco-n\"><div class=\"x-text x-content e555144-e66 mbwco-1a mbwco-1c mbwco-1d mbwco-1e mbwco-1f\">80K<\/div><div class=\"x-text x-content e555144-e67 mbwco-1a mbwco-1b mbwco-1c mbwco-1f body-small\">Envoi de quiz aux patients<\/div><\/div><div class=\"x-col e555144-e68 mbwco-k mbwco-m mbwco-n\"><div class=\"x-text x-content e555144-e69 mbwco-1a mbwco-1c mbwco-1d mbwco-1e mbwco-1f\">95.6%<\/div><div class=\"x-text x-content e555144-e70 mbwco-1a mbwco-1b mbwco-1c mbwco-1f body-small\">Sexe biologique f\u00e9minin<\/div><\/div><div class=\"x-col e555144-e71 mbwco-k mbwco-m mbwco-n\"><div class=\"x-text x-content e555144-e72 mbwco-1a mbwco-1c mbwco-1d mbwco-1e mbwco-1f\">13.4%<\/div><div class=\"x-text x-content e555144-e73 mbwco-1a mbwco-1b mbwco-1c mbwco-1f mbwco-1m body-small\">Sympt\u00f4mes d'IVU persistants<\/div><\/div><div class=\"x-col e555144-e74 mbwco-k mbwco-m mbwco-n\"><div class=\"x-text x-content e555144-e75 mbwco-1a mbwco-1c mbwco-1d mbwco-1e mbwco-1f\">25%<\/div><div class=\"x-text x-content e555144-e76 mbwco-1a mbwco-1b mbwco-1c mbwco-1f mbwco-1m body-small\">Les sympt\u00f4mes d'IVU se manifestent tous les mois ou moins.<\/div><\/div><div class=\"x-col e555144-e77 mbwco-k mbwco-m mbwco-n mbwco-o\"><div class=\"x-div e555144-e78 mbwco-q mbwco-s mbwco-t mbwco-w\"><div class=\"x-text x-content e555144-e79 mbwco-1a mbwco-1d mbwco-1f mbwco-1n\">8 personnes sur 10 ayant r\u00e9pondu au questionnaire ont d\u00e9clar\u00e9 <span style=\"color: #008071;\"><strong>que le traitement de leur IVU avait \u00e9chou\u00e9 imm\u00e9diatement<\/strong><\/span> ou avait entra\u00een\u00e9 une nouvelle r\u00e9cidive.<\/div><\/div><span class=\"x-image e555144-e80 mbwco-26 mbwco-28 mbwco-29\"><img decoding=\"async\" src=\"https:\/\/liveutifree.com\/wp-content\/uploads\/2025\/07\/scientest-img.png\" width=\"379\" height=\"375\" alt=\"Dessin au trait d&#039;un scientifique en blouse et lunettes examinant un \u00e9chantillon au microscope.\" loading=\"lazy\"><\/span><\/div><\/div><\/div><\/div><\/div><\/div><\/div><\/div><\/div><div class=\"x-section e555144-e81 mbwco-0\"><div class=\"x-row x-container max width e555144-e82 mbwco-3 mbwco-4 mbwco-8 mbwco-b\"><div class=\"x-row-inner\"><div class=\"x-col e555144-e83 mbwco-k mbwco-l mbwco-m\"><div class=\"x-div e555144-e84 mbwco-q mbwco-r mbwco-s mbwco-t mbwco-u\"><div class=\"x-text x-text-headline e555144-e85 mbwco-z mbwco-10 heading-03\"><div class=\"x-text-content\"><div class=\"x-text-content-text\"><h2 class=\"x-text-content-text-primary\">Rejoignez notre r\u00e9seau de r\u00e9f\u00e9rencement des cliniciens<\/h2>\n<\/div><\/div><\/div><hr class=\"x-line e555144-e86-v0 mbwco-16 mbwco-17\"\/><\/div><div class=\"x-row e555144-e87 mbwco-3 mbwco-4 mbwco-6 mbwco-8 mbwco-c\"><div class=\"x-row-inner\"><div class=\"x-col e555144-e88 mbwco-k mbwco-m mbwco-n\"><span class=\"x-image e555144-e89 mbwco-26 mbwco-27 mbwco-29 mbwco-2a\"><img decoding=\"async\" src=\"https:\/\/liveutifree.com\/wp-content\/uploads\/2022\/07\/Development-of-Symptom-Measurement-Tools-tab.png\" width=\"502\" height=\"500\" alt=\"Cliniciens et patients\" loading=\"lazy\"><\/span><\/div><div class=\"x-col e555144-e90 mbwco-k mbwco-l mbwco-p\"><div class=\"x-text x-content e555144-e91 mbwco-1a mbwco-1b mbwco-1c body-medium\"><p>En tant qu'organisation de recherche et de d\u00e9fense des patients au centre de la communaut\u00e9 des IVU r\u00e9currentes et chroniques, les cliniciens nous sont recommand\u00e9s quotidiennement.<\/p>\n<p>Nous accordons une grande importance \u00e0 ces recommandations, car nous recevons chaque jour plus de 20 demandes d'orientation vers des cliniciens. Notre communaut\u00e9 de patients est immense, et la mettre en relation avec des cliniciens susceptibles de l'aider est l'une de nos principales activit\u00e9s. <\/p>\n<p><\/p><\/div><\/div><\/div><\/div><\/div><div class=\"x-col e555144-e92 mbwco-k mbwco-l mbwco-m\"><div class=\"x-row e555144-e93 mbwco-3 mbwco-4 mbwco-6 mbwco-8 mbwco-d\"><div class=\"x-row-inner\"><div class=\"x-col e555144-e94 mbwco-k mbwco-l mbwco-m\"><div class=\"x-text x-content e555144-e95 mbwco-1a mbwco-1b mbwco-1c body-medium\"><p>En tant que membre de notre r\u00e9seau de cliniciens, vous aurez la possibilit\u00e9 de fournir davantage d'informations sur votre pratique afin que nous puissions vous mettre en contact avec des patients susceptibles de b\u00e9n\u00e9ficier de votre approche.<\/p>\n<p><strong>Les informations sur les cliniciens de notre r\u00e9seau ne sont pas publi\u00e9es directement sur notre site, mais sont envoy\u00e9es par courrier \u00e9lectronique aux patients qui en font la demande, en fonction de leur r\u00e9gion et de leurs besoins.<\/strong><\/p>\n<p>Notre service d'orientation des cliniciens est gratuit pour les patients et les cliniciens. Notre r\u00e9seau compte actuellement environ 250 cliniciens de diff\u00e9rentes sp\u00e9cialit\u00e9s et de diff\u00e9rents pays. Consultez notre <span style=\"color: #c74f4d;\"><a href=\"https:\/\/liveutifree.com\/fr\/juridique-luf\/\" style=\"color: #c74f4d;\"><span style=\"text-decoration: underline;\">politique de confidentialit\u00e9<\/span><\/a><\/span> pour plus d'informations sur l'utilisation des informations que vous fournissez. <\/p><\/div><\/div><div class=\"x-col e555144-e96 mbwco-k mbwco-m mbwco-n\"><a class=\"x-anchor x-anchor-button e555144-e97 mbwco-2b\" tabindex=\"0\" href=\"https:\/\/airtable.com\/appzPvbWbNfQVsK6U\/shrEbxA2eI2IM4Pa2\"><div class=\"x-anchor-content\"><div class=\"x-anchor-text\"><span class=\"x-anchor-text-primary\">Rejoignez notre r\u00e9seau de r\u00e9f\u00e9rencement des cliniciens<\/span><\/div><\/div><\/a><\/div><\/div><\/div><\/div><\/div><\/div><\/div><div class=\"x-section e555144-e98 mbwco-0\"><div class=\"x-row x-container max width e555144-e99 mbwco-3 mbwco-4 mbwco-8 mbwco-e\"><div class=\"x-row-inner\"><div class=\"x-col e555144-e100 mbwco-k mbwco-l mbwco-m\"><div class=\"x-div e555144-e101 mbwco-q mbwco-r mbwco-s mbwco-t mbwco-u\"><div class=\"x-text x-text-headline e555144-e102 mbwco-z mbwco-10 heading-03\"><div class=\"x-text-content\"><div class=\"x-text-content-text\"><h2 class=\"x-text-content-text-primary\">Partagez votre expertise sur notre cha\u00eene YouTube<\/h2>\n<\/div><\/div><\/div><hr class=\"x-line e555144-e103-v0 mbwco-16 mbwco-17\"\/><div class=\"x-row e555144-e104 mbwco-3 mbwco-4 mbwco-7 mbwco-8 mbwco-f\"><div class=\"x-row-inner\"><div class=\"x-col e555144-e105 mbwco-k mbwco-m mbwco-n\"><a class=\"x-image e555144-e106 mbwco-26 mbwco-27 mbwco-29\" href=\"https:\/\/www.youtube.com\/@LiveUTIFree\/videos\" target=\"_blank\" rel=\"noopener noreferrer\"><img decoding=\"async\" src=\"https:\/\/liveutifree.com\/wp-content\/uploads\/2023\/02\/Screenshot-2023-02-01-at-17.46.06.png\" width=\"788\" height=\"289\" alt=\"Deux vignettes de vid\u00e9os YouTube sur les IVU et la sant\u00e9 des femmes, mettant en sc\u00e8ne les docteurs Carley Akehurst et Rachel Rubin, avec les id\u00e9es du LUF mises en \u00e9vidence et les dur\u00e9es des vid\u00e9os affich\u00e9es.\" loading=\"lazy\"><\/a><\/div><div class=\"x-col e555144-e107 mbwco-k mbwco-m mbwco-n\"><a class=\"x-image e555144-e108 mbwco-26 mbwco-27 mbwco-29\" href=\"https:\/\/www.youtube.com\/@LiveUTIFree\/videos\" target=\"_blank\" rel=\"noopener noreferrer\"><img decoding=\"async\" src=\"https:\/\/liveutifree.com\/wp-content\/uploads\/2023\/02\/Screenshot-2023-02-01-at-17.46.34.png\" width=\"790\" height=\"318\" alt=\"Deux vignettes vid\u00e9o YouTube montrent des cliniciens parlant des infections des voies urinaires (IVU). L&#039;une des vid\u00e9os traite de la r\u00e9ponse immunitaire aux IVU, et l&#039;autre se concentre sur les IVU chez les enfants et les personnes \u00e2g\u00e9es.\" loading=\"lazy\"><\/a><\/div><\/div><\/div><hr class=\"x-line e555144-e109-v0 mbwco-17 mbwco-18\"\/><div class=\"x-row e555144-e110 mbwco-3 mbwco-4 mbwco-7 mbwco-8 mbwco-g\"><div class=\"x-row-inner\"><div class=\"x-col e555144-e111 mbwco-k mbwco-m mbwco-n\"><div class=\"x-text x-content e555144-e112 mbwco-1a mbwco-1b mbwco-1c body-medium\"><p>Notre s\u00e9rie d'interviews d'experts et de conseils pratiques sur YouTub <a href=\"https:\/\/www.youtube.com\/@LiveUTIFree\/videos\"><span style=\"text-decoration: underline;\">interviews d'experts et conseils pratiques sur YouTub<\/span><\/a>e offrent aux cliniciens et aux chercheurs une plateforme pour partager leur expertise et leurs points de vue autour des IVU r\u00e9currentes et des sujets connexes.<\/p>\n<p>Nous recueillons les questions de notre communaut\u00e9 et invitons des experts \u00e0 partager leurs r\u00e9ponses dans cette s\u00e9rie populaire. Ce type d'engagement avec notre communaut\u00e9 permet non seulement aux membres de la communaut\u00e9 de conna\u00eetre les cliniciens dans ce domaine, mais offre \u00e9galement aux cliniciens la possibilit\u00e9 de mieux comprendre ce qui est important pour les patients. <\/p>\n<p>Si vous souhaitez partager vos recherches ou discuter d'un domaine de la sant\u00e9 pelvienne, <a href=\"https:\/\/liveutifree.com\/fr\/contact-luf\/\"><span style=\"text-decoration: underline;\">contactez-nous !<\/span><\/a><\/p><\/div><\/div><\/div><\/div><\/div><\/div><\/div><\/div><\/div><div class=\"x-section e555144-e113 mbwco-0\"><div class=\"x-row x-container max width e555144-e114 mbwco-3 mbwco-4 mbwco-8 mbwco-h\"><div class=\"x-row-inner\"><div class=\"x-col e555144-e115 mbwco-k mbwco-l mbwco-m\"><div class=\"x-div e555144-e116 mbwco-q mbwco-r mbwco-t mbwco-u mbwco-y\"><div class=\"x-text x-text-headline e555144-e117 mbwco-z mbwco-10 heading-03\"><div class=\"x-text-content\"><div class=\"x-text-content-text\"><h2 class=\"x-text-content-text-primary\">Collaborez avec nous sur la recherche<\/h2>\n<\/div><\/div><\/div><hr class=\"x-line e555144-e118-v0 mbwco-16 mbwco-17\"\/><div class=\"x-text x-content e555144-e119 mbwco-19 mbwco-1a mbwco-1b mbwco-1c body-medium\"><p>La recherche est au c\u0153ur de toutes nos activit\u00e9s, et nous avons recueilli le plus grand ensemble de donn\u00e9es au monde sur l'exp\u00e9rience des patients en mati\u00e8re d'IVU. Nous apportons notre soutien \u00e0 d'autres chercheurs de diff\u00e9rentes mani\u00e8res, notamment par les moyens suivants <\/p>\n\n<ul>\n \t<li>Recrutement des participants<\/li>\n \t<li>Participation du public et des patients<\/li>\n \t<li>Conception du questionnaire destin\u00e9 aux patients<\/li>\n \t<li>Conception de l'\u00e9tude<\/li>\n \t<li>Collaboration sur les demandes de financement<\/li>\n<\/ul>\n<p>Les chercheurs sont invit\u00e9s \u00e0 utiliser nos Mesures R\u00e9sultats Rapport\u00e9s par les Patients (PROMs) r\u00e9cemment publi\u00e9s pour les IVU r\u00e9currentes :<\/p>\n\n<ol>\n \t<li><a href=\"https:\/\/bjui-journals.onlinelibrary.wiley.com\/doi\/10.1002\/bco2.222\" target=\"_blank\" rel=\"noopener\"><span style=\"text-decoration: underline;\">L'\u00e9chelle des sympt\u00f4mes des infections urinaires r\u00e9currentes (RUTISS)<\/span><\/a><\/li>\n \t<li><a href=\"https:\/\/link.springer.com\/article\/10.1007\/s11136-023-03348-7\" target=\"_blank\" rel=\"noopener\"><span style=\"text-decoration: underline;\">Le questionnaire sur l'impact des infections urinaires r\u00e9currentes (RUTIIQ)<\/span><\/a><\/li>\n<\/ol>\n<p>Pour plus d'informations sur la fa\u00e7on dont nous pouvons collaborer \u00e0 la recherche, veuillez<span> <\/span><span style=\"color: #c74f4d;\"><a href=\"https:\/\/liveutifree.com\/fr\/contact-luf\/\" style=\"color: #c74f4d;\"><span style=\"text-decoration: underline;\">envoyez-nous un courriel<\/span><\/a><\/span>.<\/p><\/div><\/div><\/div><\/div><\/div><\/div><div class=\"x-section e555144-e120 mbwco-0\"><div class=\"x-row x-container max width e555144-e121 mbwco-3 mbwco-4 mbwco-8 mbwco-i\"><div class=\"x-row-inner\"><div class=\"x-col e555144-e122 mbwco-k mbwco-l mbwco-m\"><div class=\"x-div e555144-e123 mbwco-q mbwco-r mbwco-s mbwco-t mbwco-u\"><div class=\"x-text x-text-headline e555144-e124 mbwco-z mbwco-10 mbwco-14 heading-03\"><div class=\"x-text-content\"><div class=\"x-text-content-text\"><h2 class=\"x-text-content-text-primary\">Participez \u00e0 une s\u00e9rie \"Ask Me Anything\" sur les m\u00e9dias sociaux<\/h2>\n<\/div><\/div><\/div><hr class=\"x-line e555144-e125-v0 mbwco-16 mbwco-17\"\/><span class=\"x-image e555144-e126 mbwco-26 mbwco-27\"><img decoding=\"async\" src=\"https:\/\/liveutifree.com\/wp-content\/uploads\/2021\/11\/1.png\" width=\"540\" height=\"540\" alt=\"Krystal Thomas-White AMA\" loading=\"lazy\"><\/span><hr class=\"x-line e555144-e127-v0 mbwco-16 mbwco-17\"\/><div class=\"x-text x-content e555144-e128 mbwco-19 mbwco-1a mbwco-1b mbwco-1c body-medium\"><p>Les conversations sur l'IVU se d\u00e9roulent sur plusieurs plateformes, et nous nous engageons fr\u00e9quemment avec notre communaut\u00e9 sur les m\u00e9dias sociaux. L'une des fa\u00e7ons de mettre en relation les cliniciens et les patients sur les m\u00e9dias sociaux est la s\u00e9rie \"Ask Me Anything\", o\u00f9 notre public soumet des questions et o\u00f9 notre expert r\u00e9pond \u00e0 une question chaque semaine. <\/p>\n<p>Si vous \u00eates pr\u00eat pour un \"AMA\", <span style=\"color: #c74f4d;\"><a href=\"https:\/\/liveutifree.com\/fr\/contact-luf\/\" style=\"color: #c74f4d;\"><span style=\"text-decoration: underline;\">contactez-nous par courriel<\/span><\/a><\/span> ou mieux encore, <a href=\"https:\/\/www.instagram.com\/liveutifree\/\" target=\"_blank\" rel=\"noopener\"><span style=\"text-decoration: underline;\">envoyez-nous un DM sur Instagram<\/span><\/a>.<\/p><\/div><\/div><\/div><\/div><\/div><\/div><div class=\"x-section e555144-e129 mbwco-0\"><div class=\"x-row x-container max width e555144-e130 mbwco-3 mbwco-4 mbwco-8 mbwco-j\"><div class=\"x-row-inner\"><div class=\"x-col e555144-e131 mbwco-k mbwco-l mbwco-m\"><div class=\"x-div e555144-e132 mbwco-q mbwco-r mbwco-t mbwco-u mbwco-y\"><div style=\"--tco-dcbwco-2:;--tco-dcbwco-3:;\" class=\"x-text x-text-headline e555144-e133-v0 mbwco-10 mbwco-13 mbwco-15 mbwco-2\"><div class=\"x-text-content\"><div class=\"x-text-content-text\"><h2 class=\"x-text-content-text-primary\">Author An Article On A Special Interest Area<\/h2>\n<\/div><\/div><\/div><hr class=\"x-line e555144-e134-v0 mbwco-16 mbwco-17\"\/><div class=\"x-text x-content e555144-e135 mbwco-19 mbwco-1a mbwco-1b mbwco-1c body-medium\"><p>Nous aimons partager des contenus fond\u00e9s sur des donn\u00e9es probantes, r\u00e9dig\u00e9s par des auteurs ayant une exp\u00e9rience pratique, et nous collaborons avec des cliniciens et des chercheurs pour y parvenir. Notre communaut\u00e9 appr\u00e9cie de pouvoir s'informer sur un large \u00e9ventail de sujets aupr\u00e8s d'experts dans leur domaine. <\/p>\n<p>En r\u00e9digeant du contenu sur notre site, vous aurez l'occasion d'en dire plus sur votre propre pratique et de diriger les lecteurs vers votre propre site web. Consultez quelques-uns de nos articles d'experts : <\/p>\n\n<ol>\n \t<li><a href=\"https:\/\/liveutifree.com\/fr\/inflammation-de-la-vessie-et-menopause\/\"><span style=\"text-decoration: underline;\">IVU et m\u00e9nopause : Les \u0153strog\u00e8nes peuvent am\u00e9liorer les IVU r\u00e9currentes<\/span><\/a><\/li>\n \t<li><a href=\"https:\/\/liveutifree.com\/fr\/vitamine-c-contre-infection-urinaire\/\"><span style=\"text-decoration: underline;\">Vitamine C pour les IVU : est-ce que \u00e7a marche ?<\/span><\/a><\/li>\n \t<li><a href=\"https:\/\/liveutifree.com\/fr\/infections-urinaires-pendant-la-grossesse-prevention-et-traitements\/\"><span style=\"text-decoration: underline;\">IVU pendant la grossesse : S\u00e9curit\u00e9, traitement et pr\u00e9vention<\/span><\/a><\/li>\n<\/ol>\n<p><span>Si vous avez une id\u00e9e d'article, n'h\u00e9sitez pas \u00e0 nous en faire part. <\/span><a href=\"https:\/\/liveutifree.com\/fr\/contact-luf\/\"><span style=\"text-decoration: underline;\">contactez-nous<\/span><\/a><span>.<\/span><\/p><\/div><\/div><\/div><\/div><\/div><\/div><\/div>","protected":false},"excerpt":{"rendered":"<p>Comment les cliniciens peuvent-ils s&rsquo;impliquer ? Si vous \u00eates nouveau, bienvenue dans notre communaut\u00e9. Nous sommes impatients d&rsquo;en savoir plus sur votre expertise dans le domaine des IVU r\u00e9currentes et chroniques et sur la mani\u00e8re dont nous pouvons collaborer ou vous mettre en relation avec notre communaut\u00e9. Peut-\u00eatre connaissez-vous d\u00e9j\u00e0 notre ressource pour les cliniciens (pdf) ou notre guide pour &#8230; <\/p>\n<div><a href=\"https:\/\/liveutifree.com\/fr\/cliniciens-luf\/\" class=\"more-link\">Read More<\/a><\/div>\n","protected":false},"author":7,"featured_media":0,"parent":0,"menu_order":65,"comment_status":"closed","ping_status":"closed","template":"template-blank-4.php","meta":{"_acf_changed":false,"inline_featured_image":false,"footnotes":""},"class_list":["post-555144","page","type-page","status-publish","hentry","no-post-thumbnail"],"acf":[],"featured_image_src":null,"_links":{"self":[{"href":"https:\/\/liveutifree.com\/fr\/wp-json\/wp\/v2\/pages\/555144","targetHints":{"allow":["GET"]}}],"collection":[{"href":"https:\/\/liveutifree.com\/fr\/wp-json\/wp\/v2\/pages"}],"about":[{"href":"https:\/\/liveutifree.com\/fr\/wp-json\/wp\/v2\/types\/page"}],"author":[{"embeddable":true,"href":"https:\/\/liveutifree.com\/fr\/wp-json\/wp\/v2\/users\/7"}],"replies":[{"embeddable":true,"href":"https:\/\/liveutifree.com\/fr\/wp-json\/wp\/v2\/comments?post=555144"}],"version-history":[{"count":2,"href":"https:\/\/liveutifree.com\/fr\/wp-json\/wp\/v2\/pages\/555144\/revisions"}],"predecessor-version":[{"id":576039,"href":"https:\/\/liveutifree.com\/fr\/wp-json\/wp\/v2\/pages\/555144\/revisions\/576039"}],"wp:attachment":[{"href":"https:\/\/liveutifree.com\/fr\/wp-json\/wp\/v2\/media?parent=555144"}],"curies":[{"name":"wp","href":"https:\/\/api.w.org\/{rel}","templated":true}]}}