{"id":554641,"date":"2025-09-07T10:55:59","date_gmt":"2025-09-07T10:55:59","guid":{"rendered":"https:\/\/liveutifree.com\/travaillez-avec-nous-luf\/"},"modified":"2025-10-23T13:56:36","modified_gmt":"2025-10-23T13:56:36","slug":"travaillez-avec-nous-luf","status":"publish","type":"page","link":"https:\/\/liveutifree.com\/fr\/travaillez-avec-nous-luf\/","title":{"rendered":"Travaillez avec nous"},"content":{"rendered":"<div id=\"cs-content\" class=\"cs-content\"><div class=\"x-section e554641-e1 mbvyp-0 mbvyp-1\"><div class=\"x-row e554641-e2 mbvyp-3 mbvyp-4 mbvyp-5 mbvyp-6 mbvyp-7 mbvyp-d mbvyp-e\"><div class=\"x-row-inner\"><div class=\"x-col e554641-e3 mbvyp-p mbvyp-q\"><div class=\"x-text x-text-headline e554641-e4 mbvyp-10 mbvyp-11 heading-02\"><div class=\"x-text-content\"><div class=\"x-text-content-text\"><h1 class=\"x-text-content-text-primary\">Engagez notre \u00e9quipe<\/h1>\n<\/div><\/div><\/div><\/div><div class=\"x-col e554641-e5 mbvyp-p mbvyp-q mbvyp-r mbvyp-s mbvyp-t\"><div class=\"x-text x-content e554641-e6 mbvyp-13 mbvyp-14 mbvyp-15 body-medium\"><span>Live UTI Free collabore avec des organisations du secteur de la sant\u00e9 f\u00e9minine pour am\u00e9liorer l'exp\u00e9rience et la vie des patientes dans tous les aspects de la sant\u00e9 et du bien-\u00eatre. Que vous cherchiez \u00e0   <\/span><strong>s'engager<\/strong><span> <\/span><strong>notre communaut\u00e9<\/strong><span>,<\/span><strong><span> <\/span>apprendre de<\/strong><span> <\/span><strong>vos clients<\/strong><span>ou <\/span><strong>financer des recherches<\/strong><span> qui changera la vie des gens, vous \u00eates au bon endroit.<\/span><\/div><\/div><\/div><\/div><hr class=\"x-line e554641-e7-v0 mbvyp-16 mbvyp-17\"\/><div class=\"x-row x-container max width e554641-e8 mbvyp-3 mbvyp-5 mbvyp-7 mbvyp-8 mbvyp-d mbvyp-f\"><div class=\"x-row-inner\"><div class=\"x-col e554641-e9 mbvyp-p mbvyp-q\"><div class=\"x-text x-text-headline e554641-e10 mbvyp-10 mbvyp-11 heading-03\"><div class=\"x-text-content\"><div class=\"x-text-content-text\"><h2 class=\"x-text-content-text-primary\">Nous pouvons vous aider.<\/h2>\n<\/div><\/div><\/div><\/div><div class=\"x-col e554641-e11 mbvyp-p mbvyp-q\"><div class=\"x-div e554641-e12 mbvyp-1d mbvyp-1e mbvyp-1f mbvyp-1g mbvyp-1h\"><div class=\"x-text x-content e554641-e13 mbvyp-14 mbvyp-15 link-medium-default\"><span style=\"text-decoration: underline;\"><span style=\"color: #c74f4d;\"><a href=\"#enlist\" style=\"color: #c74f4d; text-decoration: underline;\">Faites appel \u00e0 nos services<\/a><\/span><\/span><\/div><div class=\"x-div x-hide-xs e554641-e14 mbvyp-1d mbvyp-1f mbvyp-1g mbvyp-1i mbvyp-1j\"><\/div><div class=\"x-text x-content e554641-e15 mbvyp-14 mbvyp-15 link-medium-default\"><a href=\"#sponsorship\"><span style=\"text-decoration: underline;\">Parrainages<\/span><\/a><\/div><div class=\"x-div x-hide-xs e554641-e16 mbvyp-1d mbvyp-1f mbvyp-1g mbvyp-1i mbvyp-1j\"><\/div><div class=\"x-text x-content e554641-e17 mbvyp-14 mbvyp-15 link-medium-default\"><a href=\"#diagnostic\"><span style=\"text-decoration: underline;\">Soci\u00e9t\u00e9s de diagnostic<\/span><\/a><\/div><\/div><\/div><\/div><\/div><hr class=\"x-line e554641-e18-v0 mbvyp-16 mbvyp-17\"\/><div class=\"x-row e554641-e19 mbvyp-3 mbvyp-5 mbvyp-7 mbvyp-9 mbvyp-a mbvyp-d mbvyp-g\"><div class=\"x-row-inner\"><div class=\"x-col e554641-e20 mbvyp-p mbvyp-q\"><div class=\"x-div e554641-e21 mbvyp-1g mbvyp-1h\" id=\"enlist\"><div class=\"x-text x-text-headline e554641-e22 mbvyp-10 mbvyp-11 heading-03\"><div class=\"x-text-content\"><div class=\"x-text-content-text\"><h1 class=\"x-text-content-text-primary\">Faites appel \u00e0 nos services<\/h1>\n<\/div><\/div><\/div><\/div><\/div><div class=\"x-col e554641-e23 mbvyp-p mbvyp-q\"><div class=\"x-row e554641-e24 mbvyp-3 mbvyp-5 mbvyp-8 mbvyp-b mbvyp-h mbvyp-i\"><div class=\"x-row-inner\"><a class=\"x-col e554641-e25 mbvyp-p mbvyp-r mbvyp-t mbvyp-u mbvyp-v\" href=\"#work-with-contact\"><div class=\"x-text x-text-headline e554641-e26 mbvyp-10 heading-06\"><div class=\"x-text-content\"><div class=\"x-text-content-text\"><h1 class=\"x-text-content-text-primary\">Informations sur les patients et les consommateurs<\/h1>\n<\/div><\/div><\/div><hr class=\"x-line e554641-e27-v0 mbvyp-17 mbvyp-18\"\/><div class=\"x-text x-content e554641-e28 mbvyp-14 body-regular\">Mieux comprendre les besoins de vos clients dans le domaine de la sant\u00e9 des femmes.<\/div><hr class=\"x-line e554641-e29-v0 mbvyp-17 mbvyp-19\"\/><div class=\"x-text x-content e554641-e30 mbvyp-14 link-medium-red\"><span style=\"text-decoration: underline;\"><span >En savoir plus \u2192<\/span><\/span><\/div><\/a><a class=\"x-col e554641-e31 mbvyp-p mbvyp-r mbvyp-t mbvyp-u mbvyp-v\" href=\"#work-with-contact\"><div class=\"x-text x-text-headline e554641-e32 mbvyp-10 heading-06\"><div class=\"x-text-content\"><div class=\"x-text-content-text\"><h1 class=\"x-text-content-text-primary\">Patient et recrutement<\/h1>\n<\/div><\/div><\/div><hr class=\"x-line e554641-e33-v0 mbvyp-17 mbvyp-18\"\/><div class=\"x-text x-content e554641-e34 mbvyp-14 body-regular\">Pour les essais cliniques, la recherche qualitative, les enqu\u00eates et les conseillers en mati\u00e8re de participation des patients et du public.<\/div><hr class=\"x-line e554641-e35-v0 mbvyp-17 mbvyp-19\"\/><div class=\"x-text x-content e554641-e36 mbvyp-14 link-medium-red\"><span style=\"text-decoration: underline;\"><span >En savoir plus \u2192<\/span><\/span><\/div><\/a><a class=\"x-col e554641-e37 mbvyp-p mbvyp-r mbvyp-t mbvyp-u mbvyp-v\" href=\"#work-with-contact\"><div class=\"x-text x-text-headline e554641-e38 mbvyp-10 heading-06\"><div class=\"x-text-content\"><div class=\"x-text-content-text\"><h1 class=\"x-text-content-text-primary\">Conception de l'\u00e9tude<\/h1>\n<\/div><\/div><\/div><hr class=\"x-line e554641-e39-v0 mbvyp-17 mbvyp-18\"\/><div class=\"x-text x-content e554641-e40 mbvyp-14 body-regular\">Faites appel \u00e0 notre \u00e9quipe de recherche pour concevoir ou commenter votre protocole d'\u00e9tude.<\/div><hr class=\"x-line e554641-e41-v0 mbvyp-17 mbvyp-19\"\/><div class=\"x-text x-content e554641-e42 mbvyp-14 link-medium-red\"><span style=\"text-decoration: underline;\"><span >En savoir plus \u2192<\/span><\/span><\/div><\/a><\/div><\/div><\/div><\/div><\/div><hr class=\"x-line e554641-e43-v0 mbvyp-17 mbvyp-1a\"\/><div class=\"x-row e554641-e44 mbvyp-3 mbvyp-5 mbvyp-7 mbvyp-9 mbvyp-a mbvyp-d mbvyp-j\"><div class=\"x-row-inner\"><div class=\"x-col e554641-e45 mbvyp-p mbvyp-q\"><div class=\"x-div e554641-e46 mbvyp-1g mbvyp-1h\" id=\"sponsorship\"><div class=\"x-text x-text-headline e554641-e47 mbvyp-10 mbvyp-11 heading-03\"><div class=\"x-text-content\"><div class=\"x-text-content-text\"><h3 class=\"x-text-content-text-primary\">Possibilit\u00e9s de parrainage<\/h3>\n<\/div><\/div><\/div><\/div><\/div><div class=\"x-col e554641-e48 mbvyp-p mbvyp-q\"><div class=\"x-row e554641-e49 mbvyp-3 mbvyp-5 mbvyp-8 mbvyp-b mbvyp-h mbvyp-k\"><div class=\"x-row-inner\"><a class=\"x-col e554641-e50 mbvyp-p mbvyp-r mbvyp-t mbvyp-u mbvyp-w\" href=\"#work-with-contact\"><div class=\"x-text x-text-headline e554641-e51 mbvyp-10 heading-06\"><div class=\"x-text-content\"><div class=\"x-text-content-text\"><h6 class=\"x-text-content-text-primary\">Partenariats de contenu<\/h6>\n<\/div><\/div><\/div><hr class=\"x-line e554641-e52-v0 mbvyp-17 mbvyp-18\"\/><div class=\"x-text x-content e554641-e53 mbvyp-14 body-regular\">Sponsorisez nos vid\u00e9os YouTube, pr\u00e9sentez vos produits ou services \u00e0 notre liste de diffusion ou collaborez avec notre \u00e9quipe sur des contenus r\u00e9ciproques. N'h\u00e9sitez pas \u00e0 nous contacter pour obtenir une description d\u00e9taill\u00e9e de nos nombreuses possibilit\u00e9s de contenu. <\/div><hr class=\"x-line e554641-e54-v0 mbvyp-17 mbvyp-19\"\/><div class=\"x-text x-content e554641-e55 mbvyp-14 link-medium-red\"><span style=\"text-decoration: underline;\"><span >Prenez contact avec nous \u2192<\/span><\/span><\/div><\/a><a class=\"x-col e554641-e56 mbvyp-p mbvyp-r mbvyp-t mbvyp-u mbvyp-w\" href=\"#work-with-contact\"><div class=\"x-text x-text-headline e554641-e57 mbvyp-10 heading-06\"><div class=\"x-text-content\"><div class=\"x-text-content-text\"><h1 class=\"x-text-content-text-primary\">Recherche sur les patients<\/h1>\n<\/div><\/div><\/div><hr class=\"x-line e554641-e58-v0 mbvyp-17 mbvyp-18\"\/><div class=\"x-text x-content e554641-e59 mbvyp-14 body-regular\">Devenez un sponsor nomm\u00e9 et promu de nos initiatives de recherche qui changent la vie pour l'IVU et la sant\u00e9 des femmes.<\/div><hr class=\"x-line e554641-e60-v0 mbvyp-17 mbvyp-19\"\/><div class=\"x-text x-content e554641-e61 mbvyp-14 link-medium-red\"><span style=\"text-decoration: underline;\"><span >Recherche de fonds \u2192<\/span><\/span><\/div><\/a><a class=\"x-col e554641-e62 mbvyp-p mbvyp-r mbvyp-t mbvyp-u mbvyp-w\" href=\"#work-with-contact\"><div class=\"x-text x-text-headline e554641-e63 mbvyp-10 heading-06\"><div class=\"x-text-content\"><div class=\"x-text-content-text\"><h1 class=\"x-text-content-text-primary\">Financement du doctorat<\/h1>\n<\/div><\/div><\/div><hr class=\"x-line e554641-e64-v0 mbvyp-17 mbvyp-18\"\/><div class=\"x-text x-content e554641-e65 mbvyp-14 body-regular\">Parrainez la recherche doctorale et b\u00e9n\u00e9ficiez d'un acc\u00e8s direct \u00e0 leur expertise gr\u00e2ce \u00e0 Live UTO Free. Notre programme de doctorat a d\u00e9j\u00e0 donn\u00e9 lieu \u00e0 de nombreuses publications qui contribuent \u00e0 faire avancer la recherche sur l'IVU. <\/div><hr class=\"x-line e554641-e66-v0 mbvyp-17 mbvyp-19\"\/><div class=\"x-text x-content e554641-e67 mbvyp-14 link-medium-red\"><span style=\"text-decoration: underline;\"><span >En savoir plus \u2192<\/span><\/span><\/div><\/a><\/div><\/div><\/div><\/div><\/div><hr class=\"x-line e554641-e68-v0 mbvyp-17 mbvyp-1a\"\/><div class=\"x-row e554641-e69 mbvyp-3 mbvyp-4 mbvyp-5 mbvyp-7 mbvyp-a mbvyp-d mbvyp-l\"><div class=\"x-row-inner\"><div class=\"x-col e554641-e70 mbvyp-p mbvyp-q\"><div class=\"x-div e554641-e71 mbvyp-1g mbvyp-1h\" id=\"diagnostic\"><div class=\"x-text x-text-headline e554641-e72 mbvyp-10 mbvyp-11 heading-03\"><div class=\"x-text-content\"><div class=\"x-text-content-text\"><h1 class=\"x-text-content-text-primary\">Explorer les partenariats en mati\u00e8re de diagnostic<\/h1>\n<\/div><\/div><\/div><\/div><\/div><div class=\"x-col e554641-e73 mbvyp-p mbvyp-q mbvyp-r mbvyp-s mbvyp-x\"><span class=\"x-image e554641-e74 mbvyp-1m mbvyp-1n\"><img decoding=\"async\" src=\"https:\/\/liveutifree.com\/wp-content\/uploads\/2024\/02\/Group-87-1.png\" width=\"1564\" height=\"664\" alt=\"Banni\u00e8re promotionnelle bleue pr\u00e9sentant les formules de parrainage pour le LUF : Or (inscription dans l&#039;annuaire), Platine (article et participation \u00e0 la communaut\u00e9) et Saphir (option personnalis\u00e9e). Les \u00e9l\u00e9ments visuels comprennent des badges or et argent. Le texte invite les utilisateurs \u00e0 travailler avec nous pour trouver la formule id\u00e9ale.\" loading=\"lazy\"><\/span><\/div><\/div><\/div><hr class=\"x-line e554641-e75-v0 mbvyp-16 mbvyp-17\"\/><div class=\"x-row e554641-e76 mbvyp-3 mbvyp-4 mbvyp-5 mbvyp-6 mbvyp-7 mbvyp-d mbvyp-m\"><div class=\"x-row-inner\"><div class=\"x-col e554641-e77 mbvyp-p mbvyp-q mbvyp-r mbvyp-s mbvyp-t\"><div class=\"x-text x-content e554641-e78 mbvyp-14 body-medium\"><p>R\u00e9servez un appel de d\u00e9couverte avec notre \u00e9quipe et soyez guid\u00e9 \u00e0 travers un atelier interactif qui d\u00e9couvrira les objectifs de votre entreprise et nous permettra de d\u00e9velopper un paquet promotionnel personnalis\u00e9 qui correspond le mieux \u00e0 votre strat\u00e9gie de march\u00e9.<\/p>\n<p>Les entreprises de diagnostic qui s'alignent sur la mission de Live UTI Free ont la possibilit\u00e9 de devenir sponsors.<\/p><\/div><hr class=\"x-line e554641-e79-v0 mbvyp-17 mbvyp-1b\"\/><div class=\"x-div e554641-e80 mbvyp-1d mbvyp-1e mbvyp-1g mbvyp-1h mbvyp-1k\"><div class=\"x-text x-content e554641-e81 mbvyp-14 body-regular\"><a href=\"#work-with-contact\"><span style=\"text-decoration: underline;\">En savoir plus \u2192<\/span><\/a><\/div><\/div><\/div><\/div><\/div><\/div><div class=\"x-section e554641-e82 mbvyp-0 mbvyp-2\" id=\"work-with-contact\"><div class=\"x-row x-container max width e554641-e83 mbvyp-3 mbvyp-7 mbvyp-8 mbvyp-c mbvyp-d mbvyp-n\"><div class=\"x-row-inner\"><div class=\"x-col e554641-e84 mbvyp-p mbvyp-q mbvyp-y\"><div class=\"x-div e554641-e85 mbvyp-1g mbvyp-1h\"><div class=\"x-text x-text-headline e554641-e86 mbvyp-10 mbvyp-11 heading-02\"><div class=\"x-text-content\"><div class=\"x-text-content-text\"><h2 class=\"x-text-content-text-primary\">Prenez contact<\/h2>\n<\/div><\/div><\/div><hr class=\"x-line e554641-e87-v0 mbvyp-16 mbvyp-17\"\/><\/div><div class=\"x-form-integration x-form-integration-embed e554641-e88 mbvyp-1q\"><div class=\"forminator-ui forminator-custom-form forminator-custom-form-548578 forminator-design--material  forminator_ajax\" data-forminator-render=\"0\" data-form=\"forminator-module-548578\" data-uid=\"69efdd356db0c\"><br\/><\/div><form\r\n\t\t\t\tid=\"forminator-module-548578\"\r\n\t\t\t\tclass=\"forminator-ui forminator-custom-form forminator-custom-form-548578 forminator-design--material  forminator_ajax\"\r\n\t\t\t\tmethod=\"post\"\r\n\t\t\t\tdata-forminator-render=\"0\"\r\n\t\t\t\tdata-form-id=\"548578\"\r\n\t\t\t\t data-color-option=\"theme\" data-design=\"material\" data-grid=\"open\" style=\"display: none;\"\r\n\t\t\t\tdata-uid=\"69efdd356db0c\"\r\n\t\t\t><div role=\"alert\" aria-live=\"polite\" class=\"forminator-response-message forminator-error\" aria-hidden=\"true\"><\/div><div class=\"forminator-row\"><div id=\"name-1\" class=\"forminator-field-name forminator-col forminator-col-12 \"><div class=\"forminator-field\"><label for=\"forminator-field-name-1_69efdd356db0c\" id=\"forminator-field-name-1_69efdd356db0c-label\" class=\"forminator-label\">Full name <span class=\"forminator-required\">*<\/span><\/label><input type=\"text\" name=\"name-1\" value=\"\" placeholder=\"\" id=\"forminator-field-name-1_69efdd356db0c\" class=\"forminator-input forminator-name--field\" aria-required=\"true\" autocomplete=\"name\" \/><\/div><\/div><\/div><div class=\"forminator-row\"><div id=\"email-1\" class=\"forminator-field-email forminator-col forminator-col-12 \"><div class=\"forminator-field\"><label for=\"forminator-field-email-1_69efdd356db0c\" id=\"forminator-field-email-1_69efdd356db0c-label\" class=\"forminator-label\">Email address <span class=\"forminator-required\">*<\/span><\/label><input type=\"email\" name=\"email-1\" value=\"\" placeholder=\"\" id=\"forminator-field-email-1_69efdd356db0c\" class=\"forminator-input forminator-email--field\" data-required=\"1\" aria-required=\"true\" autocomplete=\"email\" \/><\/div><\/div><\/div><div class=\"forminator-row\"><div id=\"textarea-1\" class=\"forminator-field-textarea forminator-col forminator-col-12 \"><div class=\"forminator-field\"><label for=\"forminator-field-textarea-1_69efdd356db0c\" id=\"forminator-field-textarea-1_69efdd356db0c-label\" class=\"forminator-label\">Organization\/Company name <span class=\"forminator-required\">*<\/span><\/label><textarea name=\"textarea-1\" placeholder=\"\" id=\"forminator-field-textarea-1_69efdd356db0c\" class=\"forminator-textarea\" rows=\"6\" style=\"min-height:20px;\" ><\/textarea><\/div><\/div><\/div><div class=\"forminator-row\"><div id=\"textarea-3\" class=\"forminator-field-textarea forminator-col forminator-col-12 \"><div class=\"forminator-field\"><label for=\"forminator-field-textarea-3_69efdd356db0c\" id=\"forminator-field-textarea-3_69efdd356db0c-label\" class=\"forminator-label\">Role\/Position<\/label><textarea name=\"textarea-3\" placeholder=\"\" id=\"forminator-field-textarea-3_69efdd356db0c\" class=\"forminator-textarea\" rows=\"6\" style=\"min-height:20px;\" ><\/textarea><\/div><\/div><\/div><div class=\"forminator-row\"><div id=\"select-1\" class=\"forminator-field-select forminator-col forminator-col-12 \"><div class=\"forminator-field\"><label for=\"forminator-form-548578__field--select-1_69efdd356db0c\" id=\"forminator-form-548578__field--select-1_69efdd356db0c-label\" class=\"forminator-label\">Services you&#039;re interested in <span class=\"forminator-required\">*<\/span><\/label><select  id=\"forminator-form-548578__field--select-1_69efdd356db0c\" class=\"forminator-select--field forminator-select2 forminator-select2-multiple\" data-required=\"1\" name=\"select-1\" data-default-value=\"\" data-hidden-behavior=\"zero\" data-placeholder=\"Select your interest\" data-search=\"false\" data-search-placeholder=\"Select your interest\" data-checkbox=\"false\" data-allow-clear=\"false\" aria-labelledby=\"forminator-form-548578__field--select-1_69efdd356db0c-label\"><option value=\"\"  >Select your interest<\/option><option value=\"one\"  data-calculation=\"0\">Patient &amp; Consumer Insights<\/option><option value=\"two\"  data-calculation=\"0\">Patient Recruitment<\/option><option value=\"Study-Design\"  data-calculation=\"0\">Study Design<\/option><option value=\"Content-Partnerships\"  data-calculation=\"0\">Content Partnership<\/option><option value=\"Researcher-Sponsorship\"  data-calculation=\"0\">Research Sponsorship<\/option><option value=\"Diagnostic-Partnerships\"  data-calculation=\"0\">Diagnostic Partnership<\/option><\/select><\/div><\/div><\/div><div class=\"forminator-row\"><div id=\"textarea-2\" class=\"forminator-field-textarea forminator-col forminator-col-12 \"><div class=\"forminator-field\"><label for=\"forminator-field-textarea-2_69efdd356db0c\" id=\"forminator-field-textarea-2_69efdd356db0c-label\" class=\"forminator-label\">Tell us about your project and goals<\/label><textarea name=\"textarea-2\" placeholder=\"\" id=\"forminator-field-textarea-2_69efdd356db0c\" class=\"forminator-textarea\" rows=\"6\" style=\"min-height:42px;\" ><\/textarea><\/div><\/div><\/div><div class=\"forminator-row\"><div id=\"select-2\" class=\"forminator-field-select forminator-col forminator-col-12 \"><div class=\"forminator-field\"><label for=\"forminator-form-548578__field--select-2_69efdd356db0c\" id=\"forminator-form-548578__field--select-2_69efdd356db0c-label\" class=\"forminator-label\">Select a target time range for the activities<\/label><select  id=\"forminator-form-548578__field--select-2_69efdd356db0c\" class=\"forminator-select--field forminator-select2 forminator-select2-multiple\" data-required=\"\" name=\"select-2\" data-default-value=\"\" data-hidden-behavior=\"zero\" data-placeholder=\"Project timeline\" data-search=\"false\" data-search-placeholder=\"Project timeline\" data-checkbox=\"false\" data-allow-clear=\"false\" aria-labelledby=\"forminator-form-548578__field--select-2_69efdd356db0c-label\"><option value=\"\"  >Project timeline<\/option><option value=\"one\"  data-calculation=\"0\">ASAP<\/option><option value=\"two\"  data-calculation=\"0\">1-3 months<\/option><option value=\"Within-6-months\"  data-calculation=\"0\">3-6 months<\/option><option value=\"Future-consideration\"  data-calculation=\"0\">Future consideration<\/option><\/select><\/div><\/div><\/div><div class=\"forminator-row\" style=\"margin: 0;\"><div id=\"captcha-1\" class=\"forminator-field-captcha  forminator-col-12 \"><div class=\"forminator-captcha-left forminator-hcaptcha\" data-theme=\"light\"  data-sitekey=\"5dd6d77c-e57e-4aca-b120-e02c7bbc3ed8\" data-size=\"invisible\"><\/div> <div class=\"forminator-checkbox__label\"><p>This site is protected by <a href=\"https:\/\/hcaptcha.com\/privacy\">hCaptcha<\/a>.<\/p><\/div><\/div><\/div><input type=\"hidden\" name=\"referer_url\" value=\"\" \/><div class=\"forminator-row forminator-row-last\"><div class=\"forminator-col\"><div class=\"forminator-field\"><button class=\"forminator-button forminator-button-submit\"><span>Submit<\/span><span aria-hidden=\"true\"><\/span><\/button><\/div><\/div><\/div><input type=\"hidden\" id=\"forminator_nonce\" name=\"forminator_nonce\" value=\"a423d7e7d3\" \/><input type=\"hidden\" name=\"_wp_http_referer\" value=\"\/fr\/wp-json\/wp\/v2\/pages\/554641\" \/><input type=\"hidden\" name=\"form_id\" value=\"548578\"><input type=\"hidden\" name=\"page_id\" value=\"554641\"><input type=\"hidden\" name=\"form_type\" value=\"default\"><input type=\"hidden\" name=\"current_url\" value=\"https:\/\/liveutifree.com\/fr\/travaillez-avec-nous-luf\/\"><input type=\"hidden\" name=\"render_id\" value=\"0\"><input type=\"hidden\" name=\"action\" value=\"forminator_submit_form_custom-forms\"><label for=\"input_8\" class=\"forminator-hidden\" aria-hidden=\"true\">Please do not fill in this field. <input id=\"input_8\" type=\"text\" name=\"input_8\" value=\"\" autocomplete=\"off\"><\/label><\/form><\/div><\/div><\/div><\/div><\/div><div class=\"x-section e554641-e89 mbvyp-0 mbvyp-1\"><div class=\"x-row e554641-e90 mbvyp-3 mbvyp-4 mbvyp-5 mbvyp-7 mbvyp-8 mbvyp-d mbvyp-o\"><div class=\"x-row-inner\"><div class=\"x-col e554641-e91 mbvyp-p mbvyp-q mbvyp-r mbvyp-s mbvyp-t mbvyp-z\"><div class=\"x-text x-content e554641-e92 mbvyp-14 body-medium\"><span>Conform\u00e9ment \u00e0 notre <\/span><span style=\"color: #000000;\">politique de transparence des financements<\/span><span>Tous les partenariats potentiels sont \u00e9valu\u00e9s en fonction des avantages qu'ils pr\u00e9sentent pour notre communaut\u00e9 et de l'alignement de notre mission. Si vous avez des questions ou si vous souhaitez discuter plus en d\u00e9tail d'une opportunit\u00e9, n'h\u00e9sitez pas \u00e0 contacter notre \u00e9quipe. <\/span><\/div><hr class=\"x-line e554641-e93-v0 mbvyp-16 mbvyp-17\"\/><div class=\"x-text x-text-headline e554641-e94 mbvyp-10 mbvyp-11 mbvyp-12 heading-03\"><div class=\"x-text-content\"><div class=\"x-text-content-text\"><h3 class=\"x-text-content-text-primary\">Notre \u00e9quipe de partenariat<\/h3>\n<\/div><\/div><\/div><hr class=\"x-line e554641-e95-v0 mbvyp-17 mbvyp-1b\"\/><div class=\"x-text x-content e554641-e96 mbvyp-14 body-medium\"><span>Notre \u00e9quipe est compos\u00e9e d'un groupe \u00e9tonnant d'experts <\/span><a href=\"https:\/\/liveutifree.com\/fr\/?page_id=550976\"><span style=\"text-decoration: underline;\">d'experts, de conseillers et de sp\u00e9cialistes<\/span><\/a><span>  qui s'engagent aupr\u00e8s d'organisations dont la mission est conforme \u00e0 la leur. Ensemble, nous avons \u00e9tabli des liens solides avec des chercheurs, des cliniciens et des patients. Nous sommes toujours heureux d'explorer votre int\u00e9r\u00eat \u00e0 travailler avec nous, et nous attendons avec impatience de vous entendre !  <\/span><\/div><hr class=\"x-line e554641-e97-v0 mbvyp-17 mbvyp-1b\"\/><span class=\"x-image e554641-e98 mbvyp-1m mbvyp-1n mbvyp-1o\"><img decoding=\"async\" src=\"https:\/\/liveutifree.com\/wp-content\/uploads\/2022\/09\/Logo-bar-e1663252650697.png\" width=\"880\" height=\"199\" alt=\"Une collection de logos d&#039;organisations telles que le LUF, des universit\u00e9s, des institutions m\u00e9dicales et des entreprises de logistique affich\u00e9s sur deux rang\u00e9es sur un fond transparent. Ces logos repr\u00e9sentent nos partenaires et nos clients.\" loading=\"lazy\"><\/span><hr class=\"x-line e554641-e99-v0 mbvyp-16 mbvyp-17\"\/><div class=\"x-div e554641-e100 mbvyp-1d mbvyp-1g mbvyp-1h mbvyp-1i mbvyp-1k mbvyp-1l\"><div class=\"x-div e554641-e101 mbvyp-1g mbvyp-1h\"><span class=\"x-image e554641-e102 mbvyp-1m mbvyp-1o mbvyp-1p\"><img decoding=\"async\" src=\"https:\/\/liveutifree.com\/wp-content\/uploads\/2024\/10\/54e1dc01-4e68-4b49-99f6-6355e70de7b5-scaled.jpg\" width=\"1024\" height=\"1024\" alt=\"Photo de Melissa\" loading=\"lazy\"><\/span><hr class=\"x-line e554641-e103-v0 mbvyp-17 mbvyp-1c\"\/><\/div><div class=\"x-text x-content e554641-e104 mbvyp-14 body-medium\"><p><span>Melissa Kramer<\/span><br><span>Fondatrice, PDG<\/span><br><a href=\"https:\/\/liveutifree.com\/fr\/contact-luf\/\"><span style=\"text-decoration: underline;\">Contactez Melissa \u2192<\/span><\/a><\/p><\/div><\/div><\/div><\/div><\/div><\/div><\/div>","protected":false},"excerpt":{"rendered":"<p>Engagez notre \u00e9quipe Live UTI Free collabore avec des organisations du secteur de la sant\u00e9 f\u00e9minine pour am\u00e9liorer l&rsquo;exp\u00e9rience et la vie des patientes dans tous les aspects de la sant\u00e9 et du bien-\u00eatre. Que vous cherchiez \u00e0 s&rsquo;engager notre communaut\u00e9, apprendre de vos clientsou financer des recherches qui changera la vie des gens, vous \u00eates au bon endroit.Nous pouvons &#8230; <\/p>\n<div><a href=\"https:\/\/liveutifree.com\/fr\/travaillez-avec-nous-luf\/\" class=\"more-link\">Read More<\/a><\/div>\n","protected":false},"author":1030,"featured_media":0,"parent":0,"menu_order":193,"comment_status":"closed","ping_status":"closed","template":"template-blank-4.php","meta":{"_acf_changed":false,"inline_featured_image":false,"footnotes":""},"class_list":["post-554641","page","type-page","status-publish","hentry","no-post-thumbnail"],"acf":[],"featured_image_src":null,"_links":{"self":[{"href":"https:\/\/liveutifree.com\/fr\/wp-json\/wp\/v2\/pages\/554641","targetHints":{"allow":["GET"]}}],"collection":[{"href":"https:\/\/liveutifree.com\/fr\/wp-json\/wp\/v2\/pages"}],"about":[{"href":"https:\/\/liveutifree.com\/fr\/wp-json\/wp\/v2\/types\/page"}],"author":[{"embeddable":true,"href":"https:\/\/liveutifree.com\/fr\/wp-json\/wp\/v2\/users\/1030"}],"replies":[{"embeddable":true,"href":"https:\/\/liveutifree.com\/fr\/wp-json\/wp\/v2\/comments?post=554641"}],"version-history":[{"count":0,"href":"https:\/\/liveutifree.com\/fr\/wp-json\/wp\/v2\/pages\/554641\/revisions"}],"wp:attachment":[{"href":"https:\/\/liveutifree.com\/fr\/wp-json\/wp\/v2\/media?parent=554641"}],"curies":[{"name":"wp","href":"https:\/\/api.w.org\/{rel}","templated":true}]}}