{"id":558164,"date":"2025-09-07T11:01:38","date_gmt":"2025-09-07T11:01:38","guid":{"rendered":"https:\/\/liveutifree.com\/directrices-comunitarias-luf\/"},"modified":"2025-10-23T14:14:48","modified_gmt":"2025-10-23T14:14:48","slug":"directrices-comunitarias-luf","status":"publish","type":"page","link":"https:\/\/liveutifree.com\/es\/directrices-comunitarias-luf\/","title":{"rendered":"Directrices comunitarias"},"content":{"rendered":"<div id=\"cs-content\" class=\"cs-content\"><div class=\"x-section e558164-e1 mbyok-0\"><div class=\"x-row e558164-e2 mbyok-1 mbyok-2\"><div class=\"x-row-inner\"><div class=\"x-col e558164-e3 mbyok-3\"><div class=\"x-text x-text-headline e558164-e4 mbyok-4 mbyok-5 heading-02\"><div class=\"x-text-content\"><div class=\"x-text-content-text\"><h1 class=\"x-text-content-text-primary\">Directrices comunitarias de Live UTI Free<\/h1>\n<\/div><\/div><\/div><hr class=\"x-line e558164-e5-v0 mbyok-6\"\/><div class=\"x-text x-content e558164-e6 mbyok-7 mbyok-8 body-medium\"><span>Live UTI Free existe para ayudar y apoyar a la comunidad que estamos construyendo. Es extremadamente importante para nosotros que fomentemos un lugar seguro para que esta comunidad aprenda m\u00e1s sobre las infecciones del tracto urinario e interact\u00fae adecuadamente. Estas directrices comunitarias pretenden hacerlo posible.  <\/span><\/div><\/div><div class=\"x-col e558164-e7 mbyok-3\"><div class=\"x-text x-text-headline e558164-e8 mbyok-5 heading-03\"><div class=\"x-text-content\"><div class=\"x-text-content-text\"><h2 class=\"x-text-content-text-primary\">Live UTI Free Publicar comentarios<\/h2>\n<\/div><\/div><\/div><hr class=\"x-line e558164-e9-v0 mbyok-6\"\/><div class=\"x-text x-text-headline e558164-e10 mbyok-5 heading-03\"><div class=\"x-text-content\"><div class=\"x-text-content-text\"><h3 class=\"x-text-content-text-primary\">Visi\u00f3n general<\/h3>\n<\/div><\/div><\/div><hr class=\"x-line e558164-e11-v0 mbyok-6\"\/><div class=\"x-text x-content e558164-e12 mbyok-8 body-medium\"><p>Los comentarios son una forma estupenda de hacer preguntas, plantear teor\u00edas y compartir informaci\u00f3n \u00fatil. Te damos la bienvenida para que expreses tus opiniones, y nos encanta escuchar a nuestra comunidad. Tenemos algunas normas comunitarias para ayudar a que los comentarios sean \u00fatiles para todos. Tambi\u00e9n nos gusta mantener la cortes\u00eda.   <\/p>\n<p>Te animamos a que intentes a\u00f1adir valor a la conversaci\u00f3n sobre la ITU cr\u00f3nica. Echa un vistazo a los comentarios anteriores antes de entrar en la discusi\u00f3n, y luego decide si tienes algo \u00fatil que aportar. <\/p>\n<p>Entendemos que se trata de un tema muy personal, por lo que no es necesario que utilices tu nombre real, pero nunca te hagas pasar por otra persona. Eres legalmente responsable del contenido que env\u00edes, y una vez que est\u00e1 en l\u00ednea, cualquiera puede leerlo. <\/p>\n<p>A este respecto, piensa un poco en c\u00f3mo pueden percibir los dem\u00e1s tu comentario, antes de enviarlo. La ITU cr\u00f3nica se experimenta de forma diferente en cada persona, y es importante que tu comentario no se malinterprete. <\/p>\n<p>Deja clara cu\u00e1l es tu conexi\u00f3n con la historia o la investigaci\u00f3n que compartes. En Live UTI Free apostamos por la transparencia. <\/p><\/div><hr class=\"x-line e558164-e13-v0 mbyok-6\"\/><div class=\"x-text x-text-headline e558164-e14 mbyok-5 heading-03\"><div class=\"x-text-content\"><div class=\"x-text-content-text\"><h3 class=\"x-text-content-text-primary\">\u00bfQui\u00e9n puede opinar?<\/h3>\n<\/div><\/div><\/div><hr class=\"x-line e558164-e15-v0 mbyok-6\"\/><div class=\"x-text x-content e558164-e16 mbyok-8 body-medium\"><p>Proporcionamos una secci\u00f3n de comentarios en todas nuestras publicaciones porque queremos animar a nuestros usuarios a que hagan preguntas, compartan sus historias y nos proporcionen valiosas opiniones. Agradecemos el debate amistoso y el desacuerdo respetuoso de las personas interesadas en la ITU cr\u00f3nica y la salud femenina. <\/p>\n<p>Esto significa que cualquiera puede comentar, pero te pedimos que te ci\u00f1as a las normas contenidas en estas directrices comunitarias. Tambi\u00e9n te pedimos que no dupliques tus comentarios en varios lugares del sitio. Esto s\u00f3lo diluye las conversaciones sobre temas importantes.  <\/p><\/div><hr class=\"x-line e558164-e17-v0 mbyok-6\"\/><div class=\"x-text x-text-headline e558164-e18 mbyok-5 heading-03\"><div class=\"x-text-content\"><div class=\"x-text-content-text\"><h3 class=\"x-text-content-text-primary\">Experiencias personales y recomendaciones<\/h3>\n<\/div><\/div><\/div><hr class=\"x-line e558164-e19-v0 mbyok-6\"\/><div class=\"x-text x-content e558164-e20 mbyok-8 body-medium\"><p>Como sitio de defensa del paciente, la experiencia personal es lo que nos impulsa. Queremos o\u00edr tus historias y conocer tus progresos. Con lo que no estamos de acuerdo es con que los usuarios de nuestro sitio ofrezcan recomendaciones a otros usuarios basadas en su experiencia personal de tratamiento. Esto se aplica tanto a productos espec\u00edficos como a profesionales, tanto si la opini\u00f3n es positiva como negativa.   <\/p>\n<p>No existe un \u00fanico remedio o tratamiento que funcione para todas las personas que padecen ITU cr\u00f3nica. Y cada persona tiene una experiencia individual con cualquier profesional. Esto significa que no es apropiado que una persona recomiende a otra determinados remedios y\/o medicamentos, o profesionales. Este tipo de comentarios ser\u00e1n eliminados.   <\/p>\n<p>En cambio, si tienes informaci\u00f3n interesante que compartir sobre un tratamiento concreto o un profesional de la ITU cr\u00f3nica,<span> <\/span><a href=\"https:\/\/liveutifree.com\/es\/contacto-luf\/\" rel=\"noopener\">ponte en contacto<\/a><span> <\/span>\u00a1con nosotros! De ese modo, podremos hacer la investigaci\u00f3n necesaria y, si es apropiado, compartir la informaci\u00f3n en nuestro sitio web. <\/p><\/div><hr class=\"x-line e558164-e21-v0 mbyok-6\"\/><div class=\"x-text x-text-headline e558164-e22 mbyok-5 heading-03\"><div class=\"x-text-content\"><div class=\"x-text-content-text\"><h3 class=\"x-text-content-text-primary\">Referencias cient\u00edficas<\/h3>\n<\/div><\/div><\/div><hr class=\"x-line e558164-e23-v0 mbyok-6\"\/><div class=\"x-text x-content e558164-e24 mbyok-8 body-medium\"><p>Cuando publicas un comentario en Live UTI Free, aceptas que la informaci\u00f3n que has compartido es verdadera y correcta seg\u00fan tu leal saber y entender. Si tu aportaci\u00f3n no se basa en tu propia experiencia personal, te pedimos que incluyas fuentes (referencias, enlaces) para que otros puedan hacer su propia investigaci\u00f3n. <\/p>\n<p>Si crees que un comentario publicado por otro usuario es incorrecto, s\u00e9 amable y comparte tus propias referencias de lo contrario. Continuamente se publican nuevas investigaciones, \u00a1y a todos nos vendr\u00eda bien estar al d\u00eda! <\/p>\n<p>En resumen, agradecemos tu aportaci\u00f3n, y te pedimos que expreses tus opiniones apoy\u00e1ndolas con pruebas cuando sea pertinente.<\/p><\/div><hr class=\"x-line e558164-e25-v0 mbyok-6\"\/><div class=\"x-text x-text-headline e558164-e26 mbyok-5 heading-03\"><div class=\"x-text-content\"><div class=\"x-text-content-text\"><h3 class=\"x-text-content-text-primary\">Cortes\u00eda general y comportamiento inadecuado<\/h3>\n<\/div><\/div><\/div><hr class=\"x-line e558164-e27-v0 mbyok-6\"\/><div class=\"x-text x-content e558164-e28 mbyok-8 body-medium\"><p>Se trata de respeto. Live UTI Free est\u00e1 en el centro de una comunidad con experiencias muy variadas. No toleraremos la difamaci\u00f3n ni el abuso.  <\/p>\n<p>S\u00e9 respetuoso con los dem\u00e1s y abstente de hacer comentarios condescendientes, vergonzosos o insultantes; amenazantes; obscenos; ofensivos de cualquier forma o discriminatorios contra alg\u00fan grupo espec\u00edfico.<\/p>\n<p>Esto incluye comentarios que hagan suposiciones injustificadas o comentarios despectivos sobre el compromiso de una persona para ponerse bien, su salud general, dieta o elecciones de estilo de vida. No se publicar\u00e1n mensajes de usuarios que promuevan o insin\u00faen autolesiones. <\/p>\n<p>Para nosotros es muy importante que los afectados de ITU cr\u00f3nica sientan que Live UTI Free es un lugar seguro para aprender m\u00e1s sobre la ciencia que hay detr\u00e1s de estas enfermedades y para hacer preguntas sin represalias.<\/p>\n<p>Si parece que te has unido deliberadamente a un debate con el \u00fanico prop\u00f3sito de publicar comentarios molestos (trolling), tu comentario ser\u00e1 eliminado.<\/p>\n<p>No se aceptan contenidos o nombres de usuario que se consideren inadecuados para el p\u00fablico en general.<\/p>\n<p>Si ves un comentario que incumple estas normas, por favor, no respondas.<span> <\/span><span style=\"text-decoration: underline; color: #c74f4d;\"><a href=\"https:\/\/liveutifree.com\/es\/contacto-luf\/\" rel=\"noopener\" style=\"color: #c74f4d; text-decoration: underline;\">Denunciar<\/a><\/span><span> <\/span>a nosotros. Eliminaremos los mensajes que infrinjan estas normas, lo que significa que tambi\u00e9n se eliminar\u00e1n las respuestas. <\/p><\/div><hr class=\"x-line e558164-e29-v0 mbyok-6\"\/><div class=\"x-text x-text-headline e558164-e30 mbyok-5 heading-03\"><div class=\"x-text-content\"><div class=\"x-text-content-text\"><h3 class=\"x-text-content-text-primary\">\u00bfQu\u00e9 tipo de consejo es apropiado dar?<\/h3>\n<\/div><\/div><\/div><hr class=\"x-line e558164-e31-v0 mbyok-6\"\/><div class=\"x-text x-content e558164-e32 mbyok-8 body-medium\"><p>Como ya hemos dicho, Live UTI Free se basa en enfoques contrastados, y creemos firmemente que no existe un \u00fanico enfoque terap\u00e9utico que sea eficaz para todas las personas con ITU cr\u00f3nica.<\/p>\n<p>Puede parecer que insistimos en esto, pero creemos que es crucial. Aunque animamos a nuestros usuarios a compartir sus historias y experiencias personales, no permitimos comentarios que recomienden remedios o tratamientos espec\u00edficos de forma que sugieran directamente a otros usuarios que los prueben. <\/p>\n<p>Esto tambi\u00e9n se aplica a los profesionales e investigadores. Si eres un profesional de la medicina o un investigador que desea compartir informaci\u00f3n relevante, por favor, haz constar tu condici\u00f3n profesional en el momento de enviar el mensaje. Acogemos con gran satisfacci\u00f3n las aportaciones de las comunidades m\u00e9dica y cient\u00edfica, y solicitamos que tus contribuciones respeten nuestra norma de \"no hacer recomendaciones espec\u00edficas\".  <\/p>\n<p>La informaci\u00f3n de Live UTI Free no pretende sustituir la relaci\u00f3n entre el paciente y su m\u00e9dico. Siempre es mejor buscar el consejo de un profesional sanitario cualificado en relaci\u00f3n con cualquier informaci\u00f3n encontrada en nuestro sitio, o en los comentarios. <\/p><\/div><hr class=\"x-line e558164-e33-v0 mbyok-6\"\/><div class=\"x-text x-text-headline e558164-e34 mbyok-5 heading-03\"><div class=\"x-text-content\"><div class=\"x-text-content-text\"><h3 class=\"x-text-content-text-primary\">Longitud de los comentarios<\/h3>\n<\/div><\/div><\/div><hr class=\"x-line e558164-e35-v0 mbyok-6\"\/><div class=\"x-text x-content e558164-e36 mbyok-8 body-medium\"><p>Hemos limitado la longitud de los comentarios a 800 caracteres. Util\u00edzalos con prudencia. <\/p>\n<p>800 caracteres deber\u00edan ser suficientes para mantener una discusi\u00f3n. Si tienes informaci\u00f3n m\u00e1s detallada que quieras compartir, <span> <\/span><span style=\"text-decoration: underline; color: #c74f4d;\"><a href=\"https:\/\/liveutifree.com\/es\/contacto-luf\/\" rel=\"noopener\" style=\"color: #c74f4d; text-decoration: underline;\">ponte en contacto<\/a><\/span><span> <\/span>con nosotros directamente, nos encantar\u00eda saber de ti.<\/p><\/div><hr class=\"x-line e558164-e37-v0 mbyok-6\"\/><div class=\"x-text x-text-headline e558164-e38 mbyok-5 heading-03\"><div class=\"x-text-content\"><div class=\"x-text-content-text\"><h3 class=\"x-text-content-text-primary\">No a la venta, promoci\u00f3n o asociaciones enga\u00f1osas<\/h3>\n<\/div><\/div><\/div><hr class=\"x-line e558164-e39-v0 mbyok-6\"\/><div class=\"x-text x-content e558164-e40 mbyok-8 body-medium\"><p>Por favor, no vendas ni promociones productos o servicios a trav\u00e9s de comentarios en nuestro sitio. Si tienes un producto o servicio que crees que ser\u00eda beneficioso para nuestros lectores, <span> <\/span><span style=\"text-decoration: underline; color: #c74f4d;\"><a href=\"https:\/\/liveutifree.com\/es\/contacto-luf\/\" rel=\"noopener\" style=\"color: #c74f4d; text-decoration: underline;\">ponte en contacto<\/a><\/span><span> <\/span>primero con nosotros.<\/p>\n<p>Por favor, no des a entender que est\u00e1s asociado o respaldado por Live UTI Free sin el consentimiento previo por escrito. Adem\u00e1s, de ninguna manera puedes utilizar nuestro nombre al promocionar tu producto. Incluso algo como \"basado en informaci\u00f3n de liveutifree.com\" no es aceptable.  <\/p>\n<p>No promocionamos productos individuales ni organizaciones, a menos que se acuerde previamente por escrito. Esto es crucial para mantener la sensaci\u00f3n de confianza y transparencia dentro de nuestra comunidad. Establecemos relaciones de colaboraci\u00f3n con organizaciones cuando ello beneficia a nuestro p\u00fablico. Si quieres hablar de ello con nosotros, consulta nuestro apartado   <span> <\/span><span style=\"text-decoration: underline; color: #c74f4d;\"><a href=\"https:\/\/liveutifree.com\/es\/politica-de-financiacion-luf\/\" rel=\"noopener\" style=\"color: #c74f4d; text-decoration: underline;\">pol\u00edtica de financiaci\u00f3n<\/a><\/span>.<\/p>\n<p>Todos los comentarios de spam o promocionales ser\u00e1n eliminados, o no se publicar\u00e1n en primer lugar. Esto incluye: <\/p>\n\n<ul>\n \t<li>Enlazar a sitios web de terceros con fines de promoci\u00f3n<\/li>\n \t<li>Enlazar a sitios web de terceros que sean irrelevantes para nuestros lectores<\/li>\n \t<li>Cualquier comentario que s\u00f3lo contenga un enlace<\/li>\n \t<li>Promocionar un sitio web, cuentas sociales, canal de YouTube o negocio de terceros<\/li>\n \t<li>Promocionar tu propio sitio web, cuentas sociales, canal de YouTube o negocio<\/li>\n \t<li>Comentarios generados por bots<\/li>\n \t<li>Pegar cualquier parte de otro art\u00edculo o sitio web que no sea una cita referenciada que est\u00e9 relacionada con el debate<\/li>\n<\/ul><\/div><hr class=\"x-line e558164-e41-v0 mbyok-6\"\/><div class=\"x-text x-text-headline e558164-e42 mbyok-5 heading-03\"><div class=\"x-text-content\"><div class=\"x-text-content-text\"><h3 class=\"x-text-content-text-primary\">Infracci\u00f3n de derechos de autor<\/h3>\n<\/div><\/div><\/div><hr class=\"x-line e558164-e43-v0 mbyok-6\"\/><div class=\"x-text x-content e558164-e44 mbyok-8 body-medium\"><p>Esta es sencilla. Si no lo has escrito t\u00fa, no lo has referenciado adecuadamente o no tienes permiso para publicarlo, no lo publiques. Est\u00e1 perfectamente bien que resumas el trabajo de otra persona con tus propias palabras, a efectos del debate.  <\/p>\n<p>Es ilegal reproducir el contenido publicado por Live UTI Free sin la debida referencia. Los enlaces a nuestro sitio son bienvenidos, siempre que se utilicen en un contexto apropiado. Explicamos esto con m\u00e1s detalle en nuestro  <span> <\/span><span style=\"text-decoration: underline; color: #c74f4d;\"><a href=\"https:\/\/liveutifree.com\/es\/legal-luf\/\" rel=\"noopener\" style=\"color: #c74f4d; text-decoration: underline;\">legales<\/a><\/span><span> <\/span>p\u00e1gina.<\/p><\/div><hr class=\"x-line e558164-e45-v0 mbyok-6\"\/><div class=\"x-text x-text-headline e558164-e46 mbyok-5 heading-03\"><div class=\"x-text-content\"><div class=\"x-text-content-text\"><h3 class=\"x-text-content-text-primary\">Privacidad tuya y de otros comentaristas<\/h3>\n<\/div><\/div><\/div><hr class=\"x-line e558164-e47-v0 mbyok-6\"\/><div class=\"x-text x-content e558164-e48 mbyok-8 body-medium\"><span>No violes la privacidad de otra persona. Por favor, no publiques informaci\u00f3n personal y\/o de contacto sobre ti - recuerda que \u00e9ste es un \u00e1mbito p\u00fablico. No publiques datos personales ni informaci\u00f3n de contacto de otras personas, incluida la informaci\u00f3n de contacto de los profesionales. Si tienes algo que compartir, ponte en contacto con nosotros.   <\/span><\/div><hr class=\"x-line e558164-e49-v0 mbyok-6\"\/><div class=\"x-text x-text-headline e558164-e50 mbyok-5 heading-03\"><div class=\"x-text-content\"><div class=\"x-text-content-text\"><h3 class=\"x-text-content-text-primary\">Moderaci\u00f3n y se\u00f1alizaci\u00f3n de contenido inapropiado<\/h3>\n<\/div><\/div><\/div><hr class=\"x-line e558164-e51-v0 mbyok-6\"\/><div class=\"x-text x-content e558164-e52 mbyok-8 body-medium\"><p>Todos los comentarios en Live UTI Free son moderados para garantizar que cumplen las directrices de la comunidad aqu\u00ed expuestas.<\/p>\n<p>Los comentarios de los usuarios que no se ajusten al esp\u00edritu de estas directrices comunitarias ser\u00e1n eliminados.<\/p>\n<p>Si tu comentario no aparece inmediatamente en el sitio despu\u00e9s de enviarlo, es probable que nuestro peque\u00f1o equipo a\u00fan no lo haya revisado y aprobado. Esto suele ocurrir en un plazo de 24 horas. <\/p>\n<p>Si tu comentario no aparece despu\u00e9s de este plazo, es posible que haya sido marcado como una violaci\u00f3n de estas directrices comunitarias. En la medida de lo posible, nos pondremos en contacto contigo si \u00e9ste es el caso. Tambi\u00e9n te animamos a  <span> <\/span><span style=\"text-decoration: underline; color: #c74f4d;\"><a href=\"https:\/\/liveutifree.com\/es\/contacto-luf\/\" rel=\"noopener\" style=\"color: #c74f4d; text-decoration: underline;\">contacta con nosotros<\/a><\/span><span> <\/span>si tienes alguna pregunta sobre tu comentario.<\/p>\n<p>Si crees que un comentario que se ha publicado es inapropiado, puedes marcarlo utilizando nuestra herramienta<span> <\/span><span style=\"text-decoration: underline; color: #c74f4d;\"><a href=\"https:\/\/liveutifree.com\/es\/contacto-luf\/\" rel=\"noopener\" style=\"color: #c74f4d; text-decoration: underline;\">formulario de contacto<\/a><\/span>. Si estamos de acuerdo contigo, eliminaremos el comentario y, cuando sea posible, nos pondremos en contacto con el usuario que lo public\u00f3.<\/p>\n<p>No editamos los comentarios. Esto significa que aunque una sola palabra del comentario infrinja estas normas de la comunidad, se eliminar\u00e1 todo el comentario. Tampoco corregiremos errores ortogr\u00e1ficos o gramaticales.  <\/p>\n<p>Si ves algo en nuestro sitio que crees que es incorrecto o incompleto, por favor<span> <\/span><span style=\"text-decoration: underline; color: #c74f4d;\"><a href=\"https:\/\/liveutifree.com\/es\/contacto-luf\/\" rel=\"noopener\" style=\"color: #c74f4d; text-decoration: underline;\">contacta con nosotros<\/a><\/span>. Si crees que un comentario de otro usuario es inapropiado, h\u00e1znoslo saber.<\/p><\/div><hr class=\"x-line e558164-e53-v0 mbyok-6\"\/><div class=\"x-text x-text-headline e558164-e54 mbyok-5 heading-03\"><div class=\"x-text-content\"><div class=\"x-text-content-text\"><h3 class=\"x-text-content-text-primary\">Si tienes algo que decirnos<\/h3>\n<\/div><\/div><\/div><hr class=\"x-line e558164-e55-v0 mbyok-6\"\/><div class=\"x-text x-content e558164-e56 mbyok-8 body-medium\"><p>Ya sea bueno o malo, queremos o\u00edrlo, y la mejor manera de ponerse en contacto es a trav\u00e9s de nuestro<span> <\/span><span style=\"text-decoration: underline; color: #c74f4d;\"><a href=\"https:\/\/liveutifree.com\/es\/contacto-luf\/\" rel=\"noopener\" style=\"color: #c74f4d; text-decoration: underline;\">formulario de contacto<\/a><\/span>.<\/p>\n<p>Sobre todo si tienes algo negativo que decir, preferimos que nos lo digas directamente, ya que es la forma m\u00e1s eficaz de abordarlo.<\/p>\n<p>Si tienes alguna sugerencia para nuestro sitio web, o quieres compartir nuevas investigaciones, tambi\u00e9n es mejor que te pongas en contacto con nosotros directamente. Te prometemos que nuestro <span> <\/span><span style=\"text-decoration: underline; color: #c74f4d;\"><a href=\"https:\/\/liveutifree.com\/es\/contacto-luf\/\" rel=\"noopener\" style=\"color: #c74f4d; text-decoration: underline;\">formulario de contacto<\/a><\/span><span> <\/span>es una l\u00ednea directa de comunicaci\u00f3n con nuestra bandeja de entrada de correo electr\u00f3nico, y te responderemos.<\/p><\/div><hr class=\"x-line e558164-e57-v0 mbyok-6\"\/><div class=\"x-text x-text-headline e558164-e58 mbyok-5 heading-03\"><div class=\"x-text-content\"><div class=\"x-text-content-text\"><h3 class=\"x-text-content-text-primary\">C\u00f3mo se aplican estas directrices comunitarias a las interacciones en las redes sociales<\/h3>\n<\/div><\/div><\/div><hr class=\"x-line e558164-e59-v0 mbyok-6\"\/><div class=\"x-text x-content e558164-e60 mbyok-8 body-medium\"><p>Todas las directrices comunitarias anteriores se aplican a las interacciones y comentarios en nuestras cuentas de redes sociales, con las siguientes adiciones.<\/p>\n<p>Nos reservamos el derecho a bloquear, dejar de seguir y\/o denunciar las cuentas que consideremos que infringen estas normas de la comunidad.<\/p>\n<p>Creamos cuidadosamente nuestro contenido en las redes sociales pensando en nuestra comunidad. Por favor, no reutilices nuestro contenido de forma que entre en conflicto con estas directrices de la comunidad. Si tienes alguna duda, simplemente  <span> <\/span><span style=\"text-decoration: underline; color: #c74f4d;\"><a href=\"https:\/\/liveutifree.com\/es\/contacto-luf\/\" rel=\"noopener\" style=\"color: #c74f4d; text-decoration: underline;\">contacta con nosotros<\/a><\/span>.<\/p>\n<p>Si te enviamos un mensaje privado o directo y crees que es algo que te gustar\u00eda compartir p\u00fablicamente, pide permiso por escrito antes de hacerlo.<\/p>\n<p>Si compartes nuestro contenido con tu audiencia para ayudar a aumentar la concienciaci\u00f3n, te lo agradecemos enormemente, y te pedimos que des el cr\u00e9dito apropiado a Live UTI Free.<\/p>\n<p>Por \u00faltimo, no hagas asociaciones enga\u00f1osas ni des a entender que Live UTI Free respalda tu producto o servicio. Proporcionamos informaci\u00f3n para que nuestros usuarios puedan tomar sus propias decisiones, y las asociaciones enga\u00f1osas pueden ser perjudiciales para este proceso de toma de decisiones. <\/p><\/div><\/div><\/div><\/div><\/div><\/div>","protected":false},"excerpt":{"rendered":"<p>Directrices comunitarias de Live UTI Free Live UTI Free existe para ayudar y apoyar a la comunidad que estamos construyendo. Es extremadamente importante para nosotros que fomentemos un lugar seguro para que esta comunidad aprenda m\u00e1s sobre las infecciones del tracto urinario e interact\u00fae adecuadamente. Estas directrices comunitarias pretenden hacerlo posible. Live UTI Free Publicar comentarios Visi\u00f3n general Los comentarios &#8230; <\/p>\n<div><a href=\"https:\/\/liveutifree.com\/es\/directrices-comunitarias-luf\/\" class=\"more-link\">Read More<\/a><\/div>\n","protected":false},"author":1,"featured_media":556372,"parent":0,"menu_order":70,"comment_status":"closed","ping_status":"closed","template":"template-blank-4.php","meta":{"_acf_changed":false,"inline_featured_image":false,"footnotes":""},"class_list":["post-558164","page","type-page","status-publish","has-post-thumbnail","hentry"],"acf":[],"featured_image_src":"https:\/\/liveutifree.com\/wp-content\/uploads\/2017\/01\/LUF-logo-LP-crop.png","_links":{"self":[{"href":"https:\/\/liveutifree.com\/es\/wp-json\/wp\/v2\/pages\/558164","targetHints":{"allow":["GET"]}}],"collection":[{"href":"https:\/\/liveutifree.com\/es\/wp-json\/wp\/v2\/pages"}],"about":[{"href":"https:\/\/liveutifree.com\/es\/wp-json\/wp\/v2\/types\/page"}],"author":[{"embeddable":true,"href":"https:\/\/liveutifree.com\/es\/wp-json\/wp\/v2\/users\/1"}],"replies":[{"embeddable":true,"href":"https:\/\/liveutifree.com\/es\/wp-json\/wp\/v2\/comments?post=558164"}],"version-history":[{"count":1,"href":"https:\/\/liveutifree.com\/es\/wp-json\/wp\/v2\/pages\/558164\/revisions"}],"predecessor-version":[{"id":577624,"href":"https:\/\/liveutifree.com\/es\/wp-json\/wp\/v2\/pages\/558164\/revisions\/577624"}],"wp:featuredmedia":[{"embeddable":true,"href":"https:\/\/liveutifree.com\/es\/wp-json\/wp\/v2\/media\/556372"}],"wp:attachment":[{"href":"https:\/\/liveutifree.com\/es\/wp-json\/wp\/v2\/media?parent=558164"}],"curies":[{"name":"wp","href":"https:\/\/api.w.org\/{rel}","templated":true}]}}