{"id":556370,"date":"2025-09-07T11:01:07","date_gmt":"2025-09-07T11:01:07","guid":{"rendered":"https:\/\/liveutifree.com\/politica-de-financiacion-luf\/"},"modified":"2025-10-23T14:04:41","modified_gmt":"2025-10-23T14:04:41","slug":"politica-de-financiacion-luf","status":"publish","type":"page","link":"https:\/\/liveutifree.com\/es\/politica-de-financiacion-luf\/","title":{"rendered":"Pol\u00edtica de financiaci\u00f3n"},"content":{"rendered":"<div id=\"cs-content\" class=\"cs-content\"><div class=\"x-section e556370-e1 mbxaq-0\"><div class=\"x-row e556370-e2 mbxaq-1 mbxaq-2\"><div class=\"x-row-inner\"><div class=\"x-col e556370-e3 mbxaq-3\"><div class=\"x-text x-text-headline e556370-e4 mbxaq-4 mbxaq-5 heading-02\"><div class=\"x-text-content\"><div class=\"x-text-content-text\"><h1 class=\"x-text-content-text-primary\">Pol\u00edtica de financiaci\u00f3n de Live UTI Free<\/h1>\n<\/div><\/div><\/div><hr class=\"x-line e556370-e5-v0 mbxaq-6\"\/><div class=\"x-text x-content e556370-e6 mbxaq-7 mbxaq-8 body-medium\"><span>\u00daltima actualizaci\u00f3n: 17 de julio de 2024<\/span><\/div><hr class=\"x-line e556370-e7-v0 mbxaq-6\"\/><div class=\"x-text x-content e556370-e8 mbxaq-7 mbxaq-8 body-medium\"><p>Live UTI Free es una organizaci\u00f3n de defensa del paciente centrada en el usuario. Nuestras actividades principales se centran en proporcionar informaci\u00f3n imparcial y basada en pruebas a los enfermos de ITU recurrente y cr\u00f3nica, a trav\u00e9s del sitio web <span> <\/span><a href=\"https:\/\/liveutifree.com\/es\/\"><span style=\"text-decoration: underline; color: #c74f4d;\">https:\/\/liveutifree.com<\/span><\/a>.<\/p>\n<p>Aceptamos ayudas en forma de subvenciones, patrocinio, donaciones individuales, etc.<span> <\/span><a href=\"https:\/\/liveutifree.com\/es\/contribuir-luf\/\"><span style=\"text-decoration: underline; color: #c74f4d;\">individuales<\/span><\/a>y financiaci\u00f3n de proyectos, cuando se considere apropiado y pueda aportar valor a nuestro p\u00fablico.<\/p>\n<p>Esta pol\u00edtica de financiaci\u00f3n resume nuestra pol\u00edtica de financiaci\u00f3n externa y explica c\u00f3mo tomamos decisiones al respecto. Aunque se enumeran algunos ejemplos, la intenci\u00f3n no es ofrecer una definici\u00f3n exhaustiva de todas las posibles oportunidades de colaboraci\u00f3n. Ponte en contacto directamente con nosotros si quieres hablar de una colaboraci\u00f3n.  <\/p><\/div><\/div><div class=\"x-col e556370-e9 mbxaq-3\"><div class=\"x-text x-text-headline e556370-e10 mbxaq-5 heading-03\"><div class=\"x-text-content\"><div class=\"x-text-content-text\"><h3 class=\"x-text-content-text-primary\">Finalidad de esta pol\u00edtica<\/h3>\n<\/div><\/div><\/div><hr class=\"x-line e556370-e11-v0 mbxaq-6\"\/><div class=\"x-text x-content e556370-e12 mbxaq-8 body-medium\"><p>Live UTI Free existe para ayudar y apoyar a nuestra comunidad global. Para nosotros es sumamente importante fomentar un sentimiento de honradez y transparencia en nuestra comunidad, y eso empieza por ser totalmente transparentes con las personas a las que estamos aqu\u00ed para servir. <\/p>\n<p>En todo lo que hacemos, pretendemos mantener una relaci\u00f3n con nuestros usuarios en la que sientan que pueden confiar en nosotros para que les proporcionemos informaci\u00f3n imparcial.<\/p>\n<p>En realidad, nuestra visi\u00f3n de ayudar a m\u00e1s personas a encontrar mejores pruebas y tratamientos, se har\u00e1 realidad m\u00e1s r\u00e1pidamente si ampliamos nuestras relaciones y ponemos en marcha colaboraciones con organizaciones y empresas que nos permitan mejorar nuestro sitio web y nuestra oferta.<\/p>\n<p>El prop\u00f3sito de esta pol\u00edtica de financiaci\u00f3n es existir como un marco que nos permita trabajar con otras organizaciones que tengan contribuciones que puedan ser de valor para nuestro p\u00fablico, y que deseen apoyar nuestro trabajo mediante financiaci\u00f3n de uno de los tipos que se describen a continuaci\u00f3n.<\/p>\n<p>Nuestro objetivo es construir proyectos que, en \u00faltima instancia, nos ayuden a ayudar a nuestro p\u00fablico. Nuestro \"p\u00fablico\" se refiere a los usuarios de nuestro sitio web, a nuestros seguidores en twitter, instagram y facebook, y a los de nuestra lista de correo electr\u00f3nico. <\/p>\n<p>Al exponer aqu\u00ed nuestra pol\u00edtica de financiaci\u00f3n, pretendemos<\/p>\n\n<ul>\n \t<li>Garantizar que Live UTI Free mantiene un enfoque coherente y transparente cuando trabajamos con empresas comerciales y socios.<\/li>\n \t<li>Establecer nuestro compromiso de permanecer independientes de las influencias comerciales<\/li>\n \t<li>Aclarar la posici\u00f3n de Live UTI Free con respecto a nuestro p\u00fablico, nuestra red de profesionales, las empresas comerciales, otras organizaciones y la comunidad en general.<\/li>\n<\/ul>\n<p>Todos los miembros del equipo de Live UTI Free deben adherirse a esta pol\u00edtica y mantenerse al d\u00eda de cualquier revisi\u00f3n de la misma.<\/p><\/div><hr class=\"x-line e556370-e13-v0 mbxaq-6\"\/><div class=\"x-text x-text-headline e556370-e14 mbxaq-5 heading-03\"><div class=\"x-text-content\"><div class=\"x-text-content-text\"><h3 class=\"x-text-content-text-primary\">Categor\u00edas de financiaci\u00f3n<\/h3>\n<\/div><\/div><\/div><hr class=\"x-line e556370-e15-v0 mbxaq-6\"\/><div class=\"x-text x-content e556370-e16 mbxaq-8 body-medium\"><span>Hay cuatro categor\u00edas de financiaci\u00f3n diferentes que consideraremos caso por caso. Se trata de financiaci\u00f3n de proyectos, patrocinio, contrataci\u00f3n o consultor\u00eda para terceros y subvenciones\/donaciones sin restricciones. A continuaci\u00f3n describimos cada una de ellas.  <\/span><\/div><hr class=\"x-line e556370-e17-v0 mbxaq-6\"\/><div class=\"x-text x-text-headline e556370-e18 mbxaq-5 heading-03\"><div class=\"x-text-content\"><div class=\"x-text-content-text\"><h3 class=\"x-text-content-text-primary\">Financiaci\u00f3n del proyecto<\/h3>\n<\/div><\/div><\/div><hr class=\"x-line e556370-e19-v0 mbxaq-6\"\/><div class=\"x-text x-content e556370-e20 mbxaq-8 body-medium\"><p>La financiaci\u00f3n de proyectos se refiere a proyectos en los que Live UTI Free colaborar\u00e1 en asociaci\u00f3n con otra organizaci\u00f3n o persona.<\/p>\n<p>Algunos ejemplos de financiaci\u00f3n de proyectos pueden ser<\/p>\n\n<ul>\n \t<li>Financiaci\u00f3n para desarrollar materiales que nos permitan interpretar la informaci\u00f3n cient\u00edfica y\/o t\u00e9cnica para nuestro p\u00fablico, en relaci\u00f3n con un servicio o producto cl\u00ednico proporcionado por una empresa comercial.<\/li>\n \t<li>Financiaci\u00f3n para colaborar en recursos en torno a un tema concreto, por ejemplo, ITU cr\u00f3nica y salud sexual. <\/li>\n \t<li>Financiaci\u00f3n para apoyar la investigaci\u00f3n desde la perspectiva del paciente.<\/li>\n<\/ul>\n<p>Puede tratarse de un proyecto de inter\u00e9s mutuo. Lo siguiente se aplicar\u00e1 a este tipo de relaci\u00f3n: <\/p>\n\n<ul>\n \t<li>Live UTI Free mantendr\u00e1 siempre el control editorial sobre todo el contenido publicado en nuestro sitio web y cuentas de redes sociales, as\u00ed como sobre cualquier otro material producido en apoyo del proyecto.<\/li>\n \t<li>Live UTI Free s\u00f3lo publicar\u00e1 informaci\u00f3n sobre productos o servicios concretos cuando creamos que ser\u00e1 de utilidad para nuestro p\u00fablico. Al hacerlo, adoptaremos un enfoque imparcial. Siempre que sea posible, proporcionaremos informaci\u00f3n completa que represente m\u00faltiples puntos de vista del \"argumento\". Cuando esto no sea posible, se reconocer\u00e1 la informaci\u00f3n incompleta.   <\/li>\n \t<li>Live UTI Free no recomendar\u00e1 f\u00e1rmacos, enfoques de tratamiento o m\u00e9dicos espec\u00edficos, pero proporcionar\u00e1 informaci\u00f3n sobre las distintas opciones disponibles cuando sea posible.<\/li>\n \t<li>Se entiende que la intenci\u00f3n de tal relaci\u00f3n es que se beneficien tanto Live UTI Free como cualquier socio comercial.<\/li>\n<\/ul><\/div><hr class=\"x-line e556370-e21-v0 mbxaq-6\"\/><div class=\"x-text x-text-headline e556370-e22 mbxaq-5 heading-03\"><div class=\"x-text-content\"><div class=\"x-text-content-text\"><h3 class=\"x-text-content-text-primary\">Contrataci\u00f3n o consultor\u00eda para terceros<\/h3>\n<\/div><\/div><\/div><hr class=\"x-line e556370-e23-v0 mbxaq-6\"\/><div class=\"x-text x-content e556370-e24 mbxaq-8 body-medium\"><p>Los miembros del equipo de Live UTI Free pueden ocasionalmente proporcionar su experiencia a terceros en temas de investigaci\u00f3n de usuarios, optimizaci\u00f3n del sitio web, investigaci\u00f3n de la perspectiva del paciente, captaci\u00f3n de pacientes y comunicaci\u00f3n digital.<\/p>\n<p>Las relaciones con terceros ser\u00e1n confidenciales, a menos que se requiera la participaci\u00f3n directa de la comunidad Live UTI Free, y exista un acuerdo escrito que contemple c\u00f3mo se reconocer\u00e1 dicha relaci\u00f3n. Cualquiera de estas actividades es independiente del contenido proporcionado en https:\/\/liveutifree.com. <\/p><\/div><hr class=\"x-line e556370-e25-v0 mbxaq-6\"\/><div class=\"x-text x-text-headline e556370-e26 mbxaq-5 heading-03\"><div class=\"x-text-content\"><div class=\"x-text-content-text\"><h3 class=\"x-text-content-text-primary\">Patrocinio<\/h3>\n<\/div><\/div><\/div><hr class=\"x-line e556370-e27-v0 mbxaq-6\"\/><div class=\"x-text x-content e556370-e28 mbxaq-8 body-medium\"><p>El patrocinio se refiere a un escenario en el que una empresa u otro socio financia una \u00fanica actividad de Live UTI Free. Los ejemplos pueden incluir: <\/p>\n\n<ul>\n \t<li>Patrocinar la producci\u00f3n de nuevos contenidos para nuestro p\u00fablico, como recursos descargables.<\/li>\n \t<li>Patrocinar la creaci\u00f3n de nuevos contenidos audio\/audiovisuales para nuestro p\u00fablico, como una serie de podcasts o entrevistas con profesionales o enfermos de ITU.<\/li>\n \t<li>Financiar la asistencia del equipo de Live UTI Free a una conferencia de investigaci\u00f3n.<\/li>\n \t<li>Financiar el nombramiento temporal de un miembro del equipo de Live UTI Free para ayudar en una actividad espec\u00edfica, por ejemplo, an\u00e1lisis de datos, investigaci\u00f3n. <\/li>\n<\/ul>\n<p>En caso de patrocinio, se aplicar\u00e1 lo siguiente:<\/p>\n\n<ul>\n \t<li>La empresa no tendr\u00e1 ninguna influencia en la actividad para la que se concede el patrocinio.<\/li>\n \t<li>Live UTI Free mantendr\u00e1 siempre el control editorial sobre todo el contenido publicado en nuestro sitio web y cuentas de redes sociales, as\u00ed como sobre cualquier otro material producido en apoyo de la actividad.<\/li>\n \t<li>Live UTI Free no respaldar\u00e1 ni promocionar\u00e1 los productos o servicios del patrocinador.<\/li>\n \t<li>Cuando proceda, el patrocinio de cualquier actividad se reconocer\u00e1 visualmente de forma adecuada a la actividad, por ejemplo, mediante un logotipo, un enlace o un icono de financiaci\u00f3n externa de Live UTI Free con un enlace al patrocinador. La redacci\u00f3n y\/o ubicaci\u00f3n exactas del reconocimiento se acordar\u00e1n en la negociaci\u00f3n con el patrocinador.  <\/li>\n<\/ul><\/div><hr class=\"x-line e556370-e29-v0 mbxaq-6\"\/><div class=\"x-text x-text-headline e556370-e30 mbxaq-5 heading-03\"><div class=\"x-text-content\"><div class=\"x-text-content-text\"><h3 class=\"x-text-content-text-primary\">Subvenciones de libre disposici\u00f3n<\/h3>\n<\/div><\/div><\/div><hr class=\"x-line e556370-e31-v0 mbxaq-6\"\/><div class=\"x-text x-content e556370-e32 mbxaq-8 body-medium\"><p>Las empresas, organizaciones y particulares pueden ofrecer ayuda econ\u00f3mica y en especie a Live UTI Free. Cualquier apoyo que se ajuste a los siguientes criterios se define como subvenci\u00f3n sin restricciones: <\/p>\n\n<ul>\n \t<li>El socio financiador no participa en el proyecto para el que se utilizan los fondos.<\/li>\n \t<li>Live UTI Free puede asignar los fondos de forma independiente como considere oportuno.<\/li>\n \t<li>Live UTI Free reconocer\u00e1 la subvenci\u00f3n, pero no se utilizar\u00e1 el logotipo del socio financiador y Live UTI Free controlar\u00e1 la forma en que se realiza el reconocimiento.<\/li>\n<\/ul><\/div><hr class=\"x-line e556370-e33-v0 mbxaq-6\"\/><div class=\"x-text x-text-headline e556370-e34 mbxaq-5 heading-03\"><div class=\"x-text-content\"><div class=\"x-text-content-text\"><h3 class=\"x-text-content-text-primary\">Financiaci\u00f3n: Principios rectores<\/h3>\n<\/div><\/div><\/div><hr class=\"x-line e556370-e35-v0 mbxaq-6\"\/><div class=\"x-text x-content e556370-e36 mbxaq-8 body-medium\"><p>Live UTI Free s\u00f3lo est\u00e1 interesado en asociaciones de colaboraci\u00f3n o financiaci\u00f3n que tengan un impacto positivo en nuestros usuarios y puedan ayudarles en su camino hacia mejores pruebas y tratamientos.<\/p>\n<p>Live UTI Free mantendr\u00e1 una relaci\u00f3n abierta y transparente con todos los socios financiadores.<\/p>\n<p>Para garantizar que estos puntos siguen siendo ciertos, Live UTI Free investigar\u00e1 a todos los posibles financiadores para asegurarse de que:<\/p>\n\n<ul>\n \t<li>Hay motivos fundados para creer que un acuerdo de financiaci\u00f3n redundar\u00e1 en beneficio de Live UTI Free y de nuestros usuarios.<\/li>\n \t<li>La aceptaci\u00f3n de los fondos no dar\u00e1 lugar a ninguna publicidad adversa.<\/li>\n<\/ul>\n<p>Live UTI Free revisar\u00e1 los posibles socios financiadores, incluyendo su reputaci\u00f3n en el trabajo con organizaciones de pacientes, y su historial con respecto a la financiaci\u00f3n.<\/p>\n<p>Si hay alg\u00fan motivo de preocupaci\u00f3n, Live UTI Free reconsiderar\u00e1 o rechazar\u00e1 los fondos.<\/p>\n<p>Live UTI Free no aceptar\u00e1 conscientemente ning\u00fan tipo de financiaci\u00f3n de una empresa que fabrique lo que consideramos productos o servicios poco \u00e9ticos.<\/p>\n<p>Live UTI Free no recomienda f\u00e1rmacos, m\u00e9dicos ni tratamientos espec\u00edficos.<\/p>\n<p>Live UTI Free se asegurar\u00e1 de que las responsabilidades y la contribuci\u00f3n del equipo de Live UTI Free y de cualquier socio financiador se acuerden por escrito.<\/p>\n<p>El socio financiador debe comprometerse a respetar las directrices aqu\u00ed expuestas.<\/p>\n<p>Si una empresa intenta coaccionar a Live UTI Free para que se ajuste a su agenda comercial y\/o de marketing, expl\u00edcita o impl\u00edcitamente, o no se ajusta a las responsabilidades acordadas, Live UTI Free rechazar\u00e1 los fondos o pondr\u00e1 fin a un proyecto en curso.<\/p>\n<p>Cuando proceda, Live UTI Free podr\u00e1 solicitar financiaci\u00f3n a consorcios formados por dos o m\u00e1s socios de la misma industria.<\/p><\/div><hr class=\"x-line e556370-e37-v0 mbxaq-6\"\/><div class=\"x-text x-text-headline e556370-e38 mbxaq-5 heading-03\"><div class=\"x-text-content\"><div class=\"x-text-content-text\"><h3 class=\"x-text-content-text-primary\">Actividades que no pueden financiarse externamente<\/h3>\n<\/div><\/div><\/div><hr class=\"x-line e556370-e39-v0 mbxaq-6\"\/><div class=\"x-text x-content e556370-e40 mbxaq-8 body-medium\"><p>Hay actividades y contenidos en el n\u00facleo de Live UTI Free que siempre se financiar\u00e1n internamente. Esto es para garantizar que se mantiene un enfoque imparcial, y para permitirnos actualizar con frecuencia la informaci\u00f3n a medida que se dispone de nuevas investigaciones. Estas actividades y contenidos b\u00e1sicos incluyen:  <\/p>\n\n<ul>\n \t<li>Las principales p\u00e1ginas de informaci\u00f3n del sitio web Live UTI Free: los art\u00edculos a los que se enlaza directamente desde la p\u00e1gina de inicio y las historias personales aportadas por nuestra comunidad.<\/li>\n \t<li>El contenido de las redes sociales que se publique directamente a trav\u00e9s de las cuentas de Twitter, Facebook o Instagram de Live UTI Free. Esto no incluye la publicidad de pago que forme parte de una campa\u00f1a de concienciaci\u00f3n, investigaci\u00f3n, captaci\u00f3n o educaci\u00f3n.<\/li>\n \t<li>La red de profesionales de Live UTI Free: los profesionales no pueden pagar por aparecer en las p\u00e1ginas de informaci\u00f3n b\u00e1sica del sitio web de Live UTI Free.<\/li>\n \t<li>Correos electr\u00f3nicos a la lista de correo de nuestra comunidad: no facilitaremos el acceso a nuestra lista de correo de ninguna forma. Esto no incluye los fondos que formen parte de una campa\u00f1a de sensibilizaci\u00f3n, investigaci\u00f3n, captaci\u00f3n o educaci\u00f3n. Las direcciones de correo electr\u00f3nico y la informaci\u00f3n personal nunca se compartir\u00e1n con terceros.  <\/li>\n \t<li>Los datos personales que recopilemos de nuestra comunidad no se publicar\u00e1n, vender\u00e1n, intercambiar\u00e1n ni transmitir\u00e1n a terceros. Para m\u00e1s informaci\u00f3n, consulta nuestros avisos legales. <\/li>\n<\/ul><\/div><hr class=\"x-line e556370-e41-v0 mbxaq-6\"\/><div class=\"x-text x-text-headline e556370-e42 mbxaq-5 heading-03\"><div class=\"x-text-content\"><div class=\"x-text-content-text\"><h3 class=\"x-text-content-text-primary\">Directrices para los socios financiadores<\/h3>\n<\/div><\/div><\/div><hr class=\"x-line e556370-e43-v0 mbxaq-6\"\/><div class=\"x-text x-content e556370-e44 mbxaq-8 body-medium\"><p>Live UTI Free no entablar\u00e1 ni continuar\u00e1 una relaci\u00f3n con ning\u00fan socio financiador, si la relaci\u00f3n y la actividad relacionada pueden da\u00f1ar la reputaci\u00f3n de Live UTI Free.<\/p>\n<p>En apoyo de esto, pedimos a todos los socios financiadores que<\/p>\n\n<ul>\n \t<li>Solicita la aprobaci\u00f3n por escrito de Live UTI Free antes de utilizar nuestro nombre o logotipo, hacer referencia a cualquiera de nuestras iniciativas o citar nuestro contenido en cualquier tipo de comunicaci\u00f3n p\u00fablica.<\/li>\n \t<li>Designar un \u00fanico punto de contacto dentro de su organizaci\u00f3n para que sirva de enlace con el miembro adecuado del equipo de Live UTI Free, con el fin de establecer l\u00edneas claras de comunicaci\u00f3n desde el principio. Solicitamos que esta persona est\u00e9 autorizada a tomar decisiones sobre cualquier aspecto de la financiaci\u00f3n propuesta. <\/li>\n<\/ul>\n<p>Live UTI Free se reserva el derecho a vetar cualquier contenido producido en relaci\u00f3n con cualquier financiaci\u00f3n, y solicitamos que se asigne suficiente tiempo de aprobaci\u00f3n para este fin, ya que puede requerir la aprobaci\u00f3n de uno o m\u00e1s miembros del equipo.<\/p>\n<p>Como sitio centrado en el usuario y en la defensa del paciente, Live UTI Free colaborar\u00e1 con empresas comerciales, organizaciones sin \u00e1nimo de lucro y otras organizaciones, cuando se considere beneficioso para nuestros usuarios.<\/p>\n<p>Esta pol\u00edtica puede actualizarse en cualquier momento.<\/p><\/div><hr class=\"x-line e556370-e45-v0 mbxaq-6\"\/><div class=\"x-text x-text-headline e556370-e46 mbxaq-5 heading-03\"><div class=\"x-text-content\"><div class=\"x-text-content-text\"><h3 class=\"x-text-content-text-primary\">Nuestros socios<\/h3>\n<\/div><\/div><\/div><hr class=\"x-line e556370-e47-v0 mbxaq-6\"\/><div class=\"x-text x-content e556370-e48 mbxaq-8 body-medium\"><span>Los socios con los que mantenemos relaciones financiadas y no financiadas se enumeran en nuestra <\/span><a href=\"https:\/\/liveutifree.com\/es\/socios-luf\/\"><span style=\"text-decoration: underline; color: #c74f4d;\">p\u00e1gina de socios<\/span><\/a><span>.<\/span><\/div><\/div><\/div><\/div><\/div><\/div>","protected":false},"excerpt":{"rendered":"<p>Pol\u00edtica de financiaci\u00f3n de Live UTI Free \u00daltima actualizaci\u00f3n: 17 de julio de 2024Live UTI Free es una organizaci\u00f3n de defensa del paciente centrada en el usuario. Nuestras actividades principales se centran en proporcionar informaci\u00f3n imparcial y basada en pruebas a los enfermos de ITU recurrente y cr\u00f3nica, a trav\u00e9s del sitio web https:\/\/liveutifree.com. Aceptamos ayudas en forma de subvenciones, &#8230; <\/p>\n<div><a href=\"https:\/\/liveutifree.com\/es\/politica-de-financiacion-luf\/\" class=\"more-link\">Read More<\/a><\/div>\n","protected":false},"author":1,"featured_media":556372,"parent":0,"menu_order":105,"comment_status":"closed","ping_status":"closed","template":"template-blank-4.php","meta":{"_acf_changed":false,"inline_featured_image":false,"footnotes":""},"class_list":["post-556370","page","type-page","status-publish","has-post-thumbnail","hentry"],"acf":[],"featured_image_src":"https:\/\/liveutifree.com\/wp-content\/uploads\/2017\/01\/LUF-logo-LP-crop.png","_links":{"self":[{"href":"https:\/\/liveutifree.com\/es\/wp-json\/wp\/v2\/pages\/556370","targetHints":{"allow":["GET"]}}],"collection":[{"href":"https:\/\/liveutifree.com\/es\/wp-json\/wp\/v2\/pages"}],"about":[{"href":"https:\/\/liveutifree.com\/es\/wp-json\/wp\/v2\/types\/page"}],"author":[{"embeddable":true,"href":"https:\/\/liveutifree.com\/es\/wp-json\/wp\/v2\/users\/1"}],"replies":[{"embeddable":true,"href":"https:\/\/liveutifree.com\/es\/wp-json\/wp\/v2\/comments?post=556370"}],"version-history":[{"count":1,"href":"https:\/\/liveutifree.com\/es\/wp-json\/wp\/v2\/pages\/556370\/revisions"}],"predecessor-version":[{"id":576959,"href":"https:\/\/liveutifree.com\/es\/wp-json\/wp\/v2\/pages\/556370\/revisions\/576959"}],"wp:featuredmedia":[{"embeddable":true,"href":"https:\/\/liveutifree.com\/es\/wp-json\/wp\/v2\/media\/556372"}],"wp:attachment":[{"href":"https:\/\/liveutifree.com\/es\/wp-json\/wp\/v2\/media?parent=556370"}],"curies":[{"name":"wp","href":"https:\/\/api.w.org\/{rel}","templated":true}]}}