{"id":556206,"date":"2025-09-07T10:59:02","date_gmt":"2025-09-07T10:59:02","guid":{"rendered":"https:\/\/liveutifree.com\/gracias-luf\/"},"modified":"2025-10-23T13:30:28","modified_gmt":"2025-10-23T13:30:28","slug":"gracias-luf","status":"publish","type":"page","link":"https:\/\/liveutifree.com\/es\/gracias-luf\/","title":{"rendered":"Gracias | LUF"},"content":{"rendered":"<div id=\"cs-content\" class=\"cs-content\"><div class=\"x-section x-hide-md x-hide-sm x-hide-xs e556206-e1 mbx66-0 mbx66-1\"><span class=\"x-separator-top-angle-in\" style=\"top: 0px; height: 50px; color: rgba(0, 0, 0, 0.75);\" aria-hidden=\"true\"><svg class=\"angle-top-in\" style=\"fill: currentColor;\" xmlns=\"http:\/\/www.w3.org\/2000\/svg\" version=\"1.1\" viewBox=\"0 0 100 100\" preserveAspectRatio=\"none\"><polygon points=\"0,100 50,100 0,0\"\/><polygon points=\"50,100 100,100 100,0\"\/><\/svg><\/span><div class=\"x-bg\" aria-hidden=\"true\"><div class=\"x-bg-layer-lower-image\"><\/div><\/div><div class=\"x-row x-container max width e556206-e2 mbx66-3 mbx66-4 mbx66-5\"><div class=\"x-row-inner\"><div class=\"x-col e556206-e3 mbx66-7 mbx66-8 mbx66-9\"><div class=\"x-text x-text-headline e556206-e4 mbx66-c heading-02\"><div class=\"x-text-content\"><div class=\"x-text-content-text\"><h2 class=\"x-text-content-text-primary\">Gracias.<\/h2>\n<\/div><\/div><\/div><hr class=\"x-line e556206-e5-v0 mbx66-e\"\/><div class=\"x-text x-content e556206-e6 mbx66-f mbx66-g body-medium\"><span>Ahora hemos confirmado que eres una persona real, y te enviaremos alg\u00fan que otro correo electr\u00f3nico sobre c\u00f3mo puedes seguir ayud\u00e1ndonos a combatir la epidemia que es la ITU.<\/span><\/div><hr class=\"x-line e556206-e7-v0 mbx66-e\"\/><span class=\"x-image e556206-e8 mbx66-k\"><img decoding=\"async\" src=\"https:\/\/liveutifree.com\/wp-content\/uploads\/2024\/10\/54e1dc01-4e68-4b49-99f6-6355e70de7b5-scaled.jpg\" width=\"1024\" height=\"1024\" alt=\"Foto de Melissa\" loading=\"lazy\"><\/span><hr class=\"x-line e556206-e9-v0 mbx66-e\"\/><div class=\"x-text x-content e556206-e10 mbx66-g mbx66-h body-medium\"><span>C\u00f3mo venc\u00ed las infecciones urinarias recurrentes<\/span><\/div><hr class=\"x-line e556206-e11-v0 mbx66-e\"\/><a class=\"x-anchor x-anchor-button has-graphic e556206-e12 mbx66-l button-blue-icon-primary\" tabindex=\"0\" href=\"https:\/\/liveutifree.com\/es\/como-venci-las-infecciones-urinarias-recurrentes\/\"><div class=\"x-anchor-content\"><span class=\"x-graphic\" aria-hidden=\"true\"><span class=\"x-image x-graphic-child x-graphic-image x-graphic-primary\"><img decoding=\"async\" src=\"https:\/\/liveutifree.com\/wp-content\/uploads\/2025\/03\/white.svg\" width=\"28\" height=\"27\" alt=\"The image is completely blank with a white background and no visible objects or text.\" loading=\"lazy\"><\/span><\/span><div class=\"x-anchor-text\"><span class=\"x-anchor-text-primary\">Lee su historia<\/span><\/div><\/div><\/a><\/div><div class=\"x-col e556206-e13 mbx66-9 mbx66-a\"><\/div><\/div><\/div><\/div><div class=\"x-section x-hide-lg x-hide-xl e556206-e14 mbx66-0 mbx66-2\"><div class=\"x-row x-container max width e556206-e15 mbx66-3 mbx66-4 mbx66-6\"><div class=\"x-row-inner\"><div class=\"x-col e556206-e16 mbx66-7 mbx66-9 mbx66-a mbx66-b\"><div class=\"x-text x-text-headline e556206-e17 mbx66-c mbx66-d heading-01 \"><div class=\"x-text-content\"><div class=\"x-text-content-text\"><h1 class=\"x-text-content-text-primary\">\u00a1\u00a1\u00a1Gracias!!!<\/h1>\n<\/div><\/div><\/div><hr class=\"x-line e556206-e18-v0 mbx66-e\"\/><div class=\"x-text x-content e556206-e19 mbx66-g mbx66-i mbx66-j body-medium\"><span>Hemos confirmado que eres una persona real y te enviaremos de vez en cuando informaci\u00f3n actualizada sobre todo lo relacionado con la ITU.<\/span><\/div><hr class=\"x-line e556206-e20-v0 mbx66-e\"\/><span class=\"x-image e556206-e21 mbx66-k\"><img decoding=\"async\" src=\"https:\/\/liveutifree.com\/wp-content\/uploads\/2024\/10\/54e1dc01-4e68-4b49-99f6-6355e70de7b5-scaled.jpg\" width=\"1024\" height=\"1024\" alt=\"Foto de Melissa\" loading=\"lazy\"><\/span><hr class=\"x-line e556206-e22-v0 mbx66-e\"\/><div class=\"x-text x-content e556206-e23 mbx66-g mbx66-h mbx66-j body-medium\"><span>C\u00f3mo venc\u00ed las infecciones urinarias recurrentes<\/span><\/div><hr class=\"x-line e556206-e24-v0 mbx66-e\"\/><a class=\"x-anchor x-anchor-button has-graphic e556206-e25 mbx66-l button-blue-icon-primary\" tabindex=\"0\" href=\"https:\/\/liveutifree.com\/es\/como-venci-las-infecciones-urinarias-recurrentes\/\"><div class=\"x-anchor-content\"><span class=\"x-graphic\" aria-hidden=\"true\"><span class=\"x-image x-graphic-child x-graphic-image x-graphic-primary\"><img decoding=\"async\" src=\"https:\/\/liveutifree.com\/wp-content\/uploads\/2025\/03\/white.svg\" width=\"28\" height=\"27\" alt=\"The image is completely blank with a white background and no visible objects or text.\" loading=\"lazy\"><\/span><\/span><div class=\"x-anchor-text\"><span class=\"x-anchor-text-primary\">Lee su historia<\/span><\/div><\/div><\/a><\/div><\/div><\/div><\/div><\/div>","protected":false},"excerpt":{"rendered":"<p>Gracias. Ahora hemos confirmado que eres una persona real, y te enviaremos alg\u00fan que otro correo electr\u00f3nico sobre c\u00f3mo puedes seguir ayud\u00e1ndonos a combatir la epidemia que es la ITU.C\u00f3mo venc\u00ed las infecciones urinarias recurrentesLee su historia\u00a1\u00a1\u00a1Gracias!!! Hemos confirmado que eres una persona real y te enviaremos de vez en cuando informaci\u00f3n actualizada sobre todo lo relacionado con la ITU.C\u00f3mo &#8230; <\/p>\n<div><a href=\"https:\/\/liveutifree.com\/es\/gracias-luf\/\" class=\"more-link\">Read More<\/a><\/div>\n","protected":false},"author":7,"featured_media":0,"parent":0,"menu_order":163,"comment_status":"closed","ping_status":"closed","template":"template-blank-4.php","meta":{"_acf_changed":false,"inline_featured_image":false,"footnotes":""},"class_list":["post-556206","page","type-page","status-publish","hentry","no-post-thumbnail"],"acf":[],"featured_image_src":null,"_links":{"self":[{"href":"https:\/\/liveutifree.com\/es\/wp-json\/wp\/v2\/pages\/556206","targetHints":{"allow":["GET"]}}],"collection":[{"href":"https:\/\/liveutifree.com\/es\/wp-json\/wp\/v2\/pages"}],"about":[{"href":"https:\/\/liveutifree.com\/es\/wp-json\/wp\/v2\/types\/page"}],"author":[{"embeddable":true,"href":"https:\/\/liveutifree.com\/es\/wp-json\/wp\/v2\/users\/7"}],"replies":[{"embeddable":true,"href":"https:\/\/liveutifree.com\/es\/wp-json\/wp\/v2\/comments?post=556206"}],"version-history":[{"count":0,"href":"https:\/\/liveutifree.com\/es\/wp-json\/wp\/v2\/pages\/556206\/revisions"}],"wp:attachment":[{"href":"https:\/\/liveutifree.com\/es\/wp-json\/wp\/v2\/media?parent=556206"}],"curies":[{"name":"wp","href":"https:\/\/api.w.org\/{rel}","templated":true}]}}