{"id":555329,"date":"2025-09-07T10:57:28","date_gmt":"2025-09-07T10:57:28","guid":{"rendered":"https:\/\/liveutifree.com\/cuestionario-itu-luf\/"},"modified":"2025-10-23T13:47:26","modified_gmt":"2025-10-23T13:47:26","slug":"cuestionario-itu-luf","status":"publish","type":"page","link":"https:\/\/liveutifree.com\/es\/cuestionario-itu-luf\/","title":{"rendered":"Cuestionario ITU"},"content":{"rendered":"<div id=\"cs-content\" class=\"cs-content\"><div class=\"x-section e555329-e1 mbwht-0 mbwht-1\"><div class=\"x-row x-container max width e555329-e2 mbwht-3 mbwht-4 mbwht-5 mbwht-8 mbwht-9\"><div class=\"x-row-inner\"><div class=\"x-col e555329-e3 mbwht-c mbwht-d\"><div class=\"x-text x-text-headline e555329-e4 mbwht-f mbwht-g heading-01 \"><div class=\"x-text-content\"><div class=\"x-text-content-text\"><h1 class=\"x-text-content-text-primary\">El cuestionario de la ITU: tu acceso directo a la informaci\u00f3n correcta<\/h1>\n<\/div><\/div><\/div><hr class=\"x-line e555329-e5-v0 mbwht-i mbwht-j\"\/><div class=\"x-text x-content e555329-e6 mbwht-l mbwht-m body-medium\"><span>Compartir tu experiencia tambi\u00e9n contribuir\u00e1 a nuestra investigaci\u00f3n global, y ayudar\u00e1 en la lucha por conseguir mejores datos, pruebas y tratamiento de las ITU. Al participar en el cuestionario reconoces que est\u00e1s de acuerdo con nuestra   <\/span><span style=\"text-decoration: underline; color: #800000;\"><span style=\"color: #c74f4d;\"><a href=\"https:\/\/liveutifree.com\/es\/legal-luf\/\" rel=\"noopener\" style=\"color: #c74f4d; text-decoration: underline;\">Pol\u00edtica de privacidad y T\u00e9rminos y condiciones<\/a><\/span>.<\/span><\/div><\/div><\/div><\/div><\/div><div class=\"x-section e555329-e7 mbwht-0 mbwht-2\"><div class=\"x-row x-container max width e555329-e8 mbwht-3 mbwht-5 mbwht-6 mbwht-8 mbwht-a\"><div class=\"x-row-inner\"><div class=\"x-col e555329-e9 mbwht-c mbwht-e\"><div class=\"x-div e555329-e10 mbwht-n\"><div id=\"quiz-container\" style=\"position: relative; width: 100%; height: 600px;\">\n    <!-- Loading GIF -->\n    <div id=\"loading\" style=\"position: absolute; top: 50%; left: 50%; transform: translate(-50%, -50%); z-index: 1000;\">\n        <img decoding=\"async\" src=\"https:\/\/liveutifree.com\/wp-content\/uploads\/2022\/03\/quiz-loader-en.gif\" alt=\"Loading...\">\n    <\/div>\n\n    <!-- Outgrow Quiz Embed (Initially Hidden) -->\n    <div id=\"60018628bd6a2c3a661c5c65\" class=\"op-interactive\" data-title=\"THE UTI QUIZ V4\"\n         data-url=\"https:\/\/liveutifree.outgrow.us\/60018628bd6a2c3a661c5c65?vHeight=1\" data-width=\"100%\"\n         style=\"width: 100%; height: 100%; position: absolute; display: none;\">\n    <\/div>\n<\/div>\n\n<script src='\/\/dyv6f9ner1ir9.cloudfront.net\/assets\/js\/nloader.js'><\/script>\n<script>\n    document.addEventListener(\"DOMContentLoaded\", function () {\n        var loadingDiv = document.getElementById(\"loading\");\n        var quizContainer = document.getElementById(\"60018628bd6a2c3a661c5c65\");\n\n        \/\/ Initialize the Outgrow iframe\n        initIframe('60018628bd6a2c3a661c5c65');\n\n        function checkIframeLoaded() {\n            var iframe = quizContainer.querySelector(\"iframe\");\n\n            if (iframe) {\n                \/\/ Ensure the iframe fills the container\n                iframe.style.width = \"100%\";\n                iframe.style.height = \"100%\";\n                iframe.style.position = \"absolute\";\n                iframe.style.display = \"none\"; \/\/ Keep iframe hidden initially\n\n                \/\/ Wait for the iframe to fully load\n                iframe.onload = function () {\n                    setTimeout(function () {\n                        loadingDiv.style.display = \"none\";  \/\/ Hide loading GIF\n                        quizContainer.style.display = \"block\"; \/\/ Show the quiz\n                        iframe.style.display = \"block\"; \/\/ Make sure the iframe is visible\n                    }, 2000); \/\/ Ensures the GIF is displayed for at least 2 seconds\n                };\n            } else {\n                \/\/ Keep checking every 500ms until iframe appears\n                setTimeout(checkIframeLoaded, 500);\n            }\n        }\n\n        \/\/ Start checking for iframe\n        checkIframeLoaded();\n    });\n<\/script>\n<\/div><\/div><\/div><\/div><\/div><div class=\"x-section e555329-e12 mbwht-0 mbwht-1\"><div class=\"x-row x-container max width e555329-e13 mbwht-3 mbwht-4 mbwht-7 mbwht-8 mbwht-b\"><div class=\"x-row-inner\"><div class=\"x-col e555329-e14 mbwht-c mbwht-d\"><div class=\"x-text x-text-headline e555329-e15 mbwht-f mbwht-g heading-02\"><div class=\"x-text-content\"><div class=\"x-text-content-text\"><h2 class=\"x-text-content-text-primary\">La informaci\u00f3n correcta puede guiarte hacia un tratamiento permanente<\/h2>\n<\/div><\/div><\/div><hr class=\"x-line e555329-e16-v0 mbwht-i mbwht-j\"\/><span class=\"x-image e555329-e17 mbwht-o\"><img decoding=\"async\" src=\"https:\/\/liveutifree.com\/wp-content\/uploads\/2017\/07\/UTI-Team.png\" width=\"145\" height=\"145\" alt=\"Icono - Equipo Live UTI Free\" loading=\"lazy\"><\/span><hr class=\"x-line e555329-e18-v0 mbwht-i mbwht-j\"\/><div class=\"x-text x-text-headline e555329-e19 mbwht-g mbwht-h heading-05\"><div class=\"x-text-content\"><div class=\"x-text-content-text\"><p class=\"x-text-content-text-primary\">\"Comprendes tus propios s\u00edntomas mejor que nadie. Si puedes combinar tu experiencia con la informaci\u00f3n adecuada, tendr\u00e1s m\u00e1s posibilidades de obtener un diagn\u00f3stico real y un tratamiento eficaz.\"<\/p>\n<\/div><\/div><\/div><hr class=\"x-line e555329-e20-v0 mbwht-j mbwht-k\"\/><div class=\"x-text x-content e555329-e21 mbwht-m body-medium\"><span>Equipo Live UTI Free<\/span><\/div><\/div><\/div><\/div><\/div><\/div>","protected":false},"excerpt":{"rendered":"<p>El cuestionario de la ITU: tu acceso directo a la informaci\u00f3n correcta Compartir tu experiencia tambi\u00e9n contribuir\u00e1 a nuestra investigaci\u00f3n global, y ayudar\u00e1 en la lucha por conseguir mejores datos, pruebas y tratamiento de las ITU. Al participar en el cuestionario reconoces que est\u00e1s de acuerdo con nuestra Pol\u00edtica de privacidad y T\u00e9rminos y condiciones. La informaci\u00f3n correcta puede guiarte &#8230; <\/p>\n<div><a href=\"https:\/\/liveutifree.com\/es\/cuestionario-itu-luf\/\" class=\"more-link\">Read More<\/a><\/div>\n","protected":false},"author":7,"featured_media":552171,"parent":0,"menu_order":185,"comment_status":"closed","ping_status":"closed","template":"template-blank-4.php","meta":{"_acf_changed":false,"inline_featured_image":false,"footnotes":""},"class_list":["post-555329","page","type-page","status-publish","has-post-thumbnail","hentry"],"acf":[],"featured_image_src":"https:\/\/liveutifree.com\/wp-content\/uploads\/2017\/05\/About-Us-Header-Desktop.jpg","_links":{"self":[{"href":"https:\/\/liveutifree.com\/es\/wp-json\/wp\/v2\/pages\/555329","targetHints":{"allow":["GET"]}}],"collection":[{"href":"https:\/\/liveutifree.com\/es\/wp-json\/wp\/v2\/pages"}],"about":[{"href":"https:\/\/liveutifree.com\/es\/wp-json\/wp\/v2\/types\/page"}],"author":[{"embeddable":true,"href":"https:\/\/liveutifree.com\/es\/wp-json\/wp\/v2\/users\/7"}],"replies":[{"embeddable":true,"href":"https:\/\/liveutifree.com\/es\/wp-json\/wp\/v2\/comments?post=555329"}],"version-history":[{"count":1,"href":"https:\/\/liveutifree.com\/es\/wp-json\/wp\/v2\/pages\/555329\/revisions"}],"predecessor-version":[{"id":575396,"href":"https:\/\/liveutifree.com\/es\/wp-json\/wp\/v2\/pages\/555329\/revisions\/575396"}],"wp:featuredmedia":[{"embeddable":true,"href":"https:\/\/liveutifree.com\/es\/wp-json\/wp\/v2\/media\/552171"}],"wp:attachment":[{"href":"https:\/\/liveutifree.com\/es\/wp-json\/wp\/v2\/media?parent=555329"}],"curies":[{"name":"wp","href":"https:\/\/api.w.org\/{rel}","templated":true}]}}