{"id":555006,"date":"2025-09-07T10:56:34","date_gmt":"2025-09-07T10:56:34","guid":{"rendered":"https:\/\/liveutifree.com\/clinicos-luf\/"},"modified":"2025-10-23T13:37:29","modified_gmt":"2025-10-23T13:37:29","slug":"clinicos-luf","status":"publish","type":"page","link":"https:\/\/liveutifree.com\/es\/clinicos-luf\/","title":{"rendered":"Cl\u00ednicos"},"content":{"rendered":"<div id=\"cs-content\" class=\"cs-content\"><div class=\"x-section e555006-e1 mbw8u-0\"><div class=\"x-row x-container max width e555006-e2 mbw8u-3 mbw8u-4 mbw8u-8 mbw8u-9\"><div class=\"x-row-inner\"><div class=\"x-col e555006-e3 mbw8u-k mbw8u-l mbw8u-m\"><div class=\"x-div e555006-e4 mbw8u-q mbw8u-r mbw8u-s mbw8u-t mbw8u-u\"><div class=\"x-text x-text-headline e555006-e5 mbw8u-z mbw8u-10 mbw8u-11 heading-01 \"><div class=\"x-text-content\"><div class=\"x-text-content-text\"><h1 class=\"x-text-content-text-primary\">C\u00f3mo pueden participar los m\u00e9dicos<\/h1>\n<\/div><\/div><\/div><hr class=\"x-line e555006-e6-v0 mbw8u-16 mbw8u-17\"\/><div class=\"x-text x-content e555006-e7 mbw8u-19 mbw8u-1a mbw8u-1b mbw8u-1c body-medium\"><p>Si eres nuevo aqu\u00ed, bienvenido a nuestra comunidad. Nos entusiasma saber m\u00e1s sobre tu experiencia en el \u00e1mbito de la ITU recurrente y cr\u00f3nica y sobre c\u00f3mo podemos colaborar o ponerte en contacto con nuestra comunidad. Quiz\u00e1s ya est\u00e9s familiarizado con nuestro <span style=\"color: #c74f4d;\"><a href=\"https:\/\/liveutifree.com\/wp-content\/uploads\/2024\/03\/2024-Improving-Treatment-Pathways-for-Patients-with-Lower-Urinary-Tract-Symptoms.pdf\" style=\"color: #c74f4d;\"><span style=\"text-decoration: underline;\">recurso para m\u00e9dicos (pdf)<\/span><\/a><\/span> o nuestra <span style=\"color: #c74f4d;\"><a href=\"https:\/\/liveutifree.com\/wp-content\/uploads\/2025\/03\/TTYD-Patient-Guidelines-1.pdf\" style=\"color: #c74f4d;\"><span style=\"text-decoration: underline;\">gu\u00eda para ayudar a los pacientes a prepararse para las citas (pdf)<\/span><\/a><\/span>.  <\/p>\n<p>Para todos nuestros colaboradores actuales, esperamos que esta informaci\u00f3n aporte nuevas formas de trabajar juntos.<\/p><\/div><hr class=\"x-line e555006-e8-v0 mbw8u-17 mbw8u-18\"\/><div style=\"--tco-dcbw8u-0:;--tco-dcbw8u-1:;\" class=\"x-text x-text-headline e555006-e9-v0 mbw8u-10 mbw8u-12 mbw8u-13 mbw8u-1\"><div class=\"x-text-content\"><div class=\"x-text-content-text\"><h3 class=\"x-text-content-text-primary\">Getting to know our community<\/h3>\n<\/div><\/div><\/div><hr class=\"x-line e555006-e10-v0 mbw8u-16 mbw8u-17\"\/><div class=\"x-div e555006-e11 mbw8u-t mbw8u-u mbw8u-v\"><div class=\"x-grid x-hide-sm x-hide-xs e555006-e12 mbw8u-1q mbw8u-1r\"><div class=\"x-cell e555006-e13 mbw8u-1t mbw8u-1u mbw8u-1v mbw8u-1w mbw8u-1x mbw8u-1y\"><div class=\"x-text x-content e555006-e14 mbw8u-1a mbw8u-1c mbw8u-1d mbw8u-1e mbw8u-1f\"><p>130+<\/p><\/div><div class=\"x-text x-content e555006-e15 mbw8u-1a mbw8u-1b mbw8u-1c mbw8u-1f mbw8u-1g mbw8u-1h mbw8u-1i body-small\">Pa\u00edses con cuestionarios enviados<\/div><\/div><div class=\"x-cell x-hide-sm e555006-e16 mbw8u-1t mbw8u-1u mbw8u-1v mbw8u-1w mbw8u-1y mbw8u-1z\"><\/div><div class=\"x-cell e555006-e17 mbw8u-1t mbw8u-1u mbw8u-1v mbw8u-1w mbw8u-1x mbw8u-1y\"><div class=\"x-text x-content e555006-e18 mbw8u-1a mbw8u-1c mbw8u-1d mbw8u-1e mbw8u-1f\">1M+<\/div><div class=\"x-text x-content e555006-e19 mbw8u-1a mbw8u-1b mbw8u-1c mbw8u-1f mbw8u-1h mbw8u-1j body-small\">Visitantes del sitio web al a\u00f1o<\/div><\/div><div class=\"x-cell x-hide-sm e555006-e20 mbw8u-1t mbw8u-1u mbw8u-1v mbw8u-1w mbw8u-1y mbw8u-1z\"><\/div><div class=\"x-cell e555006-e21 mbw8u-1t mbw8u-1u mbw8u-1v mbw8u-1w mbw8u-1x mbw8u-1y\"><div class=\"x-text x-content e555006-e22 mbw8u-1a mbw8u-1c mbw8u-1d mbw8u-1e mbw8u-1f\">30K+<\/div><div class=\"x-text x-content e555006-e23 mbw8u-1a mbw8u-1b mbw8u-1c mbw8u-1f mbw8u-1g mbw8u-1k body-small\"><p>Lista de correo de pacientes<\/p><\/div><\/div><div class=\"x-cell x-hide-sm e555006-e24 mbw8u-1t mbw8u-1u mbw8u-1v mbw8u-1w mbw8u-1y mbw8u-1z\"><\/div><div class=\"x-cell e555006-e25 mbw8u-1t mbw8u-1u mbw8u-1v mbw8u-1w mbw8u-1x mbw8u-1y mbw8u-20 mbw8u-21\"><div class=\"x-text x-content e555006-e26 mbw8u-1a mbw8u-1c mbw8u-1d mbw8u-1e mbw8u-1f\"><p>930K<\/p><\/div><div class=\"x-text x-content e555006-e27 mbw8u-1a mbw8u-1b mbw8u-1c mbw8u-1f mbw8u-1g mbw8u-1h body-small\"><p>visualizaciones en YouTube, y 10k suscriptores<\/p><\/div><\/div><div class=\"x-cell x-hide-md x-hide-sm e555006-e28 mbw8u-1t mbw8u-1u mbw8u-1v mbw8u-1w mbw8u-1y mbw8u-1z\"><\/div><div class=\"x-cell e555006-e29 mbw8u-1t mbw8u-1u mbw8u-1v mbw8u-1w mbw8u-1x mbw8u-1y mbw8u-21 mbw8u-22\"><div class=\"x-text x-content e555006-e30 mbw8u-1a mbw8u-1c mbw8u-1d mbw8u-1e mbw8u-1f\">80K<\/div><div class=\"x-text x-content e555006-e31 mbw8u-1a mbw8u-1b mbw8u-1c mbw8u-1f mbw8u-1h mbw8u-1l body-small\">Env\u00edos de cuestionarios para pacientes<\/div><\/div><div class=\"x-cell x-hide-md x-hide-sm e555006-e32 mbw8u-1t mbw8u-1u mbw8u-1v mbw8u-1w mbw8u-1y mbw8u-1z\"><\/div><div class=\"x-cell e555006-e33 mbw8u-1t mbw8u-1u mbw8u-1v mbw8u-1w mbw8u-1x mbw8u-1y\"><div class=\"x-text x-content e555006-e34 mbw8u-1a mbw8u-1c mbw8u-1d mbw8u-1e mbw8u-1f\">95.6%<\/div><div class=\"x-text x-content e555006-e35 mbw8u-1a mbw8u-1b mbw8u-1c mbw8u-1f mbw8u-1g mbw8u-1i mbw8u-1k mbw8u-1m body-small\"><p>Sexo biol\u00f3gico femenino<\/p><\/div><\/div><div class=\"x-cell x-hide-sm x-hide-xs e555006-e36 mbw8u-1t mbw8u-1u mbw8u-1v mbw8u-1w mbw8u-1y mbw8u-1z\"><\/div><div class=\"x-cell e555006-e37 mbw8u-1t mbw8u-1u mbw8u-1v mbw8u-1w mbw8u-1x mbw8u-1y\"><div class=\"x-text x-content e555006-e38 mbw8u-1a mbw8u-1c mbw8u-1d mbw8u-1e mbw8u-1f\">13.4%<\/div><div class=\"x-text x-content e555006-e39 mbw8u-1a mbw8u-1b mbw8u-1c mbw8u-1f mbw8u-1g mbw8u-1h body-small\">Experimentar s\u00edntomas continuos de ITU<\/div><\/div><div class=\"x-cell x-hide-sm e555006-e40 mbw8u-1t mbw8u-1u mbw8u-1v mbw8u-1w mbw8u-1y mbw8u-1z\"><\/div><div class=\"x-cell e555006-e41 mbw8u-1t mbw8u-1u mbw8u-1v mbw8u-1w mbw8u-1x mbw8u-1y\"><div class=\"x-text x-content e555006-e42 mbw8u-1a mbw8u-1c mbw8u-1d mbw8u-1e mbw8u-1f\">25%<\/div><div class=\"x-text x-content e555006-e43 mbw8u-1a mbw8u-1b mbw8u-1c mbw8u-1f mbw8u-1g mbw8u-1h body-small\"><p>Experimenta s\u00edntomas de ITU cada mes o menos<\/p><\/div><\/div><div class=\"x-cell e555006-e44 mbw8u-1u mbw8u-1y mbw8u-23 mbw8u-24\"><span class=\"x-image x-hide-lg x-hide-md x-hide-sm x-hide-xl x-hide-xs e555006-e45 mbw8u-26 mbw8u-27\"><img decoding=\"async\" src=\"https:\/\/liveutifree.com\/wp-content\/uploads\/2025\/06\/Screenshot-2023-02-01-at-17.39.24-1-min-scaled.png\" width=\"1280\" height=\"297\" alt=\"Una persona examina una muestra al microscopio, con un globo sonda que dice: 8 de cada 10 declararon que su tratamiento de la ITU fracas\u00f3 o dio lugar a otra recidiva.\" loading=\"lazy\"><\/span><div class=\"x-grid e555006-e46 mbw8u-1q mbw8u-1s\"><div class=\"x-cell e555006-e47 mbw8u-1t mbw8u-1u mbw8u-1y mbw8u-24\"><span class=\"x-image e555006-e48 mbw8u-26 mbw8u-27\"><img decoding=\"async\" src=\"https:\/\/liveutifree.com\/wp-content\/uploads\/2025\/07\/scientest-img.png\" width=\"379\" height=\"375\" alt=\"Dibujo lineal de un cient\u00edfico con bata de laboratorio y gafas examinando una muestra al microscopio.\" loading=\"lazy\"><\/span><\/div><div class=\"x-cell e555006-e49 mbw8u-1w mbw8u-1y mbw8u-25\"><div class=\"x-div e555006-e50 mbw8u-q mbw8u-s mbw8u-t mbw8u-w mbw8u-x\"><div class=\"x-text x-content e555006-e51 mbw8u-1a mbw8u-1d mbw8u-1f mbw8u-1n\">8 de cada 10 personas que rellenaron el cuestionario dijeron que <span style=\"color: #008071;\"><strong>que su tratamiento de la ITU fracas\u00f3 inmediatamente<\/strong><\/span> o provoc\u00f3 otra recidiva.<\/div><\/div><\/div><\/div><\/div><\/div><div class=\"x-row x-hide-lg x-hide-md x-hide-xl e555006-e52 mbw8u-3 mbw8u-5 mbw8u-8 mbw8u-a\"><div class=\"x-row-inner\"><div class=\"x-col e555006-e53 mbw8u-k mbw8u-m mbw8u-n\"><div class=\"x-text x-content e555006-e54 mbw8u-1a mbw8u-1c mbw8u-1d mbw8u-1e mbw8u-1f\"><p>130+<\/p><\/div><div class=\"x-text x-content e555006-e55 mbw8u-1a mbw8u-1b mbw8u-1c mbw8u-1f mbw8u-1o body-small\"><p>Pa\u00edses con cuestionarios enviados<\/p><\/div><\/div><div class=\"x-col e555006-e56 mbw8u-k mbw8u-m mbw8u-n\"><div class=\"x-text x-content e555006-e57 mbw8u-1a mbw8u-1c mbw8u-1d mbw8u-1e mbw8u-1f\">1M+<\/div><div class=\"x-text x-content e555006-e58 mbw8u-1a mbw8u-1b mbw8u-1c mbw8u-1f mbw8u-1p body-small\">Visitantes del sitio web al a\u00f1o<\/div><\/div><div class=\"x-col e555006-e59 mbw8u-k mbw8u-m mbw8u-n\"><div class=\"x-text x-content e555006-e60 mbw8u-1a mbw8u-1c mbw8u-1d mbw8u-1e mbw8u-1f\"><p>930K<\/p><\/div><div class=\"x-text x-content e555006-e61 mbw8u-1a mbw8u-1b mbw8u-1c mbw8u-1f mbw8u-1m body-small\">visualizaciones en YouTube, y 3,5k suscriptores<\/div><\/div><div class=\"x-col e555006-e62 mbw8u-k mbw8u-m mbw8u-n\"><div class=\"x-text x-content e555006-e63 mbw8u-1a mbw8u-1c mbw8u-1d mbw8u-1e mbw8u-1f\">200K<\/div><div class=\"x-text x-content e555006-e64 mbw8u-1a mbw8u-1b mbw8u-1c mbw8u-1f mbw8u-1m body-small\"><p>visualizaciones en YouTube, y 10k suscriptores<\/p><\/div><\/div><div class=\"x-col e555006-e65 mbw8u-k mbw8u-m mbw8u-n\"><div class=\"x-text x-content e555006-e66 mbw8u-1a mbw8u-1c mbw8u-1d mbw8u-1e mbw8u-1f\">80K<\/div><div class=\"x-text x-content e555006-e67 mbw8u-1a mbw8u-1b mbw8u-1c mbw8u-1f body-small\">Env\u00edos de cuestionarios para pacientes<\/div><\/div><div class=\"x-col e555006-e68 mbw8u-k mbw8u-m mbw8u-n\"><div class=\"x-text x-content e555006-e69 mbw8u-1a mbw8u-1c mbw8u-1d mbw8u-1e mbw8u-1f\">95.6%<\/div><div class=\"x-text x-content e555006-e70 mbw8u-1a mbw8u-1b mbw8u-1c mbw8u-1f body-small\">Sexo biol\u00f3gico femenino<\/div><\/div><div class=\"x-col e555006-e71 mbw8u-k mbw8u-m mbw8u-n\"><div class=\"x-text x-content e555006-e72 mbw8u-1a mbw8u-1c mbw8u-1d mbw8u-1e mbw8u-1f\">13.4%<\/div><div class=\"x-text x-content e555006-e73 mbw8u-1a mbw8u-1b mbw8u-1c mbw8u-1f mbw8u-1m body-small\">Experimentar s\u00edntomas continuos de ITU<\/div><\/div><div class=\"x-col e555006-e74 mbw8u-k mbw8u-m mbw8u-n\"><div class=\"x-text x-content e555006-e75 mbw8u-1a mbw8u-1c mbw8u-1d mbw8u-1e mbw8u-1f\">25%<\/div><div class=\"x-text x-content e555006-e76 mbw8u-1a mbw8u-1b mbw8u-1c mbw8u-1f mbw8u-1m body-small\">Experimenta s\u00edntomas de ITU cada mes o menos<\/div><\/div><div class=\"x-col e555006-e77 mbw8u-k mbw8u-m mbw8u-n mbw8u-o\"><div class=\"x-div e555006-e78 mbw8u-q mbw8u-s mbw8u-t mbw8u-w\"><div class=\"x-text x-content e555006-e79 mbw8u-1a mbw8u-1d mbw8u-1f mbw8u-1n\">8 de cada 10 personas que rellenaron el cuestionario dijeron que <span style=\"color: #008071;\"><strong>que su tratamiento de la ITU fracas\u00f3 inmediatamente<\/strong><\/span> o provoc\u00f3 otra recidiva.<\/div><\/div><span class=\"x-image e555006-e80 mbw8u-26 mbw8u-28 mbw8u-29\"><img decoding=\"async\" src=\"https:\/\/liveutifree.com\/wp-content\/uploads\/2025\/07\/scientest-img.png\" width=\"379\" height=\"375\" alt=\"Dibujo lineal de un cient\u00edfico con bata de laboratorio y gafas examinando una muestra al microscopio.\" loading=\"lazy\"><\/span><\/div><\/div><\/div><\/div><\/div><\/div><\/div><\/div><\/div><div class=\"x-section e555006-e81 mbw8u-0\"><div class=\"x-row x-container max width e555006-e82 mbw8u-3 mbw8u-4 mbw8u-8 mbw8u-b\"><div class=\"x-row-inner\"><div class=\"x-col e555006-e83 mbw8u-k mbw8u-l mbw8u-m\"><div class=\"x-div e555006-e84 mbw8u-q mbw8u-r mbw8u-s mbw8u-t mbw8u-u\"><div class=\"x-text x-text-headline e555006-e85 mbw8u-z mbw8u-10 heading-03\"><div class=\"x-text-content\"><div class=\"x-text-content-text\"><h2 class=\"x-text-content-text-primary\">\u00danete a nuestra Red de Referencia de Cl\u00ednicos<\/h2>\n<\/div><\/div><\/div><hr class=\"x-line e555006-e86-v0 mbw8u-16 mbw8u-17\"\/><\/div><div class=\"x-row e555006-e87 mbw8u-3 mbw8u-4 mbw8u-6 mbw8u-8 mbw8u-c\"><div class=\"x-row-inner\"><div class=\"x-col e555006-e88 mbw8u-k mbw8u-m mbw8u-n\"><span class=\"x-image e555006-e89 mbw8u-26 mbw8u-27 mbw8u-29 mbw8u-2a\"><img decoding=\"async\" src=\"https:\/\/liveutifree.com\/wp-content\/uploads\/2022\/07\/Development-of-Symptom-Measurement-Tools-tab.png\" width=\"502\" height=\"500\" alt=\"Cl\u00ednicos y pacientes\" loading=\"lazy\"><\/span><\/div><div class=\"x-col e555006-e90 mbw8u-k mbw8u-l mbw8u-p\"><div class=\"x-text x-content e555006-e91 mbw8u-1a mbw8u-1b mbw8u-1c body-medium\"><p>Como organizaci\u00f3n de investigaci\u00f3n y defensa del paciente en el centro de la comunidad de ITU recurrentes y cr\u00f3nicas, se nos recomiendan m\u00e9dicos a diario.<\/p>\n<p>Valoramos estas recomendaciones porque recibimos m\u00e1s de 20 solicitudes diarias de derivaci\u00f3n a m\u00e9dicos. Nuestra comunidad de pacientes es inmensa, y ponerla en contacto con m\u00e9dicos que pueden ayudarnos es una de nuestras actividades principales. <\/p>\n<p><\/p><\/div><\/div><\/div><\/div><\/div><div class=\"x-col e555006-e92 mbw8u-k mbw8u-l mbw8u-m\"><div class=\"x-row e555006-e93 mbw8u-3 mbw8u-4 mbw8u-6 mbw8u-8 mbw8u-d\"><div class=\"x-row-inner\"><div class=\"x-col e555006-e94 mbw8u-k mbw8u-l mbw8u-m\"><div class=\"x-text x-content e555006-e95 mbw8u-1a mbw8u-1b mbw8u-1c body-medium\"><p>Como parte de nuestra red de m\u00e9dicos, tendr\u00e1s la oportunidad de proporcionar m\u00e1s informaci\u00f3n sobre tu consulta para que podamos ponerte en contacto de la mejor manera posible con pacientes que puedan beneficiarse de tu enfoque.<\/p>\n<p><strong>La informaci\u00f3n sobre los m\u00e9dicos de nuestra red no se publica directamente en nuestro sitio web, sino que se facilita por correo electr\u00f3nico a los pacientes que lo solicitan, en funci\u00f3n de la regi\u00f3n y las necesidades del paciente.<\/strong><\/p>\n<p>Nuestro servicio de derivaci\u00f3n de m\u00e9dicos es gratuito tanto para los pacientes como para los m\u00e9dicos, y nuestra red cuenta actualmente con unos 250 m\u00e9dicos de distintas especialidades y en distintos pa\u00edses. Consulta nuestra <span style=\"color: #c74f4d;\"><a href=\"https:\/\/liveutifree.com\/es\/legal-luf\/\" style=\"color: #c74f4d;\"><span style=\"text-decoration: underline;\">pol\u00edtica de privacidad<\/span><\/a><\/span> para m\u00e1s informaci\u00f3n sobre c\u00f3mo se utiliza la informaci\u00f3n que nos proporcionas. <\/p><\/div><\/div><div class=\"x-col e555006-e96 mbw8u-k mbw8u-m mbw8u-n\"><a class=\"x-anchor x-anchor-button e555006-e97 mbw8u-2b\" tabindex=\"0\" href=\"https:\/\/airtable.com\/appzPvbWbNfQVsK6U\/shrEbxA2eI2IM4Pa2\"><div class=\"x-anchor-content\"><div class=\"x-anchor-text\"><span class=\"x-anchor-text-primary\">\u00danete a nuestra red de referencia de m\u00e9dicos<\/span><\/div><\/div><\/a><\/div><\/div><\/div><\/div><\/div><\/div><\/div><div class=\"x-section e555006-e98 mbw8u-0\"><div class=\"x-row x-container max width e555006-e99 mbw8u-3 mbw8u-4 mbw8u-8 mbw8u-e\"><div class=\"x-row-inner\"><div class=\"x-col e555006-e100 mbw8u-k mbw8u-l mbw8u-m\"><div class=\"x-div e555006-e101 mbw8u-q mbw8u-r mbw8u-s mbw8u-t mbw8u-u\"><div class=\"x-text x-text-headline e555006-e102 mbw8u-z mbw8u-10 heading-03\"><div class=\"x-text-content\"><div class=\"x-text-content-text\"><h2 class=\"x-text-content-text-primary\">Comparte tu experiencia en nuestro canal de YouTube<\/h2>\n<\/div><\/div><\/div><hr class=\"x-line e555006-e103-v0 mbw8u-16 mbw8u-17\"\/><div class=\"x-row e555006-e104 mbw8u-3 mbw8u-4 mbw8u-7 mbw8u-8 mbw8u-f\"><div class=\"x-row-inner\"><div class=\"x-col e555006-e105 mbw8u-k mbw8u-m mbw8u-n\"><a class=\"x-image e555006-e106 mbw8u-26 mbw8u-27 mbw8u-29\" href=\"https:\/\/www.youtube.com\/@LiveUTIFree\/videos\" target=\"_blank\" rel=\"noopener noreferrer\"><img decoding=\"async\" src=\"https:\/\/liveutifree.com\/wp-content\/uploads\/2023\/02\/Screenshot-2023-02-01-at-17.46.06.png\" width=\"788\" height=\"289\" alt=\"Dos miniaturas de v\u00eddeos de YouTube sobre ITU y salud de la mujer, protagonizados por las doctoras Carley Akehurst y Rachel Rubin, en los que se destacan los puntos de vista de la LUF y se muestra la duraci\u00f3n del v\u00eddeo.\" loading=\"lazy\"><\/a><\/div><div class=\"x-col e555006-e107 mbw8u-k mbw8u-m mbw8u-n\"><a class=\"x-image e555006-e108 mbw8u-26 mbw8u-27 mbw8u-29\" href=\"https:\/\/www.youtube.com\/@LiveUTIFree\/videos\" target=\"_blank\" rel=\"noopener noreferrer\"><img decoding=\"async\" src=\"https:\/\/liveutifree.com\/wp-content\/uploads\/2023\/02\/Screenshot-2023-02-01-at-17.46.34.png\" width=\"790\" height=\"318\" alt=\"Dos miniaturas de v\u00eddeo de YouTube muestran a m\u00e9dicos hablando de las infecciones del tracto urinario (ITU). Un v\u00eddeo trata de la respuesta inmunitaria a las ITU, y el otro se centra en las ITU en ni\u00f1os y ancianos.\" loading=\"lazy\"><\/a><\/div><\/div><\/div><hr class=\"x-line e555006-e109-v0 mbw8u-17 mbw8u-18\"\/><div class=\"x-row e555006-e110 mbw8u-3 mbw8u-4 mbw8u-7 mbw8u-8 mbw8u-g\"><div class=\"x-row-inner\"><div class=\"x-col e555006-e111 mbw8u-k mbw8u-m mbw8u-n\"><div class=\"x-text x-content e555006-e112 mbw8u-1a mbw8u-1b mbw8u-1c body-medium\"><p>Nuestra <a href=\"https:\/\/www.youtube.com\/@LiveUTIFree\/videos\"><span style=\"text-decoration: underline;\">series de entrevistas a expertos y consejos pr\u00e1cticos en YouTub<\/span><\/a>e ofrecen a m\u00e9dicos e investigadores una plataforma para compartir su experiencia y conocimientos sobre la ITU recurrente y temas relacionados.<\/p>\n<p>Recogemos preguntas de nuestra comunidad e invitamos a expertos a compartir sus respuestas en esta popular serie. Participar con nuestra comunidad de este modo no s\u00f3lo permite a los miembros de nuestra comunidad conocer a los cl\u00ednicos de este campo, sino que tambi\u00e9n ofrece a los cl\u00ednicos la oportunidad de comprender mejor lo que es importante para los pacientes. <\/p>\n<p>Si quieres compartir tu investigaci\u00f3n o debatir sobre un \u00e1rea de la salud p\u00e9lvica, <a href=\"https:\/\/liveutifree.com\/es\/contacto-luf\/\"><span style=\"text-decoration: underline;\">\u00a1ponte en contacto!<\/span><\/a><\/p><\/div><\/div><\/div><\/div><\/div><\/div><\/div><\/div><\/div><div class=\"x-section e555006-e113 mbw8u-0\"><div class=\"x-row x-container max width e555006-e114 mbw8u-3 mbw8u-4 mbw8u-8 mbw8u-h\"><div class=\"x-row-inner\"><div class=\"x-col e555006-e115 mbw8u-k mbw8u-l mbw8u-m\"><div class=\"x-div e555006-e116 mbw8u-q mbw8u-r mbw8u-t mbw8u-u mbw8u-y\"><div class=\"x-text x-text-headline e555006-e117 mbw8u-z mbw8u-10 heading-03\"><div class=\"x-text-content\"><div class=\"x-text-content-text\"><h2 class=\"x-text-content-text-primary\">Colabora con nosotros en la investigaci\u00f3n<\/h2>\n<\/div><\/div><\/div><hr class=\"x-line e555006-e118-v0 mbw8u-16 mbw8u-17\"\/><div class=\"x-text x-content e555006-e119 mbw8u-19 mbw8u-1a mbw8u-1b mbw8u-1c body-medium\"><p>La investigaci\u00f3n es fundamental en todo lo que hacemos, y hemos recopilado el mayor conjunto de datos del mundo sobre la experiencia de los pacientes con ITU. Prestamos apoyo a otros investigadores de muchas maneras, por ejemplo <\/p>\n\n<ul>\n \t<li>Reclutamiento de participantes<\/li>\n \t<li>Asesoramiento sobre la participaci\u00f3n del p\u00fablico y los pacientes<\/li>\n \t<li>Dise\u00f1o del cuestionario del paciente<\/li>\n \t<li>Dise\u00f1o del estudio<\/li>\n \t<li>Colaboraci\u00f3n en las solicitudes de financiaci\u00f3n<\/li>\n<\/ul>\n<p>Invitamos a los investigadores a utilizar nuestras recientemente publicadas Medidas de Resultados Reportadas por Pacientes (PROMs) para la ITU recurrente:<\/p>\n\n<ol>\n \t<li><a href=\"https:\/\/bjui-journals.onlinelibrary.wiley.com\/doi\/10.1002\/bco2.222\" target=\"_blank\" rel=\"noopener\"><span style=\"text-decoration: underline;\">Escala de s\u00edntomas de infecci\u00f3n urinaria recurrente (RUTISS)<\/span><\/a><\/li>\n \t<li><a href=\"https:\/\/link.springer.com\/article\/10.1007\/s11136-023-03348-7\" target=\"_blank\" rel=\"noopener\"><span style=\"text-decoration: underline;\">El cuestionario de impacto de la infecci\u00f3n urinaria recurrente (RUTIIQ)<\/span><\/a><\/li>\n<\/ol>\n<p>Para m\u00e1s informaci\u00f3n sobre c\u00f3mo podemos colaborar en la investigaci\u00f3n, por favor<span> <\/span><span style=\"color: #c74f4d;\"><a href=\"https:\/\/liveutifree.com\/es\/contacto-luf\/\" style=\"color: #c74f4d;\"><span style=\"text-decoration: underline;\">env\u00edanos un correo electr\u00f3nico<\/span><\/a><\/span>.<\/p><\/div><\/div><\/div><\/div><\/div><\/div><div class=\"x-section e555006-e120 mbw8u-0\"><div class=\"x-row x-container max width e555006-e121 mbw8u-3 mbw8u-4 mbw8u-8 mbw8u-i\"><div class=\"x-row-inner\"><div class=\"x-col e555006-e122 mbw8u-k mbw8u-l mbw8u-m\"><div class=\"x-div e555006-e123 mbw8u-q mbw8u-r mbw8u-s mbw8u-t mbw8u-u\"><div class=\"x-text x-text-headline e555006-e124 mbw8u-z mbw8u-10 mbw8u-14 heading-03\"><div class=\"x-text-content\"><div class=\"x-text-content-text\"><h2 class=\"x-text-content-text-primary\">Participa en la serie \"Preg\u00fantame lo que quieras\" en las redes sociales<\/h2>\n<\/div><\/div><\/div><hr class=\"x-line e555006-e125-v0 mbw8u-16 mbw8u-17\"\/><span class=\"x-image e555006-e126 mbw8u-26 mbw8u-27\"><img decoding=\"async\" src=\"https:\/\/liveutifree.com\/wp-content\/uploads\/2021\/11\/1.png\" width=\"540\" height=\"540\" alt=\"Krystal Thomas-White AMA\" loading=\"lazy\"><\/span><hr class=\"x-line e555006-e127-v0 mbw8u-16 mbw8u-17\"\/><div class=\"x-text x-content e555006-e128 mbw8u-19 mbw8u-1a mbw8u-1b mbw8u-1c body-medium\"><p>Las conversaciones sobre la ITU tienen lugar en m\u00faltiples plataformas, y nos relacionamos frecuentemente con nuestra comunidad en las redes sociales. Una de las formas de conectar a los m\u00e9dicos con los pacientes en las redes sociales es a trav\u00e9s de la serie \"Preg\u00fantame lo que quieras\", en la que nuestro p\u00fablico env\u00eda preguntas y nuestro experto responde una cada semana. <\/p>\n<p>Si te apetece un \"AMA\", <span style=\"color: #c74f4d;\"><a href=\"https:\/\/liveutifree.com\/es\/contacto-luf\/\" style=\"color: #c74f4d;\"><span style=\"text-decoration: underline;\">ponte en contacto por correo electr\u00f3nico<\/span><\/a><\/span> o incluso mejor <a href=\"https:\/\/www.instagram.com\/liveutifree\/\" target=\"_blank\" rel=\"noopener\"><span style=\"text-decoration: underline;\">env\u00edanos un DM por Instagram<\/span><\/a>.<\/p><\/div><\/div><\/div><\/div><\/div><\/div><div class=\"x-section e555006-e129 mbw8u-0\"><div class=\"x-row x-container max width e555006-e130 mbw8u-3 mbw8u-4 mbw8u-8 mbw8u-j\"><div class=\"x-row-inner\"><div class=\"x-col e555006-e131 mbw8u-k mbw8u-l mbw8u-m\"><div class=\"x-div e555006-e132 mbw8u-q mbw8u-r mbw8u-t mbw8u-u mbw8u-y\"><div style=\"--tco-dcbw8u-2:;--tco-dcbw8u-3:;\" class=\"x-text x-text-headline e555006-e133-v0 mbw8u-10 mbw8u-13 mbw8u-15 mbw8u-2\"><div class=\"x-text-content\"><div class=\"x-text-content-text\"><h2 class=\"x-text-content-text-primary\">Author An Article On A Special Interest Area<\/h2>\n<\/div><\/div><\/div><hr class=\"x-line e555006-e134-v0 mbw8u-16 mbw8u-17\"\/><div class=\"x-text x-content e555006-e135 mbw8u-19 mbw8u-1a mbw8u-1b mbw8u-1c body-medium\"><p>Nos encanta compartir contenidos basados en pruebas y elaborados por autores con experiencia pr\u00e1ctica, y colaboramos con m\u00e9dicos e investigadores para hacerlo posible. Nuestra comunidad aprecia la oportunidad de aprender sobre una amplia gama de temas de la mano de expertos en su campo. <\/p>\n<p>Si eres autor de contenidos en nuestro sitio, tendr\u00e1s la oportunidad de compartir m\u00e1s informaci\u00f3n sobre tu propia consulta y dirigir a los lectores a tu propio sitio web. Consulta algunos de nuestros art\u00edculos de expertos: <\/p>\n\n<ol>\n \t<li><a href=\"https:\/\/liveutifree.com\/es\/itu-y-menopausia-los-estrogenos-pueden-mejorar-la-itu-recurrente\/\"><span style=\"text-decoration: underline;\">ITU y Menopausia: Los estr\u00f3genos pueden mejorar la ITU recurrente<\/span><\/a><\/li>\n \t<li><a href=\"https:\/\/liveutifree.com\/es\/vitamina-c-para-la-itu-funciona\/\"><span style=\"text-decoration: underline;\">Vitamina C para la ITU: \u00bfFunciona?<\/span><\/a><\/li>\n \t<li><a href=\"https:\/\/liveutifree.com\/es\/itu-durante-el-embarazo-seguridad-tratamiento-y-prevencion\/\"><span style=\"text-decoration: underline;\">ITU Durante El Embarazo: Seguridad, Tratamiento y Prevenci\u00f3n<\/span><\/a><\/li>\n<\/ol>\n<p><span>Nos encantar\u00eda saber de ti si tienes una idea para un art\u00edculo, as\u00ed que <\/span><a href=\"https:\/\/liveutifree.com\/es\/contacto-luf\/\"><span style=\"text-decoration: underline;\">ponte en contacto<\/span><\/a><span>.<\/span><\/p><\/div><\/div><\/div><\/div><\/div><\/div><\/div>","protected":false},"excerpt":{"rendered":"<p>C\u00f3mo pueden participar los m\u00e9dicos Si eres nuevo aqu\u00ed, bienvenido a nuestra comunidad. Nos entusiasma saber m\u00e1s sobre tu experiencia en el \u00e1mbito de la ITU recurrente y cr\u00f3nica y sobre c\u00f3mo podemos colaborar o ponerte en contacto con nuestra comunidad. Quiz\u00e1s ya est\u00e9s familiarizado con nuestro recurso para m\u00e9dicos (pdf) o nuestra gu\u00eda para ayudar a los pacientes a &#8230; <\/p>\n<div><a href=\"https:\/\/liveutifree.com\/es\/clinicos-luf\/\" class=\"more-link\">Read More<\/a><\/div>\n","protected":false},"author":7,"featured_media":0,"parent":0,"menu_order":65,"comment_status":"closed","ping_status":"closed","template":"template-blank-4.php","meta":{"_acf_changed":false,"inline_featured_image":false,"footnotes":""},"class_list":["post-555006","page","type-page","status-publish","hentry","no-post-thumbnail"],"acf":[],"featured_image_src":null,"_links":{"self":[{"href":"https:\/\/liveutifree.com\/es\/wp-json\/wp\/v2\/pages\/555006","targetHints":{"allow":["GET"]}}],"collection":[{"href":"https:\/\/liveutifree.com\/es\/wp-json\/wp\/v2\/pages"}],"about":[{"href":"https:\/\/liveutifree.com\/es\/wp-json\/wp\/v2\/types\/page"}],"author":[{"embeddable":true,"href":"https:\/\/liveutifree.com\/es\/wp-json\/wp\/v2\/users\/7"}],"replies":[{"embeddable":true,"href":"https:\/\/liveutifree.com\/es\/wp-json\/wp\/v2\/comments?post=555006"}],"version-history":[{"count":2,"href":"https:\/\/liveutifree.com\/es\/wp-json\/wp\/v2\/pages\/555006\/revisions"}],"predecessor-version":[{"id":574552,"href":"https:\/\/liveutifree.com\/es\/wp-json\/wp\/v2\/pages\/555006\/revisions\/574552"}],"wp:attachment":[{"href":"https:\/\/liveutifree.com\/es\/wp-json\/wp\/v2\/media?parent=555006"}],"curies":[{"name":"wp","href":"https:\/\/api.w.org\/{rel}","templated":true}]}}