{"id":558158,"date":"2025-09-07T11:01:36","date_gmt":"2025-09-07T11:01:36","guid":{"rendered":"https:\/\/liveutifree.com\/gemeinschaftsrichtlinien-luf\/"},"modified":"2025-10-23T14:15:35","modified_gmt":"2025-10-23T14:15:35","slug":"gemeinschaftsrichtlinien-luf","status":"publish","type":"page","link":"https:\/\/liveutifree.com\/de\/gemeinschaftsrichtlinien-luf\/","title":{"rendered":"Leitlinien der Gemeinschaft"},"content":{"rendered":"<div id=\"cs-content\" class=\"cs-content\"><div class=\"x-section e558158-e1 mbyoe-0\"><div class=\"x-row e558158-e2 mbyoe-1 mbyoe-2\"><div class=\"x-row-inner\"><div class=\"x-col e558158-e3 mbyoe-3\"><div class=\"x-text x-text-headline e558158-e4 mbyoe-4 mbyoe-5 heading-02\"><div class=\"x-text-content\"><div class=\"x-text-content-text\"><h1 class=\"x-text-content-text-primary\">Live UTI Free Community Richtlinien<\/h1>\n<\/div><\/div><\/div><hr class=\"x-line e558158-e5-v0 mbyoe-6\"\/><div class=\"x-text x-content e558158-e6 mbyoe-7 mbyoe-8 body-medium\"><span>Live UTI Free existiert, um der Gemeinschaft, die wir aufbauen, zu helfen und sie zu unterst\u00fctzen. Es ist uns sehr wichtig, dass wir f\u00fcr diese Gemeinschaft einen sicheren Ort schaffen, an dem sie mehr \u00fcber Harnwegsinfektionen erfahren und sich angemessen austauschen kann. Diese Community-Richtlinien sollen dies erm\u00f6glichen.  <\/span><\/div><\/div><div class=\"x-col e558158-e7 mbyoe-3\"><div class=\"x-text x-text-headline e558158-e8 mbyoe-5 heading-03\"><div class=\"x-text-content\"><div class=\"x-text-content-text\"><h2 class=\"x-text-content-text-primary\">Live UTI Free Post Kommentare<\/h2>\n<\/div><\/div><\/div><hr class=\"x-line e558158-e9-v0 mbyoe-6\"\/><div class=\"x-text x-text-headline e558158-e10 mbyoe-5 heading-03\"><div class=\"x-text-content\"><div class=\"x-text-content-text\"><h3 class=\"x-text-content-text-primary\">\u00dcbersicht<\/h3>\n<\/div><\/div><\/div><hr class=\"x-line e558158-e11-v0 mbyoe-6\"\/><div class=\"x-text x-content e558158-e12 mbyoe-8 body-medium\"><p>Kommentare sind eine gro\u00dfartige M\u00f6glichkeit, Fragen zu stellen, Theorien aufzustellen und n\u00fctzliche Informationen zu teilen. Wir freuen uns, wenn Sie Ihre Meinung \u00e4u\u00dfern, und wir freuen uns, von unserer Community zu h\u00f6ren. Wir haben einige Community-Richtlinien, die dazu beitragen sollen, dass Kommentare f\u00fcr alle n\u00fctzlich sind. Wir m\u00f6chten auch h\u00f6flich bleiben.   <\/p>\n<p>Wir ermutigen Sie, sich an der Diskussion \u00fcber chronische UTI zu beteiligen. Schauen Sie sich die bisherigen Kommentare an, bevor Sie sich an der Diskussion beteiligen, und entscheiden Sie dann, ob Sie etwas N\u00fctzliches beizutragen haben. <\/p>\n<p>Wir verstehen, dass dies ein sehr pers\u00f6nliches Thema ist, daher m\u00fcssen Sie nicht Ihren echten Namen verwenden, aber geben Sie sich niemals als eine andere Person aus. Sie sind rechtlich f\u00fcr die von Ihnen eingereichten Inhalte verantwortlich, und sobald sie online sind, kann sie jeder lesen. <\/p>\n<p>In diesem Sinne sollten Sie sich Gedanken dar\u00fcber machen, wie andere Ihren Kommentar auffassen k\u00f6nnten, bevor Sie ihn abschicken. Eine chronische UTI wird von jedem Menschen anders erlebt, und es ist wichtig, dass Ihr Kommentar nicht missverstanden wird. <\/p>\n<p>Machen Sie deutlich, welche Verbindung Sie zu der Geschichte oder der Forschung haben, die Sie teilen. Bei Live UTI Free geht es uns um Transparenz. <\/p><\/div><hr class=\"x-line e558158-e13-v0 mbyoe-6\"\/><div class=\"x-text x-text-headline e558158-e14 mbyoe-5 heading-03\"><div class=\"x-text-content\"><div class=\"x-text-content-text\"><h3 class=\"x-text-content-text-primary\">Wer kann kommentieren?<\/h3>\n<\/div><\/div><\/div><hr class=\"x-line e558158-e15-v0 mbyoe-6\"\/><div class=\"x-text x-content e558158-e16 mbyoe-8 body-medium\"><p>Wir stellen einen Kommentarbereich f\u00fcr alle unsere Beitr\u00e4ge zur Verf\u00fcgung, da wir unsere Nutzer ermutigen m\u00f6chten, Fragen zu stellen, ihre Geschichten zu teilen und uns wertvolles Feedback zu geben. Wir begr\u00fc\u00dfen freundliche Diskussionen und respektvolle Meinungsverschiedenheiten mit Menschen, die sich f\u00fcr chronische UTI und die Gesundheit von Frauen interessieren. <\/p>\n<p>Das bedeutet, dass jeder kommentieren kann, aber wir bitten Sie, sich an die in diesen Community-Richtlinien enthaltenen Regeln zu halten. Wir bitten Sie auch, Ihre Kommentare nicht an mehreren Stellen auf der Website zu duplizieren. Das verw\u00e4ssert nur die Konversation \u00fcber wichtige Themen.  <\/p><\/div><hr class=\"x-line e558158-e17-v0 mbyoe-6\"\/><div class=\"x-text x-text-headline e558158-e18 mbyoe-5 heading-03\"><div class=\"x-text-content\"><div class=\"x-text-content-text\"><h3 class=\"x-text-content-text-primary\">Pers\u00f6nliche Erfahrungen und Empfehlungen<\/h3>\n<\/div><\/div><\/div><hr class=\"x-line e558158-e19-v0 mbyoe-6\"\/><div class=\"x-text x-content e558158-e20 mbyoe-8 body-medium\"><p>Als Website, die sich f\u00fcr Patienten einsetzt, sind pers\u00f6nliche Erfahrungen unser Antrieb. Wir wollen Ihre Geschichten h\u00f6ren und wir wollen alles \u00fcber Ihre Fortschritte wissen. Was wir nicht guthei\u00dfen, ist, dass Nutzer unserer Website anderen Nutzern Empfehlungen geben, die auf ihren pers\u00f6nlichen Behandlungserfahrungen basieren. Dies gilt sowohl f\u00fcr bestimmte Produkte als auch f\u00fcr Therapeuten, unabh\u00e4ngig davon, ob die Bewertung positiv oder negativ ausf\u00e4llt.   <\/p>\n<p>Es gibt kein einzelnes Heilmittel oder eine Behandlung, die bei jedem Menschen, der an chronischen UTI leidet, funktioniert. Und jeder Mensch hat individuelle Erfahrungen mit einem Arzt gemacht. Das bedeutet, dass es unangebracht ist, wenn eine Person einer anderen bestimmte Heilmittel und\/oder Medikamente oder Therapeuten empfiehlt. Diese Art von Kommentaren wird entfernt.   <\/p>\n<p>Wenn Sie stattdessen gute Informationen \u00fcber eine bestimmte Behandlung oder einen Therapeuten f\u00fcr chronische UTI haben, k\u00f6nnen Sie diese weitergeben,<span> <\/span><a href=\"https:\/\/liveutifree.com\/de\/kontakt-luf\/\" rel=\"noopener\">Kontakt aufnehmen<\/a><span> <\/span>mit uns! Auf diese Weise k\u00f6nnen wir die notwendigen Nachforschungen anstellen und, wenn es angemessen ist, die Informationen auf unserer Website ver\u00f6ffentlichen. <\/p><\/div><hr class=\"x-line e558158-e21-v0 mbyoe-6\"\/><div class=\"x-text x-text-headline e558158-e22 mbyoe-5 heading-03\"><div class=\"x-text-content\"><div class=\"x-text-content-text\"><h3 class=\"x-text-content-text-primary\">Wissenschaftliche Referenzen<\/h3>\n<\/div><\/div><\/div><hr class=\"x-line e558158-e23-v0 mbyoe-6\"\/><div class=\"x-text x-content e558158-e24 mbyoe-8 body-medium\"><p>Wenn Sie einen Kommentar zu Live UTI Free abgeben, versichern Sie, dass die von Ihnen mitgeteilten Informationen nach bestem Wissen und Gewissen wahrheitsgem\u00e4\u00df und korrekt sind. Wenn Ihr Beitrag nicht auf Ihrer eigenen pers\u00f6nlichen Erfahrung beruht, bitten wir Sie, Quellen (Referenzen, Links) anzugeben, damit andere ihre eigenen Nachforschungen anstellen k\u00f6nnen. <\/p>\n<p>Wenn Sie der Meinung sind, dass ein von einem anderen Benutzer geposteter Kommentar sachlich falsch ist, seien Sie nett und teilen Sie uns Ihre eigenen Referenzen mit, die das Gegenteil beweisen. Es werden st\u00e4ndig neue Forschungsergebnisse ver\u00f6ffentlicht, und wir k\u00f6nnten alle Hilfe gebrauchen, um auf dem Laufenden zu bleiben! <\/p>\n<p>Kurz gesagt, wir freuen uns \u00fcber Ihren Beitrag und bitten Sie, Ihre Meinung zu \u00e4u\u00dfern und sie gegebenenfalls mit Beweisen zu belegen.<\/p><\/div><hr class=\"x-line e558158-e25-v0 mbyoe-6\"\/><div class=\"x-text x-text-headline e558158-e26 mbyoe-5 heading-03\"><div class=\"x-text-content\"><div class=\"x-text-content-text\"><h3 class=\"x-text-content-text-primary\">Allgemeine H\u00f6flichkeit und unangemessenes Verhalten<\/h3>\n<\/div><\/div><\/div><hr class=\"x-line e558158-e27-v0 mbyoe-6\"\/><div class=\"x-text x-content e558158-e28 mbyoe-8 body-medium\"><p>Hier geht es um Respekt. Live UTI Free ist der Mittelpunkt einer Gemeinschaft mit sehr unterschiedlichen Erfahrungen. Wir dulden keine Verleumdungen oder Beleidigungen.  <\/p>\n<p>Seien Sie anderen gegen\u00fcber respektvoll und unterlassen Sie Kommentare, die herablassend, besch\u00e4mend oder beleidigend, bedrohend, obsz\u00f6n, in irgendeiner Weise beleidigend oder diskriminierend gegen\u00fcber einer bestimmten Gruppe sind.<\/p>\n<p>Dazu geh\u00f6ren Kommentare, die ungerechtfertigte Annahmen oder abf\u00e4llige Bemerkungen \u00fcber das Engagement einer Person f\u00fcr ihre Gesundheit, ihre allgemeine Gesundheit, ihre Ern\u00e4hrung oder ihren Lebensstil machen. Benutzerbeitr\u00e4ge, die Selbstverletzungen f\u00f6rdern oder andeuten, werden nicht ver\u00f6ffentlicht. <\/p>\n<p>Es ist uns sehr wichtig, dass Betroffene von chronischen Harnwegsinfektionen das Gef\u00fchl haben, dass Live UTI Free ein sicherer Ort ist, an dem sie mehr \u00fcber die Wissenschaft hinter diesen Erkrankungen erfahren und ohne Repressalien Fragen stellen k\u00f6nnen.<\/p>\n<p>Wenn es den Anschein hat, dass Sie absichtlich an einer Diskussion teilnehmen, nur um beunruhigende Kommentare zu posten (Trolling), wird Ihr Kommentar gel\u00f6scht.<\/p>\n<p>Inhalte oder Benutzernamen, die als ungeeignet f\u00fcr die allgemeine Betrachtung angesehen werden, sind nicht akzeptabel.<\/p>\n<p>Wenn Sie einen Kommentar sehen, der gegen diese Regeln verst\u00f6\u00dft, antworten Sie bitte nicht.<span> <\/span><span style=\"text-decoration: underline; color: #c74f4d;\"><a href=\"https:\/\/liveutifree.com\/de\/kontakt-luf\/\" rel=\"noopener\" style=\"color: #c74f4d; text-decoration: underline;\">Melden Sie es<\/a><\/span><span> <\/span>stattdessen an uns. Wir werden alle Beitr\u00e4ge l\u00f6schen, die gegen diese Regeln versto\u00dfen, was bedeutet, dass auch alle Antworten gel\u00f6scht werden. <\/p><\/div><hr class=\"x-line e558158-e29-v0 mbyoe-6\"\/><div class=\"x-text x-text-headline e558158-e30 mbyoe-5 heading-03\"><div class=\"x-text-content\"><div class=\"x-text-content-text\"><h3 class=\"x-text-content-text-primary\">Welche Art von Ratschl\u00e4gen ist angemessen?<\/h3>\n<\/div><\/div><\/div><hr class=\"x-line e558158-e31-v0 mbyoe-6\"\/><div class=\"x-text x-content e558158-e32 mbyoe-8 body-medium\"><p>Wie wir bereits erw\u00e4hnt haben, geht es bei Live UTI Free um evidenzbasierte Ans\u00e4tze, und wir sind der festen \u00dcberzeugung, dass kein einziger Behandlungsansatz f\u00fcr jeden Menschen mit chronischen UTI erfolgreich sein wird.<\/p>\n<p>Es mag den Anschein haben, als w\u00fcrden wir auf diesem Thema herumreiten, aber wir halten es f\u00fcr sehr wichtig. Wir ermutigen unsere Nutzer zwar, ihre pers\u00f6nlichen Geschichten und Erfahrungen mitzuteilen, aber wir erlauben keine Kommentare, die bestimmte Heilmittel oder Behandlungen in einer Weise empfehlen, die anderen Nutzern direkt nahelegt, diese auszuprobieren. <\/p>\n<p>Dies gilt auch f\u00fcr Mediziner und Forscher. Wenn Sie als Mediziner oder Forscher relevante Informationen zur Verf\u00fcgung stellen m\u00f6chten, geben Sie bitte zum Zeitpunkt der Ver\u00f6ffentlichung Ihren beruflichen Status an. Wir freuen uns \u00fcber Beitr\u00e4ge aus der medizinischen und wissenschaftlichen Gemeinschaft und bitten Sie, sich an unsere Regel \"keine spezifischen Empfehlungen\" zu halten.  <\/p>\n<p>Die Informationen auf Live UTI Free sind nicht dazu gedacht, die Beziehung zwischen einem Patienten und seinem behandelnden Arzt zu ersetzen. Es ist immer am besten, den Rat eines qualifizierten Arztes einzuholen, wenn Sie Informationen auf unserer Website oder in den Kommentaren finden. <\/p><\/div><hr class=\"x-line e558158-e33-v0 mbyoe-6\"\/><div class=\"x-text x-text-headline e558158-e34 mbyoe-5 heading-03\"><div class=\"x-text-content\"><div class=\"x-text-content-text\"><h3 class=\"x-text-content-text-primary\">L\u00e4nge der Kommentare<\/h3>\n<\/div><\/div><\/div><hr class=\"x-line e558158-e35-v0 mbyoe-6\"\/><div class=\"x-text x-content e558158-e36 mbyoe-8 body-medium\"><p>Wir haben die L\u00e4nge der Kommentare auf 800 Zeichen begrenzt. Nutzen Sie sie weise. <\/p>\n<p>800 Zeichen sollten ausreichen, um eine Diskussion in Gang zu halten. Wenn Sie detailliertere Informationen haben, die Sie mit uns teilen m\u00f6chten, <span> <\/span><span style=\"text-decoration: underline; color: #c74f4d;\"><a href=\"https:\/\/liveutifree.com\/de\/kontakt-luf\/\" rel=\"noopener\" style=\"color: #c74f4d; text-decoration: underline;\">Kontakt aufnehmen<\/a><\/span><span> <\/span>direkt mit uns Kontakt aufnehmen, wir w\u00fcrden uns freuen, von Ihnen zu h\u00f6ren.<\/p><\/div><hr class=\"x-line e558158-e37-v0 mbyoe-6\"\/><div class=\"x-text x-text-headline e558158-e38 mbyoe-5 heading-03\"><div class=\"x-text-content\"><div class=\"x-text-content-text\"><h3 class=\"x-text-content-text-primary\">Keine Verk\u00e4ufe, Werbung oder irref\u00fchrende Assoziationen<\/h3>\n<\/div><\/div><\/div><hr class=\"x-line e558158-e39-v0 mbyoe-6\"\/><div class=\"x-text x-content e558158-e40 mbyoe-8 body-medium\"><p>Bitte verkaufen oder bewerben Sie keine Produkte oder Dienstleistungen \u00fcber Kommentare auf unserer Website. Wenn Sie ein Produkt oder eine Dienstleistung haben, von der Sie glauben, dass sie f\u00fcr unsere Leser von Nutzen sein k\u00f6nnte, <span> <\/span><span style=\"text-decoration: underline; color: #c74f4d;\"><a href=\"https:\/\/liveutifree.com\/de\/kontakt-luf\/\" rel=\"noopener\" style=\"color: #c74f4d; text-decoration: underline;\">Kontakt aufnehmen<\/a><\/span><span> <\/span>zuerst mit uns.<\/p>\n<p>Bitte implizieren Sie ohne vorherige schriftliche Zustimmung keine Verbindung zu Live UTI Free oder eine Bef\u00fcrwortung durch Live UTI Free. Au\u00dferdem d\u00fcrfen Sie auf keinen Fall unseren Namen verwenden, wenn Sie f\u00fcr Ihr Produkt werben. Auch etwas wie \"basierend auf Informationen von liveutifree.com\" ist nicht zul\u00e4ssig.  <\/p>\n<p>Wir werben nicht f\u00fcr einzelne Produkte oder Organisationen, es sei denn, dies wurde vorher schriftlich vereinbart. Dies ist wichtig, um das Vertrauen und die Transparenz innerhalb unserer Gemeinschaft zu erhalten. Wir arbeiten jedoch mit Organisationen zusammen, wenn dies f\u00fcr unser Publikum von Vorteil ist. Wenn Sie dies mit uns besprechen m\u00f6chten, lesen Sie bitte unser   <span> <\/span><span style=\"text-decoration: underline; color: #c74f4d;\"><a href=\"https:\/\/liveutifree.com\/de\/finanzierungspolitik-luf\/\" rel=\"noopener\" style=\"color: #c74f4d; text-decoration: underline;\">Finanzierungspolitik<\/a><\/span>.<\/p>\n<p>Alle Spam- oder Werbekommentare werden entfernt oder gar nicht erst ver\u00f6ffentlicht. Dies schlie\u00dft ein: <\/p>\n\n<ul>\n \t<li>Verlinkung mit Websites Dritter zum Zwecke der Werbung<\/li>\n \t<li>Verlinkung zu Websites Dritter, die f\u00fcr unsere Leser irrelevant sind<\/li>\n \t<li>Jeder Kommentar, der nur einen Link enth\u00e4lt<\/li>\n \t<li>Werbung f\u00fcr eine Website, soziale Konten, einen YouTube-Kanal oder ein Unternehmen eines Dritten<\/li>\n \t<li>Werbung f\u00fcr Ihre eigene Website, Ihre sozialen Konten, Ihren YouTube-Kanal oder Ihr Unternehmen<\/li>\n \t<li>Bot-generierte Kommentare<\/li>\n \t<li>Einf\u00fcgen eines Teils eines anderen Artikels oder einer anderen Website, der kein referenziertes Zitat ist und sich auf die Diskussion bezieht<\/li>\n<\/ul><\/div><hr class=\"x-line e558158-e41-v0 mbyoe-6\"\/><div class=\"x-text x-text-headline e558158-e42 mbyoe-5 heading-03\"><div class=\"x-text-content\"><div class=\"x-text-content-text\"><h3 class=\"x-text-content-text-primary\">Copyright-Verletzung<\/h3>\n<\/div><\/div><\/div><hr class=\"x-line e558158-e43-v0 mbyoe-6\"\/><div class=\"x-text x-content e558158-e44 mbyoe-8 body-medium\"><p>Dies ist ganz einfach. Wenn Sie es nicht selbst geschrieben haben, es nicht ordnungsgem\u00e4\u00df referenziert haben oder nicht die Erlaubnis haben, es zu ver\u00f6ffentlichen, ver\u00f6ffentlichen Sie es nicht. Es ist v\u00f6llig in Ordnung, wenn Sie die Arbeit einer anderen Person in Ihren eigenen Worten zusammenfassen, um die Diskussion zu f\u00f6rdern.  <\/p>\n<p>Die Wiedergabe von Inhalten, die von Live UTI Free ver\u00f6ffentlicht wurden, ist ohne entsprechende Quellenangabe rechtswidrig. Wir begr\u00fc\u00dfen Links zur\u00fcck zu unserer Website, wenn sie in einem angemessenen Kontext verwendet werden. N\u00e4heres dazu finden Sie in unserem  <span> <\/span><span style=\"text-decoration: underline; color: #c74f4d;\"><a href=\"https:\/\/liveutifree.com\/de\/legal-luf\/\" rel=\"noopener\" style=\"color: #c74f4d; text-decoration: underline;\">Rechtliches<\/a><\/span><span> <\/span>Seite.<\/p><\/div><hr class=\"x-line e558158-e45-v0 mbyoe-6\"\/><div class=\"x-text x-text-headline e558158-e46 mbyoe-5 heading-03\"><div class=\"x-text-content\"><div class=\"x-text-content-text\"><h3 class=\"x-text-content-text-primary\">Datenschutz f\u00fcr sich selbst und andere Kommentatoren<\/h3>\n<\/div><\/div><\/div><hr class=\"x-line e558158-e47-v0 mbyoe-6\"\/><div class=\"x-text x-content e558158-e48 mbyoe-8 body-medium\"><span>Verletzen Sie nicht die Privatsph\u00e4re eines anderen. Bitte ver\u00f6ffentlichen Sie keine pers\u00f6nlichen und\/oder Kontaktinformationen \u00fcber sich selbst - denken Sie daran, dass dies ein \u00f6ffentlicher Bereich ist. Ver\u00f6ffentlichen Sie keine pers\u00f6nlichen Daten oder Kontaktinformationen anderer Personen, einschlie\u00dflich der Kontaktinformationen von Praktikern. Wenn Sie uns etwas mitteilen m\u00f6chten, nehmen Sie Kontakt mit uns auf.   <\/span><\/div><hr class=\"x-line e558158-e49-v0 mbyoe-6\"\/><div class=\"x-text x-text-headline e558158-e50 mbyoe-5 heading-03\"><div class=\"x-text-content\"><div class=\"x-text-content-text\"><h3 class=\"x-text-content-text-primary\">Moderation und Kennzeichnung unangemessener Inhalte<\/h3>\n<\/div><\/div><\/div><hr class=\"x-line e558158-e51-v0 mbyoe-6\"\/><div class=\"x-text x-content e558158-e52 mbyoe-8 body-medium\"><p>Alle Kommentare auf Live UTI Free werden moderiert, um sicherzustellen, dass sie mit den hier dargelegten Gemeinschaftsrichtlinien \u00fcbereinstimmen.<\/p>\n<p>Benutzerkommentare, die nicht im Sinne dieser Community-Richtlinien sind, werden entfernt.<\/p>\n<p>Wenn Ihr Kommentar nicht sofort nach dem Absenden auf der Website erscheint, hat unser kleines Team ihn wahrscheinlich noch nicht gepr\u00fcft und genehmigt. Dies geschieht in der Regel innerhalb von 24 Stunden. <\/p>\n<p>Wenn Ihr Kommentar nach diesem Zeitraum nicht erscheint, ist es m\u00f6glich, dass er als Versto\u00df gegen die Community-Richtlinien gekennzeichnet wurde. Wenn m\u00f6glich, werden wir uns mit Ihnen in Verbindung setzen, wenn dies der Fall ist. Wir ermutigen Sie au\u00dferdem  <span> <\/span><span style=\"text-decoration: underline; color: #c74f4d;\"><a href=\"https:\/\/liveutifree.com\/de\/kontakt-luf\/\" rel=\"noopener\" style=\"color: #c74f4d; text-decoration: underline;\">Erreichen Sie uns<\/a><\/span><span> <\/span>wenn Sie eine Frage zu Ihrem Kommentar haben.<\/p>\n<p>Wenn Sie der Meinung sind, dass ein ver\u00f6ffentlichter Kommentar unangemessen ist, k\u00f6nnen Sie ihn \u00fcber unser<span> <\/span><span style=\"text-decoration: underline; color: #c74f4d;\"><a href=\"https:\/\/liveutifree.com\/de\/kontakt-luf\/\" rel=\"noopener\" style=\"color: #c74f4d; text-decoration: underline;\">Kontakt-Formular<\/a><\/span>. Wenn wir mit Ihnen einverstanden sind, werden wir den Kommentar entfernen und, wenn m\u00f6glich, den Benutzer, der ihn gepostet hat, kontaktieren.<\/p>\n<p>Wir bearbeiten keine Kommentare. Das hei\u00dft, selbst wenn ein einziges Wort in einem Kommentar gegen diese Community-Richtlinien verst\u00f6\u00dft, wird der gesamte Kommentar entfernt. Wir werden auch keine Rechtschreib- oder Grammatikfehler korrigieren.  <\/p>\n<p>Wenn Sie etwas auf unserer Website sehen, das Ihrer Meinung nach falsch oder unvollst\u00e4ndig ist, bitten wir Sie<span> <\/span><span style=\"text-decoration: underline; color: #c74f4d;\"><a href=\"https:\/\/liveutifree.com\/de\/kontakt-luf\/\" rel=\"noopener\" style=\"color: #c74f4d; text-decoration: underline;\">erreichen Sie uns<\/a><\/span>. Wenn Sie einen Kommentar eines anderen Benutzers f\u00fcr unangemessen halten, teilen Sie uns dies bitte mit.<\/p><\/div><hr class=\"x-line e558158-e53-v0 mbyoe-6\"\/><div class=\"x-text x-text-headline e558158-e54 mbyoe-5 heading-03\"><div class=\"x-text-content\"><div class=\"x-text-content-text\"><h3 class=\"x-text-content-text-primary\">Wenn Sie uns etwas zu sagen haben<\/h3>\n<\/div><\/div><\/div><hr class=\"x-line e558158-e55-v0 mbyoe-6\"\/><div class=\"x-text x-content e558158-e56 mbyoe-8 body-medium\"><p>Ob es gut oder schlecht ist, wir wollen es h\u00f6ren, und am besten nehmen Sie \u00fcber unser<span> <\/span><span style=\"text-decoration: underline; color: #c74f4d;\"><a href=\"https:\/\/liveutifree.com\/de\/kontakt-luf\/\" rel=\"noopener\" style=\"color: #c74f4d; text-decoration: underline;\">Kontakt-Formular<\/a><\/span>.<\/p>\n<p>Vor allem, wenn Sie etwas Negatives zu sagen haben, bevorzugen wir es, dass Sie es uns direkt mitteilen, da wir so am effektivsten darauf reagieren k\u00f6nnen.<\/p>\n<p>Wenn Sie einen Vorschlag f\u00fcr unsere Website haben oder uns neue Forschungsergebnisse mitteilen m\u00f6chten, wenden Sie sich am besten auch direkt an uns. Wir versprechen, unser <span> <\/span><span style=\"text-decoration: underline; color: #c74f4d;\"><a href=\"https:\/\/liveutifree.com\/de\/kontakt-luf\/\" rel=\"noopener\" style=\"color: #c74f4d; text-decoration: underline;\">Kontakt-Formular<\/a><\/span><span> <\/span>ist ein direkter Draht zu unserem E-Mail-Posteingang, und wir werden Ihnen antworten.<\/p><\/div><hr class=\"x-line e558158-e57-v0 mbyoe-6\"\/><div class=\"x-text x-text-headline e558158-e58 mbyoe-5 heading-03\"><div class=\"x-text-content\"><div class=\"x-text-content-text\"><h3 class=\"x-text-content-text-primary\">Wie diese Community-Richtlinien f\u00fcr Interaktionen in den sozialen Medien gelten<\/h3>\n<\/div><\/div><\/div><hr class=\"x-line e558158-e59-v0 mbyoe-6\"\/><div class=\"x-text x-content e558158-e60 mbyoe-8 body-medium\"><p>Alle oben genannten Community-Richtlinien gelten f\u00fcr Interaktionen und Kommentare auf unseren Social-Media-Konten, mit den folgenden Erg\u00e4nzungen.<\/p>\n<p>Wir behalten uns das Recht vor, Konten zu sperren, zu entfolgen und\/oder zu melden, die unserer Meinung nach gegen diese Community-Richtlinien versto\u00dfen.<\/p>\n<p>Wir erstellen unsere Inhalte in den sozialen Medien sorgf\u00e4ltig mit Blick auf unsere Community. Bitte verwenden Sie unsere Inhalte nicht auf eine Art und Weise, die im Widerspruch zu diesen Community-Richtlinien steht. Wenn Sie irgendwelche Zweifel haben, fragen Sie einfach  <span> <\/span><span style=\"text-decoration: underline; color: #c74f4d;\"><a href=\"https:\/\/liveutifree.com\/de\/kontakt-luf\/\" rel=\"noopener\" style=\"color: #c74f4d; text-decoration: underline;\">erreichen Sie uns<\/a><\/span>.<\/p>\n<p>Wenn wir Ihnen eine private oder direkte Nachricht senden und Sie meinen, dass Sie diese \u00f6ffentlich teilen m\u00f6chten, bitten wir Sie um eine schriftliche Genehmigung, bevor Sie dies tun.<\/p>\n<p>Wenn Sie unsere Inhalte mit Ihrem Publikum teilen, um das Bewusstsein daf\u00fcr zu sch\u00e4rfen, wissen wir das sehr zu sch\u00e4tzen und bitten Sie, Live UTI Free entsprechend zu erw\u00e4hnen.<\/p>\n<p>Und schlie\u00dflich sollten Sie keine irref\u00fchrenden Assoziationen wecken und nicht den Eindruck erwecken, dass Live UTI Free Ihr Produkt oder Ihre Dienstleistung bef\u00fcrwortet. Wir stellen Informationen bereit, damit unsere Nutzer ihre eigenen Entscheidungen treffen k\u00f6nnen, und irref\u00fchrende Assoziationen k\u00f6nnen diesen Entscheidungsprozess beeintr\u00e4chtigen. <\/p><\/div><\/div><\/div><\/div><\/div><\/div>","protected":false},"excerpt":{"rendered":"<p>Live UTI Free Community Richtlinien Live UTI Free existiert, um der Gemeinschaft, die wir aufbauen, zu helfen und sie zu unterst\u00fctzen. Es ist uns sehr wichtig, dass wir f\u00fcr diese Gemeinschaft einen sicheren Ort schaffen, an dem sie mehr \u00fcber Harnwegsinfektionen erfahren und sich angemessen austauschen kann. Diese Community-Richtlinien sollen dies erm\u00f6glichen. Live UTI Free Post Kommentare \u00dcbersicht Kommentare sind &#8230; <\/p>\n<div><a href=\"https:\/\/liveutifree.com\/de\/gemeinschaftsrichtlinien-luf\/\" class=\"more-link\">Read More<\/a><\/div>\n","protected":false},"author":1,"featured_media":555522,"parent":0,"menu_order":71,"comment_status":"closed","ping_status":"closed","template":"template-blank-4.php","meta":{"_acf_changed":false,"inline_featured_image":false,"footnotes":""},"class_list":["post-558158","page","type-page","status-publish","has-post-thumbnail","hentry"],"acf":[],"featured_image_src":"https:\/\/liveutifree.com\/wp-content\/uploads\/2017\/01\/LUF-logo-LP-crop.png","_links":{"self":[{"href":"https:\/\/liveutifree.com\/de\/wp-json\/wp\/v2\/pages\/558158","targetHints":{"allow":["GET"]}}],"collection":[{"href":"https:\/\/liveutifree.com\/de\/wp-json\/wp\/v2\/pages"}],"about":[{"href":"https:\/\/liveutifree.com\/de\/wp-json\/wp\/v2\/types\/page"}],"author":[{"embeddable":true,"href":"https:\/\/liveutifree.com\/de\/wp-json\/wp\/v2\/users\/1"}],"replies":[{"embeddable":true,"href":"https:\/\/liveutifree.com\/de\/wp-json\/wp\/v2\/comments?post=558158"}],"version-history":[{"count":1,"href":"https:\/\/liveutifree.com\/de\/wp-json\/wp\/v2\/pages\/558158\/revisions"}],"predecessor-version":[{"id":577631,"href":"https:\/\/liveutifree.com\/de\/wp-json\/wp\/v2\/pages\/558158\/revisions\/577631"}],"wp:featuredmedia":[{"embeddable":true,"href":"https:\/\/liveutifree.com\/de\/wp-json\/wp\/v2\/media\/555522"}],"wp:attachment":[{"href":"https:\/\/liveutifree.com\/de\/wp-json\/wp\/v2\/media?parent=558158"}],"curies":[{"name":"wp","href":"https:\/\/api.w.org\/{rel}","templated":true}]}}