{"id":557110,"date":"2025-09-07T11:01:14","date_gmt":"2025-09-07T11:01:14","guid":{"rendered":"https:\/\/liveutifree.com\/finanzierungspolitik-luf\/"},"modified":"2025-10-23T14:05:18","modified_gmt":"2025-10-23T14:05:18","slug":"finanzierungspolitik-luf","status":"publish","type":"page","link":"https:\/\/liveutifree.com\/de\/finanzierungspolitik-luf\/","title":{"rendered":"Finanzierungspolitik"},"content":{"rendered":"<div id=\"cs-content\" class=\"cs-content\"><div class=\"x-section e557110-e1 mbxva-0\"><div class=\"x-row e557110-e2 mbxva-1 mbxva-2\"><div class=\"x-row-inner\"><div class=\"x-col e557110-e3 mbxva-3\"><div class=\"x-text x-text-headline e557110-e4 mbxva-4 mbxva-5 heading-02\"><div class=\"x-text-content\"><div class=\"x-text-content-text\"><h1 class=\"x-text-content-text-primary\">Live UTI Free F\u00f6rderungspolitik<\/h1>\n<\/div><\/div><\/div><hr class=\"x-line e557110-e5-v0 mbxva-6\"\/><div class=\"x-text x-content e557110-e6 mbxva-7 mbxva-8 body-medium\"><span>Zuletzt aktualisiert am 17. Juli 2024<\/span><\/div><hr class=\"x-line e557110-e7-v0 mbxva-6\"\/><div class=\"x-text x-content e557110-e8 mbxva-7 mbxva-8 body-medium\"><p>Live UTI Free ist eine anwenderorientierte Organisation, die sich f\u00fcr Patienten einsetzt. Unsere Hauptaktivit\u00e4ten konzentrieren sich auf die Bereitstellung unvoreingenommener, evidenzbasierter Informationen f\u00fcr Betroffene von rezidivierenden und chronischen UTI, und zwar \u00fcber die Website <span> <\/span><a href=\"https:\/\/liveutifree.com\/de\/\"><span style=\"text-decoration: underline; color: #c74f4d;\">https:\/\/liveutifree.com<\/span><\/a>.<\/p>\n<p>Wir freuen uns \u00fcber Unterst\u00fctzung in Form von Zusch\u00fcssen, Sponsoring, Einzelspenden<span> <\/span><a href=\"https:\/\/liveutifree.com\/de\/beitragen-luf\/\"><span style=\"text-decoration: underline; color: #c74f4d;\">Spenden<\/span><\/a>und Projektfinanzierung, wenn sie angemessen ist und unserem Publikum einen Nutzen bringt.<\/p>\n<p>Diese Finanzierungsrichtlinie beschreibt unsere Politik in Bezug auf externe Finanzierung und erkl\u00e4rt, wie wir diesbez\u00fcgliche Entscheidungen treffen. Es sind zwar einige Beispiele aufgef\u00fchrt, aber es ist nicht beabsichtigt, eine umfassende Definition aller m\u00f6glichen Partnerschaftsm\u00f6glichkeiten zu geben. Bitte setzen Sie sich direkt mit uns in Verbindung, wenn Sie eine Zusammenarbeit besprechen m\u00f6chten.  <\/p><\/div><\/div><div class=\"x-col e557110-e9 mbxva-3\"><div class=\"x-text x-text-headline e557110-e10 mbxva-5 heading-03\"><div class=\"x-text-content\"><div class=\"x-text-content-text\"><h3 class=\"x-text-content-text-primary\">Zweck dieser Richtlinie<\/h3>\n<\/div><\/div><\/div><hr class=\"x-line e557110-e11-v0 mbxva-6\"\/><div class=\"x-text x-content e557110-e12 mbxva-8 body-medium\"><p>Live UTI Free existiert, um unserer globalen Gemeinschaft zu helfen und sie zu unterst\u00fctzen. Es ist uns sehr wichtig, dass wir ein Gef\u00fchl der Ehrlichkeit und Transparenz innerhalb unserer Gemeinschaft f\u00f6rdern, und das beginnt damit, dass wir den Menschen, denen wir dienen sollen, gegen\u00fcber v\u00f6llig transparent sind. <\/p>\n<p>Bei allem, was wir tun, sind wir bestrebt, eine Beziehung zu unseren Nutzern aufzubauen, bei der sie sich darauf verlassen k\u00f6nnen, dass wir unvoreingenommene Informationen liefern.<\/p>\n<p>Unsere Vision, mehr Menschen dabei zu helfen, bessere Tests und Behandlungen zu finden, wird sich schneller verwirklichen lassen, wenn wir unsere Beziehungen ausweiten und Kooperationen mit Organisationen und Unternehmen eingehen, die es uns erm\u00f6glichen, unsere Website und unser Angebot zu verbessern.<\/p>\n<p>Der Zweck dieser Finanzierungsrichtlinien ist es, einen Rahmen zu schaffen, der es uns erm\u00f6glicht, mit anderen Organisationen zusammenzuarbeiten, die \u00fcber Beitr\u00e4ge verf\u00fcgen, die f\u00fcr unser Publikum von Wert sein k\u00f6nnten, und die unsere Arbeit durch eine der unten beschriebenen Arten der Finanzierung unterst\u00fctzen m\u00f6chten.<\/p>\n<p>Unser Ziel ist es, Projekte zu entwickeln, mit denen wir letztlich unserem Publikum helfen k\u00f6nnen. Unser \"Publikum\" besteht aus den Nutzern unserer Website, unseren Followern auf Twitter, Instagram und Facebook und denjenigen, die auf unserer E-Mail-Liste stehen. <\/p>\n<p>Indem wir hier unsere Finanzierungspolitik erl\u00e4utern, wollen wir:<\/p>\n\n<ul>\n \t<li>Sicherstellen, dass Live UTI Free einen einheitlichen und transparenten Ansatz verfolgt, wenn wir mit kommerziellen Unternehmen und Partnern zusammenarbeiten<\/li>\n \t<li>unser Engagement f\u00fcr die Unabh\u00e4ngigkeit von kommerziellen Einfl\u00fcssen festschreiben<\/li>\n \t<li>Kl\u00e4rung der Position von Live UTI Free in Bezug auf unser Publikum, unser Netzwerk von Praktikern, kommerzielle Unternehmen, andere Organisationen und die breitere Gemeinschaft<\/li>\n<\/ul>\n<p>Alle Mitglieder des Live UTI Free-Teams sind verpflichtet, sich an diese Richtlinie zu halten und sich \u00fcber alle \u00c4nderungen der Richtlinie auf dem Laufenden zu halten.<\/p><\/div><hr class=\"x-line e557110-e13-v0 mbxva-6\"\/><div class=\"x-text x-text-headline e557110-e14 mbxva-5 heading-03\"><div class=\"x-text-content\"><div class=\"x-text-content-text\"><h3 class=\"x-text-content-text-primary\">Finanzierung Kategorien<\/h3>\n<\/div><\/div><\/div><hr class=\"x-line e557110-e15-v0 mbxva-6\"\/><div class=\"x-text x-content e557110-e16 mbxva-8 body-medium\"><span>Es gibt vier verschiedene Finanzierungskategorien, die wir von Fall zu Fall pr\u00fcfen. Diese sind Projektfinanzierung, Sponsoring, Rekrutierung oder Beratung f\u00fcr Dritte und unbeschr\u00e4nkte Zusch\u00fcsse\/Spenden. Wir haben jede dieser Kategorien im Folgenden beschrieben.  <\/span><\/div><hr class=\"x-line e557110-e17-v0 mbxva-6\"\/><div class=\"x-text x-text-headline e557110-e18 mbxva-5 heading-03\"><div class=\"x-text-content\"><div class=\"x-text-content-text\"><h3 class=\"x-text-content-text-primary\">Projekt-Finanzierung<\/h3>\n<\/div><\/div><\/div><hr class=\"x-line e557110-e19-v0 mbxva-6\"\/><div class=\"x-text x-content e557110-e20 mbxva-8 body-medium\"><p>Die Projektfinanzierung bezieht sich auf Projekte, bei denen Live UTI Free in Partnerschaft mit einer anderen Organisation oder Einzelperson zusammenarbeitet.<\/p>\n<p>Beispiele f\u00fcr die Projektfinanzierung k\u00f6nnen sein:<\/p>\n\n<ul>\n \t<li>Finanzierung der Entwicklung von Materialien, die es uns erm\u00f6glichen, wissenschaftliche und\/oder technische Informationen \u00fcber eine Dienstleistung oder ein klinisches Produkt eines kommerziellen Unternehmens f\u00fcr unser Publikum zu interpretieren.<\/li>\n \t<li>Finanzierung der Zusammenarbeit bei Ressourcen zu einem bestimmten Thema, z. B. chronische UTI und sexuelle Gesundheit. <\/li>\n \t<li>Finanzierung zur Unterst\u00fctzung der Forschung aus Sicht der Patienten.<\/li>\n<\/ul>\n<p>Ein solches Projekt kann von gegenseitigem Interesse sein. F\u00fcr diese Art von Beziehung gilt das Folgende: <\/p>\n\n<ul>\n \t<li>Live UTI Free beh\u00e4lt stets die redaktionelle Kontrolle \u00fcber alle Inhalte, die auf unserer Website und unseren Konten in den sozialen Medien ver\u00f6ffentlicht werden, sowie \u00fcber alle anderen Materialien, die zur Unterst\u00fctzung des Projekts erstellt werden.<\/li>\n \t<li>Live UTI Free wird nur dann Informationen \u00fcber einzelne Produkte oder Dienstleistungen ver\u00f6ffentlichen, wenn wir glauben, dass sie f\u00fcr unsere Leserschaft von Nutzen sind. Dabei werden wir einen unvoreingenommenen Ansatz verfolgen. Wir werden nach M\u00f6glichkeit vollst\u00e4ndige Informationen bereitstellen, die mehrere Seiten des \"Arguments\" darstellen. Wo dies nicht m\u00f6glich ist, werden wir unvollst\u00e4ndige Informationen zugeben.   <\/li>\n \t<li>Live UTI Free empfiehlt keine bestimmten Arzneimittel, Behandlungsans\u00e4tze oder \u00c4rzte, sondern informiert Sie, wenn m\u00f6glich, \u00fcber die verschiedenen verf\u00fcgbaren Optionen.<\/li>\n \t<li>Es versteht sich von selbst, dass die Absicht einer solchen Beziehung darin besteht, dass sowohl Live UTI Free als auch alle kommerziellen Partner davon profitieren.<\/li>\n<\/ul><\/div><hr class=\"x-line e557110-e21-v0 mbxva-6\"\/><div class=\"x-text x-text-headline e557110-e22 mbxva-5 heading-03\"><div class=\"x-text-content\"><div class=\"x-text-content-text\"><h3 class=\"x-text-content-text-primary\">Rekrutierung oder Beratung f\u00fcr Dritte<\/h3>\n<\/div><\/div><\/div><hr class=\"x-line e557110-e23-v0 mbxva-6\"\/><div class=\"x-text x-content e557110-e24 mbxva-8 body-medium\"><p>Mitglieder des Live UTI Free-Teams k\u00f6nnen gelegentlich Dritten ihr Fachwissen zu den Themen Nutzerforschung, Website-Optimierung, Untersuchung der Patientenperspektive, Patientenrekrutierung und digitale Kommunikation zur Verf\u00fcgung stellen.<\/p>\n<p>Die Beziehungen zu Dritten werden vertraulich behandelt, es sei denn, eine direkte Beteiligung der Live UTI Free-Community ist erforderlich und es besteht eine schriftliche Vereinbarung, die regelt, wie eine solche Beziehung anerkannt wird. Derartige Aktivit\u00e4ten sind unabh\u00e4ngig von den auf https:\/\/liveutifree.com bereitgestellten Inhalten. <\/p><\/div><hr class=\"x-line e557110-e25-v0 mbxva-6\"\/><div class=\"x-text x-text-headline e557110-e26 mbxva-5 heading-03\"><div class=\"x-text-content\"><div class=\"x-text-content-text\"><h3 class=\"x-text-content-text-primary\">Patenschaft<\/h3>\n<\/div><\/div><\/div><hr class=\"x-line e557110-e27-v0 mbxva-6\"\/><div class=\"x-text x-content e557110-e28 mbxva-8 body-medium\"><p>Sponsoring bezieht sich auf ein Szenario, bei dem ein Unternehmen oder ein anderer Partner eine einzelne Aktivit\u00e4t von Live UTI Free finanziert. Beispiele k\u00f6nnen sein: <\/p>\n\n<ul>\n \t<li>Sponsoring der Produktion neuer Inhalte f\u00fcr unser Publikum, wie z.B. herunterladbare Ressourcen.<\/li>\n \t<li>Sponsoring der Erstellung neuer Audio-\/Audiovisueller Inhalte f\u00fcr unser Publikum, wie z.B. eine Podcast-Serie oder Interviews mit \u00c4rzten oder UTI-Patienten.<\/li>\n \t<li>Finanzierung der Teilnahme des Live UTI Free Teams an einer Forschungskonferenz.<\/li>\n \t<li>Finanzierung der vor\u00fcbergehenden Anstellung eines Teammitglieds bei Live UTI Free zur Unterst\u00fctzung einer bestimmten T\u00e4tigkeit, z. B. Datenanalyse, Forschung. <\/li>\n<\/ul>\n<p>Im Falle einer Patenschaft gilt Folgendes:<\/p>\n\n<ul>\n \t<li>Das Unternehmen hat keinen Einfluss auf die Aktivit\u00e4t, f\u00fcr die das Sponsoring gew\u00e4hrt wird.<\/li>\n \t<li>Live UTI Free beh\u00e4lt stets die redaktionelle Kontrolle \u00fcber alle Inhalte, die auf unserer Website und unseren Konten in den sozialen Medien ver\u00f6ffentlicht werden, sowie \u00fcber alle anderen Materialien, die zur Unterst\u00fctzung der Aktivit\u00e4t erstellt werden.<\/li>\n \t<li>Live UTI Free wird die Produkte oder Dienstleistungen des Sponsors weder bef\u00fcrworten noch f\u00f6rdern.<\/li>\n \t<li>Gegebenenfalls wird das Sponsoring einer Aktivit\u00e4t in einer der Aktivit\u00e4t angemessenen Weise visuell gew\u00fcrdigt, z. B. durch ein Logo, einen Link oder ein externes Live UTI Free Finanzierungssymbol mit einem Link zum Sponsor. Der genaue Wortlaut und\/oder der Ort der Anerkennung wird in Verhandlungen mit dem Sponsor vereinbart.  <\/li>\n<\/ul><\/div><hr class=\"x-line e557110-e29-v0 mbxva-6\"\/><div class=\"x-text x-text-headline e557110-e30 mbxva-5 heading-03\"><div class=\"x-text-content\"><div class=\"x-text-content-text\"><h3 class=\"x-text-content-text-primary\">Uneingeschr\u00e4nkte Zusch\u00fcsse<\/h3>\n<\/div><\/div><\/div><hr class=\"x-line e557110-e31-v0 mbxva-6\"\/><div class=\"x-text x-content e557110-e32 mbxva-8 body-medium\"><p>Unternehmen, Organisationen und Einzelpersonen k\u00f6nnen Live UTI Free finanziell und mit Sachleistungen unterst\u00fctzen. Jede Unterst\u00fctzung, die die folgenden Kriterien erf\u00fcllt, wird als uneingeschr\u00e4nkte Zuwendung definiert: <\/p>\n\n<ul>\n \t<li>Der Finanzierungspartner ist an dem Projekt, f\u00fcr das die Mittel verwendet werden, nicht beteiligt.<\/li>\n \t<li>Live UTI Free kann die Mittel nach eigenem Ermessen zuweisen.<\/li>\n \t<li>Live UTI Free wird den Zuschuss anerkennen, jedoch wird das Logo des Finanzierungspartners nicht verwendet und Live UTI Free kontrolliert die Art und Weise, wie die Anerkennung erfolgt.<\/li>\n<\/ul><\/div><hr class=\"x-line e557110-e33-v0 mbxva-6\"\/><div class=\"x-text x-text-headline e557110-e34 mbxva-5 heading-03\"><div class=\"x-text-content\"><div class=\"x-text-content-text\"><h3 class=\"x-text-content-text-primary\">Finanzierung: Leitprinzipien<\/h3>\n<\/div><\/div><\/div><hr class=\"x-line e557110-e35-v0 mbxva-6\"\/><div class=\"x-text x-content e557110-e36 mbxva-8 body-medium\"><p>Live UTI Free ist nur an Partnerschaften oder Finanzierungen interessiert, die sich positiv auf unsere Nutzer auswirken und ihnen auf ihrem Weg zu besseren Tests und Behandlungen helfen k\u00f6nnen.<\/p>\n<p>Live UTI Free wird eine offene und transparente Beziehung zu allen Finanzierungspartnern pflegen.<\/p>\n<p>Um dies zu gew\u00e4hrleisten, \u00fcberpr\u00fcft Live UTI Free alle potenziellen Geldgeber, um sicherzugehen, dass diese Punkte eingehalten werden:<\/p>\n\n<ul>\n \t<li>Es gibt gute Gr\u00fcnde f\u00fcr die Annahme, dass eine Finanzierungsvereinbarung Live UTI Free und unseren Nutzern zugute kommen wird<\/li>\n \t<li>Die Annahme der Mittel hat keine negativen Auswirkungen auf die \u00d6ffentlichkeit.<\/li>\n<\/ul>\n<p>Live UTI Free pr\u00fcft potenzielle Finanzierungspartner, einschlie\u00dflich ihres Rufs in der Zusammenarbeit mit Patientenorganisationen und ihrer Erfolgsbilanz in Bezug auf die Finanzierung.<\/p>\n<p>Wenn es einen Grund zur Besorgnis gibt, wird Live UTI Free die Gelder \u00fcberdenken oder ablehnen.<\/p>\n<p>Live UTI Free wird nicht wissentlich irgendeine Art von Finanzierung von einem Unternehmen annehmen, das Produkte oder Dienstleistungen herstellt, die wir f\u00fcr unethisch halten.<\/p>\n<p>Live UTI Free empfiehlt keine bestimmten Arzneimittel, \u00c4rzte oder Behandlungen.<\/p>\n<p>Live UTI Free stellt sicher, dass die Verantwortlichkeiten und Beitr\u00e4ge des Live UTI Free-Teams und aller Finanzierungspartner schriftlich vereinbart werden.<\/p>\n<p>Der Finanzierungspartner muss sich verpflichten, die hier dargelegten Richtlinien einzuhalten.<\/p>\n<p>Wenn ein Unternehmen versucht, Live UTI Free explizit oder implizit zu zwingen, sich seiner Gesch\u00e4fts- und\/oder Marketingagenda anzupassen, oder sich nicht an die vereinbarten Verantwortlichkeiten h\u00e4lt, wird Live UTI Free die Mittel ablehnen oder ein laufendes Projekt beenden.<\/p>\n<p>Gegebenenfalls kann Live UTI Free die Finanzierung von Konsortien beantragen, die sich aus zwei oder mehr Partnern aus der gleichen Branche zusammensetzen.<\/p><\/div><hr class=\"x-line e557110-e37-v0 mbxva-6\"\/><div class=\"x-text x-text-headline e557110-e38 mbxva-5 heading-03\"><div class=\"x-text-content\"><div class=\"x-text-content-text\"><h3 class=\"x-text-content-text-primary\">Aktivit\u00e4ten, die nicht fremdfinanziert werden k\u00f6nnen<\/h3>\n<\/div><\/div><\/div><hr class=\"x-line e557110-e39-v0 mbxva-6\"\/><div class=\"x-text x-content e557110-e40 mbxva-8 body-medium\"><p>Es gibt Aktivit\u00e4ten und Inhalte, die den Kern von Live UTI Free ausmachen, die immer intern finanziert werden. Damit soll sichergestellt werden, dass ein unvoreingenommener Ansatz beibehalten wird und wir die Informationen regelm\u00e4\u00dfig aktualisieren k\u00f6nnen, wenn neue Forschungsergebnisse verf\u00fcgbar werden. Zu diesen Kernaktivit\u00e4ten und -inhalten geh\u00f6ren:  <\/p>\n\n<ul>\n \t<li>Die wichtigsten Informationsseiten auf der Live UTI Free Website - die Artikel, die direkt von der Homepage aus verlinkt sind, und pers\u00f6nliche Geschichten, die von unserer Gemeinschaft beigetragen wurden.<\/li>\n \t<li>Inhalte in den sozialen Medien, die direkt \u00fcber die Live UTI Free Twitter-, Facebook- oder Instagram-Konten gepostet werden - dies umfasst keine bezahlte Werbung, die Teil einer Aufkl\u00e4rungs-, Forschungs-, Rekrutierungs- oder Bildungskampagne ist.<\/li>\n \t<li>Das Live UTI Free Praktiker-Netzwerk - Praktiker d\u00fcrfen nicht daf\u00fcr bezahlen, auf den zentralen Informationsseiten der Live UTI Free Website aufgef\u00fchrt zu werden.<\/li>\n \t<li>E-Mails an unsere Community-Mailingliste - wir gew\u00e4hren keinen Zugang zu unserer Mailingliste, egal in welcher Form. Dies gilt nicht f\u00fcr Finanzierungen, die Teil einer Aufkl\u00e4rungs-, Forschungs-, Rekrutierungs- oder Bildungskampagne sind. E-Mail-Adressen und pers\u00f6nliche Informationen werden niemals an externe Parteien weitergegeben.  <\/li>\n \t<li>Pers\u00f6nliche Daten, die wir von unserer Community sammeln, werden nicht ver\u00f6ffentlicht, verkauft, gehandelt oder an Dritte weitergegeben. Mehr dazu finden Sie in unseren rechtlichen Hinweisen. <\/li>\n<\/ul><\/div><hr class=\"x-line e557110-e41-v0 mbxva-6\"\/><div class=\"x-text x-text-headline e557110-e42 mbxva-5 heading-03\"><div class=\"x-text-content\"><div class=\"x-text-content-text\"><h3 class=\"x-text-content-text-primary\">Richtlinien f\u00fcr Finanzierungspartner<\/h3>\n<\/div><\/div><\/div><hr class=\"x-line e557110-e43-v0 mbxva-6\"\/><div class=\"x-text x-content e557110-e44 mbxva-8 body-medium\"><p>Live UTI Free wird keine Beziehung mit einem Finanzierungspartner eingehen oder fortsetzen, wenn die Beziehung und die damit verbundenen Aktivit\u00e4ten dem Ruf von Live UTI Free schaden k\u00f6nnten.<\/p>\n<p>Um dies zu unterst\u00fctzen, fordern wir alle Finanzierungspartner auf:<\/p>\n\n<ul>\n \t<li>Holen Sie die schriftliche Genehmigung von Live UTI Free ein, bevor Sie unseren Namen oder unser Logo verwenden, sich auf eine unserer Initiativen beziehen oder unsere Inhalte in irgendeiner Art von \u00f6ffentlicher Kommunikation zitieren.<\/li>\n \t<li>Ernennen Sie einen einzigen Ansprechpartner innerhalb Ihrer Organisation, der mit dem zust\u00e4ndigen Teammitglied bei Live UTI Free in Verbindung steht, um fr\u00fchzeitig klare Kommunikationswege zu schaffen. Wir bitten darum, dass diese Person befugt ist, Entscheidungen \u00fcber alle Aspekte der vorgeschlagenen Finanzierung zu treffen. <\/li>\n<\/ul>\n<p>Live UTI Free beh\u00e4lt sich das Recht vor, ein Veto gegen alle Inhalte einzulegen, die im Zusammenhang mit einer Finanzierung erstellt werden, und wir bitten darum, ausreichend Zeit f\u00fcr die Genehmigung einzuplanen, da diese m\u00f6glicherweise die Zustimmung eines oder mehrerer Teammitglieder erfordert.<\/p>\n<p>Als nutzerzentrierte Website, die sich f\u00fcr Patienten einsetzt, wird Live UTI Free mit kommerziellen Unternehmen, gemeinn\u00fctzigen Organisationen und anderen Organisationen zusammenarbeiten, wenn dies f\u00fcr unsere Nutzer von Vorteil ist.<\/p>\n<p>Diese Richtlinie kann jederzeit aktualisiert werden.<\/p><\/div><hr class=\"x-line e557110-e45-v0 mbxva-6\"\/><div class=\"x-text x-text-headline e557110-e46 mbxva-5 heading-03\"><div class=\"x-text-content\"><div class=\"x-text-content-text\"><h3 class=\"x-text-content-text-primary\">Unsere Partner<\/h3>\n<\/div><\/div><\/div><hr class=\"x-line e557110-e47-v0 mbxva-6\"\/><div class=\"x-text x-content e557110-e48 mbxva-8 body-medium\"><span>Partner, mit denen wir finanzierte und nicht finanzierte Beziehungen unterhalten, finden Sie auf unserer <\/span><a href=\"https:\/\/liveutifree.com\/de\/partner-luf\/\"><span style=\"text-decoration: underline; color: #c74f4d;\">Partner-Seite<\/span><\/a><span>.<\/span><\/div><\/div><\/div><\/div><\/div><\/div>","protected":false},"excerpt":{"rendered":"<p>Live UTI Free F\u00f6rderungspolitik Zuletzt aktualisiert am 17. Juli 2024Live UTI Free ist eine anwenderorientierte Organisation, die sich f\u00fcr Patienten einsetzt. Unsere Hauptaktivit\u00e4ten konzentrieren sich auf die Bereitstellung unvoreingenommener, evidenzbasierter Informationen f\u00fcr Betroffene von rezidivierenden und chronischen UTI, und zwar \u00fcber die Website https:\/\/liveutifree.com. Wir freuen uns \u00fcber Unterst\u00fctzung in Form von Zusch\u00fcssen, Sponsoring, Einzelspenden Spendenund Projektfinanzierung, wenn sie angemessen &#8230; <\/p>\n<div><a href=\"https:\/\/liveutifree.com\/de\/finanzierungspolitik-luf\/\" class=\"more-link\">Read More<\/a><\/div>\n","protected":false},"author":1,"featured_media":555522,"parent":0,"menu_order":100,"comment_status":"closed","ping_status":"closed","template":"template-blank-4.php","meta":{"_acf_changed":false,"inline_featured_image":false,"footnotes":""},"class_list":["post-557110","page","type-page","status-publish","has-post-thumbnail","hentry"],"acf":[],"featured_image_src":"https:\/\/liveutifree.com\/wp-content\/uploads\/2017\/01\/LUF-logo-LP-crop.png","_links":{"self":[{"href":"https:\/\/liveutifree.com\/de\/wp-json\/wp\/v2\/pages\/557110","targetHints":{"allow":["GET"]}}],"collection":[{"href":"https:\/\/liveutifree.com\/de\/wp-json\/wp\/v2\/pages"}],"about":[{"href":"https:\/\/liveutifree.com\/de\/wp-json\/wp\/v2\/types\/page"}],"author":[{"embeddable":true,"href":"https:\/\/liveutifree.com\/de\/wp-json\/wp\/v2\/users\/1"}],"replies":[{"embeddable":true,"href":"https:\/\/liveutifree.com\/de\/wp-json\/wp\/v2\/comments?post=557110"}],"version-history":[{"count":1,"href":"https:\/\/liveutifree.com\/de\/wp-json\/wp\/v2\/pages\/557110\/revisions"}],"predecessor-version":[{"id":576962,"href":"https:\/\/liveutifree.com\/de\/wp-json\/wp\/v2\/pages\/557110\/revisions\/576962"}],"wp:featuredmedia":[{"embeddable":true,"href":"https:\/\/liveutifree.com\/de\/wp-json\/wp\/v2\/media\/555522"}],"wp:attachment":[{"href":"https:\/\/liveutifree.com\/de\/wp-json\/wp\/v2\/media?parent=557110"}],"curies":[{"name":"wp","href":"https:\/\/api.w.org\/{rel}","templated":true}]}}