{"id":555406,"date":"2025-09-07T10:57:46","date_gmt":"2025-09-07T10:57:46","guid":{"rendered":"https:\/\/liveutifree.com\/uti-quiz-luf\/"},"modified":"2025-10-23T13:47:33","modified_gmt":"2025-10-23T13:47:33","slug":"uti-quiz-luf","status":"publish","type":"page","link":"https:\/\/liveutifree.com\/de\/uti-quiz-luf\/","title":{"rendered":"UTI-Quiz"},"content":{"rendered":"<div id=\"cs-content\" class=\"cs-content\"><div class=\"x-section e555406-e1 mbwjy-0 mbwjy-1\"><div class=\"x-row x-container max width e555406-e2 mbwjy-3 mbwjy-4 mbwjy-5 mbwjy-8 mbwjy-9\"><div class=\"x-row-inner\"><div class=\"x-col e555406-e3 mbwjy-c mbwjy-d\"><div class=\"x-text x-text-headline e555406-e4 mbwjy-f mbwjy-g heading-01 \"><div class=\"x-text-content\"><div class=\"x-text-content-text\"><h1 class=\"x-text-content-text-primary\">Das UTI-Quiz: Ihre Abk\u00fcrzung zu den richtigen Informationen<\/h1>\n<\/div><\/div><\/div><hr class=\"x-line e555406-e5-v0 mbwjy-i mbwjy-j\"\/><div class=\"x-text x-content e555406-e6 mbwjy-l mbwjy-m body-medium\"><span>Wenn Sie Ihre Erfahrungen mit uns teilen, tragen Sie auch zu unserer weltweiten Forschung bei und helfen im Kampf f\u00fcr bessere Daten, Tests und Behandlungen von UTI. Durch Ihre Teilnahme am Quiz erkl\u00e4ren Sie sich mit unseren   <\/span><span style=\"text-decoration: underline; color: #800000;\"><span style=\"color: #c74f4d;\"><a href=\"https:\/\/liveutifree.com\/de\/legal-luf\/\" rel=\"noopener\" style=\"color: #c74f4d; text-decoration: underline;\">Datenschutzrichtlinien und Allgemeine Gesch\u00e4ftsbedingungen<\/a><\/span>.<\/span><\/div><\/div><\/div><\/div><\/div><div class=\"x-section e555406-e7 mbwjy-0 mbwjy-2\"><div class=\"x-row x-container max width e555406-e8 mbwjy-3 mbwjy-5 mbwjy-6 mbwjy-8 mbwjy-a\"><div class=\"x-row-inner\"><div class=\"x-col e555406-e9 mbwjy-c mbwjy-e\"><div class=\"x-div e555406-e10 mbwjy-n\"><div id=\"quiz-container\" style=\"position: relative; width: 100%; height: 600px;\">\n    <!-- Loading GIF -->\n    <div id=\"loading\" style=\"position: absolute; top: 50%; left: 50%; transform: translate(-50%, -50%); z-index: 1000;\">\n        <img decoding=\"async\" src=\"https:\/\/liveutifree.com\/wp-content\/uploads\/2022\/03\/quiz-loader-en.gif\" alt=\"Loading...\">\n    <\/div>\n\n    <!-- Outgrow Quiz Embed (Initially Hidden) -->\n    <div id=\"60018628bd6a2c3a661c5c65\" class=\"op-interactive\" data-title=\"THE UTI QUIZ V4\"\n         data-url=\"https:\/\/liveutifree.outgrow.us\/60018628bd6a2c3a661c5c65?vHeight=1\" data-width=\"100%\"\n         style=\"width: 100%; height: 100%; position: absolute; display: none;\">\n    <\/div>\n<\/div>\n\n<script src='\/\/dyv6f9ner1ir9.cloudfront.net\/assets\/js\/nloader.js'><\/script>\n<script>\n    document.addEventListener(\"DOMContentLoaded\", function () {\n        var loadingDiv = document.getElementById(\"loading\");\n        var quizContainer = document.getElementById(\"60018628bd6a2c3a661c5c65\");\n\n        \/\/ Initialize the Outgrow iframe\n        initIframe('60018628bd6a2c3a661c5c65');\n\n        function checkIframeLoaded() {\n            var iframe = quizContainer.querySelector(\"iframe\");\n\n            if (iframe) {\n                \/\/ Ensure the iframe fills the container\n                iframe.style.width = \"100%\";\n                iframe.style.height = \"100%\";\n                iframe.style.position = \"absolute\";\n                iframe.style.display = \"none\"; \/\/ Keep iframe hidden initially\n\n                \/\/ Wait for the iframe to fully load\n                iframe.onload = function () {\n                    setTimeout(function () {\n                        loadingDiv.style.display = \"none\";  \/\/ Hide loading GIF\n                        quizContainer.style.display = \"block\"; \/\/ Show the quiz\n                        iframe.style.display = \"block\"; \/\/ Make sure the iframe is visible\n                    }, 2000); \/\/ Ensures the GIF is displayed for at least 2 seconds\n                };\n            } else {\n                \/\/ Keep checking every 500ms until iframe appears\n                setTimeout(checkIframeLoaded, 500);\n            }\n        }\n\n        \/\/ Start checking for iframe\n        checkIframeLoaded();\n    });\n<\/script>\n<\/div><\/div><\/div><\/div><\/div><div class=\"x-section e555406-e12 mbwjy-0 mbwjy-1\"><div class=\"x-row x-container max width e555406-e13 mbwjy-3 mbwjy-4 mbwjy-7 mbwjy-8 mbwjy-b\"><div class=\"x-row-inner\"><div class=\"x-col e555406-e14 mbwjy-c mbwjy-d\"><div class=\"x-text x-text-headline e555406-e15 mbwjy-f mbwjy-g heading-02\"><div class=\"x-text-content\"><div class=\"x-text-content-text\"><h2 class=\"x-text-content-text-primary\">Die richtigen Informationen k\u00f6nnen Ihnen den Weg zu einer dauerhaften Behandlung weisen<\/h2>\n<\/div><\/div><\/div><hr class=\"x-line e555406-e16-v0 mbwjy-i mbwjy-j\"\/><span class=\"x-image e555406-e17 mbwjy-o\"><img decoding=\"async\" src=\"https:\/\/liveutifree.com\/wp-content\/uploads\/2017\/07\/UTI-Team.png\" width=\"145\" height=\"145\" alt=\"Icon - Live UTI Free Team\" loading=\"lazy\"><\/span><hr class=\"x-line e555406-e18-v0 mbwjy-i mbwjy-j\"\/><div class=\"x-text x-text-headline e555406-e19 mbwjy-g mbwjy-h heading-05\"><div class=\"x-text-content\"><div class=\"x-text-content-text\"><p class=\"x-text-content-text-primary\">\"Sie verstehen Ihre eigenen Symptome besser als jeder andere. Wenn Sie Ihre Erfahrungen mit den richtigen Informationen verbinden k\u00f6nnen, haben Sie eine bessere Chance auf eine richtige Diagnose und eine wirksame Behandlung.\"<\/p>\n<\/div><\/div><\/div><hr class=\"x-line e555406-e20-v0 mbwjy-j mbwjy-k\"\/><div class=\"x-text x-content e555406-e21 mbwjy-m body-medium\"><span>Live UTI Free Team<\/span><\/div><\/div><\/div><\/div><\/div><\/div>","protected":false},"excerpt":{"rendered":"<p>Das UTI-Quiz: Ihre Abk\u00fcrzung zu den richtigen Informationen Wenn Sie Ihre Erfahrungen mit uns teilen, tragen Sie auch zu unserer weltweiten Forschung bei und helfen im Kampf f\u00fcr bessere Daten, Tests und Behandlungen von UTI. Durch Ihre Teilnahme am Quiz erkl\u00e4ren Sie sich mit unseren Datenschutzrichtlinien und Allgemeine Gesch\u00e4ftsbedingungen. Die richtigen Informationen k\u00f6nnen Ihnen den Weg zu einer dauerhaften Behandlung &#8230; <\/p>\n<div><a href=\"https:\/\/liveutifree.com\/de\/uti-quiz-luf\/\" class=\"more-link\">Read More<\/a><\/div>\n","protected":false},"author":7,"featured_media":553781,"parent":0,"menu_order":187,"comment_status":"closed","ping_status":"closed","template":"template-blank-4.php","meta":{"_acf_changed":false,"inline_featured_image":false,"footnotes":""},"class_list":["post-555406","page","type-page","status-publish","has-post-thumbnail","hentry"],"acf":[],"featured_image_src":"https:\/\/liveutifree.com\/wp-content\/uploads\/2017\/05\/About-Us-Header-Desktop.jpg","_links":{"self":[{"href":"https:\/\/liveutifree.com\/de\/wp-json\/wp\/v2\/pages\/555406","targetHints":{"allow":["GET"]}}],"collection":[{"href":"https:\/\/liveutifree.com\/de\/wp-json\/wp\/v2\/pages"}],"about":[{"href":"https:\/\/liveutifree.com\/de\/wp-json\/wp\/v2\/types\/page"}],"author":[{"embeddable":true,"href":"https:\/\/liveutifree.com\/de\/wp-json\/wp\/v2\/users\/7"}],"replies":[{"embeddable":true,"href":"https:\/\/liveutifree.com\/de\/wp-json\/wp\/v2\/comments?post=555406"}],"version-history":[{"count":1,"href":"https:\/\/liveutifree.com\/de\/wp-json\/wp\/v2\/pages\/555406\/revisions"}],"predecessor-version":[{"id":575543,"href":"https:\/\/liveutifree.com\/de\/wp-json\/wp\/v2\/pages\/555406\/revisions\/575543"}],"wp:featuredmedia":[{"embeddable":true,"href":"https:\/\/liveutifree.com\/de\/wp-json\/wp\/v2\/media\/553781"}],"wp:attachment":[{"href":"https:\/\/liveutifree.com\/de\/wp-json\/wp\/v2\/media?parent=555406"}],"curies":[{"name":"wp","href":"https:\/\/api.w.org\/{rel}","templated":true}]}}