{"id":555354,"date":"2025-09-07T10:57:29","date_gmt":"2025-09-07T10:57:29","guid":{"rendered":"https:\/\/liveutifree.com\/dankeschoen-luf\/"},"modified":"2025-10-23T14:08:15","modified_gmt":"2025-10-23T14:08:15","slug":"dankeschoen-luf","status":"publish","type":"page","link":"https:\/\/liveutifree.com\/de\/dankeschoen-luf\/","title":{"rendered":"Dankesch\u00f6n! | LUF"},"content":{"rendered":"<div id=\"cs-content\" class=\"cs-content\"><div class=\"x-section x-hide-md x-hide-sm x-hide-xs e555354-e1 mbwii-0 mbwii-1\"><span class=\"x-separator-top-angle-in\" style=\"top: 0px; height: 50px; color: rgba(0, 0, 0, 0.75);\" aria-hidden=\"true\"><svg class=\"angle-top-in\" style=\"fill: currentColor;\" xmlns=\"http:\/\/www.w3.org\/2000\/svg\" version=\"1.1\" viewBox=\"0 0 100 100\" preserveAspectRatio=\"none\"><polygon points=\"0,100 50,100 0,0\"\/><polygon points=\"50,100 100,100 100,0\"\/><\/svg><\/span><div class=\"x-bg\" aria-hidden=\"true\"><div class=\"x-bg-layer-lower-image\"><\/div><\/div><div class=\"x-row x-container max width e555354-e2 mbwii-3 mbwii-4 mbwii-5\"><div class=\"x-row-inner\"><div class=\"x-col e555354-e3 mbwii-7 mbwii-8 mbwii-9\"><div class=\"x-text x-text-headline e555354-e4 mbwii-c heading-02\"><div class=\"x-text-content\"><div class=\"x-text-content-text\"><h2 class=\"x-text-content-text-primary\">Vielen Dank!<\/h2>\n<\/div><\/div><\/div><hr class=\"x-line e555354-e5-v0 mbwii-e\"\/><div class=\"x-text x-content e555354-e6 mbwii-f mbwii-g body-medium\"><span>Wir haben nun best\u00e4tigt, dass Sie ein echter Mensch sind, und werden Ihnen gelegentlich eine E-Mail schicken, in der wir Sie dar\u00fcber informieren, wie Sie uns im Kampf gegen die Epidemie der UTIs unterst\u00fctzen k\u00f6nnen.<\/span><\/div><hr class=\"x-line e555354-e7-v0 mbwii-e\"\/><span class=\"x-image e555354-e8 mbwii-k\"><img decoding=\"async\" src=\"https:\/\/liveutifree.com\/wp-content\/uploads\/2024\/10\/54e1dc01-4e68-4b49-99f6-6355e70de7b5-scaled.jpg\" width=\"1024\" height=\"1024\" alt=\"Picture of Melissa\" loading=\"lazy\"><\/span><hr class=\"x-line e555354-e9-v0 mbwii-e\"\/><div class=\"x-text x-content e555354-e10 mbwii-g mbwii-h body-medium\"><span>Wie ich wiederkehrende Harnwegsinfektionen besiege<\/span><\/div><hr class=\"x-line e555354-e11-v0 mbwii-e\"\/><a class=\"x-anchor x-anchor-button has-graphic e555354-e12 mbwii-l button-blue-icon-primary\" tabindex=\"0\" href=\"https:\/\/liveutifree.com\/de\/wie-ich-wiederkehrende-harnwegsinfektionen-besiege\/\"><div class=\"x-anchor-content\"><span class=\"x-graphic\" aria-hidden=\"true\"><span class=\"x-image x-graphic-child x-graphic-image x-graphic-primary\"><img decoding=\"async\" src=\"https:\/\/liveutifree.com\/wp-content\/uploads\/2025\/03\/white.svg\" width=\"28\" height=\"27\" alt=\"The image is completely blank with a white background and no visible objects or text.\" loading=\"lazy\"><\/span><\/span><div class=\"x-anchor-text\"><span class=\"x-anchor-text-primary\">Lesen Sie ihre Geschichte<\/span><\/div><\/div><\/a><\/div><div class=\"x-col e555354-e13 mbwii-9 mbwii-a\"><\/div><\/div><\/div><\/div><div class=\"x-section x-hide-lg x-hide-xl e555354-e14 mbwii-0 mbwii-2\"><div class=\"x-row x-container max width e555354-e15 mbwii-3 mbwii-4 mbwii-6\"><div class=\"x-row-inner\"><div class=\"x-col e555354-e16 mbwii-7 mbwii-9 mbwii-a mbwii-b\"><div class=\"x-text x-text-headline e555354-e17 mbwii-c mbwii-d heading-01 \"><div class=\"x-text-content\"><div class=\"x-text-content-text\"><h1 class=\"x-text-content-text-primary\">Vielen Dank!!!<\/h1>\n<\/div><\/div><\/div><hr class=\"x-line e555354-e18-v0 mbwii-e\"\/><div class=\"x-text x-content e555354-e19 mbwii-g mbwii-i mbwii-j body-medium\"><span>Wir haben jetzt best\u00e4tigt, dass Sie eine reale Person sind, und werden Ihnen gelegentlich ein Update zu allen UTIs schicken.<\/span><\/div><hr class=\"x-line e555354-e20-v0 mbwii-e\"\/><span class=\"x-image e555354-e21 mbwii-k\"><img decoding=\"async\" src=\"https:\/\/liveutifree.com\/wp-content\/uploads\/2024\/10\/54e1dc01-4e68-4b49-99f6-6355e70de7b5-scaled.jpg\" width=\"1024\" height=\"1024\" alt=\"Picture of Melissa\" loading=\"lazy\"><\/span><hr class=\"x-line e555354-e22-v0 mbwii-e\"\/><div class=\"x-text x-content e555354-e23 mbwii-g mbwii-h mbwii-j body-medium\"><span>Wie ich wiederkehrende Harnwegsinfektionen besiege<\/span><\/div><hr class=\"x-line e555354-e24-v0 mbwii-e\"\/><a class=\"x-anchor x-anchor-button has-graphic e555354-e25 mbwii-l button-blue-icon-primary\" tabindex=\"0\" href=\"https:\/\/liveutifree.com\/de\/wie-ich-wiederkehrende-harnwegsinfektionen-besiege\/\"><div class=\"x-anchor-content\"><span class=\"x-graphic\" aria-hidden=\"true\"><span class=\"x-image x-graphic-child x-graphic-image x-graphic-primary\"><img decoding=\"async\" src=\"https:\/\/liveutifree.com\/wp-content\/uploads\/2025\/03\/white.svg\" width=\"28\" height=\"27\" alt=\"The image is completely blank with a white background and no visible objects or text.\" loading=\"lazy\"><\/span><\/span><div class=\"x-anchor-text\"><span class=\"x-anchor-text-primary\">Lesen Sie ihre Geschichte<\/span><\/div><\/div><\/a><\/div><\/div><\/div><\/div><\/div>","protected":false},"excerpt":{"rendered":"<p>Vielen Dank! Wir haben nun best\u00e4tigt, dass Sie ein echter Mensch sind, und werden Ihnen gelegentlich eine E-Mail schicken, in der wir Sie dar\u00fcber informieren, wie Sie uns im Kampf gegen die Epidemie der UTIs unterst\u00fctzen k\u00f6nnen.Wie ich wiederkehrende Harnwegsinfektionen besiegeLesen Sie ihre GeschichteVielen Dank!!! Wir haben jetzt best\u00e4tigt, dass Sie eine reale Person sind, und werden Ihnen gelegentlich ein &#8230; <\/p>\n<div><a href=\"https:\/\/liveutifree.com\/de\/dankeschoen-luf\/\" class=\"more-link\">Read More<\/a><\/div>\n","protected":false},"author":7,"featured_media":0,"parent":0,"menu_order":162,"comment_status":"closed","ping_status":"closed","template":"template-blank-4.php","meta":{"_acf_changed":false,"inline_featured_image":false,"footnotes":""},"class_list":["post-555354","page","type-page","status-publish","hentry","no-post-thumbnail"],"acf":[],"featured_image_src":null,"_links":{"self":[{"href":"https:\/\/liveutifree.com\/de\/wp-json\/wp\/v2\/pages\/555354","targetHints":{"allow":["GET"]}}],"collection":[{"href":"https:\/\/liveutifree.com\/de\/wp-json\/wp\/v2\/pages"}],"about":[{"href":"https:\/\/liveutifree.com\/de\/wp-json\/wp\/v2\/types\/page"}],"author":[{"embeddable":true,"href":"https:\/\/liveutifree.com\/de\/wp-json\/wp\/v2\/users\/7"}],"replies":[{"embeddable":true,"href":"https:\/\/liveutifree.com\/de\/wp-json\/wp\/v2\/comments?post=555354"}],"version-history":[{"count":0,"href":"https:\/\/liveutifree.com\/de\/wp-json\/wp\/v2\/pages\/555354\/revisions"}],"wp:attachment":[{"href":"https:\/\/liveutifree.com\/de\/wp-json\/wp\/v2\/media?parent=555354"}],"curies":[{"name":"wp","href":"https:\/\/api.w.org\/{rel}","templated":true}]}}