{"id":554741,"date":"2025-09-07T10:56:07","date_gmt":"2025-09-07T10:56:07","guid":{"rendered":"https:\/\/liveutifree.com\/kliniker-luf\/"},"modified":"2025-10-23T13:55:37","modified_gmt":"2025-10-23T13:55:37","slug":"kliniker-luf","status":"publish","type":"page","link":"https:\/\/liveutifree.com\/de\/kliniker-luf\/","title":{"rendered":"Kliniker"},"content":{"rendered":"<div id=\"cs-content\" class=\"cs-content\"><div class=\"x-section e554741-e1 mbw1h-0\"><div class=\"x-row x-container max width e554741-e2 mbw1h-3 mbw1h-4 mbw1h-8 mbw1h-9\"><div class=\"x-row-inner\"><div class=\"x-col e554741-e3 mbw1h-k mbw1h-l mbw1h-m\"><div class=\"x-div e554741-e4 mbw1h-q mbw1h-r mbw1h-s mbw1h-t mbw1h-u\"><div class=\"x-text x-text-headline e554741-e5 mbw1h-z mbw1h-10 mbw1h-11 heading-01 \"><div class=\"x-text-content\"><div class=\"x-text-content-text\"><h1 class=\"x-text-content-text-primary\">Wie Kliniker sich engagieren k\u00f6nnen<\/h1>\n<\/div><\/div><\/div><hr class=\"x-line e554741-e6-v0 mbw1h-16 mbw1h-17\"\/><div class=\"x-text x-content e554741-e7 mbw1h-19 mbw1h-1a mbw1h-1b mbw1h-1c body-medium\"><p>Wenn Sie neu hier sind, hei\u00dfen wir Sie in unserer Gemeinschaft willkommen. Wir freuen uns darauf, mehr \u00fcber Ihr Fachwissen auf dem Gebiet der rezidivierenden und chronischen UTI zu erfahren und dar\u00fcber, wie wir mit Ihnen zusammenarbeiten oder Sie mit unserer Gemeinschaft verbinden k\u00f6nnen. Vielleicht kennen Sie bereits unsere <span style=\"color: #c74f4d;\"><a href=\"https:\/\/liveutifree.com\/wp-content\/uploads\/2024\/03\/2024-Improving-Treatment-Pathways-for-Patients-with-Lower-Urinary-Tract-Symptoms.pdf\" style=\"color: #c74f4d;\"><span style=\"text-decoration: underline;\">Ressourcen f\u00fcr Kliniker (pdf)<\/span><\/a><\/span> oder unserem <span style=\"color: #c74f4d;\"><a href=\"https:\/\/liveutifree.com\/wp-content\/uploads\/2025\/03\/TTYD-Patient-Guidelines-1.pdf\" style=\"color: #c74f4d;\"><span style=\"text-decoration: underline;\">Leitfaden zur Vorbereitung von Patienten auf Termine (pdf)<\/span><\/a><\/span>.  <\/p>\n<p>Wir hoffen, dass diese Informationen f\u00fcr alle unsere bestehenden Mitarbeiter neue Wege der Zusammenarbeit aufzeigen.<\/p><\/div><hr class=\"x-line e554741-e8-v0 mbw1h-17 mbw1h-18\"\/><div style=\"--tco-dcbw1h-0:;--tco-dcbw1h-1:;\" class=\"x-text x-text-headline e554741-e9-v0 mbw1h-10 mbw1h-12 mbw1h-13 mbw1h-1\"><div class=\"x-text-content\"><div class=\"x-text-content-text\"><h3 class=\"x-text-content-text-primary\">Getting to know our community<\/h3>\n<\/div><\/div><\/div><hr class=\"x-line e554741-e10-v0 mbw1h-16 mbw1h-17\"\/><div class=\"x-div e554741-e11 mbw1h-t mbw1h-u mbw1h-v\"><div class=\"x-grid x-hide-sm x-hide-xs e554741-e12 mbw1h-1q mbw1h-1r\"><div class=\"x-cell e554741-e13 mbw1h-1t mbw1h-1u mbw1h-1v mbw1h-1w mbw1h-1x mbw1h-1y\"><div class=\"x-text x-content e554741-e14 mbw1h-1a mbw1h-1c mbw1h-1d mbw1h-1e mbw1h-1f\"><p>130+<\/p><\/div><div class=\"x-text x-content e554741-e15 mbw1h-1a mbw1h-1b mbw1h-1c mbw1h-1f mbw1h-1g mbw1h-1h mbw1h-1i body-small\">L\u00e4nder mit eingereichten Frageb\u00f6gen<\/div><\/div><div class=\"x-cell x-hide-sm e554741-e16 mbw1h-1t mbw1h-1u mbw1h-1v mbw1h-1w mbw1h-1y mbw1h-1z\"><\/div><div class=\"x-cell e554741-e17 mbw1h-1t mbw1h-1u mbw1h-1v mbw1h-1w mbw1h-1x mbw1h-1y\"><div class=\"x-text x-content e554741-e18 mbw1h-1a mbw1h-1c mbw1h-1d mbw1h-1e mbw1h-1f\">1M+<\/div><div class=\"x-text x-content e554741-e19 mbw1h-1a mbw1h-1b mbw1h-1c mbw1h-1f mbw1h-1h mbw1h-1j body-small\">Website-Besucher pro Jahr<\/div><\/div><div class=\"x-cell x-hide-sm e554741-e20 mbw1h-1t mbw1h-1u mbw1h-1v mbw1h-1w mbw1h-1y mbw1h-1z\"><\/div><div class=\"x-cell e554741-e21 mbw1h-1t mbw1h-1u mbw1h-1v mbw1h-1w mbw1h-1x mbw1h-1y\"><div class=\"x-text x-content e554741-e22 mbw1h-1a mbw1h-1c mbw1h-1d mbw1h-1e mbw1h-1f\">30K+<\/div><div class=\"x-text x-content e554741-e23 mbw1h-1a mbw1h-1b mbw1h-1c mbw1h-1f mbw1h-1g mbw1h-1k body-small\"><p>Mailingliste f\u00fcr Patienten<\/p><\/div><\/div><div class=\"x-cell x-hide-sm e554741-e24 mbw1h-1t mbw1h-1u mbw1h-1v mbw1h-1w mbw1h-1y mbw1h-1z\"><\/div><div class=\"x-cell e554741-e25 mbw1h-1t mbw1h-1u mbw1h-1v mbw1h-1w mbw1h-1x mbw1h-1y mbw1h-20 mbw1h-21\"><div class=\"x-text x-content e554741-e26 mbw1h-1a mbw1h-1c mbw1h-1d mbw1h-1e mbw1h-1f\"><p>930K<\/p><\/div><div class=\"x-text x-content e554741-e27 mbw1h-1a mbw1h-1b mbw1h-1c mbw1h-1f mbw1h-1g mbw1h-1h body-small\"><p>YouTube-Aufrufe und 10k Abonnenten<\/p><\/div><\/div><div class=\"x-cell x-hide-md x-hide-sm e554741-e28 mbw1h-1t mbw1h-1u mbw1h-1v mbw1h-1w mbw1h-1y mbw1h-1z\"><\/div><div class=\"x-cell e554741-e29 mbw1h-1t mbw1h-1u mbw1h-1v mbw1h-1w mbw1h-1x mbw1h-1y mbw1h-21 mbw1h-22\"><div class=\"x-text x-content e554741-e30 mbw1h-1a mbw1h-1c mbw1h-1d mbw1h-1e mbw1h-1f\">80K<\/div><div class=\"x-text x-content e554741-e31 mbw1h-1a mbw1h-1b mbw1h-1c mbw1h-1f mbw1h-1h mbw1h-1l body-small\">Patientenquiz Einsendungen<\/div><\/div><div class=\"x-cell x-hide-md x-hide-sm e554741-e32 mbw1h-1t mbw1h-1u mbw1h-1v mbw1h-1w mbw1h-1y mbw1h-1z\"><\/div><div class=\"x-cell e554741-e33 mbw1h-1t mbw1h-1u mbw1h-1v mbw1h-1w mbw1h-1x mbw1h-1y\"><div class=\"x-text x-content e554741-e34 mbw1h-1a mbw1h-1c mbw1h-1d mbw1h-1e mbw1h-1f\">95.6%<\/div><div class=\"x-text x-content e554741-e35 mbw1h-1a mbw1h-1b mbw1h-1c mbw1h-1f mbw1h-1g mbw1h-1i mbw1h-1k mbw1h-1m body-small\"><p>Weibliches biologisches Geschlecht<\/p><\/div><\/div><div class=\"x-cell x-hide-sm x-hide-xs e554741-e36 mbw1h-1t mbw1h-1u mbw1h-1v mbw1h-1w mbw1h-1y mbw1h-1z\"><\/div><div class=\"x-cell e554741-e37 mbw1h-1t mbw1h-1u mbw1h-1v mbw1h-1w mbw1h-1x mbw1h-1y\"><div class=\"x-text x-content e554741-e38 mbw1h-1a mbw1h-1c mbw1h-1d mbw1h-1e mbw1h-1f\">13.4%<\/div><div class=\"x-text x-content e554741-e39 mbw1h-1a mbw1h-1b mbw1h-1c mbw1h-1f mbw1h-1g mbw1h-1h body-small\">Anhaltende UTI-Symptome<\/div><\/div><div class=\"x-cell x-hide-sm e554741-e40 mbw1h-1t mbw1h-1u mbw1h-1v mbw1h-1w mbw1h-1y mbw1h-1z\"><\/div><div class=\"x-cell e554741-e41 mbw1h-1t mbw1h-1u mbw1h-1v mbw1h-1w mbw1h-1x mbw1h-1y\"><div class=\"x-text x-content e554741-e42 mbw1h-1a mbw1h-1c mbw1h-1d mbw1h-1e mbw1h-1f\">25%<\/div><div class=\"x-text x-content e554741-e43 mbw1h-1a mbw1h-1b mbw1h-1c mbw1h-1f mbw1h-1g mbw1h-1h body-small\"><p>Erleben Sie UTI-Symptome alle einen Monat oder weniger<\/p><\/div><\/div><div class=\"x-cell e554741-e44 mbw1h-1u mbw1h-1y mbw1h-23 mbw1h-24\"><span class=\"x-image x-hide-lg x-hide-md x-hide-sm x-hide-xl x-hide-xs e554741-e45 mbw1h-26 mbw1h-27\"><img decoding=\"async\" src=\"https:\/\/liveutifree.com\/wp-content\/uploads\/2025\/06\/Screenshot-2023-02-01-at-17.39.24-1-min-scaled.png\" width=\"1280\" height=\"297\" alt=\"Eine Person untersucht eine Probe unter dem Mikroskop, auf der eine Sprechblase zu lesen ist: 8 von 10 gaben an, dass ihre UTI-Behandlung fehlgeschlagen ist oder zu einem erneuten R\u00fcckfall gef\u00fchrt hat.\" loading=\"lazy\"><\/span><div class=\"x-grid e554741-e46 mbw1h-1q mbw1h-1s\"><div class=\"x-cell e554741-e47 mbw1h-1t mbw1h-1u mbw1h-1y mbw1h-24\"><span class=\"x-image e554741-e48 mbw1h-26 mbw1h-27\"><img decoding=\"async\" src=\"https:\/\/liveutifree.com\/wp-content\/uploads\/2025\/07\/scientest-img.png\" width=\"379\" height=\"375\" alt=\"Strichzeichnung eines Wissenschaftlers im Laborkittel und mit Brille, der eine Probe unter einem Mikroskop untersucht.\" loading=\"lazy\"><\/span><\/div><div class=\"x-cell e554741-e49 mbw1h-1w mbw1h-1y mbw1h-25\"><div class=\"x-div e554741-e50 mbw1h-q mbw1h-s mbw1h-t mbw1h-w mbw1h-x\"><div class=\"x-text x-content e554741-e51 mbw1h-1a mbw1h-1d mbw1h-1f mbw1h-1n\">8 von 10 Personen, die den Fragebogen ausf\u00fcllten, sagten <span style=\"color: #008071;\"><strong>ihre UTI-Behandlung schlug sofort fehl<\/strong><\/span> oder f\u00fchrte zu einem erneuten R\u00fcckfall.<\/div><\/div><\/div><\/div><\/div><\/div><div class=\"x-row x-hide-lg x-hide-md x-hide-xl e554741-e52 mbw1h-3 mbw1h-5 mbw1h-8 mbw1h-a\"><div class=\"x-row-inner\"><div class=\"x-col e554741-e53 mbw1h-k mbw1h-m mbw1h-n\"><div class=\"x-text x-content e554741-e54 mbw1h-1a mbw1h-1c mbw1h-1d mbw1h-1e mbw1h-1f\"><p>130+<\/p><\/div><div class=\"x-text x-content e554741-e55 mbw1h-1a mbw1h-1b mbw1h-1c mbw1h-1f mbw1h-1o body-small\"><p>L\u00e4nder mit eingereichten Frageb\u00f6gen<\/p><\/div><\/div><div class=\"x-col e554741-e56 mbw1h-k mbw1h-m mbw1h-n\"><div class=\"x-text x-content e554741-e57 mbw1h-1a mbw1h-1c mbw1h-1d mbw1h-1e mbw1h-1f\">1M+<\/div><div class=\"x-text x-content e554741-e58 mbw1h-1a mbw1h-1b mbw1h-1c mbw1h-1f mbw1h-1p body-small\">Website-Besucher pro Jahr<\/div><\/div><div class=\"x-col e554741-e59 mbw1h-k mbw1h-m mbw1h-n\"><div class=\"x-text x-content e554741-e60 mbw1h-1a mbw1h-1c mbw1h-1d mbw1h-1e mbw1h-1f\"><p>930K<\/p><\/div><div class=\"x-text x-content e554741-e61 mbw1h-1a mbw1h-1b mbw1h-1c mbw1h-1f mbw1h-1m body-small\">YouTube-Aufrufe und 3,5k Abonnenten<\/div><\/div><div class=\"x-col e554741-e62 mbw1h-k mbw1h-m mbw1h-n\"><div class=\"x-text x-content e554741-e63 mbw1h-1a mbw1h-1c mbw1h-1d mbw1h-1e mbw1h-1f\">200K<\/div><div class=\"x-text x-content e554741-e64 mbw1h-1a mbw1h-1b mbw1h-1c mbw1h-1f mbw1h-1m body-small\"><p>YouTube-Aufrufe und 10k Abonnenten<\/p><\/div><\/div><div class=\"x-col e554741-e65 mbw1h-k mbw1h-m mbw1h-n\"><div class=\"x-text x-content e554741-e66 mbw1h-1a mbw1h-1c mbw1h-1d mbw1h-1e mbw1h-1f\">80K<\/div><div class=\"x-text x-content e554741-e67 mbw1h-1a mbw1h-1b mbw1h-1c mbw1h-1f body-small\">Patientenquiz Einsendungen<\/div><\/div><div class=\"x-col e554741-e68 mbw1h-k mbw1h-m mbw1h-n\"><div class=\"x-text x-content e554741-e69 mbw1h-1a mbw1h-1c mbw1h-1d mbw1h-1e mbw1h-1f\">95.6%<\/div><div class=\"x-text x-content e554741-e70 mbw1h-1a mbw1h-1b mbw1h-1c mbw1h-1f body-small\">Weibliches biologisches Geschlecht<\/div><\/div><div class=\"x-col e554741-e71 mbw1h-k mbw1h-m mbw1h-n\"><div class=\"x-text x-content e554741-e72 mbw1h-1a mbw1h-1c mbw1h-1d mbw1h-1e mbw1h-1f\">13.4%<\/div><div class=\"x-text x-content e554741-e73 mbw1h-1a mbw1h-1b mbw1h-1c mbw1h-1f mbw1h-1m body-small\">Anhaltende UTI-Symptome<\/div><\/div><div class=\"x-col e554741-e74 mbw1h-k mbw1h-m mbw1h-n\"><div class=\"x-text x-content e554741-e75 mbw1h-1a mbw1h-1c mbw1h-1d mbw1h-1e mbw1h-1f\">25%<\/div><div class=\"x-text x-content e554741-e76 mbw1h-1a mbw1h-1b mbw1h-1c mbw1h-1f mbw1h-1m body-small\">Erleben Sie UTI-Symptome alle einen Monat oder weniger<\/div><\/div><div class=\"x-col e554741-e77 mbw1h-k mbw1h-m mbw1h-n mbw1h-o\"><div class=\"x-div e554741-e78 mbw1h-q mbw1h-s mbw1h-t mbw1h-w\"><div class=\"x-text x-content e554741-e79 mbw1h-1a mbw1h-1d mbw1h-1f mbw1h-1n\">8 von 10 Personen, die den Fragebogen ausf\u00fcllten, sagten <span style=\"color: #008071;\"><strong>ihre UTI-Behandlung schlug sofort fehl<\/strong><\/span> oder f\u00fchrte zu einem erneuten R\u00fcckfall.<\/div><\/div><span class=\"x-image e554741-e80 mbw1h-26 mbw1h-28 mbw1h-29\"><img decoding=\"async\" src=\"https:\/\/liveutifree.com\/wp-content\/uploads\/2025\/07\/scientest-img.png\" width=\"379\" height=\"375\" alt=\"Strichzeichnung eines Wissenschaftlers im Laborkittel und mit Brille, der eine Probe unter einem Mikroskop untersucht.\" loading=\"lazy\"><\/span><\/div><\/div><\/div><\/div><\/div><\/div><\/div><\/div><\/div><div class=\"x-section e554741-e81 mbw1h-0\"><div class=\"x-row x-container max width e554741-e82 mbw1h-3 mbw1h-4 mbw1h-8 mbw1h-b\"><div class=\"x-row-inner\"><div class=\"x-col e554741-e83 mbw1h-k mbw1h-l mbw1h-m\"><div class=\"x-div e554741-e84 mbw1h-q mbw1h-r mbw1h-s mbw1h-t mbw1h-u\"><div class=\"x-text x-text-headline e554741-e85 mbw1h-z mbw1h-10 heading-03\"><div class=\"x-text-content\"><div class=\"x-text-content-text\"><h2 class=\"x-text-content-text-primary\">Werden Sie Mitglied in unserem Empfehlungsnetzwerk f\u00fcr Kliniker<\/h2>\n<\/div><\/div><\/div><hr class=\"x-line e554741-e86-v0 mbw1h-16 mbw1h-17\"\/><\/div><div class=\"x-row e554741-e87 mbw1h-3 mbw1h-4 mbw1h-6 mbw1h-8 mbw1h-c\"><div class=\"x-row-inner\"><div class=\"x-col e554741-e88 mbw1h-k mbw1h-m mbw1h-n\"><span class=\"x-image e554741-e89 mbw1h-26 mbw1h-27 mbw1h-29 mbw1h-2a\"><img decoding=\"async\" src=\"https:\/\/liveutifree.com\/wp-content\/uploads\/2022\/07\/Development-of-Symptom-Measurement-Tools-tab.png\" width=\"502\" height=\"500\" alt=\"Kliniker und Patienten\" loading=\"lazy\"><\/span><\/div><div class=\"x-col e554741-e90 mbw1h-k mbw1h-l mbw1h-p\"><div class=\"x-text x-content e554741-e91 mbw1h-1a mbw1h-1b mbw1h-1c body-medium\"><p>Als Forschungs- und Interessenvertretungsorganisation f\u00fcr Patienten, die im Zentrum der Gemeinschaft f\u00fcr rezidivierende und chronische UTI steht, werden wir t\u00e4glich an Kliniker empfohlen.<\/p>\n<p>Wir legen gro\u00dfen Wert auf diese Empfehlungen, denn wir erhalten t\u00e4glich mehr als 20 Anfragen f\u00fcr \u00dcberweisungen an Kliniker. Unsere Patientengemeinschaft ist riesig, und unsere Gemeinschaft mit \u00c4rzten zusammenzubringen, die helfen k\u00f6nnen, ist eine unserer Hauptaktivit\u00e4ten. <\/p>\n<p><\/p><\/div><\/div><\/div><\/div><\/div><div class=\"x-col e554741-e92 mbw1h-k mbw1h-l mbw1h-m\"><div class=\"x-row e554741-e93 mbw1h-3 mbw1h-4 mbw1h-6 mbw1h-8 mbw1h-d\"><div class=\"x-row-inner\"><div class=\"x-col e554741-e94 mbw1h-k mbw1h-l mbw1h-m\"><div class=\"x-text x-content e554741-e95 mbw1h-1a mbw1h-1b mbw1h-1c body-medium\"><p>Als Teil unseres Kliniknetzwerks haben Sie die M\u00f6glichkeit, weitere Informationen \u00fcber Ihre Praxis zu geben, damit wir Sie am besten mit Patienten in Verbindung bringen k\u00f6nnen, die von Ihrem Ansatz profitieren k\u00f6nnten.<\/p>\n<p><strong>Informationen \u00fcber die \u00c4rzte in unserem Netzwerk werden nicht direkt auf unserer Website ver\u00f6ffentlicht, sondern den Patienten auf Anfrage per E-Mail zur Verf\u00fcgung gestellt, je nach Region und Anforderungen des Patienten.<\/strong><\/p>\n<p>Unser \u00dcberweisungsservice ist sowohl f\u00fcr Patienten als auch f\u00fcr \u00c4rzte kostenlos. Unser Netzwerk umfasst derzeit etwa 250 \u00c4rzte aus verschiedenen Fachgebieten und L\u00e4ndern. Siehe unsere <span style=\"color: #c74f4d;\"><a href=\"https:\/\/liveutifree.com\/de\/legal-luf\/\" style=\"color: #c74f4d;\"><span style=\"text-decoration: underline;\">Datenschutzrichtlinie<\/span><\/a><\/span> finden Sie weitere Informationen dar\u00fcber, wie die von Ihnen zur Verf\u00fcgung gestellten Informationen verwendet werden. <\/p><\/div><\/div><div class=\"x-col e554741-e96 mbw1h-k mbw1h-m mbw1h-n\"><a class=\"x-anchor x-anchor-button e554741-e97 mbw1h-2b\" tabindex=\"0\" href=\"https:\/\/airtable.com\/appzPvbWbNfQVsK6U\/shrEbxA2eI2IM4Pa2\"><div class=\"x-anchor-content\"><div class=\"x-anchor-text\"><span class=\"x-anchor-text-primary\">Werden Sie Mitglied in unserem Empfehlungsnetzwerk f\u00fcr Kliniker<\/span><\/div><\/div><\/a><\/div><\/div><\/div><\/div><\/div><\/div><\/div><div class=\"x-section e554741-e98 mbw1h-0\"><div class=\"x-row x-container max width e554741-e99 mbw1h-3 mbw1h-4 mbw1h-8 mbw1h-e\"><div class=\"x-row-inner\"><div class=\"x-col e554741-e100 mbw1h-k mbw1h-l mbw1h-m\"><div class=\"x-div e554741-e101 mbw1h-q mbw1h-r mbw1h-s mbw1h-t mbw1h-u\"><div class=\"x-text x-text-headline e554741-e102 mbw1h-z mbw1h-10 heading-03\"><div class=\"x-text-content\"><div class=\"x-text-content-text\"><h2 class=\"x-text-content-text-primary\">Teilen Sie Ihr Fachwissen auf unserem YouTube-Kanal<\/h2>\n<\/div><\/div><\/div><hr class=\"x-line e554741-e103-v0 mbw1h-16 mbw1h-17\"\/><div class=\"x-row e554741-e104 mbw1h-3 mbw1h-4 mbw1h-7 mbw1h-8 mbw1h-f\"><div class=\"x-row-inner\"><div class=\"x-col e554741-e105 mbw1h-k mbw1h-m mbw1h-n\"><a class=\"x-image e554741-e106 mbw1h-26 mbw1h-27 mbw1h-29\" href=\"https:\/\/www.youtube.com\/@LiveUTIFree\/videos\" target=\"_blank\" rel=\"noopener noreferrer\"><img decoding=\"async\" src=\"https:\/\/liveutifree.com\/wp-content\/uploads\/2023\/02\/Screenshot-2023-02-01-at-17.46.06.png\" width=\"788\" height=\"289\" alt=\"Zwei YouTube-Videominiaturen \u00fcber UTIs und die Gesundheit von Frauen mit den \u00c4rztinnen Dr. Carley Akehurst und Dr. Rachel Rubin, mit hervorgehobenen LUF-Einsichten und angezeigter Videodauer.\" loading=\"lazy\"><\/a><\/div><div class=\"x-col e554741-e107 mbw1h-k mbw1h-m mbw1h-n\"><a class=\"x-image e554741-e108 mbw1h-26 mbw1h-27 mbw1h-29\" href=\"https:\/\/www.youtube.com\/@LiveUTIFree\/videos\" target=\"_blank\" rel=\"noopener noreferrer\"><img decoding=\"async\" src=\"https:\/\/liveutifree.com\/wp-content\/uploads\/2023\/02\/Screenshot-2023-02-01-at-17.46.34.png\" width=\"790\" height=\"318\" alt=\"Zwei YouTube-Videominiaturen zeigen Kliniker, die \u00fcber Harnwegsinfektionen (UTIs) sprechen. Ein Video behandelt die Immunreaktion auf UTIs, das andere konzentriert sich auf UTIs bei Kindern und \u00e4lteren Erwachsenen.\" loading=\"lazy\"><\/a><\/div><\/div><\/div><hr class=\"x-line e554741-e109-v0 mbw1h-17 mbw1h-18\"\/><div class=\"x-row e554741-e110 mbw1h-3 mbw1h-4 mbw1h-7 mbw1h-8 mbw1h-g\"><div class=\"x-row-inner\"><div class=\"x-col e554741-e111 mbw1h-k mbw1h-m mbw1h-n\"><div class=\"x-text x-content e554741-e112 mbw1h-1a mbw1h-1b mbw1h-1c body-medium\"><p>Unsere <a href=\"https:\/\/www.youtube.com\/@LiveUTIFree\/videos\"><span style=\"text-decoration: underline;\">Serie von Experteninterviews und praktischen Tipps auf YouTub<\/span><\/a>e bieten Klinikern und Forschern eine Plattform, um ihr Fachwissen und ihre Erkenntnisse \u00fcber wiederkehrende UTI und verwandte Themen zu teilen.<\/p>\n<p>Wir sammeln Fragen aus unserer Community und laden Experten ein, ihre Antworten in dieser beliebten Serie zu teilen. Diese Art der Zusammenarbeit mit unserer Community erm\u00f6glicht es nicht nur unseren Community-Mitgliedern, Kliniker auf diesem Gebiet kennenzulernen, sondern bietet auch den Klinikern die M\u00f6glichkeit, besser zu verstehen, was f\u00fcr die Patienten wichtig ist. <\/p>\n<p>Wenn Sie uns an Ihrer Forschung teilhaben lassen oder einen Bereich der Beckengesundheit diskutieren m\u00f6chten, <a href=\"https:\/\/liveutifree.com\/de\/kontakt-luf\/\"><span style=\"text-decoration: underline;\">nehmen Sie Kontakt auf!<\/span><\/a><\/p><\/div><\/div><\/div><\/div><\/div><\/div><\/div><\/div><\/div><div class=\"x-section e554741-e113 mbw1h-0\"><div class=\"x-row x-container max width e554741-e114 mbw1h-3 mbw1h-4 mbw1h-8 mbw1h-h\"><div class=\"x-row-inner\"><div class=\"x-col e554741-e115 mbw1h-k mbw1h-l mbw1h-m\"><div class=\"x-div e554741-e116 mbw1h-q mbw1h-r mbw1h-t mbw1h-u mbw1h-y\"><div class=\"x-text x-text-headline e554741-e117 mbw1h-z mbw1h-10 heading-03\"><div class=\"x-text-content\"><div class=\"x-text-content-text\"><h2 class=\"x-text-content-text-primary\">Arbeiten Sie mit uns bei der Forschung zusammen<\/h2>\n<\/div><\/div><\/div><hr class=\"x-line e554741-e118-v0 mbw1h-16 mbw1h-17\"\/><div class=\"x-text x-content e554741-e119 mbw1h-19 mbw1h-1a mbw1h-1b mbw1h-1c body-medium\"><p>Die Forschung steht im Mittelpunkt unserer Arbeit, und wir haben den weltweit gr\u00f6\u00dften Datensatz \u00fcber die Erfahrungen von Patienten mit UTI gesammelt. Wir unterst\u00fctzen andere Forscher in vielerlei Hinsicht, unter anderem: <\/p>\n\n<ul>\n \t<li>Rekrutierung von Teilnehmern<\/li>\n \t<li>Beratung zur Beteiligung der \u00d6ffentlichkeit und der Patienten<\/li>\n \t<li>Entwurf eines Patientenfragebogens<\/li>\n \t<li>Studienaufbau<\/li>\n \t<li>Zusammenarbeit bei Finanzierungsantr\u00e4gen<\/li>\n<\/ul>\n<p>Forscher sind herzlich eingeladen, unsere k\u00fcrzlich ver\u00f6ffentlichten Patientenberichteten Ergebnismessungen (PROMs) f\u00fcr rezidivierende UTI zu nutzen:<\/p>\n\n<ol>\n \t<li><a href=\"https:\/\/bjui-journals.onlinelibrary.wiley.com\/doi\/10.1002\/bco2.222\" target=\"_blank\" rel=\"noopener\"><span style=\"text-decoration: underline;\">Die Skala der Symptome wiederkehrender Harnwegsinfektionen (RUTISS)<\/span><\/a><\/li>\n \t<li><a href=\"https:\/\/link.springer.com\/article\/10.1007\/s11136-023-03348-7\" target=\"_blank\" rel=\"noopener\"><span style=\"text-decoration: underline;\">Der Fragebogen zu den Auswirkungen wiederkehrender Harnwegsinfektionen (RUTIIQ)<\/span><\/a><\/li>\n<\/ol>\n<p>Wenn Sie weitere Informationen \u00fcber unsere Zusammenarbeit in der Forschung w\u00fcnschen, senden Sie uns bitte eine<span> <\/span><span style=\"color: #c74f4d;\"><a href=\"https:\/\/liveutifree.com\/de\/kontakt-luf\/\" style=\"color: #c74f4d;\"><span style=\"text-decoration: underline;\">senden Sie uns eine E-Mail<\/span><\/a><\/span>.<\/p><\/div><\/div><\/div><\/div><\/div><\/div><div class=\"x-section e554741-e120 mbw1h-0\"><div class=\"x-row x-container max width e554741-e121 mbw1h-3 mbw1h-4 mbw1h-8 mbw1h-i\"><div class=\"x-row-inner\"><div class=\"x-col e554741-e122 mbw1h-k mbw1h-l mbw1h-m\"><div class=\"x-div e554741-e123 mbw1h-q mbw1h-r mbw1h-s mbw1h-t mbw1h-u\"><div class=\"x-text x-text-headline e554741-e124 mbw1h-z mbw1h-10 mbw1h-14 heading-03\"><div class=\"x-text-content\"><div class=\"x-text-content-text\"><h2 class=\"x-text-content-text-primary\">Beteiligen Sie sich an einer \"Frag mich was\"-Serie in den sozialen Medien<\/h2>\n<\/div><\/div><\/div><hr class=\"x-line e554741-e125-v0 mbw1h-16 mbw1h-17\"\/><span class=\"x-image e554741-e126 mbw1h-26 mbw1h-27\"><img decoding=\"async\" src=\"https:\/\/liveutifree.com\/wp-content\/uploads\/2021\/11\/1.png\" width=\"540\" height=\"540\" alt=\"Krystal Thomas-White AMA\" loading=\"lazy\"><\/span><hr class=\"x-line e554741-e127-v0 mbw1h-16 mbw1h-17\"\/><div class=\"x-text x-content e554741-e128 mbw1h-19 mbw1h-1a mbw1h-1b mbw1h-1c body-medium\"><p>Gespr\u00e4che \u00fcber UTI finden auf verschiedenen Plattformen statt, und wir tauschen uns h\u00e4ufig mit unserer Community in den sozialen Medien aus. Eine der M\u00f6glichkeiten, wie wir Kliniker und Patienten in den sozialen Medien zusammenbringen k\u00f6nnen, ist die \"Ask Me Anything\"-Serie, bei der unser Publikum Fragen einreicht und unser Experte jede Woche eine Frage beantwortet. <\/p>\n<p>Wenn Sie Lust auf ein 'AMA' haben, <span style=\"color: #c74f4d;\"><a href=\"https:\/\/liveutifree.com\/de\/kontakt-luf\/\" style=\"color: #c74f4d;\"><span style=\"text-decoration: underline;\">melden Sie sich per E-Mail<\/span><\/a><\/span> oder noch besser, <a href=\"https:\/\/www.instagram.com\/liveutifree\/\" target=\"_blank\" rel=\"noopener\"><span style=\"text-decoration: underline;\">DM uns auf Instagram<\/span><\/a>.<\/p><\/div><\/div><\/div><\/div><\/div><\/div><div class=\"x-section e554741-e129 mbw1h-0\"><div class=\"x-row x-container max width e554741-e130 mbw1h-3 mbw1h-4 mbw1h-8 mbw1h-j\"><div class=\"x-row-inner\"><div class=\"x-col e554741-e131 mbw1h-k mbw1h-l mbw1h-m\"><div class=\"x-div e554741-e132 mbw1h-q mbw1h-r mbw1h-t mbw1h-u mbw1h-y\"><div style=\"--tco-dcbw1h-2:;--tco-dcbw1h-3:;\" class=\"x-text x-text-headline e554741-e133-v0 mbw1h-10 mbw1h-13 mbw1h-15 mbw1h-2\"><div class=\"x-text-content\"><div class=\"x-text-content-text\"><h2 class=\"x-text-content-text-primary\">Author An Article On A Special Interest Area<\/h2>\n<\/div><\/div><\/div><hr class=\"x-line e554741-e134-v0 mbw1h-16 mbw1h-17\"\/><div class=\"x-text x-content e554741-e135 mbw1h-19 mbw1h-1a mbw1h-1b mbw1h-1c body-medium\"><p>Wir lieben es, evidenzbasierte Inhalte von Autoren mit praktischer Erfahrung zu verbreiten, und wir arbeiten mit Klinikern und Forschern zusammen, um dies zu erm\u00f6glichen. Unsere Community sch\u00e4tzt die M\u00f6glichkeit, von Experten auf ihrem Gebiet etwas \u00fcber eine breite Palette von Themen zu erfahren. <\/p>\n<p>Wenn Sie Inhalte auf unserer Website verfassen, haben Sie die M\u00f6glichkeit, mehr \u00fcber Ihre eigene Praxis zu berichten und die Leser auf Ihre eigene Website zu verweisen. Sehen Sie sich einige unserer Expertenartikel an: <\/p>\n\n<ol>\n \t<li><a href=\"https:\/\/liveutifree.com\/de\/uti-und-menopause-oestrogen-kann-wiederkehrende-uti-verbessern\/\"><span style=\"text-decoration: underline;\">UTI und Menopause: \u00d6strogen kann wiederkehrende UTI verbessern<\/span><\/a><\/li>\n \t<li><a href=\"https:\/\/liveutifree.com\/de\/vitamin-c-bei-uti-funktioniert-es\/\"><span style=\"text-decoration: underline;\">Vitamin C bei UTI: Funktioniert es?<\/span><\/a><\/li>\n \t<li><a href=\"https:\/\/liveutifree.com\/de\/uti-waehrend-der-schwangerschaft-sicherheit-behandlung-und-praevention\/\"><span style=\"text-decoration: underline;\">UTI w\u00e4hrend der Schwangerschaft: Sicherheit, Behandlung und Pr\u00e4vention<\/span><\/a><\/li>\n<\/ol>\n<p><span>Wir w\u00fcrden uns freuen, von Ihnen zu h\u00f6ren, wenn Sie eine Idee f\u00fcr einen Artikel haben, also <\/span><a href=\"https:\/\/liveutifree.com\/de\/kontakt-luf\/\"><span style=\"text-decoration: underline;\">kontaktieren Sie uns<\/span><\/a><span>.<\/span><\/p><\/div><\/div><\/div><\/div><\/div><\/div><\/div>","protected":false},"excerpt":{"rendered":"<p>Wie Kliniker sich engagieren k\u00f6nnen Wenn Sie neu hier sind, hei\u00dfen wir Sie in unserer Gemeinschaft willkommen. Wir freuen uns darauf, mehr \u00fcber Ihr Fachwissen auf dem Gebiet der rezidivierenden und chronischen UTI zu erfahren und dar\u00fcber, wie wir mit Ihnen zusammenarbeiten oder Sie mit unserer Gemeinschaft verbinden k\u00f6nnen. Vielleicht kennen Sie bereits unsere Ressourcen f\u00fcr Kliniker (pdf) oder unserem &#8230; <\/p>\n<div><a href=\"https:\/\/liveutifree.com\/de\/kliniker-luf\/\" class=\"more-link\">Read More<\/a><\/div>\n","protected":false},"author":7,"featured_media":0,"parent":0,"menu_order":65,"comment_status":"closed","ping_status":"closed","template":"template-blank-4.php","meta":{"_acf_changed":false,"inline_featured_image":false,"footnotes":""},"class_list":["post-554741","page","type-page","status-publish","hentry","no-post-thumbnail"],"acf":[],"featured_image_src":null,"_links":{"self":[{"href":"https:\/\/liveutifree.com\/de\/wp-json\/wp\/v2\/pages\/554741","targetHints":{"allow":["GET"]}}],"collection":[{"href":"https:\/\/liveutifree.com\/de\/wp-json\/wp\/v2\/pages"}],"about":[{"href":"https:\/\/liveutifree.com\/de\/wp-json\/wp\/v2\/types\/page"}],"author":[{"embeddable":true,"href":"https:\/\/liveutifree.com\/de\/wp-json\/wp\/v2\/users\/7"}],"replies":[{"embeddable":true,"href":"https:\/\/liveutifree.com\/de\/wp-json\/wp\/v2\/comments?post=554741"}],"version-history":[{"count":2,"href":"https:\/\/liveutifree.com\/de\/wp-json\/wp\/v2\/pages\/554741\/revisions"}],"predecessor-version":[{"id":576024,"href":"https:\/\/liveutifree.com\/de\/wp-json\/wp\/v2\/pages\/554741\/revisions\/576024"}],"wp:attachment":[{"href":"https:\/\/liveutifree.com\/de\/wp-json\/wp\/v2\/media?parent=554741"}],"curies":[{"name":"wp","href":"https:\/\/api.w.org\/{rel}","templated":true}]}}